{"id":41475,"date":"2023-02-12T03:00:19","date_gmt":"2023-02-12T03:00:19","guid":{"rendered":"https:\/\/www.sisinternational.com\/?page_id=41475"},"modified":"2026-01-25T19:27:48","modified_gmt":"2026-01-26T00:27:48","slug":"pesquisa-de-mercado-sobre-perda-auditiva","status":"publish","type":"page","link":"https:\/\/www.sisinternational.com\/pt\/pericia\/pesquisa-de-mercado-sobre-perda-auditiva\/","title":{"rendered":"Pesquisa de mercado sobre perda auditiva\u00a0 \u00a0"},"content":{"rendered":"<h1 class=\"wp-block-heading\">Pesquisa de mercado sobre perda auditiva<\/h1>\n\n\n\n<figure class=\"gb-block-image gb-block-image-c073b84e\"><img loading=\"lazy\" decoding=\"async\" width=\"1456\" height=\"816\" class=\"gb-image gb-image-c073b84e\" src=\"https:\/\/www.sisinternational.com\/wp-content\/uploads\/2025\/08\/Hearing-loss-1.jpg\" alt=\"Pesquisa e Estrat\u00e9gia de Mercado Internacional da SIS\" title=\"Hearing loss (1)\" srcset=\"https:\/\/www.sisinternational.com\/wp-content\/uploads\/2025\/08\/Hearing-loss-1.jpg 1456w, https:\/\/www.sisinternational.com\/wp-content\/uploads\/2025\/08\/Hearing-loss-1-300x168.jpg 300w, https:\/\/www.sisinternational.com\/wp-content\/uploads\/2025\/08\/Hearing-loss-1-1024x574.jpg 1024w, https:\/\/www.sisinternational.com\/wp-content\/uploads\/2025\/08\/Hearing-loss-1-768x430.jpg 768w, https:\/\/www.sisinternational.com\/wp-content\/uploads\/2025\/08\/Hearing-loss-1-18x10.jpg 18w\" sizes=\"auto, (max-width: 1456px) 100vw, 1456px\"><\/figure>\n\n\n\n<p><\/p>\n\n\n\n<p>A perda auditiva \u00e9 um decl\u00ednio na percep\u00e7\u00e3o auditiva. Pode ser causada por uma s\u00e9rie de coisas, como danos no ouvido ou no ouvido interno, exposi\u00e7\u00e3o a ru\u00eddos altos, medicamentos espec\u00edficos e envelhecimento. A perda auditiva leve a grave pode ser tempor\u00e1ria ou permanente. Os sintomas de perda auditiva incluem dificuldade para entender palavras, dificuldade para ouvir em situa\u00e7\u00f5es barulhentas e zumbido ou zumbido nos ouvidos. A perda auditiva pode ser tratada de v\u00e1rias maneiras, incluindo cirurgia, implantes cocleares e aparelhos auditivos.<\/p>\n\n\n\n<h2 class=\"wp-block-heading\">Benef\u00edcios de ter uma empresa que ajuda pessoas com perda auditiva:<\/h2>\n\n\n\n<h3 class=\"wp-block-heading\">A pesquisa de mercado em perda auditiva apresenta as seguintes vantagens:<\/h3>\n\n\n\n<h3 class=\"wp-block-heading\">Pessoalmente gratificante<\/h3>\n\n\n\n<p>Come\u00e7ar um neg\u00f3cio que presta servi\u00e7os para pessoas com perda auditiva pode ser pessoalmente gratificante porque permite que o propriet\u00e1rio da empresa tenha uma influ\u00eancia positiva sobre outras pessoas. Ideal para empreendedores que desejam causar um impacto positivo na comunidade.<\/p>\n\n\n\n<h3 class=\"wp-block-heading\">Mercado Consistente<\/h3>\n\n\n\n<p>As the population ages and more people become affected by hearing loss, there is an increasing need for goods and services that can assist those with the condition. A number of entrepreneurs begin their ventures in the deaf community and then eventually <a href=\"https:\/\/www.sisinternational.com\/pt\/expandindo-o-alcance-do-mercado-por-meio-de-uma-estrategia-de-marketing-multifacetada\/\" title=\"Expandindo o alcance do mercado por meio de uma estrat\u00e9gia de marketing multifacetada\"  data-wpil-monitor-id=\"8159\">expand into larger markets<\/a>.<\/p>\n\n\n\n<h3 class=\"wp-block-heading\">Crescimento esperado<\/h3>\n\n\n\n<figure class=\"gb-block-image gb-block-image-3dc19364\"><img loading=\"lazy\" decoding=\"async\" width=\"1456\" height=\"816\" class=\"gb-image gb-image-3dc19364\" src=\"https:\/\/www.sisinternational.com\/wp-content\/uploads\/2025\/08\/Hearing-loss-5.jpg\" alt=\"Pesquisa e Estrat\u00e9gia de Mercado Internacional da SIS\" title=\"Hearing loss (5)\" srcset=\"https:\/\/www.sisinternational.com\/wp-content\/uploads\/2025\/08\/Hearing-loss-5.jpg 1456w, https:\/\/www.sisinternational.com\/wp-content\/uploads\/2025\/08\/Hearing-loss-5-300x168.jpg 300w, https:\/\/www.sisinternational.com\/wp-content\/uploads\/2025\/08\/Hearing-loss-5-1024x574.jpg 1024w, https:\/\/www.sisinternational.com\/wp-content\/uploads\/2025\/08\/Hearing-loss-5-768x430.jpg 768w, https:\/\/www.sisinternational.com\/wp-content\/uploads\/2025\/08\/Hearing-loss-5-18x10.jpg 18w\" sizes=\"auto, (max-width: 1456px) 100vw, 1456px\"><\/figure>\n\n\n\n<p><\/p>\n\n\n\n<p>The hearing aid and <a href=\"https:\/\/www.sisinternational.com\/pt\/pericia\/industrias\/pesquisa-de-mercado-de-assistente-de-enfermagem-virtual\/\" title=\"Pesquisa de mercado de assistente de enfermagem virtual\"  data-wpil-monitor-id=\"8160\">assistive technology market<\/a> is anticipated to increase; this projection provides financial opportunities for entrepreneurs in this field. Since the number of people with hearing loss is expected to increase over time, businesses that produce or sell assistive listening devices and offer audiology therapy can see an increase in demand. Additionally, companies that try to accommodate clients with hearing loss\u2014for example, by offering captioning or sign language interpretation\u2014might notice an increase in client loyalty and satisfaction.<\/p>\n\n\n\n<h3 class=\"wp-block-heading\">Cria\u00e7\u00e3o de emprego<\/h3>\n\n\n\n<p>Abrir um neg\u00f3cio que ofere\u00e7a servi\u00e7os para pessoas com defici\u00eancia auditiva pode levar \u00e0 cria\u00e7\u00e3o de empregos para outras pessoas, o que ajudar\u00e1 a economia a crescer e a elevar o padr\u00e3o de vida de todos.<\/p>\n\n\n\n<h2 class=\"wp-block-heading\">Desafios e oportunidades de neg\u00f3cios<\/h2>\n\n\n\n<p>It is helpful to perform <a href=\"https:\/\/www.sisinternational.com\/pt\/pericia\/industrias\/pesquisa-de-mercado-de-perda-de-peso-de-alimentos-dieteticos\/\" title=\"Pesquisa de mercado de alimentos diet\u00e9ticos e perda de peso\"  data-wpil-monitor-id=\"5661\">market research regarding hearing loss<\/a> to help verify information from an entrepreneurial perspective. The following are some of the challenges and opportunities:<\/p>\n\n\n\n<h3 class=\"wp-block-heading\">Desafios<\/h3>\n\n\n\n<figure class=\"gb-block-image gb-block-image-9b81eb65\"><img loading=\"lazy\" decoding=\"async\" width=\"1456\" height=\"816\" class=\"gb-image gb-image-9b81eb65\" src=\"https:\/\/www.sisinternational.com\/wp-content\/uploads\/2025\/08\/Hearing-loss-3.jpg\" alt=\"Pesquisa e Estrat\u00e9gia de Mercado Internacional da SIS\" title=\"Hearing loss (3)\" srcset=\"https:\/\/www.sisinternational.com\/wp-content\/uploads\/2025\/08\/Hearing-loss-3.jpg 1456w, https:\/\/www.sisinternational.com\/wp-content\/uploads\/2025\/08\/Hearing-loss-3-300x168.jpg 300w, https:\/\/www.sisinternational.com\/wp-content\/uploads\/2025\/08\/Hearing-loss-3-1024x574.jpg 1024w, https:\/\/www.sisinternational.com\/wp-content\/uploads\/2025\/08\/Hearing-loss-3-768x430.jpg 768w, https:\/\/www.sisinternational.com\/wp-content\/uploads\/2025\/08\/Hearing-loss-3-18x10.jpg 18w\" sizes=\"auto, (max-width: 1456px) 100vw, 1456px\"><\/figure>\n\n\n\n<p><\/p>\n\n\n\n<p>It may be challenging to stand out and draw clients when there are many other companies offering comparable goods and services. It might also be difficult to maintain prices low enough for customers to afford devices for people with hearing loss. Similarly,&nbsp; developing and producing new hearing aid technology can be costly, which may be a barrier for small businesses or start-ups. Access to resources including audiologists and other professionals may be restricted.<\/p>\n\n\n\n<p>Devido \u00e0 extensa regulamenta\u00e7\u00e3o das ind\u00fastrias de aparelhos auditivos e dispositivos auxiliares de audi\u00e7\u00e3o, pode ser complicado negociar procedimentos legais e obter as certifica\u00e7\u00f5es e licen\u00e7as necess\u00e1rias. Al\u00e9m disso, pode ser um desafio promover eficazmente bens e servi\u00e7os para pessoas com perda auditiva devido a uma poss\u00edvel falta de conhecimento sobre as op\u00e7\u00f5es acess\u00edveis a elas.<\/p>\n\n\n\n<h3 class=\"wp-block-heading\">Oportunidades<\/h3>\n\n\n\n<p>There are many opportunities that exist in the field of hearing loss. It&#8217;s a growing area with new <a href=\"https:\/\/www.sisinternational.com\/pt\/solucoes\/solucoes-edtech-de-tecnologia-educacional\/\" title=\"Solu\u00e7\u00f5es de tecnologia educacional (EdTech)\"  data-wpil-monitor-id=\"8163\">technologies and solutions<\/a> emerging. The market for cutting-edge cochlear implants and hearing aids that offer better sound quality and connectivity to other devices is expanding. Technologies that can help people with hearing loss in specific situations, such as personal sound amplification items, are available on the <a href=\"https:\/\/www.sisinternational.com\/pt\/pericia\/industrias\/pesquisa-de-mercado-de-dispositivos-medicos\/\" title=\"Pesquisa de mercado de dispositivos m\u00e9dicos\"  data-wpil-monitor-id=\"8161\">market as assistive listening devices<\/a>.<\/p>\n\n\n\n<p>Also, <a href=\"https:\/\/www.sisinternational.com\/pt\/solucoes\/teste-de-sabor\/servicos-de-degustacao-em-nova-york\/\" title=\"Servi\u00e7os de degusta\u00e7\u00e3o em Nova York\"  data-wpil-monitor-id=\"8162\">services for testing<\/a> and evaluation of hearing are required in both clinical and non-clinical contexts. To diagnose, treat, and rehabilitate patients, audiologists and hearing healthcare specialists are needed. Hence, there is much potential for businesses to <a href=\"https:\/\/www.sisinternational.com\/pt\/solucoes\/pesquisa-de-consultoria-em-estrategia-fintech\/pesquisa-de-mercado-de-tecnologia-de-investimento\/\" title=\"Pesquisa de mercado de tecnologia de investimento\"  data-wpil-monitor-id=\"8158\">invest in and market innovative technologies<\/a> and therapies in the field of hearing loss.<\/p>\n\n\n\n<h2 class=\"wp-block-heading\">Sobre a pesquisa de mercado de perda auditiva<\/h2>\n\n\n\n<figure class=\"gb-block-image gb-block-image-747beacd\"><img loading=\"lazy\" decoding=\"async\" width=\"1456\" height=\"816\" class=\"gb-image gb-image-747beacd\" src=\"https:\/\/www.sisinternational.com\/wp-content\/uploads\/2025\/08\/Hearing-loss-4.jpg\" alt=\"Pesquisa e Estrat\u00e9gia de Mercado Internacional da SIS\" title=\"Hearing loss (4)\" srcset=\"https:\/\/www.sisinternational.com\/wp-content\/uploads\/2025\/08\/Hearing-loss-4.jpg 1456w, https:\/\/www.sisinternational.com\/wp-content\/uploads\/2025\/08\/Hearing-loss-4-300x168.jpg 300w, https:\/\/www.sisinternational.com\/wp-content\/uploads\/2025\/08\/Hearing-loss-4-1024x574.jpg 1024w, https:\/\/www.sisinternational.com\/wp-content\/uploads\/2025\/08\/Hearing-loss-4-768x430.jpg 768w, https:\/\/www.sisinternational.com\/wp-content\/uploads\/2025\/08\/Hearing-loss-4-18x10.jpg 18w\" sizes=\"auto, (max-width: 1456px) 100vw, 1456px\"><\/figure>\n\n\n\n<p><\/p>\n\n\n\n<p>Information from <a href=\"https:\/\/www.sisinternational.com\/pt\/entre-em-contato-com-a-sis-international-market-research\/\" title=\"Contate-nos\"  data-wpil-monitor-id=\"8156\">A SIS International Research<\/a>, both quantitative and qualitative, is accurate and timely. The introduction of corporate expansion strategies will be significantly more effective with the help of hearing loss market research. Focus groups, surveys, in-depth interviews, and other research techniques can all be carried out by <a href=\"https:\/\/www.sisinternational.com\/pt\/pascoa-e-o-inevitavel-coelhinho-de-chocolate\/\" title=\"Pesquisa de mercado de P\u00e1scoa\"  data-wpil-monitor-id=\"8157\">SIS<\/a>.<\/p>\n\n\n\n<p>A SIS International oferece Pesquisa Quantitativa, Qualitativa e Estrat\u00e9gica. Fornecemos dados, ferramentas, estrat\u00e9gias, relat\u00f3rios e insights para tomada de decis\u00f5es. Conduzimos entrevistas, pesquisas, grupos focais e muitos outros m\u00e9todos e abordagens de Pesquisa de Mercado. Contate-nos para o seu pr\u00f3ximo projeto de Pesquisa de Mercado.<\/p>","protected":false},"excerpt":{"rendered":"<p>\u00c9 \u00fatil realizar pesquisas de mercado sobre perdas auditivas para ajudar a verificar as informa\u00e7\u00f5es de uma perspectiva empreendedora.<\/p>","protected":false},"author":1,"featured_media":63689,"parent":14514,"menu_order":173,"comment_status":"closed","ping_status":"closed","template":"","meta":{"footnotes":""},"class_list":["post-41475","page","type-page","status-publish","has-post-thumbnail"],"_links":{"self":[{"href":"https:\/\/www.sisinternational.com\/pt\/wp-json\/wp\/v2\/pages\/41475","targetHints":{"allow":["GET"]}}],"collection":[{"href":"https:\/\/www.sisinternational.com\/pt\/wp-json\/wp\/v2\/pages"}],"about":[{"href":"https:\/\/www.sisinternational.com\/pt\/wp-json\/wp\/v2\/types\/page"}],"author":[{"embeddable":true,"href":"https:\/\/www.sisinternational.com\/pt\/wp-json\/wp\/v2\/users\/1"}],"replies":[{"embeddable":true,"href":"https:\/\/www.sisinternational.com\/pt\/wp-json\/wp\/v2\/comments?post=41475"}],"version-history":[{"count":5,"href":"https:\/\/www.sisinternational.com\/pt\/wp-json\/wp\/v2\/pages\/41475\/revisions"}],"predecessor-version":[{"id":81373,"href":"https:\/\/www.sisinternational.com\/pt\/wp-json\/wp\/v2\/pages\/41475\/revisions\/81373"}],"up":[{"embeddable":true,"href":"https:\/\/www.sisinternational.com\/pt\/wp-json\/wp\/v2\/pages\/14514"}],"wp:featuredmedia":[{"embeddable":true,"href":"https:\/\/www.sisinternational.com\/pt\/wp-json\/wp\/v2\/media\/63689"}],"wp:attachment":[{"href":"https:\/\/www.sisinternational.com\/pt\/wp-json\/wp\/v2\/media?parent=41475"}],"curies":[{"name":"wp","href":"https:\/\/api.w.org\/{rel}","templated":true}]}}