{"id":41471,"date":"2023-02-12T02:35:58","date_gmt":"2023-02-12T02:35:58","guid":{"rendered":"https:\/\/www.sisinternational.com\/?page_id=41471"},"modified":"2025-10-22T00:48:30","modified_gmt":"2025-10-22T04:48:30","slug":"pesquisa-de-mercado-de-gesso","status":"publish","type":"page","link":"https:\/\/www.sisinternational.com\/pt\/pericia\/pesquisa-de-mercado-de-gesso\/","title":{"rendered":"Pesquisa de mercado de gesso"},"content":{"rendered":"<h1 class=\"wp-block-heading\">Pesquisa de mercado de gesso<\/h1>\n\n\n\n<figure class=\"gb-block-image gb-block-image-5b5d7f10\"><img loading=\"lazy\" decoding=\"async\" width=\"1456\" height=\"816\" class=\"gb-image gb-image-5b5d7f10\" src=\"https:\/\/www.sisinternational.com\/wp-content\/uploads\/2025\/10\/Gypsum-4.jpg\" alt=\"Pesquisa e Estrat\u00e9gia de Mercado Internacional da SIS\" title=\"Gypsum (4)\" srcset=\"https:\/\/www.sisinternational.com\/wp-content\/uploads\/2025\/10\/Gypsum-4.jpg 1456w, https:\/\/www.sisinternational.com\/wp-content\/uploads\/2025\/10\/Gypsum-4-300x168.jpg 300w, https:\/\/www.sisinternational.com\/wp-content\/uploads\/2025\/10\/Gypsum-4-1024x574.jpg 1024w, https:\/\/www.sisinternational.com\/wp-content\/uploads\/2025\/10\/Gypsum-4-768x430.jpg 768w, https:\/\/www.sisinternational.com\/wp-content\/uploads\/2025\/10\/Gypsum-4-18x10.jpg 18w\" sizes=\"auto, (max-width: 1456px) 100vw, 1456px\"><\/figure>\n\n\n\n<p><\/p>\n\n\n\n<h2 class=\"wp-block-heading\">Sobre a pesquisa de mercado de gesso<\/h2>\n\n\n\n<p>O gesso \u00e9 um mineral muito din\u00e2mico com oportunidades de crescimento no mercado global. Gera bilh\u00f5es de d\u00f3lares em receitas anuais e atrai o interesse de muitos investidores. Os usos do gesso s\u00e3o extensos e incluem as seguintes aplica\u00e7\u00f5es:<\/p>\n\n\n\n<ul class=\"wp-block-list\">\n<li>A ind\u00fastria da constru\u00e7\u00e3o<\/li>\n\n\n\n<li>Odontologia<\/li>\n\n\n\n<li>Agricultura<\/li>\n\n\n\n<li>Escultura e arte<\/li>\n\n\n\n<li>Design e arquitetura<\/li>\n\n\n\n<li><a href=\"https:\/\/www.sisinternational.com\/pt\/solucoes\/pesquisa-de-mercado-da-industria-de-bebidas-alimenticias\/\" title=\"Pesquisa de mercado do setor de alimentos e bebidas\"  data-wpil-monitor-id=\"8521\">Ind\u00fastria de alimentos e bebidas<\/a><\/li>\n<\/ul>\n\n\n\n<p>Gypsum is not only as a consumer product but also is a valuable natural resource. Therefore, its processing after <a href=\"https:\/\/www.sisinternational.com\/pt\/pericia\/industrias\/pesquisa-de-mercado-de-mineracao-espacial\/\" title=\"Pesquisa de mercado de minera\u00e7\u00e3o espacial\"  data-wpil-monitor-id=\"8526\">mining is a high-value market<\/a>. Gypsum&#8217;s broad impact on society makes it a commodity with both economic and social value.<\/p>\n\n\n\n<h2 class=\"wp-block-heading\">Qual \u00e9 o mercado global de gesso<\/h2>\n\n\n\n<h3 class=\"wp-block-heading\">Existe uma distribui\u00e7\u00e3o mais ampla de pa\u00edses produtores de gesso em compara\u00e7\u00e3o com outros minerais preciosos. Os principais pa\u00edses produtores de gesso s\u00e3o:<\/h3>\n\n\n\n<ul class=\"wp-block-list\">\n<li>China<\/li>\n\n\n\n<li>EUA<\/li>\n\n\n\n<li>Ir\u00e3<\/li>\n\n\n\n<li>Peru<\/li>\n\n\n\n<li>Espanha<\/li>\n\n\n\n<li>Tail\u00e2ndia<\/li>\n\n\n\n<li>Jap\u00e3o<\/li>\n\n\n\n<li>Federa\u00e7\u00e3o Russa<\/li>\n\n\n\n<li>M\u00e9xico<\/li>\n\n\n\n<li>It\u00e1lia<\/li>\n<\/ul>\n\n\n\n<p>Esta distribui\u00e7\u00e3o geogr\u00e1fica \u00e9 vantajosa para a explora\u00e7\u00e3o de oportunidades de neg\u00f3cios, pois elimina o quase monop\u00f3lio e as pr\u00e1ticas desleais dos grandes distribuidores e compradores. O tamanho do mercado em expans\u00e3o e o crescimento cont\u00ednuo do mercado de gesso tornam-no um ponto de interesse atraente.<\/p>\n\n\n\n<h2 class=\"wp-block-heading\">Por que a pesquisa de mercado de gesso \u00e9 importante<\/h2>\n\n\n\n<figure class=\"gb-block-image gb-block-image-946bab75\"><img loading=\"lazy\" decoding=\"async\" width=\"1456\" height=\"816\" class=\"gb-image gb-image-946bab75\" src=\"https:\/\/www.sisinternational.com\/wp-content\/uploads\/2025\/10\/Gypsum-2.jpg\" alt=\"Pesquisa e Estrat\u00e9gia de Mercado Internacional da SIS\" title=\"Gypsum (2)\" srcset=\"https:\/\/www.sisinternational.com\/wp-content\/uploads\/2025\/10\/Gypsum-2.jpg 1456w, https:\/\/www.sisinternational.com\/wp-content\/uploads\/2025\/10\/Gypsum-2-300x168.jpg 300w, https:\/\/www.sisinternational.com\/wp-content\/uploads\/2025\/10\/Gypsum-2-1024x574.jpg 1024w, https:\/\/www.sisinternational.com\/wp-content\/uploads\/2025\/10\/Gypsum-2-768x430.jpg 768w, https:\/\/www.sisinternational.com\/wp-content\/uploads\/2025\/10\/Gypsum-2-18x10.jpg 18w\" sizes=\"auto, (max-width: 1456px) 100vw, 1456px\"><\/figure>\n\n\n\n<p><\/p>\n\n\n\n<p>O <a href=\"https:\/\/www.sisinternational.com\/pt\/solucoes\/solucoes-de-pesquisa-quantitativa-qualitativa\/pesquisa-de-mercado-de-analise-chaid\/\" title=\"Pesquisa de mercado de an\u00e1lise CHAID\"  data-wpil-monitor-id=\"8523\">analysis of the gypsum market<\/a> is of great importance to contemporary societies. The social utility of gypsum adds value to the research. The by-products of gypsum are essential components in a wide range of applications. The main products of gypsum are:<\/p>\n\n\n\n<ul class=\"wp-block-list\">\n<li>Parede de gesso<\/li>\n\n\n\n<li>Gesso<\/li>\n\n\n\n<li>Blocos de constru\u00e7\u00e3o<\/li>\n\n\n\n<li>Placas de gesso<\/li>\n\n\n\n<li>Emplastros dent\u00e1rios<\/li>\n\n\n\n<li>Fertilizante<\/li>\n<\/ul>\n\n\n\n<p>A diversidade de utiliza\u00e7\u00f5es do gesso sublinha a sua import\u00e2ncia. \u00c9 a base para a constru\u00e7\u00e3o de muitos materiais que s\u00e3o utilizados em diversas \u00e1reas. Essas \u00e1reas incluem constru\u00e7\u00e3o, medicina e meio ambiente.<\/p>\n\n\n\n<h2 class=\"wp-block-heading\">O papel do gesso na constru\u00e7\u00e3o<\/h2>\n\n\n\n<p>The whole building industry would be different without gypsum. Most types of houses use dry construction for their foundations. At the same time, gypsum is a key <a href=\"https:\/\/www.sisinternational.com\/pt\/pericia\/industrias\/pesquisa-de-mercado-de-materiais-interiores-avancados\/\" title=\"Pesquisa avan\u00e7ada de mercado de materiais interiores\"  data-wpil-monitor-id=\"8527\">material for structuring the interior<\/a> of houses. It is used for ceilings and partitions, as a sound-absorbing, heat-resistant and damp-proofing material. The use of gypsum in the construction of houses guarantees the provision of high-quality services in the housing sector.<\/p>\n\n\n\n<h2 class=\"wp-block-heading\">O papel do gesso na odontologia<\/h2>\n\n\n\n<p>A odontologia se beneficia muito com o uso do gesso. Muitos tipos de produtos odontol\u00f3gicos utilizam-no nas formas mineral e sint\u00e9tica. Os emplastros dent\u00e1rios e as pedras dent\u00e1rias cont\u00eam gesso. T\u00e9cnicos de pr\u00f3tese dent\u00e1ria e dentistas utilizam-no como material essencial em seu trabalho. Al\u00e9m disso, o gesso \u00e9 utilizado para diversas outras aplica\u00e7\u00f5es odontol\u00f3gicas, como pr\u00f3teses dent\u00e1rias, confec\u00e7\u00e3o de moldes e modelagem da anatomia bucal do paciente.<\/p>\n\n\n\n<h2 class=\"wp-block-heading\">O papel do gesso na agricultura<\/h2>\n\n\n\n<figure class=\"gb-block-image gb-block-image-540da710\"><img loading=\"lazy\" decoding=\"async\" width=\"1456\" height=\"816\" class=\"gb-image gb-image-540da710\" src=\"https:\/\/www.sisinternational.com\/wp-content\/uploads\/2025\/10\/Gypsum-3.jpg\" alt=\"Pesquisa e Estrat\u00e9gia de Mercado Internacional da SIS\" title=\"Gypsum (3)\" srcset=\"https:\/\/www.sisinternational.com\/wp-content\/uploads\/2025\/10\/Gypsum-3.jpg 1456w, https:\/\/www.sisinternational.com\/wp-content\/uploads\/2025\/10\/Gypsum-3-300x168.jpg 300w, https:\/\/www.sisinternational.com\/wp-content\/uploads\/2025\/10\/Gypsum-3-1024x574.jpg 1024w, https:\/\/www.sisinternational.com\/wp-content\/uploads\/2025\/10\/Gypsum-3-768x430.jpg 768w, https:\/\/www.sisinternational.com\/wp-content\/uploads\/2025\/10\/Gypsum-3-18x10.jpg 18w\" sizes=\"auto, (max-width: 1456px) 100vw, 1456px\"><\/figure>\n\n\n\n<p><\/p>\n\n\n\n<p>Outra aplica\u00e7\u00e3o \u00fatil do gesso \u00e9 na agricultura. Atua como ingrediente que facilita a absor\u00e7\u00e3o de \u00e1gua pelo solo e melhora suas qualidades, resultando na produ\u00e7\u00e3o de melhores plantas, vegetais e frutas. O gesso tamb\u00e9m previne a eros\u00e3o do solo, reduz a toxicidade do alum\u00ednio e \u00e9 um fertilizante de alta qualidade. Toda a ind\u00fastria alimentar favorece a utiliza\u00e7\u00e3o do gesso nas primeiras fases da produ\u00e7\u00e3o alimentar, enquanto os cidad\u00e3os beneficiam do consumo de alimentos nutritivos e saud\u00e1veis.<\/p>\n\n\n\n<h2 class=\"wp-block-heading\">Principais cargos<\/h2>\n\n\n\n<h3 class=\"wp-block-heading\">Existem v\u00e1rios empregos importantes associados \u00e0 ind\u00fastria de gesso:<\/h3>\n\n\n\n<ul class=\"wp-block-list\">\n<li>Engenheiros de minas<\/li>\n\n\n\n<li>Operadores de minas<\/li>\n\n\n\n<li>Gerentes de produto<\/li>\n\n\n\n<li>Gestores de transporte<\/li>\n\n\n\n<li>Gerentes de automa\u00e7\u00e3o e controle<\/li>\n\n\n\n<li>Analistas de produto<\/li>\n\n\n\n<li>Coordenadores da cadeia de suprimentos<\/li>\n<\/ul>\n\n\n\n<p>Todo o processo de minera\u00e7\u00e3o, processamento e comercializa\u00e7\u00e3o de gesso \u00e9 especializado, garantindo alta demanda e oferta de empregos bem remunerados.<\/p>\n\n\n\n<p>Gypsum is a versatile product that benefits many key industries. Generating billions of dollars in annual revenue, it attracts the interest of investors and funds worldwide. The high value of gypsum is largely due to its high utility and demand. It is <a href=\"https:\/\/www.sisinternational.com\/pt\/solucoes\/pesquisa-de-consultoria-em-estrategia-fintech\/pesquisa-de-mercado-de-negociacao-algoritmica\/\" title=\"Pesquisa de mercado de negocia\u00e7\u00e3o algor\u00edtmica\"  data-wpil-monitor-id=\"8525\">traded on the stock market<\/a> and is seen by the business community as a viable and profitable asset. It is highly sustainable, non-toxic and therefore not harmful to humans. Gypsum&#8217;s main disadvantage is its short shelf life. This means that it must be made available quickly to the professionals who need to use it. Another minor drawback to consider is the environmental impact of drywall production, although it&#8217;s rather limited compared to the industrial process of other minerals. The overall picture of the gypsum <a href=\"https:\/\/www.sisinternational.com\/pt\/solucoes\/solucoes-de-branding-e-pesquisa-de-clientes\/pesquisa-de-mercado-de-posicionamento-de-marca\/\" title=\"Pesquisa de mercado de posicionamento de marca\"  data-wpil-monitor-id=\"8528\">market is positive<\/a> showing optimistic growth potential.<\/p>\n\n\n\n<h2 class=\"wp-block-heading\">Sobre a pesquisa de mercado de gesso<\/h2>\n\n\n\n<figure class=\"gb-block-image gb-block-image-7499262e\"><img loading=\"lazy\" decoding=\"async\" width=\"1456\" height=\"816\" class=\"gb-image gb-image-7499262e\" src=\"https:\/\/www.sisinternational.com\/wp-content\/uploads\/2025\/10\/Gypsum-1.jpg\" alt=\"Pesquisa e Estrat\u00e9gia de Mercado Internacional da SIS\" title=\"Gypsum (1)\" srcset=\"https:\/\/www.sisinternational.com\/wp-content\/uploads\/2025\/10\/Gypsum-1.jpg 1456w, https:\/\/www.sisinternational.com\/wp-content\/uploads\/2025\/10\/Gypsum-1-300x168.jpg 300w, https:\/\/www.sisinternational.com\/wp-content\/uploads\/2025\/10\/Gypsum-1-1024x574.jpg 1024w, https:\/\/www.sisinternational.com\/wp-content\/uploads\/2025\/10\/Gypsum-1-768x430.jpg 768w, https:\/\/www.sisinternational.com\/wp-content\/uploads\/2025\/10\/Gypsum-1-18x10.jpg 18w\" sizes=\"auto, (max-width: 1456px) 100vw, 1456px\"><\/figure>\n\n\n\n<p><\/p>\n\n\n\n<p>SIS International offers Quantitative, Qualitative, and Strategy Research. We provide data, tools, strategies, reports, and insights for decision-making. We conduct interviews, surveys, focus groups, and many other <a href=\"https:\/\/www.sisinternational.com\/pt\/quantitative-market-research-methods-and-techniques\/\" title=\"Quantitative Market Research Methods and Techniques\"  data-wpil-monitor-id=\"8517\">Market Research methods<\/a> and approaches. Contact us for your <a href=\"https:\/\/www.sisinternational.com\/pt\/pericia\/industrias\/pesquisa-de-mercado-de-tecnologias-de-proxima-geracao\/\" title=\"Pesquisa de mercado de tecnologias de pr\u00f3xima gera\u00e7\u00e3o\"  data-wpil-monitor-id=\"8519\">next Market Research<\/a> projeto.<\/p>\n\n\n\n<p><\/p>","protected":false},"excerpt":{"rendered":"<p>O gesso \u00e9 um produto vers\u00e1til que auxilia muitas ind\u00fastrias importantes. Gera bilh\u00f5es de d\u00f3lares em receitas anuais, atraindo investidores mundiais.<\/p>","protected":false},"author":1,"featured_media":72089,"parent":14514,"menu_order":172,"comment_status":"closed","ping_status":"closed","template":"","meta":{"footnotes":""},"class_list":["post-41471","page","type-page","status-publish","has-post-thumbnail"],"_links":{"self":[{"href":"https:\/\/www.sisinternational.com\/pt\/wp-json\/wp\/v2\/pages\/41471","targetHints":{"allow":["GET"]}}],"collection":[{"href":"https:\/\/www.sisinternational.com\/pt\/wp-json\/wp\/v2\/pages"}],"about":[{"href":"https:\/\/www.sisinternational.com\/pt\/wp-json\/wp\/v2\/types\/page"}],"author":[{"embeddable":true,"href":"https:\/\/www.sisinternational.com\/pt\/wp-json\/wp\/v2\/users\/1"}],"replies":[{"embeddable":true,"href":"https:\/\/www.sisinternational.com\/pt\/wp-json\/wp\/v2\/comments?post=41471"}],"version-history":[{"count":4,"href":"https:\/\/www.sisinternational.com\/pt\/wp-json\/wp\/v2\/pages\/41471\/revisions"}],"predecessor-version":[{"id":81429,"href":"https:\/\/www.sisinternational.com\/pt\/wp-json\/wp\/v2\/pages\/41471\/revisions\/81429"}],"up":[{"embeddable":true,"href":"https:\/\/www.sisinternational.com\/pt\/wp-json\/wp\/v2\/pages\/14514"}],"wp:featuredmedia":[{"embeddable":true,"href":"https:\/\/www.sisinternational.com\/pt\/wp-json\/wp\/v2\/media\/72089"}],"wp:attachment":[{"href":"https:\/\/www.sisinternational.com\/pt\/wp-json\/wp\/v2\/media?parent=41471"}],"curies":[{"name":"wp","href":"https:\/\/api.w.org\/{rel}","templated":true}]}}