{"id":41468,"date":"2023-02-12T02:18:51","date_gmt":"2023-02-12T02:18:51","guid":{"rendered":"https:\/\/www.sisinternational.com\/?page_id=41468"},"modified":"2026-01-24T21:23:36","modified_gmt":"2026-01-25T02:23:36","slug":"pesquisa-de-mercado-de-transporte-de-combustivel","status":"publish","type":"page","link":"https:\/\/www.sisinternational.com\/pt\/pericia\/pesquisa-de-mercado-de-transporte-de-combustivel\/","title":{"rendered":"Pesquisa de mercado de transporte de combust\u00edvel"},"content":{"rendered":"<h1 class=\"wp-block-heading\">Pesquisa de mercado de transporte de combust\u00edvel<\/h1>\n\n\n\n<figure class=\"gb-block-image gb-block-image-26992046\"><img loading=\"lazy\" decoding=\"async\" width=\"1456\" height=\"816\" class=\"gb-image gb-image-26992046\" src=\"https:\/\/www.sisinternational.com\/wp-content\/uploads\/2025\/08\/Aiirline-jetfuel-airplane-4.jpg\" alt=\"Pesquisa e Estrat\u00e9gia de Mercado Internacional da SIS\" title=\"Aiirline jetfuel airplane (4)\" srcset=\"https:\/\/www.sisinternational.com\/wp-content\/uploads\/2025\/08\/Aiirline-jetfuel-airplane-4.jpg 1456w, https:\/\/www.sisinternational.com\/wp-content\/uploads\/2025\/08\/Aiirline-jetfuel-airplane-4-300x168.jpg 300w, https:\/\/www.sisinternational.com\/wp-content\/uploads\/2025\/08\/Aiirline-jetfuel-airplane-4-1024x574.jpg 1024w, https:\/\/www.sisinternational.com\/wp-content\/uploads\/2025\/08\/Aiirline-jetfuel-airplane-4-768x430.jpg 768w, https:\/\/www.sisinternational.com\/wp-content\/uploads\/2025\/08\/Aiirline-jetfuel-airplane-4-18x10.jpg 18w\" sizes=\"auto, (max-width: 1456px) 100vw, 1456px\"><\/figure>\n\n\n\n<p><\/p>\n\n\n\n<p>A pesquisa de mercado de transporte de combust\u00edvel visa reunir dados sobre as tend\u00eancias atuais do mercado e os fatores que impactam esta ind\u00fastria em constante crescimento. Os combust\u00edveis para transporte s\u00e3o necess\u00e1rios em muitas ind\u00fastrias, pois s\u00e3o fontes de energia para alimentar v\u00e1rios ve\u00edculos.<\/p>\n\n\n\n<p>A pesquisa de mercado de transporte de combust\u00edvel fornece insights que ajudar\u00e3o l\u00edderes e investidores do setor, principais players de neg\u00f3cios e outros participantes do setor na tomada de decis\u00f5es importantes. O valor dos dados e estrat\u00e9gias na ind\u00fastria de transporte de combust\u00edveis \u00e9 essencial devido ao papel da ind\u00fastria no com\u00e9rcio global.<\/p>\n\n\n\n<h2 class=\"wp-block-heading\">Compreendendo o combust\u00edvel para transporte<\/h2>\n\n\n\n<p>O setor de transportes \u00e9 composto por ve\u00edculos movidos por motores de combust\u00e3o interna. Esses tipos de ve\u00edculos incluem aqueles usados para transportar e movimentar pessoas e produtos por terra, mar ou ar. O combust\u00edvel para transporte \u00e9 a fonte de energia usada para alimentar esses tipos de ve\u00edculos.<\/p>\n\n\n\n<h3 class=\"wp-block-heading\">Os combust\u00edveis para transporte s\u00e3o subprodutos de fontes de energia extra\u00eddas, como petr\u00f3leo ou petr\u00f3leo bruto, que passam por um processo de refino para serem convertidos em produtos utiliz\u00e1veis. Esses combust\u00edveis s\u00e3o categorizados nos seguintes tipos:<\/h3>\n\n\n\n<p>Gasolina \u2013 Este \u00e9 o combust\u00edvel que consiste principalmente em compostos org\u00e2nicos, como hidrocarbonetos do petr\u00f3leo. \u00c9 um l\u00edquido transparente e inflam\u00e1vel, utilizado principalmente em motores de combust\u00e3o interna que s\u00e3o acesos por fa\u00edscas. Exemplos desses ve\u00edculos incluem autom\u00f3veis de passageiros, motocicletas, ve\u00edculos utilit\u00e1rios esportivos e caminh\u00f5es leves.<\/p>\n\n\n\n<p>Combust\u00edvel Diesel \u2013 Feito a partir de biomassa e petr\u00f3leo bruto, \u00e9 o tipo de combust\u00edvel utilizado nos motores diesel. Os motores diesel s\u00e3o aqueles motores de combust\u00e3o interna que podem ser acesos mesmo sem fa\u00edsca, ao contr\u00e1rio dos motores a gasolina, e utilizam calor comprimido em um cilindro para acend\u00ea-los. O combust\u00edvel diesel \u00e9 usado em v\u00e1rios ve\u00edculos, caminh\u00f5es pesados, m\u00e1quinas e geradores de energia.<\/p>\n\n\n\n<p>Combust\u00edvel de avia\u00e7\u00e3o ou combust\u00edvel de turbina de avia\u00e7\u00e3o (ATF) \u2013 Como o nome sugere, este \u00e9 o tipo de combust\u00edvel utilizado em aeronaves movidas a turbinas a g\u00e1s. Esses tipos de combust\u00edvel s\u00e3o compostos por mais de dois mil produtos qu\u00edmicos misturados e podem ser ainda categorizados como combust\u00edvel de avia\u00e7\u00e3o, usado em helic\u00f3pteros e avi\u00f5es a jato, e gasolina de avia\u00e7\u00e3o, que pode ser uma forma mais refinada de gasolina e tamb\u00e9m usada em algumas aeronaves.<\/p>\n\n\n\n<h2 class=\"wp-block-heading\">O que \u00e9 pesquisa de mercado de transporte de combust\u00edvel?<\/h2>\n\n\n\n<figure class=\"gb-block-image gb-block-image-65288676\"><img loading=\"lazy\" decoding=\"async\" width=\"1456\" height=\"816\" class=\"gb-image gb-image-65288676\" src=\"https:\/\/www.sisinternational.com\/wp-content\/uploads\/2025\/08\/Aiirline-jetfuel-airplane-8.jpg\" alt=\"Pesquisa e Estrat\u00e9gia de Mercado Internacional da SIS\" title=\"Aiirline jetfuel airplane (8)\" srcset=\"https:\/\/www.sisinternational.com\/wp-content\/uploads\/2025\/08\/Aiirline-jetfuel-airplane-8.jpg 1456w, https:\/\/www.sisinternational.com\/wp-content\/uploads\/2025\/08\/Aiirline-jetfuel-airplane-8-300x168.jpg 300w, https:\/\/www.sisinternational.com\/wp-content\/uploads\/2025\/08\/Aiirline-jetfuel-airplane-8-1024x574.jpg 1024w, https:\/\/www.sisinternational.com\/wp-content\/uploads\/2025\/08\/Aiirline-jetfuel-airplane-8-768x430.jpg 768w, https:\/\/www.sisinternational.com\/wp-content\/uploads\/2025\/08\/Aiirline-jetfuel-airplane-8-18x10.jpg 18w\" sizes=\"auto, (max-width: 1456px) 100vw, 1456px\"><\/figure>\n\n\n\n<p><\/p>\n\n\n\n<p>The need for transportation fuels globally is increasing due to the demands of the growing population and industrialization. As the fuel transport market is expected to grow significantly in the coming years, Fuel <a href=\"https:\/\/www.sisinternational.com\/pt\/transporte-de-ambulancia\/\" title=\"Pesquisa de mercado de transporte de ambul\u00e2ncias\"  data-wpil-monitor-id=\"2079\">Transport Market Research<\/a> provides insights such as:<\/p>\n\n\n\n<ul class=\"wp-block-list\">\n<li>Tamanho do mercado e taxa de crescimento dos diversos setores do mercado de combust\u00edveis para transporte<\/li>\n\n\n\n<li>Tamanho do mercado e taxa de crescimento em pa\u00edses seletivos<\/li>\n\n\n\n<li>Discovering the <a href=\"https:\/\/www.sisinternational.com\/pt\/solucoes\/solucoes-de-pesquisa-quantitativa-qualitativa\/pesquisa-de-mercado-de-fatores-humanos\/\" title=\"Pesquisa de mercado de fatores humanos\"  data-wpil-monitor-id=\"10210\">factors that will either drive market<\/a> growth or restrain it<\/li>\n\n\n\n<li>Finding out the key <a href=\"https:\/\/www.sisinternational.com\/pt\/solucoes\/consultoria-estrategica\/pesquisa-de-oportunidade-de-mercado\/\" title=\"Pesquisa de oportunidades de mercado\"  data-wpil-monitor-id=\"10200\">opportunities in the transportation fuel market<\/a><\/li>\n\n\n\n<li>Data and <a href=\"https:\/\/www.sisinternational.com\/pt\/como-expandir-seu-negocio\/\" title=\"Como expandir seu neg\u00f3cio\"  data-wpil-monitor-id=\"10191\">strategies<\/a> in the fuel transport industry can provide key business insights<\/li>\n\n\n\n<li>Understand the major developments in the industry to forecast <a href=\"https:\/\/www.sisinternational.com\/pt\/future-trends-in-qualitative-market-research\/\" title=\"Future Trends in Qualitative Market Research\"  data-wpil-monitor-id=\"10193\">future trends and market<\/a> movement<\/li>\n\n\n\n<li>Re\u00fana informa\u00e7\u00f5es sobre poss\u00edveis novos produtos e atualiza\u00e7\u00f5es mais recentes, bem como explore setores desconhecidos.<\/li>\n<\/ul>\n\n\n\n<h2 class=\"wp-block-heading\">Ind\u00fastrias que se beneficiar\u00e3o da pesquisa de mercado de transporte de combust\u00edvel<\/h2>\n\n\n\n<h3 class=\"wp-block-heading\">O uso de combust\u00edvel para transporte em todo o mundo mostra o qu\u00e3o relevante o mercado \u00e9 para diversos neg\u00f3cios e ind\u00fastrias. Estes incluem, mas n\u00e3o est\u00e3o limitados a, o seguinte:<\/h3>\n\n\n\n<p>Agricultura e Alimenta\u00e7\u00e3o \u2013 Esta ind\u00fastria necessita de combust\u00edvel para permitir aos seus agricultores cultivar atrav\u00e9s da utiliza\u00e7\u00e3o de m\u00e1quinas que ser\u00e3o ent\u00e3o distribu\u00eddas por transporte em v\u00e1rias partes do mundo.<\/p>\n\n\n\n<p>Sa\u00fade \u2013 O setor de sa\u00fade depende de servi\u00e7os de transporte para seus suprimentos di\u00e1rios, medicamentos e equipamentos, e at\u00e9 mesmo para cumprir seus servi\u00e7os.<\/p>\n\n\n\n<p>Constru\u00e7\u00e3o \u2013 A ind\u00fastria da constru\u00e7\u00e3o utiliza muitos materiais pesados que requerem transporte de um local para outro. Esses suprimentos incluem madeira, cimento, metais e muito mais. Esses materiais s\u00e3o necess\u00e1rios no local para realizar qualquer estrutura que esteja sendo fixada ou constru\u00edda.<\/p>\n\n\n\n<p>Ind\u00fastria de frete e servi\u00e7os de correio \u2013 Nos \u00faltimos anos, esta ind\u00fastria tem desempenhado um papel importante no transporte de mercadorias e diversos produtos, n\u00e3o apenas para empresas, mas tamb\u00e9m para uso pessoal. A utiliza\u00e7\u00e3o de caminh\u00f5es de carga e ve\u00edculos de entrega \u00e9 necess\u00e1ria para movimentar esses produtos de uma \u00e1rea para outra.<\/p>\n\n\n\n<p>Supermercados \u2013 As mercearias e supermercados dependem da entrega de mercadorias e da reposi\u00e7\u00e3o de produtos frescos para os seus consumidores. O transporte \u00e9 necess\u00e1rio para ter um abastecimento cont\u00ednuo.<\/p>\n\n\n\n<h2 class=\"wp-block-heading\">Benef\u00edcios da pesquisa de mercado de transporte de combust\u00edvel<\/h2>\n\n\n\n<figure class=\"gb-block-image gb-block-image-65ba5d5d\"><img loading=\"lazy\" decoding=\"async\" width=\"1456\" height=\"816\" class=\"gb-image gb-image-65ba5d5d\" src=\"https:\/\/www.sisinternational.com\/wp-content\/uploads\/2025\/08\/Aiirline-jetfuel-airplane-9.jpg\" alt=\"Pesquisa e Estrat\u00e9gia de Mercado Internacional da SIS\" title=\"Aiirline jetfuel airplane (9)\" srcset=\"https:\/\/www.sisinternational.com\/wp-content\/uploads\/2025\/08\/Aiirline-jetfuel-airplane-9.jpg 1456w, https:\/\/www.sisinternational.com\/wp-content\/uploads\/2025\/08\/Aiirline-jetfuel-airplane-9-300x168.jpg 300w, https:\/\/www.sisinternational.com\/wp-content\/uploads\/2025\/08\/Aiirline-jetfuel-airplane-9-1024x574.jpg 1024w, https:\/\/www.sisinternational.com\/wp-content\/uploads\/2025\/08\/Aiirline-jetfuel-airplane-9-768x430.jpg 768w, https:\/\/www.sisinternational.com\/wp-content\/uploads\/2025\/08\/Aiirline-jetfuel-airplane-9-18x10.jpg 18w\" sizes=\"auto, (max-width: 1456px) 100vw, 1456px\"><\/figure>\n\n\n\n<p><\/p>\n\n\n\n<p>Al\u00e9m disso, a Pesquisa de Mercado de Transporte de Combust\u00edvel fornece insights que beneficiar\u00e3o enormemente aqueles que s\u00e3o atores-chave na ind\u00fastria de transportes ou que planejam fazer parte dela. Os dados e estrat\u00e9gias na ind\u00fastria de transporte de combust\u00edveis podem ser ben\u00e9ficos para atingir os seguintes objetivos:<\/p>\n\n\n\n<ul class=\"wp-block-list\">\n<li>To come up with credible <a href=\"https:\/\/www.sisinternational.com\/pt\/cobertura\/pesquisa-de-mercado-africa\/pesquisa-de-mercado-na-namibia\/\" title=\"Pesquisa de mercado na Nam\u00edbia\"  data-wpil-monitor-id=\"3404\">research data that will impact marketing<\/a> forecasts of business and other relevant sectors.<\/li>\n\n\n\n<li>Classificar as metas e objetivos da pesquisa. Isto \u00e9 para garantir que as informa\u00e7\u00f5es coletadas ser\u00e3o fornecidas com precis\u00e3o para a finalidade para a qual s\u00e3o necess\u00e1rias.<\/li>\n\n\n\n<li>Assessing the data to provide helpful information on the impact of the <a href=\"https:\/\/www.sisinternational.com\/pt\/pericia\/industrias\/pesquisa-de-mercado-de-combustivel-de-aviacao\/\" title=\"Pesquisa de mercado de combust\u00edvel de avia\u00e7\u00e3o\"  data-wpil-monitor-id=\"10212\">fuel transport market<\/a> on the environment.<\/li>\n\n\n\n<li>To come up with <a href=\"https:\/\/www.sisinternational.com\/pt\/solucoes\/consultoria-estrategica\/planejamento-de-cenario\/\" title=\"Consultoria estrat\u00e9gica de planejamento de cen\u00e1rios\"  data-wpil-monitor-id=\"10204\">strategies and plans<\/a> to utilize the use of fuel transport for profitability.<\/li>\n\n\n\n<li>Come up with a market share analysis that can be used by business and industry leaders when creating <a href=\"https:\/\/www.sisinternational.com\/pt\/solucoes\/consultoria-estrategica\/pesquisa-de-mercado-de-previsao-de-demanda\/\" title=\"Demand Forecasting Market Consulting\"  data-wpil-monitor-id=\"10197\">marketing<\/a> plans and forecasting marketing revenue.<\/li>\n<\/ul>\n\n\n\n<h2 class=\"wp-block-heading\">Quem se beneficiar\u00e1 da Pesquisa de Mercado de Transporte de Combust\u00edvel?<\/h2>\n\n\n\n<p>\u00c0 medida que a ind\u00fastria do transporte de combust\u00edveis cresce, pode-se ver tamb\u00e9m o aumento da sua utiliza\u00e7\u00e3o e influ\u00eancia noutros neg\u00f3cios. A lista abaixo mostrar\u00e1 quem se beneficiar\u00e1 melhor com a Pesquisa de Mercado de Transporte de Combust\u00edvel:<\/p>\n\n\n\n<ul class=\"wp-block-list\">\n<li>Investidores da ind\u00fastria de transporte de combust\u00edvel<\/li>\n\n\n\n<li>Profissionais de pesquisa de mercado de transporte de combust\u00edvel<\/li>\n\n\n\n<li>Empresas existentes e emergentes que dependem de transporte<\/li>\n\n\n\n<li>Fabricantes de combust\u00edvel para transporte<\/li>\n\n\n\n<li>Empresas de produ\u00e7\u00e3o de petr\u00f3leo e g\u00e1s<\/li>\n\n\n\n<li>Institutos de Pesquisa Ambiental e Econ\u00f4mica<\/li>\n\n\n\n<li><a href=\"https:\/\/www.sisinternational.com\/pt\/pericia\/industrias\/pesquisa-de-mercado-de-energia\/\" title=\"Pesquisa de mercado de energia\"  data-wpil-monitor-id=\"10207\">Market drivers in both Energy<\/a> and Transportation sectors<\/li>\n<\/ul>\n\n\n\n<h2 class=\"wp-block-heading\">Sobre a pesquisa de mercado de transporte de combust\u00edvel<\/h2>\n\n\n\n<figure class=\"gb-block-image gb-block-image-fec97b15\"><img loading=\"lazy\" decoding=\"async\" width=\"1456\" height=\"816\" class=\"gb-image gb-image-fec97b15\" src=\"https:\/\/www.sisinternational.com\/wp-content\/uploads\/2025\/08\/Aiirline-jetfuel-airplane-8.jpg\" alt=\"Pesquisa e Estrat\u00e9gia de Mercado Internacional da SIS\" title=\"Aiirline jetfuel airplane (8)\" srcset=\"https:\/\/www.sisinternational.com\/wp-content\/uploads\/2025\/08\/Aiirline-jetfuel-airplane-8.jpg 1456w, https:\/\/www.sisinternational.com\/wp-content\/uploads\/2025\/08\/Aiirline-jetfuel-airplane-8-300x168.jpg 300w, https:\/\/www.sisinternational.com\/wp-content\/uploads\/2025\/08\/Aiirline-jetfuel-airplane-8-1024x574.jpg 1024w, https:\/\/www.sisinternational.com\/wp-content\/uploads\/2025\/08\/Aiirline-jetfuel-airplane-8-768x430.jpg 768w, https:\/\/www.sisinternational.com\/wp-content\/uploads\/2025\/08\/Aiirline-jetfuel-airplane-8-18x10.jpg 18w\" sizes=\"auto, (max-width: 1456px) 100vw, 1456px\"><\/figure>\n\n\n\n<p><\/p>\n\n\n\n<p>Ao utilizar m\u00e9todos testados pelo tempo na Pesquisa de Mercado de Transporte de Combust\u00edvel para reunir as informa\u00e7\u00f5es e dados necess\u00e1rios, fornecer\u00e1 aos executivos e outros investidores do setor os insights aprofundados para tomar decis\u00f5es bem informadas. Os dados e estrat\u00e9gias na ind\u00fastria do transporte de combust\u00edveis tamb\u00e9m lhes permitir\u00e3o encontrar formas e oportunidades para elaborar planos que sejam ao mesmo tempo rent\u00e1veis para a economia e sustent\u00e1veis do ponto de vista ambiental.<\/p>","protected":false},"excerpt":{"rendered":"<p>Os combust\u00edveis para transporte s\u00e3o fontes de energia necess\u00e1rias para alimentar diferentes ve\u00edculos. A pesquisa de mercado de transporte de combust\u00edvel fornece insights valiosos \u00e0s ind\u00fastrias.<\/p>","protected":false},"author":1,"featured_media":63147,"parent":14514,"menu_order":171,"comment_status":"closed","ping_status":"closed","template":"","meta":{"footnotes":""},"class_list":["post-41468","page","type-page","status-publish","has-post-thumbnail"],"_links":{"self":[{"href":"https:\/\/www.sisinternational.com\/pt\/wp-json\/wp\/v2\/pages\/41468","targetHints":{"allow":["GET"]}}],"collection":[{"href":"https:\/\/www.sisinternational.com\/pt\/wp-json\/wp\/v2\/pages"}],"about":[{"href":"https:\/\/www.sisinternational.com\/pt\/wp-json\/wp\/v2\/types\/page"}],"author":[{"embeddable":true,"href":"https:\/\/www.sisinternational.com\/pt\/wp-json\/wp\/v2\/users\/1"}],"replies":[{"embeddable":true,"href":"https:\/\/www.sisinternational.com\/pt\/wp-json\/wp\/v2\/comments?post=41468"}],"version-history":[{"count":7,"href":"https:\/\/www.sisinternational.com\/pt\/wp-json\/wp\/v2\/pages\/41468\/revisions"}],"predecessor-version":[{"id":81686,"href":"https:\/\/www.sisinternational.com\/pt\/wp-json\/wp\/v2\/pages\/41468\/revisions\/81686"}],"up":[{"embeddable":true,"href":"https:\/\/www.sisinternational.com\/pt\/wp-json\/wp\/v2\/pages\/14514"}],"wp:featuredmedia":[{"embeddable":true,"href":"https:\/\/www.sisinternational.com\/pt\/wp-json\/wp\/v2\/media\/63147"}],"wp:attachment":[{"href":"https:\/\/www.sisinternational.com\/pt\/wp-json\/wp\/v2\/media?parent=41468"}],"curies":[{"name":"wp","href":"https:\/\/api.w.org\/{rel}","templated":true}]}}