{"id":41440,"date":"2023-02-11T23:32:55","date_gmt":"2023-02-11T23:32:55","guid":{"rendered":"https:\/\/www.sisinternational.com\/?page_id=41440"},"modified":"2026-01-24T21:25:11","modified_gmt":"2026-01-25T02:25:11","slug":"pesquisa-de-mercado-de-coleta-de-dados","status":"publish","type":"page","link":"https:\/\/www.sisinternational.com\/pt\/pericia\/pesquisa-de-mercado-de-coleta-de-dados\/","title":{"rendered":"Pesquisa de mercado de coleta de dados"},"content":{"rendered":"<h1 class=\"wp-block-heading p1\"><span class=\"s1\">Pesquisa de mercado de coleta de dados<\/span><\/h1>\n\n\n\n<figure class=\"gb-block-image gb-block-image-a3e8d8dd\"><img loading=\"lazy\" decoding=\"async\" width=\"1456\" height=\"816\" class=\"gb-image gb-image-a3e8d8dd\" src=\"https:\/\/www.sisinternational.com\/wp-content\/uploads\/2025\/08\/Data-40.jpg\" alt=\"Pesquisa e Estrat\u00e9gia de Mercado Internacional da SIS\" title=\"Data (40)\" srcset=\"https:\/\/www.sisinternational.com\/wp-content\/uploads\/2025\/08\/Data-40.jpg 1456w, https:\/\/www.sisinternational.com\/wp-content\/uploads\/2025\/08\/Data-40-300x168.jpg 300w, https:\/\/www.sisinternational.com\/wp-content\/uploads\/2025\/08\/Data-40-1024x574.jpg 1024w, https:\/\/www.sisinternational.com\/wp-content\/uploads\/2025\/08\/Data-40-768x430.jpg 768w, https:\/\/www.sisinternational.com\/wp-content\/uploads\/2025\/08\/Data-40-18x10.jpg 18w\" sizes=\"auto, (max-width: 1456px) 100vw, 1456px\"><\/figure>\n\n\n\n<p><\/p>\n\n\n\n<h2 class=\"wp-block-heading p3\">O que \u00e9 coleta de dados?<\/h2>\n\n\n\n<p class=\"p4\">A coleta de dados \u00e9 a tarefa de construir um estoque de fatos e n\u00fameros corretos sobre o seu neg\u00f3cio. Essas informa\u00e7\u00f5es v\u00eam de fontes variadas para encontrar respostas para problemas e tend\u00eancias de pesquisa. Tamb\u00e9m analisa eventos prov\u00e1veis para testar poss\u00edveis resultados.<\/p>\n\n\n\n<p class=\"p4\">Dados s\u00e3o informa\u00e7\u00f5es em formato digital, pelo menos conforme definido em TI. Informa\u00e7\u00e3o \u00e9 conhecimento e, da mesma forma, conhecimento \u00e9 poder. Portanto, dados s\u00e3o poder. Acima de tudo, a nossa sociedade depende de dados. \u00c0 luz disto, precisamos da recolha de dados para tomar decis\u00f5es informadas. Tamb\u00e9m garante a integridade da pesquisa.<\/p>\n\n\n\n<p class=\"p4\">Given these points, companies must structure the Data Collection in such a way that they can test hypotheses. They must also be able to answer stated research questions and assess outcomes. Of course, accurate Data Collection is vital. The field of study doesn\u2019t matter. Nor does it matter whether you prefer Quantitative or Qualitative Market Research. Proper <a href=\"https:\/\/www.sisinternational.com\/pt\/solucoes\/pesquisa-de-mercado-de-ia-e-consultoria-estrategica\/ciencia-de-dados-e-pesquisa-de-mercado-de-ia\/\" title=\"Pesquisa de mercado de IA em ci\u00eancia de dados\"  data-wpil-monitor-id=\"2411\">Cole\u00e7\u00e3o de dados<\/a> will help you maintain the integrity of your research.<\/p>\n\n\n\n<h2 class=\"wp-block-heading p3\">Por que a coleta de dados \u00e9 importante?<\/h2>\n\n\n\n<p class=\"p4\">A coleta de dados pode ajud\u00e1-lo a entender as necessidades do consumidor para que voc\u00ea possa melhorar os servi\u00e7os. Voc\u00ea pode us\u00e1-lo para aumentar e manter sua base de clientes e para refinar seu plano de jogo. Voc\u00ea pode at\u00e9 vend\u00ea-los como dados de terceiros para outras empresas com lucro. Veja como a coleta de dados pode ser \u00fatil para sua empresa:<\/p>\n\n\n\n<ul class=\"wp-block-list\">\n<li><span class=\"s3\">Encontrando novos clientes<\/span><\/li>\n\n\n\n<li><span class=\"s3\">Ajustando sua t\u00e9cnica para atingir novos clientes<\/span><\/li>\n\n\n\n<li><span class=\"s3\">Compreendendo o comportamento do consumidor<\/span><\/li>\n\n\n\n<li><span class=\"s3\">Aumentando a reten\u00e7\u00e3o de clientes<\/span><\/li>\n\n\n\n<li><span class=\"s3\">Encontrando solu\u00e7\u00f5es para problemas<\/span><\/li>\n\n\n\n<li><span class=\"s3\">Reduzindo erros<\/span><\/li>\n\n\n\n<li><span class=\"s3\">Melhorando a tomada de decis\u00f5es<\/span><\/li>\n\n\n\n<li><span class=\"s3\">Obtendo as respostas certas para quest\u00f5es de pesquisa<\/span><\/li>\n\n\n\n<li><span class=\"s3\">Previs\u00e3o de tend\u00eancias de mercado<\/span><\/li>\n\n\n\n<li><span class=\"s3\">Aumentando os esfor\u00e7os de marketing<\/span><\/li>\n\n\n\n<li><span class=\"s3\">Melhorando os processos de neg\u00f3cios<\/span><\/li>\n\n\n\n<li><span class=\"s3\">Melhorar a vida das pessoas<\/span><\/li>\n\n\n\n<li><span class=\"s3\">Proving and repeating <a href=\"https:\/\/www.sisinternational.com\/pt\/cobertura\/pesquisa-de-mercado-africa\/pesquisa-de-mercado-na-namibia\/\" title=\"Pesquisa de mercado na Nam\u00edbia\"  data-wpil-monitor-id=\"3417\">Pesquisa de dimensionamento de mercado<\/a> studies<\/span><\/li>\n\n\n\n<li><span class=\"s3\">Ser estrat\u00e9gico em sua abordagem<\/span><\/li>\n\n\n\n<li><span class=\"s3\">Acessando recursos<\/span><\/li>\n\n\n\n<li><span class=\"s3\">Acompanhando tudo\u00a0<\/span><\/li>\n\n\n\n<li><span class=\"s3\">Aproveitando ao m\u00e1ximo seu dinheiro<\/span><\/li>\n<\/ul>\n\n\n\n<h2 class=\"wp-block-heading p3\">Principais cargos<\/h2>\n\n\n\n<figure class=\"gb-block-image gb-block-image-04a1e4bc\"><img loading=\"lazy\" decoding=\"async\" width=\"1456\" height=\"816\" class=\"gb-image gb-image-04a1e4bc\" src=\"https:\/\/www.sisinternational.com\/wp-content\/uploads\/2025\/08\/Data-9.jpg\" alt=\"Pesquisa e Estrat\u00e9gia de Mercado Internacional da SIS\" title=\"Data (9)\" srcset=\"https:\/\/www.sisinternational.com\/wp-content\/uploads\/2025\/08\/Data-9.jpg 1456w, https:\/\/www.sisinternational.com\/wp-content\/uploads\/2025\/08\/Data-9-300x168.jpg 300w, https:\/\/www.sisinternational.com\/wp-content\/uploads\/2025\/08\/Data-9-1024x574.jpg 1024w, https:\/\/www.sisinternational.com\/wp-content\/uploads\/2025\/08\/Data-9-768x430.jpg 768w, https:\/\/www.sisinternational.com\/wp-content\/uploads\/2025\/08\/Data-9-18x10.jpg 18w\" sizes=\"auto, (max-width: 1456px) 100vw, 1456px\"><\/figure>\n\n\n\n<p><\/p>\n\n\n\n<h3 class=\"wp-block-heading p4\">A coleta de dados pertence ao campo da Ci\u00eancia de Dados. Os principais cargos incluem:<\/h3>\n\n\n\n<ul class=\"wp-block-list\">\n<li>Analista de informa\u00e7\u00f5es<\/li>\n\n\n\n<li>Cientista de Dados<\/li>\n\n\n\n<li>Arquiteto de Dados<\/li>\n\n\n\n<li>Engenheiro de dados<\/li>\n\n\n\n<li>Contador de hist\u00f3rias de dados<\/li>\n\n\n\n<li>Engenheiro de aprendizado de m\u00e1quina<\/li>\n\n\n\n<li>Cientista de aprendizado de m\u00e1quina<\/li>\n\n\n\n<li>Administrador de banco de dados<\/li>\n<\/ul>\n\n\n\n<h2 class=\"wp-block-heading p3\">Por que as empresas precisam de coleta de dados<\/h2>\n\n\n\n<p class=\"p4\">As empresas realizam grandes quantidades de pesquisas quantitativas de mercado todos os dias. Eles tamb\u00e9m se envolvem em pesquisas qualitativas de mercado. Eles ent\u00e3o armazenam e analisam esses dados sobre sua base de consumidores. A coleta de dados permite que eles criem an\u00fancios direcionados. Esses an\u00fancios s\u00e3o cruciais na venda de seus produtos e servi\u00e7os. Existem v\u00e1rias outras maneiras pelas quais as empresas usam os dados dos consumidores que coletam. Eles tamb\u00e9m podem aproveitar os insights extra\u00eddos desses dados:<\/p>\n\n\n\n<p>1. Para pesquisa de mercado UX. Os dados do consumidor oferecem uma maneira de entender melhor as necessidades do cliente e aumentar o envolvimento.<\/p>\n\n\n\n<p>2. Para refinar a estrat\u00e9gia de marketing. Os dados ajudam as empresas a entender seus consumidores. Isso permite que eles vejam como os consumidores interagem e respondem \u00e0s suas campanhas publicit\u00e1rias. Dessa forma, eles podem ajustar essas campanhas de acordo com as necessidades.<\/p>\n\n\n\n<p>3. Para proteger mais dados: Algumas empresas usam os dados que j\u00e1 possuem para coletar informa\u00e7\u00f5es ainda mais confidenciais. Por exemplo, os bancos \u00e0s vezes usam dados de identifica\u00e7\u00e3o de voz para permitir que os usu\u00e1rios acessem suas informa\u00e7\u00f5es. O Voice ID tamb\u00e9m pode proteg\u00ea-los contra fraudes.<\/p>\n\n\n\n<h2 class=\"wp-block-heading p3\">Principais fatores de sucesso<\/h2>\n\n\n\n<figure class=\"gb-block-image gb-block-image-1759d287\"><img loading=\"lazy\" decoding=\"async\" width=\"1456\" height=\"816\" class=\"gb-image gb-image-1759d287\" src=\"https:\/\/www.sisinternational.com\/wp-content\/uploads\/2025\/08\/Data-39.jpg\" alt=\"Pesquisa e Estrat\u00e9gia de Mercado Internacional da SIS\" title=\"Data (39)\" srcset=\"https:\/\/www.sisinternational.com\/wp-content\/uploads\/2025\/08\/Data-39.jpg 1456w, https:\/\/www.sisinternational.com\/wp-content\/uploads\/2025\/08\/Data-39-300x168.jpg 300w, https:\/\/www.sisinternational.com\/wp-content\/uploads\/2025\/08\/Data-39-1024x574.jpg 1024w, https:\/\/www.sisinternational.com\/wp-content\/uploads\/2025\/08\/Data-39-768x430.jpg 768w, https:\/\/www.sisinternational.com\/wp-content\/uploads\/2025\/08\/Data-39-18x10.jpg 18w\" sizes=\"auto, (max-width: 1456px) 100vw, 1456px\"><\/figure>\n\n\n\n<p><\/p>\n\n\n\n<p class=\"p4\">In effect, choosing proper data sources is a key success factor in Data Collection. So is finding the correct analytical model. The other success factor is receiving good results. The company must then learn to use these success factors to ensure a positive end-user experience. In the same fashion, you must know how to apply the results of your Data Collection project. It\u2019s helpful in boosting your workflow. Even the most advanced and expensive system would be useless without this knowledge. <a href=\"https:\/\/www.sisinternational.com\/pt\/pericia\/industrias\/dados-de-treinamento-pesquisa-de-mercado\/\" title=\"Pesquisa de mercado de dados de treinamento\"  data-wpil-monitor-id=\"3427\">Cole\u00e7\u00e3o de dados<\/a> should also increase brand awareness or market impact. And, of course, it should secure the bottom line. It should also ensure a lasting positive customer experience. Consumers must be able to engage with the product or service your business delivers.<\/p>\n\n\n\n<h2 class=\"wp-block-heading p3\">Sobre pesquisa de mercado de coleta de dados<\/h2>\n\n\n\n<p class=\"p4\">A melhor coleta de dados depende de diversas ferramentas e canais, em vez de focar em apenas um ou dois. N\u00e3o \u00e9 uma boa ideia focar apenas em canais digitais como pesquisas online e redes sociais, por exemplo. Se voc\u00ea fizer isso, suas respostas poder\u00e3o ser direcionadas aos mais jovens. Os grupos focais e as entrevistas presenciais ajudam a atingir uma gama mais ampla de faixas et\u00e1rias. Eles s\u00e3o um reflexo mais preciso do seu mercado e de suas opini\u00f5es.<\/p>\n\n\n\n<p class=\"p6\">Na SIS International Research, podemos ajud\u00e1-lo a ajustar a coleta de dados. Somos o ponto de partida para uma pesquisa de mercado eficaz e informada. Entre em contato conosco para saber mais sobre como podemos ajud\u00e1-lo a fazer o mesmo.<\/p>","protected":false},"excerpt":{"rendered":"<p>A coleta de dados cria um estoque de fatos e n\u00fameros corretos. O SIS pode ajudar a ajustar sua empresa com pesquisas de mercado de coleta de dados.<\/p>","protected":false},"author":1,"featured_media":64378,"parent":14514,"menu_order":166,"comment_status":"closed","ping_status":"closed","template":"","meta":{"footnotes":""},"class_list":["post-41440","page","type-page","status-publish","has-post-thumbnail"],"_links":{"self":[{"href":"https:\/\/www.sisinternational.com\/pt\/wp-json\/wp\/v2\/pages\/41440","targetHints":{"allow":["GET"]}}],"collection":[{"href":"https:\/\/www.sisinternational.com\/pt\/wp-json\/wp\/v2\/pages"}],"about":[{"href":"https:\/\/www.sisinternational.com\/pt\/wp-json\/wp\/v2\/types\/page"}],"author":[{"embeddable":true,"href":"https:\/\/www.sisinternational.com\/pt\/wp-json\/wp\/v2\/users\/1"}],"replies":[{"embeddable":true,"href":"https:\/\/www.sisinternational.com\/pt\/wp-json\/wp\/v2\/comments?post=41440"}],"version-history":[{"count":8,"href":"https:\/\/www.sisinternational.com\/pt\/wp-json\/wp\/v2\/pages\/41440\/revisions"}],"predecessor-version":[{"id":77653,"href":"https:\/\/www.sisinternational.com\/pt\/wp-json\/wp\/v2\/pages\/41440\/revisions\/77653"}],"up":[{"embeddable":true,"href":"https:\/\/www.sisinternational.com\/pt\/wp-json\/wp\/v2\/pages\/14514"}],"wp:featuredmedia":[{"embeddable":true,"href":"https:\/\/www.sisinternational.com\/pt\/wp-json\/wp\/v2\/media\/64378"}],"wp:attachment":[{"href":"https:\/\/www.sisinternational.com\/pt\/wp-json\/wp\/v2\/media?parent=41440"}],"curies":[{"name":"wp","href":"https:\/\/api.w.org\/{rel}","templated":true}]}}