{"id":41429,"date":"2023-02-11T22:51:29","date_gmt":"2023-02-11T22:51:29","guid":{"rendered":"https:\/\/www.sisinternational.com\/?page_id=41429"},"modified":"2026-01-25T18:30:50","modified_gmt":"2026-01-25T23:30:50","slug":"pesquisa-de-mercado-de-bauxita","status":"publish","type":"page","link":"https:\/\/www.sisinternational.com\/pt\/pericia\/pesquisa-de-mercado-de-bauxita\/","title":{"rendered":"Pesquisa de mercado de bauxita"},"content":{"rendered":"<h1 class=\"wp-block-heading\">Pesquisa de mercado de bauxita<\/h1>\n\n\n\n<figure class=\"gb-block-image gb-block-image-9131da4a\"><img loading=\"lazy\" decoding=\"async\" width=\"1456\" height=\"816\" class=\"gb-image gb-image-9131da4a\" src=\"https:\/\/www.sisinternational.com\/wp-content\/uploads\/2025\/08\/Bauxite-3.jpg\" alt=\"Pesquisa e Estrat\u00e9gia de Mercado Internacional da SIS\" title=\"Bauxite (3)\" srcset=\"https:\/\/www.sisinternational.com\/wp-content\/uploads\/2025\/08\/Bauxite-3.jpg 1456w, https:\/\/www.sisinternational.com\/wp-content\/uploads\/2025\/08\/Bauxite-3-300x168.jpg 300w, https:\/\/www.sisinternational.com\/wp-content\/uploads\/2025\/08\/Bauxite-3-1024x574.jpg 1024w, https:\/\/www.sisinternational.com\/wp-content\/uploads\/2025\/08\/Bauxite-3-768x430.jpg 768w, https:\/\/www.sisinternational.com\/wp-content\/uploads\/2025\/08\/Bauxite-3-18x10.jpg 18w\" sizes=\"auto, (max-width: 1456px) 100vw, 1456px\"><\/figure>\n\n\n\n<p><\/p>\n\n\n\n<h2 class=\"wp-block-heading\">As perspectivas do mercado para a bauxita<\/h2>\n\n\n\n<p>A bauxita \u00e9 um material valioso que envolve muitas atividades di\u00e1rias em todo o mundo. A sua utilidade reside na sua liga\u00e7\u00e3o direta \u00e0 produ\u00e7\u00e3o de alum\u00ednio. Como a bauxita \u00e9 a principal mat\u00e9ria-prima utilizada na produ\u00e7\u00e3o do alum\u00ednio, as duas est\u00e3o intimamente ligadas. Sem bauxita n\u00e3o h\u00e1 alum\u00ednio. Portanto, as perspectivas do mercado para a bauxita andam de m\u00e3os dadas com as perspectivas do mercado para o alum\u00ednio, e qualquer pesquisa relevante deve levar isso em conta.<\/p>\n\n\n\n<p>Aluminum is used to produce widely used goods such as refrigerators, air conditioners and kitchen and cooking utensils. At the same time, aluminum is a key material for the aerospace <a href=\"https:\/\/www.sisinternational.com\/pt\/industry-forecast\/construction-industry-forecast\/\" title=\"Construction Industry Forecast\"  data-wpil-monitor-id=\"10431\">industry and construction<\/a> projects, as aircraft components and window frames are made of aluminum. So bauxite will always be in demand, as it&#8217;s a prerequisite for the existence and development of key components of the modern world.<\/p>\n\n\n\n<h2 class=\"wp-block-heading\">O mercado global de bauxita<\/h2>\n\n\n\n<h3 class=\"wp-block-heading\">A bauxita \u00e9 uma rocha com propriedades \u00fanicas. \u00c9 encontrado apenas em um pequeno n\u00famero de pa\u00edses, o que limita o escopo de fornecimento. Os principais pa\u00edses produtores de bauxita s\u00e3o:<\/h3>\n\n\n\n<ul class=\"wp-block-list\">\n<li>Austr\u00e1lia<\/li>\n\n\n\n<li>Guin\u00e9<\/li>\n\n\n\n<li>China<\/li>\n\n\n\n<li>Brasil<\/li>\n\n\n\n<li>Indon\u00e9sia<\/li>\n\n\n\n<li>\u00cdndia<\/li>\n<\/ul>\n\n\n\n<p>\u00c9 interessante notar que pa\u00edses como a Jamaica e o Vietname possuem grandes reservas de bauxite.<\/p>\n\n\n\n<h2 class=\"wp-block-heading\">Por que a pesquisa de mercado de bauxita \u00e9 importante<\/h2>\n\n\n\n<figure class=\"gb-block-image gb-block-image-cb3a6913\"><img loading=\"lazy\" decoding=\"async\" width=\"1456\" height=\"816\" class=\"gb-image gb-image-cb3a6913\" src=\"https:\/\/www.sisinternational.com\/wp-content\/uploads\/2025\/08\/Bauxite-2.jpg\" alt=\"Pesquisa e Estrat\u00e9gia de Mercado Internacional da SIS\" title=\"Bauxite (2)\" srcset=\"https:\/\/www.sisinternational.com\/wp-content\/uploads\/2025\/08\/Bauxite-2.jpg 1456w, https:\/\/www.sisinternational.com\/wp-content\/uploads\/2025\/08\/Bauxite-2-300x168.jpg 300w, https:\/\/www.sisinternational.com\/wp-content\/uploads\/2025\/08\/Bauxite-2-1024x574.jpg 1024w, https:\/\/www.sisinternational.com\/wp-content\/uploads\/2025\/08\/Bauxite-2-768x430.jpg 768w, https:\/\/www.sisinternational.com\/wp-content\/uploads\/2025\/08\/Bauxite-2-18x10.jpg 18w\" sizes=\"auto, (max-width: 1456px) 100vw, 1456px\"><\/figure>\n\n\n\n<p><\/p>\n\n\n\n<p>The last point is very important as part of the overall picture of the need for <a href=\"https:\/\/www.sisinternational.com\/pt\/pericia\/industrias\/pesquisa-de-mercado-no-ponto-de-venda\/\" title=\"Pesquisa de mercado de ponto de venda\"  data-wpil-monitor-id=\"4923\">pesquisa de mercado de bauxita<\/a>. Predictive models suggest that bauxite reserves will be depleted in the early decades of the next century, as they are not infinite. While such forecasts are a long-term concern, there is another aspect that is more pressing: The environmental concerns associated with bauxite production. Its extraction harms local flora and fauna, resulting in environmental degradation.<\/p>\n\n\n\n<p>Como resultado, a pesquisa de mercado da bauxita deve considerar os desafios de curto e longo prazo. Por outro lado, a import\u00e2ncia econ\u00f3mica da produ\u00e7\u00e3o de bauxite \u00e9 enorme. Factores como a minera\u00e7\u00e3o e a refina\u00e7\u00e3o, o emprego e a educa\u00e7\u00e3o, bem como as quest\u00f5es de sustentabilidade, s\u00e3o cr\u00edticos para o bom funcionamento de componentes-chave do mundo actual e futuro. \u00c1reas como transportes, arquitetura e gest\u00e3o de materiais dependem de um fornecimento adequado de bauxita.<\/p>\n\n\n\n<h2 class=\"wp-block-heading\">Principais empregos<\/h2>\n\n\n\n<h3 class=\"wp-block-heading\">Existem v\u00e1rios empregos importantes associados \u00e0 ind\u00fastria de bauxita:<\/h3>\n\n\n\n<ul class=\"wp-block-list\">\n<li>Diretores de Projeto<\/li>\n\n\n\n<li>Gerentes de Opera\u00e7\u00f5es de Perfura\u00e7\u00e3o<\/li>\n\n\n\n<li>Operadores de minas<\/li>\n\n\n\n<li>Especialistas em Laborat\u00f3rio<\/li>\n\n\n\n<li><a href=\"https:\/\/www.sisinternational.com\/pt\/solucoes\/pesquisa-de-mercado-de-ia-e-consultoria-estrategica\/consultoria-de-inteligencia-artificial-em-automacao-de-gerenciamento-de-talentos-de-recursos-humanos\/\" title=\"Automa\u00e7\u00e3o de Recursos Humanos e Gest\u00e3o de Talentos e Consultoria em IA\"  data-wpil-monitor-id=\"10429\">Gerentes de recursos humanos<\/a><\/li>\n\n\n\n<li>Oficiais de servi\u00e7os de emerg\u00eancia<\/li>\n\n\n\n<li>Engenheiros Eletricistas<\/li>\n\n\n\n<li>Engenheiros de Minera\u00e7\u00e3o<\/li>\n\n\n\n<li>Cientistas de conformidade ambiental<\/li>\n<\/ul>\n\n\n\n<p>Another key aspect of the bauxite labor <a href=\"https:\/\/www.sisinternational.com\/pt\/pericia\/industrias\/pesquisa-de-mercado-de-solventes\/\" title=\"Pesquisa de mercado de solventes\"  data-wpil-monitor-id=\"3432\">market is the prominent role of Research<\/a> and Development (R &amp; D) due to the challenging nature of bauxite mining.<\/p>\n\n\n\n<h2 class=\"wp-block-heading\">Desafios futuros do mercado de bauxita<\/h2>\n\n\n\n<p>Bauxite is a high-value material in today&#8217;s world. The future challenges of the industry as a whole are a priority for both the political establishment and the business community. With the bauxite industry generating billions of dollars in annual revenues, the motivation for all parties involved is extremely high. There are three main <a href=\"https:\/\/www.sisinternational.com\/pt\/publicacoes\/solucoes-supercriticas-futuro-energetico-global\/\" title=\"Pesquisa de mercado global de energia: solu\u00e7\u00f5es supercr\u00edticas para nosso futuro energ\u00e9tico\"  data-wpil-monitor-id=\"10432\">future challenges for the bauxite market<\/a>:<\/p>\n\n\n\n<ul class=\"wp-block-list\">\n<li>Seu n\u00edvel de sustentabilidade<\/li>\n\n\n\n<li>Seu impacto ambiental<\/li>\n\n\n\n<li>O uso de materiais alternativos<\/li>\n<\/ul>\n\n\n\n<h2 class=\"wp-block-heading\">A sustentabilidade da bauxita<\/h2>\n\n\n\n<p>A sustentabilidade da produ\u00e7\u00e3o de bauxita \u00e9 crucial. Como o alum\u00ednio n\u00e3o pode ser produzido sem a bauxita, tornou-se um dos minerais mais importantes do s\u00e9culo XX. No entanto, a viabilidade do sector no s\u00e9culo XXI \u00e9 um grande desafio. N\u00e3o s\u00f3 porque os fornecimentos de bauxite acabar\u00e3o inevitavelmente, como mencionado acima, mas tamb\u00e9m devido \u00e0 actual instabilidade socioecon\u00f3mica e pol\u00edtica global. O recente golpe de Estado na Guin\u00e9, o segundo maior produtor mundial de bauxite, e as quest\u00f5es resultantes sobre o futuro do sector mineiro do pa\u00eds s\u00e3o um exemplo not\u00e1vel.<\/p>\n\n\n\n<h2 class=\"wp-block-heading\">O impacto ambiental da bauxita<\/h2>\n\n\n\n<figure class=\"gb-block-image gb-block-image-71559b8d\"><img loading=\"lazy\" decoding=\"async\" width=\"1456\" height=\"816\" class=\"gb-image gb-image-71559b8d\" src=\"https:\/\/www.sisinternational.com\/wp-content\/uploads\/2025\/08\/Bauxite-1.jpg\" alt=\"Pesquisa e Estrat\u00e9gia de Mercado Internacional da SIS\" title=\"Bauxite (1)\" srcset=\"https:\/\/www.sisinternational.com\/wp-content\/uploads\/2025\/08\/Bauxite-1.jpg 1456w, https:\/\/www.sisinternational.com\/wp-content\/uploads\/2025\/08\/Bauxite-1-300x168.jpg 300w, https:\/\/www.sisinternational.com\/wp-content\/uploads\/2025\/08\/Bauxite-1-1024x574.jpg 1024w, https:\/\/www.sisinternational.com\/wp-content\/uploads\/2025\/08\/Bauxite-1-768x430.jpg 768w, https:\/\/www.sisinternational.com\/wp-content\/uploads\/2025\/08\/Bauxite-1-18x10.jpg 18w\" sizes=\"auto, (max-width: 1456px) 100vw, 1456px\"><\/figure>\n\n\n\n<p><\/p>\n\n\n\n<p>A quest\u00e3o ambiental em torno da minera\u00e7\u00e3o de bauxita \u00e9 de fato fundamental. H\u00e1 uma enorme pegada ambiental causada pelo processo de minera\u00e7\u00e3o. Tamb\u00e9m pode prejudicar a sa\u00fade e a qualidade de vida dos cidad\u00e3os que vivem em pa\u00edses produtores de bauxita. Outro par\u00e2metro crucial \u00e9 que a maioria destes pa\u00edses pertence ao mundo em desenvolvimento. Este facto levanta logicamente preocupa\u00e7\u00f5es sobre os impactos sociais e econ\u00f3micos imprevis\u00edveis que poderiam resultar de uma poss\u00edvel agita\u00e7\u00e3o civil nestes pa\u00edses.<\/p>\n\n\n\n<h2 class=\"wp-block-heading\">Poss\u00edveis alternativas ao alum\u00ednio<\/h2>\n\n\n\n<p>Embora o risco actual de uma escassez dram\u00e1tica de bauxite seja bastante limitado, a discuss\u00e3o sobre a utiliza\u00e7\u00e3o de materiais alternativos ao alum\u00ednio j\u00e1 est\u00e1 aberta. Como o alum\u00ednio est\u00e1 contido na rocha bauxita e n\u00e3o pode ser produzido sem ele, a quest\u00e3o \u00e9 quais alternativas est\u00e3o dispon\u00edveis. Fibra de vidro, tit\u00e2nio e magn\u00e9sio s\u00e3o os materiais atualmente considerados.<\/p>\n\n\n\n<p><a href=\"https:\/\/www.sisinternational.com\/pt\/sis-revela-plataforma-de-ciencia-de-dados-e-analise-quantitativa\/\" title=\"SIS revela plataforma de ci\u00eancia de dados e an\u00e1lise quantitativa\"  data-wpil-monitor-id=\"10427\">SIS International offers Quantitative<\/a>, Qualitative, and Strategy Research. We provide data, tools, strategies, reports and insights for decision-making. We conduct interviews, surveys, <a href=\"https:\/\/www.sisinternational.com\/pt\/solucoes\/pesquisa-de-mercado-em-grupo-focal\/\" title=\"Pesquisa de mercado com grupo focal\"  data-wpil-monitor-id=\"10428\">focus groups and many other Market Research<\/a> methods and approaches. Contact us for your <a href=\"https:\/\/www.sisinternational.com\/pt\/pericia\/industrias\/pesquisa-de-mercado-de-tecnologias-de-proxima-geracao\/\" title=\"Pesquisa de mercado de tecnologias de pr\u00f3xima gera\u00e7\u00e3o\"  data-wpil-monitor-id=\"10430\">next Market Research<\/a> projeto.<\/p>\n\n\n\n<p><\/p>\n\n\n\n<p><\/p>","protected":false},"excerpt":{"rendered":"<p>A bauxita \u00e9 um material limitado e valioso em todo o mundo. H\u00e1 uma necessidade importante de pesquisas de mercado de bauxita.<\/p>","protected":false},"author":1,"featured_media":64744,"parent":14514,"menu_order":164,"comment_status":"closed","ping_status":"closed","template":"","meta":{"footnotes":""},"class_list":["post-41429","page","type-page","status-publish","has-post-thumbnail"],"_links":{"self":[{"href":"https:\/\/www.sisinternational.com\/pt\/wp-json\/wp\/v2\/pages\/41429","targetHints":{"allow":["GET"]}}],"collection":[{"href":"https:\/\/www.sisinternational.com\/pt\/wp-json\/wp\/v2\/pages"}],"about":[{"href":"https:\/\/www.sisinternational.com\/pt\/wp-json\/wp\/v2\/types\/page"}],"author":[{"embeddable":true,"href":"https:\/\/www.sisinternational.com\/pt\/wp-json\/wp\/v2\/users\/1"}],"replies":[{"embeddable":true,"href":"https:\/\/www.sisinternational.com\/pt\/wp-json\/wp\/v2\/comments?post=41429"}],"version-history":[{"count":6,"href":"https:\/\/www.sisinternational.com\/pt\/wp-json\/wp\/v2\/pages\/41429\/revisions"}],"predecessor-version":[{"id":81717,"href":"https:\/\/www.sisinternational.com\/pt\/wp-json\/wp\/v2\/pages\/41429\/revisions\/81717"}],"up":[{"embeddable":true,"href":"https:\/\/www.sisinternational.com\/pt\/wp-json\/wp\/v2\/pages\/14514"}],"wp:featuredmedia":[{"embeddable":true,"href":"https:\/\/www.sisinternational.com\/pt\/wp-json\/wp\/v2\/media\/64744"}],"wp:attachment":[{"href":"https:\/\/www.sisinternational.com\/pt\/wp-json\/wp\/v2\/media?parent=41429"}],"curies":[{"name":"wp","href":"https:\/\/api.w.org\/{rel}","templated":true}]}}