{"id":41327,"date":"2023-01-24T19:31:59","date_gmt":"2023-01-24T19:31:59","guid":{"rendered":"https:\/\/www.sisinternational.com\/?page_id=41327"},"modified":"2026-01-26T18:35:28","modified_gmt":"2026-01-26T23:35:28","slug":"pesquisa-de-mercado-de-tratores","status":"publish","type":"page","link":"https:\/\/www.sisinternational.com\/pt\/pericia\/pesquisa-de-mercado-de-tratores\/","title":{"rendered":"Pesquisa de mercado de tratores"},"content":{"rendered":"<h1 class=\"wp-block-heading\">Pesquisa de mercado de tratores<\/h1>\n\n\n\n<figure class=\"gb-block-image gb-block-image-de998eaa\"><img loading=\"lazy\" decoding=\"async\" width=\"1456\" height=\"816\" class=\"gb-image gb-image-de998eaa\" src=\"https:\/\/www.sisinternational.com\/wp-content\/uploads\/2025\/08\/Agriculture-5.jpg\" alt=\"Pesquisa e Estrat\u00e9gia de Mercado Internacional da SIS\" title=\"Agriculture (5)\" srcset=\"https:\/\/www.sisinternational.com\/wp-content\/uploads\/2025\/08\/Agriculture-5.jpg 1456w, https:\/\/www.sisinternational.com\/wp-content\/uploads\/2025\/08\/Agriculture-5-300x168.jpg 300w, https:\/\/www.sisinternational.com\/wp-content\/uploads\/2025\/08\/Agriculture-5-1024x574.jpg 1024w, https:\/\/www.sisinternational.com\/wp-content\/uploads\/2025\/08\/Agriculture-5-768x430.jpg 768w, https:\/\/www.sisinternational.com\/wp-content\/uploads\/2025\/08\/Agriculture-5-18x10.jpg 18w\" sizes=\"auto, (max-width: 1456px) 100vw, 1456px\"><\/figure>\n\n\n\n<p><\/p>\n\n\n\n<p>A Tractor Market Research coleta e analisa dados sobre a ind\u00fastria de tratores e o mercado de tratores. Este estudo pode conter informa\u00e7\u00f5es sobre vendas, produ\u00e7\u00e3o, pre\u00e7os e tend\u00eancias do setor de tratores. Pode tamb\u00e9m recolher informa\u00e7\u00f5es sobre os participantes essenciais do mercado, como produtores e distribuidores, e os utilizadores finais de tratores, como agricultores e empresas de constru\u00e7\u00e3o. A pesquisa de mercado de tratores tem como objetivo fornecer uma vis\u00e3o geral completa do mercado de tratores e descobrir perspectivas de desenvolvimento e expans\u00e3o.<\/p>\n\n\n\n<p>Por que a pesquisa de mercado de tratores \u00e9 importante para o sucesso da ind\u00fastria<\/p>\n\n\n\n<p>A pesquisa de mercado de tratores \u00e9 uma ferramenta essencial para as empresas do setor de tratores. Ele permite que as empresas entendam as circunst\u00e2ncias atuais do mercado, reconhe\u00e7am as tend\u00eancias e possibilidades do setor e tomem decis\u00f5es informadas sobre desenvolvimento de produtos, marketing e estrat\u00e9gias de vendas.<\/p>\n\n\n\n<p>A pesquisa de mercado de tratores \u00e9 necess\u00e1ria, pois fornece informa\u00e7\u00f5es valiosas sobre o estado atual da ind\u00fastria de tratores. Est\u00e3o inclu\u00eddos volume de vendas, participa\u00e7\u00e3o de mercado e estat\u00edsticas de tend\u00eancias de pre\u00e7os. Estes dados podem ajudar as empresas a determinar quais os produtos que t\u00eam elevada procura e quais os que n\u00e3o o t\u00eam, permitindo-lhes ajustar as suas ofertas de produtos em conformidade. Al\u00e9m disso, auxilia as empresas na compreens\u00e3o do cen\u00e1rio competitivo, o que \u00e9 necess\u00e1rio para a constru\u00e7\u00e3o de estrat\u00e9gias eficazes de marketing e vendas.<\/p>\n\n\n\n<p>Another essential advantage of tractor market research is that it enables businesses to uncover new growth and expansion opportunities. For instance, <a href=\"https:\/\/www.sisinternational.com\/pt\/pericia\/industrias\/pesquisa-de-mercado-de-solventes\/\" title=\"Pesquisa de mercado de solventes\"  data-wpil-monitor-id=\"3439\">research can discover untapped markets<\/a> or innovative applications for tractors that companies may have overlooked. Businesses can increase their revenue sources and diversify their product lines.<\/p>\n\n\n\n<p>Al\u00e9m disso, a pesquisa de mercado de tratores pode ajudar as empresas a antecipar tend\u00eancias e mudan\u00e7as no setor. Por exemplo, o exame pode revelar novas tecnologias ou regulamenta\u00e7\u00f5es que ter\u00e3o impacto na ind\u00fastria; as empresas podem utilizar essas informa\u00e7\u00f5es para planejar o futuro.<\/p>\n\n\n\n<h2 class=\"wp-block-heading\">Principais cargos na ind\u00fastria do mercado de tratores<\/h2>\n\n\n\n<figure class=\"gb-block-image gb-block-image-89799559\"><img loading=\"lazy\" decoding=\"async\" width=\"1456\" height=\"816\" class=\"gb-image gb-image-89799559\" src=\"https:\/\/www.sisinternational.com\/wp-content\/uploads\/2025\/08\/Agriculture-1.jpg\" alt=\"Pesquisa e Estrat\u00e9gia de Mercado Internacional da SIS\" title=\"Agriculture (1)\" srcset=\"https:\/\/www.sisinternational.com\/wp-content\/uploads\/2025\/08\/Agriculture-1.jpg 1456w, https:\/\/www.sisinternational.com\/wp-content\/uploads\/2025\/08\/Agriculture-1-300x168.jpg 300w, https:\/\/www.sisinternational.com\/wp-content\/uploads\/2025\/08\/Agriculture-1-1024x574.jpg 1024w, https:\/\/www.sisinternational.com\/wp-content\/uploads\/2025\/08\/Agriculture-1-768x430.jpg 768w, https:\/\/www.sisinternational.com\/wp-content\/uploads\/2025\/08\/Agriculture-1-18x10.jpg 18w\" sizes=\"auto, (max-width: 1456px) 100vw, 1456px\"><\/figure>\n\n\n\n<p><\/p>\n\n\n\n<p>A ind\u00fastria do mercado de tratores abrange uma ampla gama de fun\u00e7\u00f5es e responsabilidades, e v\u00e1rios cargos importantes s\u00e3o essenciais para o funcionamento desta ind\u00fastria. Esses incluem:<\/p>\n\n\n\n<ul class=\"wp-block-list\">\n<li><strong>Representante de vendas de tratores<\/strong>: Esses indiv\u00edduos vendem tratores para agricultores, empresas de constru\u00e7\u00e3o e outros usu\u00e1rios finais. Muitas vezes t\u00eam forma\u00e7\u00e3o em agricultura ou constru\u00e7\u00e3o e devem conhecer os produtos que vendem.<\/li>\n\n\n\n<li><strong>T\u00e9cnico de servi\u00e7o de trator<\/strong>: Esses indiv\u00edduos s\u00e3o respons\u00e1veis pela manuten\u00e7\u00e3o e reparo dos tratores. Eles devem ter um conhecimento s\u00f3lido da mec\u00e2nica e eletr\u00f4nica dos tratores e a capacidade de diagnosticar e solucionar problemas.<\/li>\n\n\n\n<li><strong>Gerente de Produto de Trator<\/strong>: Esses indiv\u00edduos s\u00e3o respons\u00e1veis por gerenciar o desenvolvimento e a produ\u00e7\u00e3o de tratores. Eles trabalham em estreita colabora\u00e7\u00e3o com engenheiros, designers e outros membros da equipe para lan\u00e7ar novos modelos de tratores no mercado.<\/li>\n\n\n\n<li><strong>Gerente de Marketing de Tratores<\/strong>: Esses indiv\u00edduos s\u00e3o respons\u00e1veis por criar e implementar estrat\u00e9gias de marketing para tratores. Eles devem ter um conhecimento s\u00f3lido do mercado de tratores e do p\u00fablico-alvo e ser capazes de desenvolver campanhas de marketing eficazes.<\/li>\n\n\n\n<li><strong>Engenheiro de Pesquisa e Desenvolvimento de Tratores<\/strong>: Esses indiv\u00edduos s\u00e3o respons\u00e1veis por projetar e desenvolver novas tecnologias de tratores. Eles devem ter forma\u00e7\u00e3o em engenharia e ser capazes de trabalhar em estreita colabora\u00e7\u00e3o com outros membros da equipe para lan\u00e7ar novos produtos no mercado.<\/li>\n\n\n\n<li><strong>Revendedor de trator<\/strong>: Esses indiv\u00edduos s\u00e3o respons\u00e1veis por gerenciar a distribui\u00e7\u00e3o dos tratores aos usu\u00e1rios finais. Eles devem ter conhecimento sobre os produtos que vendem e ser capazes de fornecer um excelente atendimento ao cliente.<\/li>\n<\/ul>\n\n\n\n<p>Esses s\u00e3o apenas alguns cargos na ind\u00fastria do mercado de tratores. Outras fun\u00e7\u00f5es incluem gerentes de cadeia de suprimentos, gerentes de log\u00edstica, gerentes de opera\u00e7\u00f5es, analistas financeiros e muito mais. Cada uma dessas fun\u00e7\u00f5es \u00e9 essencial para a prosperidade da ind\u00fastria do mercado de tratores e das empresas que nela trabalham.<\/p>\n\n\n\n<h2 class=\"wp-block-heading\">Por que as empresas precisam realizar pesquisas no mercado de tratores<\/h2>\n\n\n\n<figure class=\"gb-block-image gb-block-image-08ecbbfc\"><img loading=\"lazy\" decoding=\"async\" width=\"1456\" height=\"816\" class=\"gb-image gb-image-08ecbbfc\" src=\"https:\/\/www.sisinternational.com\/wp-content\/uploads\/2025\/08\/Agriculture-6.jpg\" alt=\"Pesquisa e Estrat\u00e9gia de Mercado Internacional da SIS\" title=\"Agriculture (6)\" srcset=\"https:\/\/www.sisinternational.com\/wp-content\/uploads\/2025\/08\/Agriculture-6.jpg 1456w, https:\/\/www.sisinternational.com\/wp-content\/uploads\/2025\/08\/Agriculture-6-300x168.jpg 300w, https:\/\/www.sisinternational.com\/wp-content\/uploads\/2025\/08\/Agriculture-6-1024x574.jpg 1024w, https:\/\/www.sisinternational.com\/wp-content\/uploads\/2025\/08\/Agriculture-6-768x430.jpg 768w, https:\/\/www.sisinternational.com\/wp-content\/uploads\/2025\/08\/Agriculture-6-18x10.jpg 18w\" sizes=\"auto, (max-width: 1456px) 100vw, 1456px\"><\/figure>\n\n\n\n<p>A pesquisa de mercado sobre tratores ajuda as empresas a identificar seu mercado-alvo. Essas informa\u00e7\u00f5es incluem tamanho do mercado, dados demogr\u00e1ficos da popula\u00e7\u00e3o-alvo e gostos da clientela. As organiza\u00e7\u00f5es podem usar essas informa\u00e7\u00f5es para desenvolver produtos e iniciativas de marketing que atendam \u00e0s necessidades de seu mercado-alvo.<\/p>\n\n\n\n<p>Market research on tractors aids businesses in their competition. Developing effective marketing and <a class=\"wpil_keyword_link\" href=\"https:\/\/www.sisinternational.com\/pt\/solucoes\/solucoes-de-estrategia-de-vendas\/\"   title=\"Solu\u00e7\u00f5es de vendas e estrat\u00e9gia\" data-wpil-keyword-link=\"linked\"  data-wpil-monitor-id=\"724\">estrat\u00e9gia de vendas<\/a> requires a thorough understanding of the competition. Additionally, new technologies or laws that will impact the industry might be revealed by tractor market research, assisting firms in planning.<\/p>\n\n\n\n<p>A pesquisa de mercado de tratores ajuda as empresas a descobrir novas perspectivas de desenvolvimento. Por exemplo, a an\u00e1lise pode identificar mercados inexplorados ou novas aplica\u00e7\u00f5es de tratores. As empresas podem variar suas ofertas de produtos e aumentar a receita com isso.<\/p>\n\n\n\n<p>A pesquisa de mercado de tratores tamb\u00e9m auxilia as empresas no monitoramento e avalia\u00e7\u00e3o do desempenho de produtos e marketing. Monitore a receita, a satisfa\u00e7\u00e3o do cliente e dados adicionais cr\u00edticos de desempenho. \u00c9 poss\u00edvel ajustar produtos e m\u00e9todos usando esses dados.<\/p>\n\n\n\n<p>Para as empresas de tratores, a pesquisa de mercado \u00e9 vital. Fornece \u00e0s empresas informa\u00e7\u00f5es sobre as circunst\u00e2ncias do mercado, a concorr\u00eancia e as oportunidades, ajudando-as a tomar decis\u00f5es informadas, a manterem-se competitivas, a encontrar novas oportunidades de crescimento e a acompanhar o seu desempenho para obterem sucesso a longo prazo.<\/p>\n\n\n\n<h2 class=\"wp-block-heading\">Principais fatores de sucesso da pesquisa de mercado de tratores<\/h2>\n\n\n\n<p>A pesquisa de mercado de tratores \u00e9 uma ferramenta crucial para as organiza\u00e7\u00f5es da ind\u00fastria de tratores, mas precisa considerar aspectos essenciais de sucesso para ser cred\u00edvel.<\/p>\n\n\n\n<ol class=\"wp-block-list\">\n<li>Dados precisos e confi\u00e1veis: A qualidade dos dados utilizados na pesquisa de mercado de tratores \u00e9 cr\u00edtica. As empresas devem garantir que seus dados sejam precisos, atualizados e confi\u00e1veis. A verifica\u00e7\u00e3o da veracidade das informa\u00e7\u00f5es envolve o uso de diversas fontes de dados.<\/li>\n\n\n\n<li>M\u00e9todos de pesquisa relevantes: Os m\u00e9todos utilizados para pesquisa de mercado de tratores devem ser apropriados para a quest\u00e3o espec\u00edfica da pesquisa e para o mercado-alvo. As empresas devem utilizar uma combina\u00e7\u00e3o de m\u00e9todos de investiga\u00e7\u00e3o qualitativos e quantitativos para fornecer uma compreens\u00e3o abrangente do mercado.<\/li>\n\n\n\n<li>Objetivos claros de pesquisa: A pesquisa de mercado de tratores deve ter objetivos claros e espec\u00edficos alinhados com os objetivos gerais do neg\u00f3cio. Isso garantir\u00e1 que a an\u00e1lise seja precisa e pertinente e que os resultados possam ser usados para tomar decis\u00f5es.<\/li>\n\n\n\n<li>Uma equipe de pesquisa qualificada: A equipe de pesquisa de mercado de tratores deve ser profissional e experiente. Isso inclui indiv\u00edduos com conhecimento da ind\u00fastria de tratores e experi\u00eancia em m\u00e9todos de pesquisa, an\u00e1lise e interpreta\u00e7\u00e3o de dados.<\/li>\n\n\n\n<li>Timely analysis: The tractor market <a href=\"https:\/\/www.sisinternational.com\/pt\/pericia\/industrias\/pesquisa-de-mercado-de-moda\/\" title=\"Pesquisa de mercado de moda e vestu\u00e1rio\"  data-wpil-monitor-id=\"6958\">pesquisar<\/a> data analysis must be conducted promptly to ensure that the findings can be used to make strategic business decisions in a timely fashion.<\/li>\n\n\n\n<li>Comunica\u00e7\u00e3o eficaz: Os resultados da pesquisa de mercado de tratores devem ser comunicados de forma eficaz \u00e0s partes interessadas relevantes dentro da empresa para garantir que os resultados sejam compreendidos e possam ser usados para informar a tomada de decis\u00f5es.<\/li>\n<\/ol>\n\n\n\n<p>Ao considerar estes fatores de sucesso, as empresas podem garantir que a sua pesquisa de mercado de tratores seja conduzida de forma eficaz. As descobertas podem ser usadas para tomar decis\u00f5es informadas e impulsionar o sucesso dos neg\u00f3cios.<\/p>\n\n\n\n<h2 class=\"wp-block-heading\">Pesquisa de mercado de tratores<\/h2>\n\n\n\n<figure class=\"gb-block-image gb-block-image-0a53cb44\"><img loading=\"lazy\" decoding=\"async\" width=\"1456\" height=\"816\" class=\"gb-image gb-image-0a53cb44\" src=\"https:\/\/www.sisinternational.com\/wp-content\/uploads\/2025\/08\/Agriculture-8.jpg\" alt=\"Pesquisa e Estrat\u00e9gia de Mercado Internacional da SIS\" title=\"Agriculture (8)\" srcset=\"https:\/\/www.sisinternational.com\/wp-content\/uploads\/2025\/08\/Agriculture-8.jpg 1456w, https:\/\/www.sisinternational.com\/wp-content\/uploads\/2025\/08\/Agriculture-8-300x168.jpg 300w, https:\/\/www.sisinternational.com\/wp-content\/uploads\/2025\/08\/Agriculture-8-1024x574.jpg 1024w, https:\/\/www.sisinternational.com\/wp-content\/uploads\/2025\/08\/Agriculture-8-768x430.jpg 768w, https:\/\/www.sisinternational.com\/wp-content\/uploads\/2025\/08\/Agriculture-8-18x10.jpg 18w\" sizes=\"auto, (max-width: 1456px) 100vw, 1456px\"><\/figure>\n\n\n\n<p><\/p>\n\n\n\n<p>Nos \u00faltimos anos, o mercado de tratores expandiu-se de forma constante, o que dever\u00e1 continuar no futuro previs\u00edvel devido \u00e0 moderniza\u00e7\u00e3o agr\u00edcola e ao aumento da procura de alimentos.<\/p>\n\n\n\n<p>No geral, o mercado de tratores \u00e9 promissor, com grandes oportunidades de crescimento e inova\u00e7\u00e3o. Para permanecerem competitivas e capitalizarem novas oportunidades, as empresas que operam neste setor devem manter-se a par das tend\u00eancias e desenvolvimentos recentes.<\/p>","protected":false},"excerpt":{"rendered":"<p>Pesquisa de mercado de tratores. Prev\u00ea-se que o mercado se expanda no futuro devido \u00e0 moderniza\u00e7\u00e3o agr\u00edcola e \u00e0 procura de alimentos.<\/p>","protected":false},"author":1,"featured_media":63129,"parent":14514,"menu_order":163,"comment_status":"closed","ping_status":"closed","template":"","meta":{"footnotes":""},"class_list":["post-41327","page","type-page","status-publish","has-post-thumbnail"],"_links":{"self":[{"href":"https:\/\/www.sisinternational.com\/pt\/wp-json\/wp\/v2\/pages\/41327","targetHints":{"allow":["GET"]}}],"collection":[{"href":"https:\/\/www.sisinternational.com\/pt\/wp-json\/wp\/v2\/pages"}],"about":[{"href":"https:\/\/www.sisinternational.com\/pt\/wp-json\/wp\/v2\/types\/page"}],"author":[{"embeddable":true,"href":"https:\/\/www.sisinternational.com\/pt\/wp-json\/wp\/v2\/users\/1"}],"replies":[{"embeddable":true,"href":"https:\/\/www.sisinternational.com\/pt\/wp-json\/wp\/v2\/comments?post=41327"}],"version-history":[{"count":6,"href":"https:\/\/www.sisinternational.com\/pt\/wp-json\/wp\/v2\/pages\/41327\/revisions"}],"predecessor-version":[{"id":80524,"href":"https:\/\/www.sisinternational.com\/pt\/wp-json\/wp\/v2\/pages\/41327\/revisions\/80524"}],"up":[{"embeddable":true,"href":"https:\/\/www.sisinternational.com\/pt\/wp-json\/wp\/v2\/pages\/14514"}],"wp:featuredmedia":[{"embeddable":true,"href":"https:\/\/www.sisinternational.com\/pt\/wp-json\/wp\/v2\/media\/63129"}],"wp:attachment":[{"href":"https:\/\/www.sisinternational.com\/pt\/wp-json\/wp\/v2\/media?parent=41327"}],"curies":[{"name":"wp","href":"https:\/\/api.w.org\/{rel}","templated":true}]}}