{"id":41308,"date":"2023-01-24T01:23:55","date_gmt":"2023-01-24T01:23:55","guid":{"rendered":"https:\/\/www.sisinternational.com\/?page_id=41308"},"modified":"2026-03-12T11:59:25","modified_gmt":"2026-03-12T15:59:25","slug":"pesquisa-de-mercado-tijuana-mexico","status":"publish","type":"page","link":"https:\/\/www.sisinternational.com\/pt\/cobertura\/latin-america\/pesquisa-de-mercado-na-america-latina\/pesquisa-de-mercado-tijuana-mexico\/","title":{"rendered":"Pesquisa de mercado em Tijuana, M\u00e9xico"},"content":{"rendered":"<h1>Pesquisa de mercado em Tijuana, M\u00e9xico<\/h1>\n<p><img loading=\"lazy\" decoding=\"async\" class=\"aligncenter size-full wp-image-41346\" src=\"https:\/\/www.sisinternational.com\/wp-content\/uploads\/2023\/01\/market-research-tijuana.jpg\" alt=\"Pesquisa de mercado em Tijuana, M\u00e9xico\" width=\"1140\" height=\"641\" \/><\/p>\n<p>Tijuana \u00e9 uma cidade no norte da pen\u00ednsula da Baixa Calif\u00f3rnia, perto de San Diego, na fronteira entre o M\u00e9xico e os EUA. Esta movimentada cidade \u00e9 classificada como uma cidade global pelo seu centro cultural e comercial.<\/p>\n<h2>Bairros<\/h2>\n<p>A rua principal de Tijuana, a Avenida Revoluci\u00f3n \u2013 geralmente repleta de turistas \u2013 est\u00e1 repleta de lojas de souvenirs e bares. Os muitos est\u00e1dios da cidade tamb\u00e9m hospedam partidas de luta livre (Lucha Libre) frequentes, que s\u00e3o entretenimento comum.<\/p>\n<p>Os marcos mais conhecidos s\u00e3o o Centro Cultural de Tijuana e o Pal\u00e1cio Jai Alai. O Centro Cultural \u00e9 uma estrutura moderna que abriga teatro, sala de concertos, museu e at\u00e9 aqu\u00e1rio. Frequentemente acontecem oficinas, cursos, programas, shows, eventos liter\u00e1rios, exposi\u00e7\u00f5es, confer\u00eancias e muito mais.<\/p>\n<p>O Pal\u00e1cio Jai Alai acolhe muitos eventos, como concertos e pe\u00e7as teatrais. Seu nome deriva do esporte basco Jai Alai.<\/p>\n<h2>Principais ind\u00fastrias<\/h2>\n<p>Em termos de ind\u00fastrias e economia, Tijuana certamente tem uma presen\u00e7a dominante no estado da Baixa Calif\u00f3rnia, com alguma influ\u00eancia sobre o resto do M\u00e9xico.<\/p>\n<p>The largest concentration of aerospace assembly plants in Mexico is located in Tijuana. Furthermore, it boasts the chief number of medical device manufacturers in all of North America. Besides aerospace and <a href=\"https:\/\/www.sisinternational.com\/pt\/solucoes\/solucoes-de-branding-e-pesquisa-de-clientes\/pesquisa-de-mercado-para-testes-de-produtos\/product-testing-for-consumer-products\/medical-device-product-testing-in-nyc\/\" title=\"Medical Device Product Testing in NYC\"  data-wpil-monitor-id=\"8096\">medical device production<\/a>, the following manufacturing plants can be found in Tijuana: automotive, auto parts, furniture, plastic injection molding, and electronics.<\/p>\n<h2>Tend\u00eancias<\/h2>\n<p>Tal como acontece com todas as grandes cidades, recomenda-se o bom senso. Tijuana est\u00e1 no topo do ranking mexicano de homic\u00eddios por ano. No entanto, os visitantes geralmente est\u00e3o seguros, desde que pratiquem uma boa seguran\u00e7a. Em outras palavras, \u00e9 melhor permanecer em \u00e1reas bem patrulhadas, permanecer nas principais rodovias e evitar locais remotos ou vielas isoladas para pedestres.<\/p>\n<p>Mesmo assim, Tijuana \u00e9 o centro da atividade cultural e possui uma vida noturna animada, e uma visita \u00e0 vizinha Ensenada nunca decepciona. Ensenada n\u00e3o \u00e9 apenas uma cidade portu\u00e1ria, mas tamb\u00e9m possui \u00f3timas praias onde muitos tijuanenses (residentes de Tijuana) v\u00e3o para relaxar. A Praia Ensenada \u00e9 conhecida por suas \u00e1guas calmas e areia fofa.<\/p>\n<p>A prefeitura tamb\u00e9m lan\u00e7ou um programa de neg\u00f3cios verdes, solicitando aos empres\u00e1rios que se cadastrem para obter a certifica\u00e7\u00e3o que atesta que seus neg\u00f3cios contam com todas as medidas ambientais.<\/p>\n<h2>Benef\u00edcios e Tend\u00eancias do Mercado<\/h2>\n<p>O M\u00e9xico \u00e9 um forte parceiro comercial dos Estados Unidos e muito \u00e9 importado para os EUA atrav\u00e9s desta cidade do norte. As exporta\u00e7\u00f5es de San Diego para o M\u00e9xico s\u00e3o altas, principalmente devido ao seu com\u00e9rcio transfronteiri\u00e7o com Tijuana. Grande parte das exporta\u00e7\u00f5es de San Diego tem como destino a pen\u00ednsula da Baixa Calif\u00f3rnia.<br \/>\nBaja California ocupa o lugar de um dos maiores exportadores do M\u00e9xico. Sendo os Estados Unidos o maior exportador, China, Alemanha, Taiwan e Jap\u00e3o tamb\u00e9m investiram em f\u00e1bricas em Tijuana.<\/p>\n<h2>Principais fatores de sucesso para fazer neg\u00f3cios em Tijuana<\/h2>\n<p>O M\u00e9xico tem uma economia est\u00e1vel e em crescimento, e Tijuana, com a sua posi\u00e7\u00e3o estrat\u00e9gica, \u00e9 um grande importador-exportador. Al\u00e9m disso, os custos de m\u00e3o de obra s\u00e3o baratos e a m\u00e3o de obra \u00e9 altamente qualificada e eficiente, levando a uma produ\u00e7\u00e3o de excelente qualidade. Al\u00e9m disso, o M\u00e9xico desfruta de acordos de livre com\u00e9rcio com quase todos os pa\u00edses.<\/p>\n<h2>Base de Consumidores<\/h2>\n<p>Tijuana oferece \u00f3timo entretenimento. Existem muitos restaurantes e bares maravilhosos, e tudo est\u00e1 dispon\u00edvel a pre\u00e7os acess\u00edveis.<\/p>\n<p>Al\u00e9m disso, pode-se desfrutar de um clima agrad\u00e1vel, nem muito quente nem muito frio.<\/p>\n<p>Outro benef\u00edcio de morar em Tijuana s\u00e3o os bons cuidados de sa\u00fade. N\u00e3o s\u00f3 \u00e9 de alta qualidade, mas as taxas tamb\u00e9m s\u00e3o razo\u00e1veis. Consultas m\u00e9dicas, tratamentos odontol\u00f3gicos e check-ups s\u00e3o mais baratos do que nos EUA. A equipe m\u00e9dica \u00e9 altamente qualificada e oferece excelente atendimento.<\/p>\n<p>Um ponto positivo adicional \u00e9 a habita\u00e7\u00e3o a pre\u00e7os acess\u00edveis.<\/p>\n<p>Por \u00faltimo, mas n\u00e3o menos importante, apesar da fama \u2013 ou notoriedade \u2013 de Tijuana pelo crime, como acontece com a vida em qualquer cidade grande, deve-se usar o bom senso. Os estrangeiros n\u00e3o s\u00e3o alvo de crimes violentos, mas quando se desviam dos caminhos habituais podem acabar no fogo cruzado. Portanto, deve-se sempre proceder com cautela e seguir as recomenda\u00e7\u00f5es mencionadas anteriormente neste artigo.<\/p>\n<h2>Raz\u00f5es para expandir seus neg\u00f3cios no mercado<\/h2>\n<p>A maioria dos residentes em Tijuana fala ingl\u00eas, o que facilita muito a comunica\u00e7\u00e3o com investidores, gestores e visitantes estrangeiros. O treinamento da equipe pode at\u00e9 ser feito em ingl\u00eas. A grande popula\u00e7\u00e3o da cidade tamb\u00e9m fornece uma for\u00e7a de trabalho abundante.<\/p>\n<p>Os sindicatos em Tijuana s\u00e3o chamados de Sindicatos Brancos, ou seja, s\u00e3o conhecidos como sindicatos amigos dos empregadores.<\/p>\n<p>A localiza\u00e7\u00e3o da cidade facilita o deslocamento de e para Tijuana, por estar pr\u00f3xima da fronteira americana, acess\u00edvel n\u00e3o s\u00f3 por via a\u00e9rea e terrestre, mas tamb\u00e9m por mar.<\/p>\n<p>The port of Ensenada \u2013 a nearby city, and one of the top major ports in Mexico \u2013 supports Tijuana with import and export activities with countries such as China, Japan, the US, Panama, Costa Rica, Nicaragua, Jamaica, Venezuela, and others. This busy port received the maritime Prize of <a class=\"wpil_keyword_link\" href=\"https:\/\/www.sisinternational.com\/pt\/cobertura\/as-americas\/\"   title=\"As Am\u00e9ricas\" data-wpil-keyword-link=\"linked\"  data-wpil-monitor-id=\"401\">the Americas<\/a> (WFP) for becoming the first green port in Mexico and the second in Latin America.<\/p>\n<h2>Sobre pesquisa de mercado em Tijuana<\/h2>\n<p>Antes <a href=\"https:\/\/www.sisinternational.com\/pt\/solucoes\/pesquisa-de-consultoria-em-estrategia-fintech\/fundos-de-hedge-e-pesquisa-de-mercado-de-investimento\/\" title=\"Pesquisa de fundos de hedge e mercado de investimento\"  data-wpil-monitor-id=\"8098\">investing in this market<\/a>, doing some research is always essential. One can use surveys, interviews, and focus groups for that. Taking these steps ensures better business choices and reduces risks. The main <a href=\"https:\/\/www.sisinternational.com\/pt\/how-to-design-effective-surveys-for-quantitative-research\/\" title=\"How to Design Effective Surveys for Quantitative Research\"  data-wpil-monitor-id=\"8100\">research types that are used are quantitative<\/a>, qualitative, and strategic. Finally, getting acquainted with Mexico\u2019s <a href=\"https:\/\/www.sisinternational.com\/pt\/optimized-management-system-for-a-leading-us-immigration-law-firm\/\" title=\"Optimized Management System for a Leading US Immigration law firm\"  data-wpil-monitor-id=\"8102\">immigration and tax laws<\/a> is highly recommended as well, and it is best to obtain some assistance from local experts for that.<\/p>","protected":false},"excerpt":{"rendered":"<p>Pesquisa de Mercado em Tijuana; pesquisas, entrevistas e grupos focais. Antes de investir neste mercado, pesquisar \u00e9 fundamental.<\/p>","protected":false},"author":1,"featured_media":0,"parent":14351,"menu_order":43,"comment_status":"closed","ping_status":"closed","template":"","meta":{"footnotes":""},"class_list":["post-41308","page","type-page","status-publish"],"_links":{"self":[{"href":"https:\/\/www.sisinternational.com\/pt\/wp-json\/wp\/v2\/pages\/41308","targetHints":{"allow":["GET"]}}],"collection":[{"href":"https:\/\/www.sisinternational.com\/pt\/wp-json\/wp\/v2\/pages"}],"about":[{"href":"https:\/\/www.sisinternational.com\/pt\/wp-json\/wp\/v2\/types\/page"}],"author":[{"embeddable":true,"href":"https:\/\/www.sisinternational.com\/pt\/wp-json\/wp\/v2\/users\/1"}],"replies":[{"embeddable":true,"href":"https:\/\/www.sisinternational.com\/pt\/wp-json\/wp\/v2\/comments?post=41308"}],"version-history":[{"count":3,"href":"https:\/\/www.sisinternational.com\/pt\/wp-json\/wp\/v2\/pages\/41308\/revisions"}],"predecessor-version":[{"id":81369,"href":"https:\/\/www.sisinternational.com\/pt\/wp-json\/wp\/v2\/pages\/41308\/revisions\/81369"}],"up":[{"embeddable":true,"href":"https:\/\/www.sisinternational.com\/pt\/wp-json\/wp\/v2\/pages\/14351"}],"wp:attachment":[{"href":"https:\/\/www.sisinternational.com\/pt\/wp-json\/wp\/v2\/media?parent=41308"}],"curies":[{"name":"wp","href":"https:\/\/api.w.org\/{rel}","templated":true}]}}