{"id":41306,"date":"2023-01-24T01:14:53","date_gmt":"2023-01-24T01:14:53","guid":{"rendered":"https:\/\/www.sisinternational.com\/?page_id=41306"},"modified":"2026-01-25T17:19:12","modified_gmt":"2026-01-25T22:19:12","slug":"pesquisa-de-mercado-de-turismo-medico","status":"publish","type":"page","link":"https:\/\/www.sisinternational.com\/pt\/pericia\/pesquisa-de-mercado-de-turismo-medico\/","title":{"rendered":"Pesquisa de mercado de turismo m\u00e9dico"},"content":{"rendered":"<h1 class=\"wp-block-heading\">Pesquisa de mercado de turismo m\u00e9dico<\/h1>\n\n\n\n<figure class=\"gb-block-image gb-block-image-402f75fb\"><img loading=\"lazy\" decoding=\"async\" width=\"1456\" height=\"816\" class=\"gb-image gb-image-402f75fb\" src=\"https:\/\/www.sisinternational.com\/wp-content\/uploads\/2025\/08\/Medical-dewvice-4.jpg\" alt=\"Pesquisa e Estrat\u00e9gia de Mercado Internacional da SIS\" title=\"Medical dewvice (4)\" srcset=\"https:\/\/www.sisinternational.com\/wp-content\/uploads\/2025\/08\/Medical-dewvice-4.jpg 1456w, https:\/\/www.sisinternational.com\/wp-content\/uploads\/2025\/08\/Medical-dewvice-4-300x168.jpg 300w, https:\/\/www.sisinternational.com\/wp-content\/uploads\/2025\/08\/Medical-dewvice-4-1024x574.jpg 1024w, https:\/\/www.sisinternational.com\/wp-content\/uploads\/2025\/08\/Medical-dewvice-4-768x430.jpg 768w, https:\/\/www.sisinternational.com\/wp-content\/uploads\/2025\/08\/Medical-dewvice-4-18x10.jpg 18w\" sizes=\"auto, (max-width: 1456px) 100vw, 1456px\"><\/figure>\n\n\n\n<p><\/p>\n\n\n\n<p>O Turismo M\u00e9dico \u00e9 uma ind\u00fastria em crescimento em todo o mundo devido ao aumento dos custos dos tratamentos de sa\u00fade nos pa\u00edses de origem, \u00e0 globaliza\u00e7\u00e3o da ind\u00fastria da sa\u00fade e ao aumento do acesso a profissionais m\u00e9dicos qualificados em todo o mundo. Os pa\u00edses dos Mercados Emergentes est\u00e3o a dar prioridade a esta ind\u00fastria para atrair turistas m\u00e9dicos e impulsionar as exporta\u00e7\u00f5es de ind\u00fastrias de servi\u00e7os avan\u00e7ados, como os sectores da sa\u00fade, da biotecnologia e da ind\u00fastria farmac\u00eautica.<\/p>\n\n\n\n<p>Turismo M\u00e9dico \u00e9 definido como o processo de viajar para fora do pa\u00eds de resid\u00eancia para receber cuidados m\u00e9dicos. Embora muitos identifiquem o turismo m\u00e9dico como pessoas que viajam de pa\u00edses ricos para pa\u00edses em desenvolvimento para receber cuidados m\u00e9dicos mais baratos, o processo tamb\u00e9m se aplica \u00e0 situa\u00e7\u00e3o oposta, em que pessoas de pa\u00edses menos desenvolvidos viajam para economias ricas para realizar opera\u00e7\u00f5es que n\u00e3o s\u00e3o facilmente fornecidas nos seus pa\u00edses de origem. .<\/p>\n\n\n\n<p>O SIS analisa todas as oportunidades potenciais que esta forma de trabalhar traz e como potenciais clientes e prestadores podem prosperar e melhorar os tratamentos.<\/p>\n\n\n\n<h2 class=\"wp-block-heading\">Sobre o Mercado de Turismo M\u00e9dico<\/h2>\n\n\n\n<p>O Turismo M\u00e9dico est\u00e1 presente em quase todos os pa\u00edses do mundo. Por exemplo, os residentes nos EUA viajam para o M\u00e9xico, o Canad\u00e1 ou os pa\u00edses da Am\u00e9rica Central e do Sul para obterem cuidados de sa\u00fade mais baratos, enquanto os europeus viajam para fora da UE ou entre pa\u00edses onde os pre\u00e7os s\u00e3o mais baixos.<\/p>\n\n\n\n<p>Alguns dos destinos mais populares s\u00e3o Cuba, Gr\u00e9cia, Tail\u00e2ndia, Coreia e S\u00e9rvia porque os seus m\u00e9dicos e especialistas est\u00e3o entre os melhores do mundo.<\/p>\n\n\n\n<p>Os motivos mais comuns pelos quais as pessoas viajam para outro pa\u00eds para obter cuidados m\u00e9dicos s\u00e3o:<\/p>\n\n\n\n<ol class=\"wp-block-list\">\n<li>Pre\u00e7o (muitas pessoas viajam para outros pa\u00edses porque n\u00e3o podem pagar o seguro m\u00e9dico por conta pr\u00f3pria ou porque os custos do procedimento est\u00e3o muito acima do seu or\u00e7amento, pelo que podemos concluir que esta \u00e9 a principal raz\u00e3o do turismo m\u00e9dico)<\/li>\n\n\n\n<li>A legalidade do servi\u00e7o (alguns servi\u00e7os de sa\u00fade, como o aborto ou a eutan\u00e1sia, s\u00e3o proibidos por lei em alguns pa\u00edses, mas n\u00e3o em todos)<br>Diferen\u00e7as culturais (muitos imigrantes querem ser tratados no seu pa\u00eds de origem, devido \u00e0s suas cren\u00e7as religiosas)<\/li>\n\n\n\n<li>Acesso a procedimentos experimentais<\/li>\n\n\n\n<li>Acesso a cuidados de melhor qualidade<\/li>\n<\/ol>\n\n\n\n<p>Entre os procedimentos que as pessoas decidem ir para outro pa\u00eds est\u00e3o (mas n\u00e3o est\u00e3o limitados a): tratamentos de fertilidade (por exemplo, barriga de aluguer, fertiliza\u00e7\u00e3o in vitro e tecnologias de reprodu\u00e7\u00e3o assistida), transplantes de \u00f3rg\u00e3os, cirurgia pl\u00e1stica, cuidados dent\u00e1rios e tratamentos experimentais contra o cancro.<\/p>\n\n\n\n<p><a class=\"wpil_keyword_link\" href=\"https:\/\/www.sisinternational.com\/pt\/solucoes\/solucoes-de-pesquisa-quantitativa-qualitativa\/pesquisa-de-mercado-sobre-jornada-do-cliente\/\"   title=\"Pesquisa de mercado da jornada do cliente\" data-wpil-keyword-link=\"linked\"  data-wpil-monitor-id=\"403\">Pesquisa de mercado da jornada do cliente<\/a> can uncover numerous sources of competitive advantage in the Medical Tourism sector. Customers face numerous benefits and risks in medical tourism and the stakes can be high. Before patients decide to have their procedure done in a foreign country, they often conduct comprehensive in-person and online research to pick the right facility, treatment and medical provider for his or her needs. As these decisions can be outside their domestic medical establishments, the online research that patients conduct is important in their decision making. Furthermore, people who opt for medical tourism often exhaust all available medical treatment options in their home country so they can be a vulnerable group requiring information about benefits and risks. <a href=\"https:\/\/www.sisinternational.com\/pt\/pericia\/industrias\/pesquisa-de-mercado-de-dispositivos-medicos\/\" title=\"Pesquisa de mercado de dispositivos m\u00e9dicos\"  data-wpil-monitor-id=\"3163\">Market Research provides the insight for Medical<\/a> Tourism providers to better serve potential patients.<\/p>\n\n\n\n<p>As complica\u00e7\u00f5es mais comuns do turismo m\u00e9dico incluem:<\/p>\n\n\n\n<ol class=\"wp-block-list\">\n<li>Doen\u00e7as e risco de infec\u00e7\u00f5es \u2013 desde complica\u00e7\u00f5es de procedimentos (feridas ou infec\u00e7\u00f5es derivadas de doadores) at\u00e9 doen\u00e7as infecciosas se uma pessoa viajar para pa\u00edses distantes<\/li>\n\n\n\n<li>Resist\u00eancia aos antibi\u00f3ticos \u2013 este \u00e9 um risco relativamente raro, mas todo turista m\u00e9dico precisa estar ciente disso<\/li>\n\n\n\n<li>Problemas de comunica\u00e7\u00e3o \u2013 apenas instala\u00e7\u00f5es registradas podem fornecer \u00e0 equipe conhecimento avan\u00e7ado do idioma ingl\u00eas ou do idioma nativo do paciente, o que \u00e9 essencial para o atendimento adequado<\/li>\n\n\n\n<li>Viagens a\u00e9reas \u2013 se os pacientes voarem imediatamente ap\u00f3s a cirurgia, eles correm alto risco de co\u00e1gulos sangu\u00edneos ou outros riscos de viagem, por isso \u00e9 aconselh\u00e1vel esperar pelo menos 10 a 14 dias antes de voltar para casa<\/li>\n<\/ol>\n\n\n\n<h2 class=\"wp-block-heading\">Compreendendo a ind\u00fastria do turismo m\u00e9dico<\/h2>\n\n\n\n<p>Medical tourism is a multi-billion-dollar industry that is spread worldwide and experts believe it will continue to grow at a rapid pace. Medical <a class=\"wpil_keyword_link\" href=\"https:\/\/www.sisinternational.com\/pt\/pesquisa-de-mercado-de-turismo-de-viagens\/\"   title=\"Pesquisa de Mercado Tur\u00edstico\" data-wpil-keyword-link=\"linked\"  data-wpil-monitor-id=\"726\">tourism market research<\/a> can illuminate customer segments, treatment opportunities, customer journey challenges and other sources of advantage.<\/p>\n\n\n\n<p>Numerous stakeholders operate in the <a href=\"https:\/\/www.sisinternational.com\/pt\/solucoes\/consultoria-em-hotelaria-e-turismo-em-viagens\/marketing-de-turismo-medico\/\" title=\"Marketing de Turismo M\u00e9dico\"  data-wpil-monitor-id=\"3924\">Medical Tourism market<\/a> and can influence decision making:<\/p>\n\n\n\n<ul class=\"wp-block-list\">\n<li>Pacientes<\/li>\n\n\n\n<li>Pacientes indiretos (por exemplo, c\u00f4njuges e filhos, m\u00e9dicos solicitantes)<\/li>\n\n\n\n<li>M\u00e9dicos<\/li>\n\n\n\n<li>Facilitadores de Turismo M\u00e9dico e ag\u00eancias de coordena\u00e7\u00e3o log\u00edstica<\/li>\n\n\n\n<li>Companhias farmaceuticas<\/li>\n\n\n\n<li>Empresas de biotecnologia<\/li>\n\n\n\n<li>Cl\u00ednicas de Turismo M\u00e9dico<\/li>\n\n\n\n<li>Governos apoiando o Turismo M\u00e9dico<\/li>\n\n\n\n<li>Associa\u00e7\u00f5es de Turismo M\u00e9dico<\/li>\n<\/ul>\n\n\n\n<p>As ag\u00eancias de Turismo M\u00e9dico funcionam como ag\u00eancias de viagens, pois reservam viagens com os passaportes dos pacientes e providenciam cuidados m\u00e9dicos para eles.<\/p>\n\n\n\n<p>A principal diferen\u00e7a entre essas ag\u00eancias e as ag\u00eancias de viagens cl\u00e1ssicas \u00e9 que elas atuam como mediadoras entre os turistas m\u00e9dicos e as unidades de sa\u00fade. Seus folhetos, em vez de ofertas de f\u00e9rias, mostram as ofertas dos prestadores de cuidados de sa\u00fade em rela\u00e7\u00e3o aos servi\u00e7os de sa\u00fade que oferecem.<\/p>\n\n\n\n<p>A Pesquisa de Mercado pode revelar insights sobre como a ind\u00fastria do Turismo M\u00e9dico pode tornar o processo mais amig\u00e1vel ao paciente e informar as partes interessadas sobre os riscos:<\/p>\n\n\n\n<ul class=\"wp-block-list\">\n<li>Consulta pr\u00e9-viagem, incluindo exame do hist\u00f3rico m\u00e9dico e recomenda\u00e7\u00e3o de unidades de sa\u00fade em todo o mundo especializadas no tratamento de condi\u00e7\u00f5es espec\u00edficas.<\/li>\n\n\n\n<li>Obten\u00e7\u00e3o de seguro viagem para o pa\u00eds onde ser\u00e1 realizado o procedimento solicitado<\/li>\n\n\n\n<li>Organiza\u00e7\u00e3o de toda a viagem com hospedagem e passeios pr\u00e9 e p\u00f3s-operat\u00f3rios<\/li>\n\n\n\n<li>Traduza todos os registros m\u00e9dicos e arquivos de suporte necess\u00e1rios e forne\u00e7a uma pessoa que fale o idioma local para ajudar os turistas m\u00e9dicos a obter os cuidados adequados<\/li>\n\n\n\n<li>Calcule o or\u00e7amento total para toda a viagem e apresente ao cliente a solu\u00e7\u00e3o com melhor custo-benef\u00edcio<\/li>\n\n\n\n<li>Organize cuidados posteriores no caso de cirurgias mais graves que incluam transplantes e procedimentos de alto risco.<\/li>\n<\/ul>\n\n\n\n<h2 class=\"wp-block-heading\">Pesquisa de pre\u00e7os de turismo m\u00e9dico<\/h2>\n\n\n\n<p>Medical <a href=\"https:\/\/www.sisinternational.com\/pt\/solucoes\/consultoria-em-hotelaria-e-turismo-em-viagens\/pesquisa-de-mercado-de-turismo-irlandes\/\" title=\"Pesquisa de mercado de turismo irland\u00eas\"  data-wpil-monitor-id=\"3921\">Pesquisa de Mercado Tur\u00edstico<\/a> may uncover a high demand and low sensitivity to pricing given how Medical Tourism can provide life improving benefits. At the same time, Medical Tourism research could uncover insights into price sensitivity. The cost of living in some countries can be much lower and that can impact patient decision making and choices of Medical Tourism destinations.<\/p>\n\n\n\n<p>Os pacientes tamb\u00e9m podem ser sens\u00edveis aos custos ocultos percebidos, como tarifas de viagem, estadias em hot\u00e9is\/albergues, custos de aluguel de carro, despesas com alimentos e bebidas, tarifas tur\u00edsticas e outras taxas. \u00c0s vezes, o turista m\u00e9dico viaja com um ou mais amigos ou familiares, portanto, os custos da viagem e da estadia tamb\u00e9m precisam ser compreendidos.<\/p>\n\n\n\n<h2 class=\"wp-block-heading\">Por que o turismo m\u00e9dico est\u00e1 crescendo?<\/h2>\n\n\n\n<p>Muitas empresas est\u00e3o interessadas no turismo m\u00e9dico como forma de atrair investimentos, desenvolver ind\u00fastrias locais de sa\u00fade e reduzir custos para os pacientes. Muitos pa\u00edses promovem o turismo m\u00e9dico para objectivos nacionais de crescimento e desenvolvimento e para promo\u00e7\u00e3o das exporta\u00e7\u00f5es.<\/p>\n\n\n\n<p>Muitas institui\u00e7\u00f5es est\u00e3o cada vez mais decidindo credenciar estabelecimentos de sa\u00fade especializados em turismo m\u00e9dico.<\/p>\n\n\n\n<p>Podem existir in\u00fameras oportunidades, como:<\/p>\n\n\n\n<ul class=\"wp-block-list\">\n<li>Melhorando os tratamentos<\/li>\n\n\n\n<li>Cria\u00e7\u00e3o de redes internacionais de instala\u00e7\u00f5es m\u00e9dicas para turismo de sa\u00fade<\/li>\n\n\n\n<li>Impulsionar a inova\u00e7\u00e3o e a Investiga\u00e7\u00e3o e Desenvolvimento (I&amp;D)<\/li>\n\n\n\n<li>Melhorando a experi\u00eancia do paciente e a jornada do cliente<\/li>\n\n\n\n<li>Simplificando o processo<\/li>\n\n\n\n<li>Enfrentando desafios regulat\u00f3rios<\/li>\n\n\n\n<li>Acelerando o tempo de lan\u00e7amento no mercado (TTM)<\/li>\n\n\n\n<li>Compreendendo as barreiras ao consumo<\/li>\n\n\n\n<li>Compreendendo as fontes de demanda<\/li>\n\n\n\n<li>Compreender as rea\u00e7\u00f5es a an\u00fancios e materiais informativos<\/li>\n\n\n\n<li>Construindo consci\u00eancia<\/li>\n<\/ul>\n\n\n\n<h2 class=\"wp-block-heading\">Sobre a pesquisa de mercado de turismo m\u00e9dico<\/h2>\n\n\n\n<p>SIS International Research has nearly 40 years experience in conducting <a class=\"wpil_keyword_link\" href=\"https:\/\/www.sisinternational.com\/pt\/como-conduzir-pesquisas-de-mercado-de-saude\/\"   title=\"Como conduzir pesquisas de mercado de sa\u00fade\" data-wpil-keyword-link=\"linked\"  data-wpil-monitor-id=\"402\">pesquisa de mercado de sa\u00fade<\/a>. We conduct Qualitative, Quantitative and Strategy Research. Key methods include surveys, Focus Groups, online communities, product testing, opinion research and advertising research. Contact us for your next <a href=\"https:\/\/www.sisinternational.com\/pt\/pericia\/industrias\/tecnologia-medica-pesquisa-de-mercado-de-tecnologia-medica\/\" title=\"Pesquisa de mercado de tecnologia m\u00e9dica (Med Tech)\"  data-wpil-monitor-id=\"4168\">Pesquisa de mercado de turismo m\u00e9dico<\/a> projeto.<\/p>","protected":false},"excerpt":{"rendered":"<p>A SIS tem quase 40 anos de experi\u00eancia na realiza\u00e7\u00e3o de pesquisas de mercado de turismo m\u00e9dico. Realizamos pesquisas qualitativas, quantitativas e estrat\u00e9gicas.<\/p>","protected":false},"author":1,"featured_media":63847,"parent":14514,"menu_order":158,"comment_status":"closed","ping_status":"closed","template":"","meta":{"footnotes":""},"class_list":["post-41306","page","type-page","status-publish","has-post-thumbnail"],"_links":{"self":[{"href":"https:\/\/www.sisinternational.com\/pt\/wp-json\/wp\/v2\/pages\/41306","targetHints":{"allow":["GET"]}}],"collection":[{"href":"https:\/\/www.sisinternational.com\/pt\/wp-json\/wp\/v2\/pages"}],"about":[{"href":"https:\/\/www.sisinternational.com\/pt\/wp-json\/wp\/v2\/types\/page"}],"author":[{"embeddable":true,"href":"https:\/\/www.sisinternational.com\/pt\/wp-json\/wp\/v2\/users\/1"}],"replies":[{"embeddable":true,"href":"https:\/\/www.sisinternational.com\/pt\/wp-json\/wp\/v2\/comments?post=41306"}],"version-history":[{"count":9,"href":"https:\/\/www.sisinternational.com\/pt\/wp-json\/wp\/v2\/pages\/41306\/revisions"}],"predecessor-version":[{"id":78274,"href":"https:\/\/www.sisinternational.com\/pt\/wp-json\/wp\/v2\/pages\/41306\/revisions\/78274"}],"up":[{"embeddable":true,"href":"https:\/\/www.sisinternational.com\/pt\/wp-json\/wp\/v2\/pages\/14514"}],"wp:featuredmedia":[{"embeddable":true,"href":"https:\/\/www.sisinternational.com\/pt\/wp-json\/wp\/v2\/media\/63847"}],"wp:attachment":[{"href":"https:\/\/www.sisinternational.com\/pt\/wp-json\/wp\/v2\/media?parent=41306"}],"curies":[{"name":"wp","href":"https:\/\/api.w.org\/{rel}","templated":true}]}}