{"id":41304,"date":"2023-01-24T01:02:12","date_gmt":"2023-01-24T01:02:12","guid":{"rendered":"https:\/\/www.sisinternational.com\/?page_id=41304"},"modified":"2026-03-12T13:29:58","modified_gmt":"2026-03-12T17:29:58","slug":"pesquisa-de-mercado-de-cacau","status":"publish","type":"page","link":"https:\/\/www.sisinternational.com\/pt\/solucoes\/pesquisa-de-mercado-da-industria-de-bebidas-alimenticias\/pesquisa-de-mercado-de-cacau\/","title":{"rendered":"Pesquisa de mercado de cacau"},"content":{"rendered":"<h1 class=\"wp-block-heading\">Pesquisa de mercado de cacau<\/h1>\n\n\n\n<figure class=\"gb-block-image gb-block-image-d899fae7\"><img loading=\"lazy\" decoding=\"async\" width=\"1456\" height=\"816\" class=\"gb-image gb-image-d899fae7\" src=\"https:\/\/www.sisinternational.com\/wp-content\/uploads\/2025\/08\/Cocoa-5.jpg\" alt=\"Pesquisa e Estrat\u00e9gia de Mercado Internacional da SIS\" title=\"Cocoa (5)\" srcset=\"https:\/\/www.sisinternational.com\/wp-content\/uploads\/2025\/08\/Cocoa-5.jpg 1456w, https:\/\/www.sisinternational.com\/wp-content\/uploads\/2025\/08\/Cocoa-5-300x168.jpg 300w, https:\/\/www.sisinternational.com\/wp-content\/uploads\/2025\/08\/Cocoa-5-1024x574.jpg 1024w, https:\/\/www.sisinternational.com\/wp-content\/uploads\/2025\/08\/Cocoa-5-768x430.jpg 768w, https:\/\/www.sisinternational.com\/wp-content\/uploads\/2025\/08\/Cocoa-5-18x10.jpg 18w\" sizes=\"auto, (max-width: 1456px) 100vw, 1456px\"><\/figure>\n\n\n\n<p><\/p>\n\n\n\n<h2 class=\"wp-block-heading\">O que \u00e9 pesquisa de mercado de cacau?<\/h2>\n\n\n\n<p>A Pesquisa de Mercado do Cacau refere-se \u00e0 an\u00e1lise das perspectivas comerciais dos subprodutos do cacau. Centra-se especificamente na penetra\u00e7\u00e3o no mercado do cacau em p\u00f3 e do chocolate, os dois produtos extremamente populares provenientes dos gr\u00e3os do cacau.<\/p>\n\n\n\n<p>Os principais insights do mercado, os desafios no processo de produ\u00e7\u00e3o e as flutua\u00e7\u00f5es de pre\u00e7os no mercado de a\u00e7\u00f5es s\u00e3o aspectos essenciais da pesquisa sobre o mercado do cacau. Al\u00e9m disso, a pesquisa de mercado do cacau inclui a diferencia\u00e7\u00e3o regional e qualitativa, bem como o custo de produ\u00e7\u00e3o das fam\u00edlias de produtos.<\/p>\n\n\n\n<h2 class=\"wp-block-heading\">Por que a pesquisa de mercado do cacau \u00e9 importante?<\/h2>\n\n\n\n<p>Cocoa and chocolate are among the most popular and well-known products around the world. The production process nevertheless requires multi-layered management because there are different steps of action before the final <a href=\"https:\/\/www.sisinternational.com\/pt\/solucoes\/teste-de-sabor\/testes-de-produtos-de-consumo-em-nova-york\/\" title=\"Testes de produtos de consumo em Nova York\"  data-wpil-monitor-id=\"8104\">products reach the consumers<\/a>. All executives and investors should be well aware of both the sources of profit and risks of the cocoa industry. There are opportunities to grab together with risks to consider. Factors like weather, socioeconomic conditions, human rights and a balanced share of profits are significant. The global appeal of cocoa products opens up numerous possibilities for business expansion and presents lucrative investment opportunities. On the other hand, cocoa market research reveals all new information related to the risk assessment of cocoa production.<\/p>\n\n\n\n<p>O cacau \u00e9 encontrado em certas regi\u00f5es da \u00c1frica, Am\u00e9rica Latina e Sul da \u00c1sia porque necessita de calor e umidade para crescer. A \u00e1gua \u00e9 vital para a exist\u00eancia dos cacaueiros. A crise clim\u00e1tica imp\u00f5e perigos a considerar e desafios a superar. Al\u00e9m disso, existem quest\u00f5es ambientais, como a desfloresta\u00e7\u00e3o e a perda de biodiversidade, bem como preocupa\u00e7\u00f5es humanit\u00e1rias sobre as m\u00e1s condi\u00e7\u00f5es de vida dos produtores de cacau, que podem causar publicidade negativa e afectar as vendas e os lucros.<\/p>\n\n\n\n<h2 class=\"wp-block-heading\">Principais cargos no setor<\/h2>\n\n\n\n<figure class=\"gb-block-image gb-block-image-bbcac272\"><img loading=\"lazy\" decoding=\"async\" width=\"1456\" height=\"816\" class=\"gb-image gb-image-bbcac272\" src=\"https:\/\/www.sisinternational.com\/wp-content\/uploads\/2025\/08\/Cocoa-2.jpg\" alt=\"Pesquisa e Estrat\u00e9gia de Mercado Internacional da SIS\" title=\"Cocoa (2)\" srcset=\"https:\/\/www.sisinternational.com\/wp-content\/uploads\/2025\/08\/Cocoa-2.jpg 1456w, https:\/\/www.sisinternational.com\/wp-content\/uploads\/2025\/08\/Cocoa-2-300x168.jpg 300w, https:\/\/www.sisinternational.com\/wp-content\/uploads\/2025\/08\/Cocoa-2-1024x574.jpg 1024w, https:\/\/www.sisinternational.com\/wp-content\/uploads\/2025\/08\/Cocoa-2-768x430.jpg 768w, https:\/\/www.sisinternational.com\/wp-content\/uploads\/2025\/08\/Cocoa-2-18x10.jpg 18w\" sizes=\"auto, (max-width: 1456px) 100vw, 1456px\"><\/figure>\n\n\n\n<p><\/p>\n\n\n\n<p>There are several relevant jobs in the <a href=\"https:\/\/www.sisinternational.com\/pt\/pericia\/industrias\/pesquisa-de-mercado-industrial\/\" title=\"Pesquisa e Estrat\u00e9gia de Mercado Industrial\"  data-wpil-monitor-id=\"8099\">industry of cocoa market<\/a>:<\/p>\n\n\n\n<ul class=\"wp-block-list\">\n<li><a href=\"https:\/\/www.sisinternational.com\/pt\/pericia\/industrias\/tecnologia-de-alimentos-e-bebidas-pesquisa-de-mercado-tecnologia-de-alimentos\/\" title=\"Pesquisa de mercado de tecnologia de alimentos e bebidas | Tecnologia de Alimentos\"  data-wpil-monitor-id=\"8097\">Food technology research<\/a> scientists<\/li>\n\n\n\n<li><a href=\"https:\/\/www.sisinternational.com\/pt\/pericia\/industrias\/pesquisa-de-mercado-de-gestao-de-residuos\/\" title=\"Pesquisa de mercado de gest\u00e3o de res\u00edduos\"  data-wpil-monitor-id=\"8094\">Gerentes de pesquisa de mercado<\/a><\/li>\n\n\n\n<li>Comerciantes<\/li>\n\n\n\n<li>Comerciantes de ingredientes de cacau e chocolate<\/li>\n\n\n\n<li>Gerentes de Marketing<\/li>\n\n\n\n<li>Produtores<\/li>\n\n\n\n<li>Gest\u00e3o de risco de commodities leves<\/li>\n\n\n\n<li>Servi\u00e7os log\u00edsticos de cacau<\/li>\n\n\n\n<li>Servi\u00e7os de transporte de cacau<\/li>\n\n\n\n<li>Servi\u00e7os de transporte de cacau<\/li>\n<\/ul>\n\n\n\n<h2 class=\"wp-block-heading\">Por que as empresas precisam de pesquisa de mercado de cacau<\/h2>\n\n\n\n<p>The cocoa market is widespread. Whilst demand comes mainly from the rich western countries of northern Europe, the USA and Canada there are countries like Malaysia, Turkey and Indonesia that rank among the top importers of cocoa worldwide. On the other hand, the supply comes from countries like Ghana, Cote d&#8217;Ivoire, Indonesia and Ecuador. Such a spread of the supply and demand chain requires broad <a href=\"https:\/\/www.sisinternational.com\/pt\/solucoes\/consultoria-estrategica\/pesquisa-de-mercado-da-cadeia-de-suprimentos\/\" title=\"Pesquisa de mercado da cadeia de suprimentos\"  data-wpil-monitor-id=\"6570\">pesquisa de mercado<\/a>. Not only because of the spatial, cultural and language barriers but also because all relevant information shall be crystal clear. Such information includes:<\/p>\n\n\n\n<ul class=\"wp-block-list\">\n<li>A defini\u00e7\u00e3o de variedades de cacau<\/li>\n\n\n\n<li>As quantidades de produ\u00e7\u00e3o anual<\/li>\n\n\n\n<li>Os protocolos p\u00f3s-colheita e manejo do cacau<\/li>\n\n\n\n<li>Os requisitos para certifica\u00e7\u00f5es v\u00e1lidas e atualizadas<\/li>\n<\/ul>\n\n\n\n<h2 class=\"wp-block-heading\">Principais fatores de sucesso<\/h2>\n\n\n\n<p>A realiza\u00e7\u00e3o de extensas pesquisas de mercado do cacau implica que todas as partes interessadas esperam um elevado aumento no retorno do investimento. Existem v\u00e1rios fatores principais de sucesso:<\/p>\n\n\n\n<ul class=\"wp-block-list\">\n<li>Manter padr\u00f5es de alta qualidade<\/li>\n\n\n\n<li>Desenvolvendo canais de distribui\u00e7\u00e3o eficazes<\/li>\n\n\n\n<li>Alcan\u00e7ando economias de escala<\/li>\n\n\n\n<li>Expans\u00e3o em mercados estrangeiros<\/li>\n\n\n\n<li>Aumentando a participa\u00e7\u00e3o no mercado<\/li>\n\n\n\n<li>Explorando os mais recentes avan\u00e7os tecnol\u00f3gicos<\/li>\n\n\n\n<li>Definir um pre\u00e7o justo<\/li>\n\n\n\n<li><a href=\"https:\/\/www.sisinternational.com\/pt\/b2b-customer-experience-the-ultimate-guide-to-building-loyalty-that-lasts\/\" title=\"B2B Customer Experience: The Ultimate Guide to Building Loyalty That Lasts\"  data-wpil-monitor-id=\"8095\">Construindo a fidelidade do cliente<\/a><\/li>\n<\/ul>\n\n\n\n<p>Accurate planning, realistic goal setting and broad knowledge of the cocoa <a href=\"https:\/\/www.sisinternational.com\/pt\/solucoes\/solucoes-de-pesquisa-quantitativa-qualitativa\/pesquisa-de-mercado-de-fatores-humanos\/\" title=\"Pesquisa de mercado de fatores humanos\"  data-wpil-monitor-id=\"8103\">market industry are additional factors<\/a> that contribute significantly to success.<\/p>\n\n\n\n<h2 class=\"wp-block-heading\">Sobre a pesquisa de mercado de cacau<\/h2>\n\n\n\n<figure class=\"gb-block-image gb-block-image-453d57e3\"><img loading=\"lazy\" decoding=\"async\" width=\"1456\" height=\"816\" class=\"gb-image gb-image-453d57e3\" src=\"https:\/\/www.sisinternational.com\/wp-content\/uploads\/2025\/08\/Cocoa-3.jpg\" alt=\"Pesquisa e Estrat\u00e9gia de Mercado Internacional da SIS\" title=\"Cocoa (3)\" srcset=\"https:\/\/www.sisinternational.com\/wp-content\/uploads\/2025\/08\/Cocoa-3.jpg 1456w, https:\/\/www.sisinternational.com\/wp-content\/uploads\/2025\/08\/Cocoa-3-300x168.jpg 300w, https:\/\/www.sisinternational.com\/wp-content\/uploads\/2025\/08\/Cocoa-3-1024x574.jpg 1024w, https:\/\/www.sisinternational.com\/wp-content\/uploads\/2025\/08\/Cocoa-3-768x430.jpg 768w, https:\/\/www.sisinternational.com\/wp-content\/uploads\/2025\/08\/Cocoa-3-18x10.jpg 18w\" sizes=\"auto, (max-width: 1456px) 100vw, 1456px\"><\/figure>\n\n\n\n<p><\/p>\n\n\n\n<p>Cocoa is a commodity that is <a href=\"https:\/\/www.sisinternational.com\/pt\/solucoes\/pesquisa-de-consultoria-em-estrategia-fintech\/pesquisa-de-mercado-de-negociacao-algoritmica\/\" title=\"Pesquisa de mercado de negocia\u00e7\u00e3o algor\u00edtmica\"  data-wpil-monitor-id=\"8101\">traded on the following stock markets<\/a>:<\/p>\n\n\n\n<ul class=\"wp-block-list\">\n<li>Bolsa Mercantil de Nova York (NYMEX)<\/li>\n\n\n\n<li>O Intercontinental Exchange (ICE) em Londres<\/li>\n<\/ul>\n\n\n\n<p>Therefore, the prices and size of cocoa contracts are two critical factors for determining the stock indices and efficiency of the product. What distinguishes cocoa from other values that are traded in stock, is that it\u2019s an agricultural product. Thus there is a specific analysis to conduct for making accurate predictions. Its efficiency and perspective rely mostly on human labor and the unstable conditions of its production process. The factor of the climate crisis is becoming extensively critical as there is much insecurity about future weather conditions. Within such an insecure environment, market research is becoming a highly important tool for determining the optimal business <a href=\"https:\/\/www.sisinternational.com\/pt\/o-papel-do-desenvolvimento-de-processos-e-sistemas-no-sucesso-organizacional\/\" title=\"Pesquisa de mercado de design organizacional\"  data-wpil-monitor-id=\"8093\">estrat\u00e9gia<\/a>. As the global market of cocoa is rapidly expanding, all involved parties shall prioritize the execution of meaningful, thorough and detailed market research.<\/p>","protected":false},"excerpt":{"rendered":"<p>A Cocoa Market Research analisa as perspectivas comerciais dos subprodutos do cacau, focando especificamente na sua penetra\u00e7\u00e3o no mercado.<\/p>","protected":false},"author":1,"featured_media":64061,"parent":22018,"menu_order":157,"comment_status":"closed","ping_status":"closed","template":"","meta":{"footnotes":""},"class_list":["post-41304","page","type-page","status-publish","has-post-thumbnail"],"_links":{"self":[{"href":"https:\/\/www.sisinternational.com\/pt\/wp-json\/wp\/v2\/pages\/41304","targetHints":{"allow":["GET"]}}],"collection":[{"href":"https:\/\/www.sisinternational.com\/pt\/wp-json\/wp\/v2\/pages"}],"about":[{"href":"https:\/\/www.sisinternational.com\/pt\/wp-json\/wp\/v2\/types\/page"}],"author":[{"embeddable":true,"href":"https:\/\/www.sisinternational.com\/pt\/wp-json\/wp\/v2\/users\/1"}],"replies":[{"embeddable":true,"href":"https:\/\/www.sisinternational.com\/pt\/wp-json\/wp\/v2\/comments?post=41304"}],"version-history":[{"count":5,"href":"https:\/\/www.sisinternational.com\/pt\/wp-json\/wp\/v2\/pages\/41304\/revisions"}],"predecessor-version":[{"id":81365,"href":"https:\/\/www.sisinternational.com\/pt\/wp-json\/wp\/v2\/pages\/41304\/revisions\/81365"}],"up":[{"embeddable":true,"href":"https:\/\/www.sisinternational.com\/pt\/wp-json\/wp\/v2\/pages\/22018"}],"wp:featuredmedia":[{"embeddable":true,"href":"https:\/\/www.sisinternational.com\/pt\/wp-json\/wp\/v2\/media\/64061"}],"wp:attachment":[{"href":"https:\/\/www.sisinternational.com\/pt\/wp-json\/wp\/v2\/media?parent=41304"}],"curies":[{"name":"wp","href":"https:\/\/api.w.org\/{rel}","templated":true}]}}