{"id":41286,"date":"2023-01-23T20:36:46","date_gmt":"2023-01-23T20:36:46","guid":{"rendered":"https:\/\/www.sisinternational.com\/?page_id=41286"},"modified":"2025-10-19T00:32:52","modified_gmt":"2025-10-19T04:32:52","slug":"pesquisa-de-mercado-de-pesticidas","status":"publish","type":"page","link":"https:\/\/www.sisinternational.com\/pt\/pericia\/pesquisa-de-mercado-de-pesticidas\/","title":{"rendered":"Pesquisa de mercado de pesticidas"},"content":{"rendered":"<h1 class=\"wp-block-heading\">Pesquisa de mercado de pesticidas<\/h1>\n\n\n\n<figure class=\"gb-block-image gb-block-image-99b2d828\"><img loading=\"lazy\" decoding=\"async\" width=\"1456\" height=\"816\" class=\"gb-image gb-image-99b2d828\" src=\"https:\/\/www.sisinternational.com\/wp-content\/uploads\/2025\/08\/Pesticide-3.jpg\" alt=\"Pesquisa e Estrat\u00e9gia de Mercado Internacional da SIS\" title=\"Pesticide (3)\" srcset=\"https:\/\/www.sisinternational.com\/wp-content\/uploads\/2025\/08\/Pesticide-3.jpg 1456w, https:\/\/www.sisinternational.com\/wp-content\/uploads\/2025\/08\/Pesticide-3-300x168.jpg 300w, https:\/\/www.sisinternational.com\/wp-content\/uploads\/2025\/08\/Pesticide-3-1024x574.jpg 1024w, https:\/\/www.sisinternational.com\/wp-content\/uploads\/2025\/08\/Pesticide-3-768x430.jpg 768w, https:\/\/www.sisinternational.com\/wp-content\/uploads\/2025\/08\/Pesticide-3-18x10.jpg 18w\" sizes=\"auto, (max-width: 1456px) 100vw, 1456px\"><\/figure>\n\n\n\n<p><\/p>\n\n\n\n<h2 class=\"wp-block-heading\">O que \u00e9 pesquisa de mercado de pesticidas?<\/h2>\n\n\n\n<p>A pesquisa de mercado de pesticidas concentra-se na coleta de informa\u00e7\u00f5es sobre v\u00e1rios pesticidas e como eles podem impactar a economia e diversas ind\u00fastrias relacionadas a eles. O \u00fanico prop\u00f3sito dos pesticidas \u00e9 prevenir pragas que s\u00e3o organismos vivos indesejados. As pragas s\u00e3o consideradas prejudiciais \u00e0s plantas, animais, humanos e at\u00e9 estruturas. Para compreender o valor da Pesquisa de Mercado de Pesticidas, \u00e9 essencial compreender o que s\u00e3o pesticidas.<\/p>\n\n\n\n<h2 class=\"wp-block-heading\">O que s\u00e3o pesticidas?<\/h2>\n\n\n\n<p>Os pesticidas s\u00e3o subst\u00e2ncias ou uma mistura de subst\u00e2ncias utilizadas para prevenir, controlar ou mesmo erradicar pragas. Existem tr\u00eas classes mais comuns de pesticidas. S\u00e3o herbicidas, fungicidas e inseticidas. Os pesticidas tamb\u00e9m v\u00eam em v\u00e1rias formas. Eles podem ser l\u00edquidos, em formula\u00e7\u00e3o s\u00f3lida ou na forma gasosa, como fumigantes.<\/p>\n\n\n\n<p>Como os pesticidas previnem, controlam ou erradicam as pragas, na maioria das vezes s\u00e3o agrupados em fam\u00edlias com base na forma como funcionam.<\/p>\n\n\n\n<p>Abaixo est\u00e3o os grupos mais comuns:<\/p>\n\n\n\n<p>Organofosforados: Comumente feitos de \u00e1cido fosf\u00f3rico, atuam causando danos ao sistema nervoso das pragas. A maioria dos inseticidas faz parte deste grupo e muitos s\u00e3o altamente t\u00f3xicos.<\/p>\n\n\n\n<p>Organoclorados: \u00c0s vezes chamados de hidrocarbonetos clorados, esses pesticidas interrompem a transmiss\u00e3o do impulso nervoso das pragas. Melhor usado para insetos e \u00e1caros, mas permanecem no ambiente por muito tempo.<\/p>\n\n\n\n<p>Carbamatos e Tiocarbamatos: Funcionam de forma semelhante no sistema nervoso das pragas e s\u00e3o feitos de \u00e1cido carb\u00e2mico. Isso inclui inseticidas, herbicidas e fungicidas e permanecem por menos tempo no meio ambiente.<\/p>\n\n\n\n<p>Piretr\u00f3ides (sint\u00e9ticos): S\u00e3o pesticidas produzidos pelo homem que perturbam o sistema nervoso, estimulando as c\u00e9lulas nervosas a causar paralisia e n\u00e3o se degradam rapidamente.<\/p>\n\n\n\n<h2 class=\"wp-block-heading\">Benef\u00edcios da pesquisa de mercado de pesticidas<\/h2>\n\n\n\n<figure class=\"gb-block-image gb-block-image-dd58b589\"><img loading=\"lazy\" decoding=\"async\" width=\"1456\" height=\"816\" class=\"gb-image gb-image-dd58b589\" src=\"https:\/\/www.sisinternational.com\/wp-content\/uploads\/2025\/08\/Pesticide-6.jpg\" alt=\"Pesquisa e Estrat\u00e9gia de Mercado Internacional da SIS\" title=\"Pesticide (6)\" srcset=\"https:\/\/www.sisinternational.com\/wp-content\/uploads\/2025\/08\/Pesticide-6.jpg 1456w, https:\/\/www.sisinternational.com\/wp-content\/uploads\/2025\/08\/Pesticide-6-300x168.jpg 300w, https:\/\/www.sisinternational.com\/wp-content\/uploads\/2025\/08\/Pesticide-6-1024x574.jpg 1024w, https:\/\/www.sisinternational.com\/wp-content\/uploads\/2025\/08\/Pesticide-6-768x430.jpg 768w, https:\/\/www.sisinternational.com\/wp-content\/uploads\/2025\/08\/Pesticide-6-18x10.jpg 18w\" sizes=\"auto, (max-width: 1456px) 100vw, 1456px\"><\/figure>\n\n\n\n<p><\/p>\n\n\n\n<p><a href=\"https:\/\/www.sisinternational.com\/pt\/estudos-de-caso\/\" title=\"Estudos de caso\"  data-wpil-monitor-id=\"8484\">Pesquisa de mercado<\/a> provides insights into a specific industry that are useful for businesses and economic studies. With the role pesticides play in controlling or preventing pests, gathering data and strategies in the pesticide industry can be beneficial for the following reasons:<\/p>\n\n\n\n<ul class=\"wp-block-list\">\n<li>Impacto dos pesticidas na agricultura. Isto visa obter mais conhecimento sobre como os pesticidas podem ajudar os agricultores a produzir alimentos seguros.<\/li>\n\n\n\n<li>Role of pesticides in <a href=\"https:\/\/www.sisinternational.com\/pt\/solucoes\/teste-de-sabor\/food-product-tests-in-ny\/\" title=\"Food Product Tests In NY\"  data-wpil-monitor-id=\"8489\">food crop production<\/a>. This will provide useful data for pesticide market research on the quantity and quality of crops.<\/li>\n\n\n\n<li>Impacto de v\u00e1rios tipos de pesticidas na sa\u00fade humana e animal. A maioria dos pesticidas \u00e9 projetada para destruir pragas, atacando o sistema nervoso. Isto, por sua vez, tamb\u00e9m pode impactar outros organismos vivos e causar problemas de sa\u00fade devido \u00e0 toxicidade.<\/li>\n\n\n\n<li>Influ\u00eancia no meio ambiente. O uso prolongado ou indevido de pesticidas pode contaminar o ambiente, especialmente o solo e a \u00e1gua.<\/li>\n\n\n\n<li>Continued <a href=\"https:\/\/www.sisinternational.com\/pt\/pericia\/industrias\/pesquisa-de-mercado-para-tomadores-de-decisao-de-negocios\/\" title=\"Pesquisa de mercado para tomadores de decis\u00e3o de neg\u00f3cios\"  data-wpil-monitor-id=\"8493\">research can help businesses<\/a>, industries, and countries to make sound decisions regarding their uses and long-term benefits or consequences.<\/li>\n\n\n\n<li>Market research provides insights into the data and <a href=\"https:\/\/www.sisinternational.com\/pt\/o-papel-do-desenvolvimento-de-processos-e-sistemas-no-sucesso-organizacional\/\" title=\"Pesquisa de mercado de design organizacional\"  data-wpil-monitor-id=\"8485\">strategies<\/a> in the pesticide industry to build competitive knowledge for businesses and companies.<\/li>\n<\/ul>\n\n\n\n<h2 class=\"wp-block-heading\">Principais cargos na ind\u00fastria:<\/h2>\n\n\n\n<p>The pesticide <a href=\"https:\/\/www.sisinternational.com\/pt\/pericia\/curriculos-de-experiencia\/pesquisa-de-mercado-de-produtos-de-higiene-pessoal\/\" title=\"Pesquisa de mercado de produtos de cuidados pessoais\"  data-wpil-monitor-id=\"8488\">market and production<\/a>, including research, involve a lot of roles and specialties. Moreover, the production of pesticides and distribution require specific knowledge and training.<\/p>\n\n\n\n<p>Listados est\u00e3o alguns dos cargos importantes na ind\u00fastria do mercado de pesticidas:<\/p>\n\n\n\n<ul class=\"wp-block-list\">\n<li>Engenheiros Qu\u00edmicos<\/li>\n\n\n\n<li>Qu\u00edmico<\/li>\n\n\n\n<li>Gerenciador de colheita<\/li>\n\n\n\n<li>Consultor de Mercado<\/li>\n\n\n\n<li>Especialista em Controle de Pragas<\/li>\n\n\n\n<li>Supervisor de Controle de Pragas<\/li>\n\n\n\n<li>T\u00e9cnico de Controle de Pragas<\/li>\n\n\n\n<li>Formulador de Pesticidas<\/li>\n\n\n\n<li>Manipuladores de pesticidas<\/li>\n\n\n\n<li>Diretor de Produ\u00e7\u00e3o<\/li>\n\n\n\n<li>Gerente de controle de qualidade<\/li>\n\n\n\n<li>Pesquisa cient\u00edfica<\/li>\n<\/ul>\n\n\n\n<h2 class=\"wp-block-heading\">Empresas que precisam de pesquisa de mercado de pesticidas<\/h2>\n\n\n\n<p>Os dados e estrat\u00e9gias importantes da ind\u00fastria de pesticidas recolhidos a partir de pesquisas de mercado de pesticidas podem ajudar muitas empresas. Os neg\u00f3cios incluem, mas n\u00e3o est\u00e3o limitados aos seguintes setores:<\/p>\n\n\n\n<ul class=\"wp-block-list\">\n<li>Ind\u00fastria de Fabrica\u00e7\u00e3o de Pesticidas<\/li>\n\n\n\n<li>Agricultura e Pecu\u00e1ria<\/li>\n\n\n\n<li>Produ\u00e7\u00e3o e Abastecimento de Alimentos<\/li>\n\n\n\n<li>Empresas Agroqu\u00edmicas<\/li>\n\n\n\n<li>Neg\u00f3cio da ind\u00fastria verde<\/li>\n\n\n\n<li>Ind\u00fastria de constru\u00e7\u00e3o<\/li>\n\n\n\n<li>Ind\u00fastria qu\u00edmica<\/li>\n<\/ul>\n\n\n\n<h2 class=\"wp-block-heading\">Como \u00e9 feita a pesquisa de mercado de pesticidas:<\/h2>\n\n\n\n<figure class=\"gb-block-image gb-block-image-610be5a5\"><img loading=\"lazy\" decoding=\"async\" width=\"1456\" height=\"816\" class=\"gb-image gb-image-610be5a5\" src=\"https:\/\/www.sisinternational.com\/wp-content\/uploads\/2025\/08\/Pesticide-4.jpg\" alt=\"Pesquisa e Estrat\u00e9gia de Mercado Internacional da SIS\" title=\"Pesticide (4)\" srcset=\"https:\/\/www.sisinternational.com\/wp-content\/uploads\/2025\/08\/Pesticide-4.jpg 1456w, https:\/\/www.sisinternational.com\/wp-content\/uploads\/2025\/08\/Pesticide-4-300x168.jpg 300w, https:\/\/www.sisinternational.com\/wp-content\/uploads\/2025\/08\/Pesticide-4-1024x574.jpg 1024w, https:\/\/www.sisinternational.com\/wp-content\/uploads\/2025\/08\/Pesticide-4-768x430.jpg 768w, https:\/\/www.sisinternational.com\/wp-content\/uploads\/2025\/08\/Pesticide-4-18x10.jpg 18w\" sizes=\"auto, (max-width: 1456px) 100vw, 1456px\"><\/figure>\n\n\n\n<p><\/p>\n\n\n\n<p>As with most <a href=\"https:\/\/www.sisinternational.com\/pt\/pericia\/industrias\/pesquisa-de-mercado-industrial\/\" title=\"Pesquisa e Estrat\u00e9gia de Mercado Industrial\"  data-wpil-monitor-id=\"8487\">pesquisa de mercado<\/a> that was done in similar industries, gathering data and analyzing the information is crucial. Major steps are taken that <a href=\"https:\/\/www.sisinternational.com\/pt\/publicacoes\/pesquisa-de-mercado-de-negocios-escalaveis-7-maneiras-de-construir-um-negocio-escalavel\/\" title=\"Pesquisa de mercado de neg\u00f3cios escal\u00e1veis: 7 maneiras de construir um neg\u00f3cio escal\u00e1vel\"  data-wpil-monitor-id=\"8486\">way the market research<\/a> provides insights that are both credible and valid.<\/p>\n\n\n\n<ul class=\"wp-block-list\">\n<li>Coletando dados por tipo de produto<\/li>\n\n\n\n<li>Coletando resultados com base no processo de inscri\u00e7\u00e3o<\/li>\n\n\n\n<li>Analisando resultados por uso final<\/li>\n\n\n\n<li>Compara\u00e7\u00e3o de resultados por localiza\u00e7\u00e3o<\/li>\n\n\n\n<li>An\u00e1lise dos principais impulsionadores da ind\u00fastria de pesticidas<\/li>\n<\/ul>\n\n\n\n<p>Fatores importantes adicionais tamb\u00e9m s\u00e3o considerados, como o impacto ambiental e na sa\u00fade a longo prazo, bem como as tend\u00eancias crescentes baseadas nestes fatores.<\/p>\n\n\n\n<h2 class=\"wp-block-heading\">Sobre a Pesquisa de Mercado de Pesticidas<\/h2>\n\n\n\n<p>Pesticides play a big role both for both humans and the environment. The Pesticide Market Research gathers information and data that are reliable. It is a useful tool for anyone who aims to have informed decisions when it comes to its production, application, <a href=\"https:\/\/www.sisinternational.com\/pt\/aumentando-a-penetracao-no-mercado-atraves-de-um-plano-de-marketing-abrangente\/\" title=\"Aumentando a penetra\u00e7\u00e3o no mercado por meio de um plano de marketing abrangente\"  data-wpil-monitor-id=\"8491\">marketing and strategic planning<\/a>.<\/p>","protected":false},"excerpt":{"rendered":"<p>A Pesquisa de Mercado de Pesticidas \u00e9 uma ferramenta \u00fatil para tomada de decis\u00f5es informadas, produ\u00e7\u00e3o, aplica\u00e7\u00e3o, marketing e planejamento estrat\u00e9gico.<\/p>","protected":false},"author":1,"featured_media":64309,"parent":14514,"menu_order":155,"comment_status":"closed","ping_status":"closed","template":"","meta":{"footnotes":""},"class_list":["post-41286","page","type-page","status-publish","has-post-thumbnail"],"_links":{"self":[{"href":"https:\/\/www.sisinternational.com\/pt\/wp-json\/wp\/v2\/pages\/41286","targetHints":{"allow":["GET"]}}],"collection":[{"href":"https:\/\/www.sisinternational.com\/pt\/wp-json\/wp\/v2\/pages"}],"about":[{"href":"https:\/\/www.sisinternational.com\/pt\/wp-json\/wp\/v2\/types\/page"}],"author":[{"embeddable":true,"href":"https:\/\/www.sisinternational.com\/pt\/wp-json\/wp\/v2\/users\/1"}],"replies":[{"embeddable":true,"href":"https:\/\/www.sisinternational.com\/pt\/wp-json\/wp\/v2\/comments?post=41286"}],"version-history":[{"count":4,"href":"https:\/\/www.sisinternational.com\/pt\/wp-json\/wp\/v2\/pages\/41286\/revisions"}],"predecessor-version":[{"id":81425,"href":"https:\/\/www.sisinternational.com\/pt\/wp-json\/wp\/v2\/pages\/41286\/revisions\/81425"}],"up":[{"embeddable":true,"href":"https:\/\/www.sisinternational.com\/pt\/wp-json\/wp\/v2\/pages\/14514"}],"wp:featuredmedia":[{"embeddable":true,"href":"https:\/\/www.sisinternational.com\/pt\/wp-json\/wp\/v2\/media\/64309"}],"wp:attachment":[{"href":"https:\/\/www.sisinternational.com\/pt\/wp-json\/wp\/v2\/media?parent=41286"}],"curies":[{"name":"wp","href":"https:\/\/api.w.org\/{rel}","templated":true}]}}