{"id":41277,"date":"2023-01-23T16:12:02","date_gmt":"2023-01-23T16:12:02","guid":{"rendered":"https:\/\/www.sisinternational.com\/?page_id=41277"},"modified":"2026-01-25T19:25:31","modified_gmt":"2026-01-26T00:25:31","slug":"pesquisa-de-mercado-da-industria-da-borracha","status":"publish","type":"page","link":"https:\/\/www.sisinternational.com\/pt\/pericia\/pesquisa-de-mercado-da-industria-da-borracha\/","title":{"rendered":"Pesquisa de mercado da ind\u00fastria da borracha"},"content":{"rendered":"<h1 class=\"wp-block-heading\">Pesquisa de mercado da ind\u00fastria da borracha<\/h1>\n\n\n\n<figure class=\"gb-block-image gb-block-image-1ac76d98\"><img loading=\"lazy\" decoding=\"async\" width=\"1456\" height=\"816\" class=\"gb-image gb-image-1ac76d98\" src=\"https:\/\/www.sisinternational.com\/wp-content\/uploads\/2025\/10\/Rubber-1.jpg\" alt=\"Pesquisa e Estrat\u00e9gia de Mercado Internacional da SIS\" title=\"Rubber (1)\" srcset=\"https:\/\/www.sisinternational.com\/wp-content\/uploads\/2025\/10\/Rubber-1.jpg 1456w, https:\/\/www.sisinternational.com\/wp-content\/uploads\/2025\/10\/Rubber-1-300x168.jpg 300w, https:\/\/www.sisinternational.com\/wp-content\/uploads\/2025\/10\/Rubber-1-1024x574.jpg 1024w, https:\/\/www.sisinternational.com\/wp-content\/uploads\/2025\/10\/Rubber-1-768x430.jpg 768w, https:\/\/www.sisinternational.com\/wp-content\/uploads\/2025\/10\/Rubber-1-18x10.jpg 18w\" sizes=\"auto, (max-width: 1456px) 100vw, 1456px\"><\/figure>\n\n\n\n<p><\/p>\n\n\n\n<h2 class=\"wp-block-heading\">A borracha est\u00e1 presente no nosso dia a dia<\/h2>\n\n\n\n<p>A borracha \u00e9 encontrada em muitos dos produtos mais importantes que usamos diariamente, como luvas cir\u00fargicas, el\u00e1sticos e pneus. A borracha \u00e9 um material essencial e uma das mat\u00e9rias-primas mais importantes da sociedade moderna. A ind\u00fastria da borracha vale bilh\u00f5es de d\u00f3lares e apresenta in\u00fameras oportunidades de crescimento e desenvolvimento de novos produtos.<\/p>\n\n\n\n<p>Existem v\u00e1rios tipos de borracha, incluindo borracha de neoprene, borracha but\u00edlica, borracha de estireno-butadieno, borracha de fluorosilicone, borracha de silicone, borracha nitr\u00edlica e borracha EPDM. Os principais impulsionadores da qualidade do produto incluem elasticidade, contra\u00e7\u00e3o t\u00e9rmica e durabilidade.<br>Much of the world\u2019s rubber production occurs in high growth emerging <a href=\"https:\/\/www.sisinternational.com\/pt\/cobertura\/as-americas\/cobertura-dos-eua\/pesquisa-de-mercado-na-carolina-do-sul\/\" title=\"Pesquisa de mercado na Carolina do Sul\"  data-wpil-monitor-id=\"5651\">markets in South<\/a> East Asia including in Thailand, Malaysia, Indonesia, Vietnam and India. Many of these countries consider the industry to be of national strategic importance and have councils and trade programs focused on boosting exports. Operating in these high growth economies presents numerous opportunities for growth and for boosting efficiency and developing Go-To-Market Strategy.<\/p>\n\n\n\n<p>A SIS Market Research ajuda as empresas a encontrar novas \u00e1reas de oportunidades de mercado no setor da borracha. Fornecemos pesquisas de mercado sobre as mais recentes tend\u00eancias no uso e na demanda de borracha. Ajudamos nossos clientes a construir estrat\u00e9gias para aumentar sua lucratividade e efic\u00e1cia operacional.<\/p>\n\n\n\n<h2 class=\"wp-block-heading\">A import\u00e2ncia da pesquisa de mercado da ind\u00fastria da borracha<\/h2>\n\n\n\n<figure class=\"gb-block-image gb-block-image-acd346e6\"><img loading=\"lazy\" decoding=\"async\" width=\"1456\" height=\"816\" class=\"gb-image gb-image-acd346e6\" src=\"https:\/\/www.sisinternational.com\/wp-content\/uploads\/2025\/10\/Rubber-4.jpg\" alt=\"Pesquisa e Estrat\u00e9gia de Mercado Internacional da SIS\" title=\"Rubber (4)\" srcset=\"https:\/\/www.sisinternational.com\/wp-content\/uploads\/2025\/10\/Rubber-4.jpg 1456w, https:\/\/www.sisinternational.com\/wp-content\/uploads\/2025\/10\/Rubber-4-300x168.jpg 300w, https:\/\/www.sisinternational.com\/wp-content\/uploads\/2025\/10\/Rubber-4-1024x574.jpg 1024w, https:\/\/www.sisinternational.com\/wp-content\/uploads\/2025\/10\/Rubber-4-768x430.jpg 768w, https:\/\/www.sisinternational.com\/wp-content\/uploads\/2025\/10\/Rubber-4-18x10.jpg 18w\" sizes=\"auto, (max-width: 1456px) 100vw, 1456px\"><\/figure>\n\n\n\n<p>A Pesquisa de Mercado da SIS re\u00fane pesquisas de clientes, an\u00e1lises de concorrentes, motivadores da empresa e cen\u00e1rio de mercado para fornecer informa\u00e7\u00f5es para a tomada de decis\u00f5es. Somos especializados em fornecer an\u00e1lises sobre oportunidades, fontes de lucratividade, desafios e formas de prosperar.<\/p>\n\n\n\n<p>Os principais produtos da ind\u00fastria da borracha incluem:<\/p>\n\n\n\n<ul class=\"wp-block-list\">\n<li>Pneus automotivos e c\u00e2maras internas<\/li>\n\n\n\n<li>Produtos moldados em borracha<\/li>\n\n\n\n<li>Aplica\u00e7\u00f5es de tapetes e pisos<\/li>\n\n\n\n<li>Mangueiras e tubos<\/li>\n\n\n\n<li>Borracha vulcanizada para cal\u00e7ados<\/li>\n\n\n\n<li>Luvas para trabalhadores industriais<\/li>\n\n\n\n<li>Equipamentos esportivos<\/li>\n\n\n\n<li>Isolamento e materiais isolantes<\/li>\n\n\n\n<li>Produtos de sa\u00fade sexual<\/li>\n\n\n\n<li>Colch\u00f5es<\/li>\n\n\n\n<li>Sapatos e botas<\/li>\n\n\n\n<li>Garrafas de \u00e1gua<\/li>\n\n\n\n<li>Equipamento de prote\u00e7\u00e3o para policiais, socorristas e bombeiros<\/li>\n\n\n\n<li>Bolas e bal\u00f5es<\/li>\n<\/ul>\n\n\n\n<p>Os produtores de borracha operam cada vez mais numa economia global altamente competitiva, com produtores de todo o mundo a empregar estrat\u00e9gias para reduzir os pre\u00e7os e com restri\u00e7\u00f5es comerciais crescentes. A qualidade e a entrega do produto continuam a ser \u00e1reas-chave de preocupa\u00e7\u00e3o.<\/p>\n\n\n\n<h2 class=\"wp-block-heading\">Sustentabilidade na Ind\u00fastria da Borracha<\/h2>\n\n\n\n<p>A crescente procura global de borracha levantou preocupa\u00e7\u00f5es sobre a sustentabilidade dos recursos a longo prazo. O principal impulsionador da procura de borracha \u00e9 a ind\u00fastria autom\u00f3vel, que continua a crescer e a consumir milh\u00f5es de pneus todos os dias. Para atender a esse n\u00edvel de demanda, as empresas est\u00e3o aumentando sua capacidade de produ\u00e7\u00e3o. Isto significa que s\u00e3o necess\u00e1rias novas planta\u00e7\u00f5es de borracha em todo o mundo.<\/p>\n\n\n\n<p>A expans\u00e3o das planta\u00e7\u00f5es de borracha pode ter implica\u00e7\u00f5es no ambiente, aumentando a necessidade de realizar pesquisas sobre responsabilidade social, sustentabilidade, cadeias de abastecimento, necessidades dos clientes e percep\u00e7\u00f5es das partes interessadas.<\/p>\n\n\n\n<p>SIS Market <a href=\"https:\/\/www.sisinternational.com\/pt\/pericia\/industrias\/pesquisa-de-mercado-de-automacao-industrial\/\" title=\"Pesquisa de mercado de automa\u00e7\u00e3o industrial\"  data-wpil-monitor-id=\"4818\">Pesquisar<\/a> advises companies on best practices for maintaining sustainability and for serving investors and community and industry stakeholders. This benefits the manufacturing processes and the brand&#8217;s position in the market.<\/p>\n\n\n\n<h2 class=\"wp-block-heading\">Benef\u00edcios da pesquisa de mercado da ind\u00fastria da borracha<\/h2>\n\n\n\n<figure class=\"gb-block-image gb-block-image-7794f7e1\"><img loading=\"lazy\" decoding=\"async\" width=\"1456\" height=\"816\" class=\"gb-image gb-image-7794f7e1\" src=\"https:\/\/www.sisinternational.com\/wp-content\/uploads\/2025\/10\/Rubber-3.jpg\" alt=\"Pesquisa e Estrat\u00e9gia de Mercado Internacional da SIS\" title=\"Rubber (3)\" srcset=\"https:\/\/www.sisinternational.com\/wp-content\/uploads\/2025\/10\/Rubber-3.jpg 1456w, https:\/\/www.sisinternational.com\/wp-content\/uploads\/2025\/10\/Rubber-3-300x168.jpg 300w, https:\/\/www.sisinternational.com\/wp-content\/uploads\/2025\/10\/Rubber-3-1024x574.jpg 1024w, https:\/\/www.sisinternational.com\/wp-content\/uploads\/2025\/10\/Rubber-3-768x430.jpg 768w, https:\/\/www.sisinternational.com\/wp-content\/uploads\/2025\/10\/Rubber-3-18x10.jpg 18w\" sizes=\"auto, (max-width: 1456px) 100vw, 1456px\"><\/figure>\n\n\n\n<ul class=\"wp-block-list\">\n<li>Fortalece o posicionamento estrat\u00e9gico de uma empresa do setor da borracha<\/li>\n\n\n\n<li>Minimiza o risco de investimento<\/li>\n\n\n\n<li>Identifica potenciais amea\u00e7as e oportunidades<\/li>\n\n\n\n<li>Descobre os pontos fortes e fracos dos concorrentes<\/li>\n\n\n\n<li>Orienta o planejamento estrat\u00e9gico<\/li>\n\n\n\n<li>Identifica tend\u00eancias emergentes<\/li>\n\n\n\n<li>Fornece \u00e0 empresa as ferramentas para se manter \u00e0 frente da concorr\u00eancia<\/li>\n\n\n\n<li>Fornece previs\u00f5es, proje\u00e7\u00f5es, recomenda\u00e7\u00f5es e previs\u00f5es<\/li>\n\n\n\n<li>Ilumina as necessidades e demandas do cliente<\/li>\n\n\n\n<li>Analisa o cen\u00e1rio do mercado para descobrir amea\u00e7as importantes da geopol\u00edtica e das regulamenta\u00e7\u00f5es comerciais<\/li>\n\n\n\n<li>Descobre benchmarks dos principais concorrentes<\/li>\n<\/ul>\n\n\n\n<h2 class=\"wp-block-heading\">Como descobrimos insights<\/h2>\n\n\n\n<p>O SIS possui bancos de dados significativos e acesso aos seguintes profissionais da Ind\u00fastria da Borracha:<\/p>\n\n\n\n<ul class=\"wp-block-list\">\n<li>Qu\u00edmicos de Processo<\/li>\n\n\n\n<li>Mec\u00e2nica Industrial<\/li>\n\n\n\n<li>Tomadores de decis\u00e3o<\/li>\n\n\n\n<li>Executivos de n\u00edvel C<\/li>\n\n\n\n<li>Vice-presidente<\/li>\n\n\n\n<li>T\u00e9cnicos Automotivos<\/li>\n\n\n\n<li>Fabricantes de pe\u00e7as<\/li>\n\n\n\n<li>Engenheiros Mec\u00e2nicos de Projetos<\/li>\n\n\n\n<li>Engenheiros de Pol\u00edmeros<\/li>\n\n\n\n<li>Gerentes de loja<\/li>\n\n\n\n<li>Motoristas de entrega<\/li>\n\n\n\n<li>Engenheiros Pl\u00e1sticos<\/li>\n\n\n\n<li>Gerentes de servi\u00e7o<\/li>\n\n\n\n<li>T\u00e9cnicos de pneus<\/li>\n\n\n\n<li>Outros<\/li>\n<\/ul>\n\n\n\n<h2 class=\"wp-block-heading\">Sobre a pesquisa de mercado da ind\u00fastria da borracha<\/h2>\n\n\n\n<figure class=\"gb-block-image gb-block-image-68309510\"><img loading=\"lazy\" decoding=\"async\" width=\"1456\" height=\"816\" class=\"gb-image gb-image-68309510\" src=\"https:\/\/www.sisinternational.com\/wp-content\/uploads\/2025\/10\/Rubber-2.jpg\" alt=\"Pesquisa e Estrat\u00e9gia de Mercado Internacional da SIS\" title=\"Rubber (2)\" srcset=\"https:\/\/www.sisinternational.com\/wp-content\/uploads\/2025\/10\/Rubber-2.jpg 1456w, https:\/\/www.sisinternational.com\/wp-content\/uploads\/2025\/10\/Rubber-2-300x168.jpg 300w, https:\/\/www.sisinternational.com\/wp-content\/uploads\/2025\/10\/Rubber-2-1024x574.jpg 1024w, https:\/\/www.sisinternational.com\/wp-content\/uploads\/2025\/10\/Rubber-2-768x430.jpg 768w, https:\/\/www.sisinternational.com\/wp-content\/uploads\/2025\/10\/Rubber-2-18x10.jpg 18w\" sizes=\"auto, (max-width: 1456px) 100vw, 1456px\"><\/figure>\n\n\n\n<p><\/p>\n\n\n\n<p>Borracha <a href=\"https:\/\/www.sisinternational.com\/pt\/pesquisa-de-mercado-da-industria-educacional\/\" title=\"Pesquisa de mercado da ind\u00fastria educacional\"  data-wpil-monitor-id=\"1813\">Industry Market Research<\/a> helps maximize profit and minimize risk in business decision making. Market Research can give a company the competitive advantage they need over its competitors. Market Research speaks with customers, competitors, subject matter experts, investors and other key stakeholders to gain incisive data for decision making.<\/p>\n\n\n\n<p>Com mais de 38 anos de experi\u00eancia, a SIS Market Research tem uma presen\u00e7a \u00edmpar nos mercados internacionais. Possu\u00edmos as tecnologias, ferramentas e estrat\u00e9gias para coletar informa\u00e7\u00f5es e entender as necessidades dos clientes. Algumas de nossas t\u00e9cnicas incluem pesquisas, pesquisas presenciais, entrevistas, grupos focais, etnografia, an\u00e1lise do setor, an\u00e1lise da concorr\u00eancia, comunidades online, pesquisas telef\u00f4nicas, visitas a sites e pesquisas sobre concorrentes e muito mais.<\/p>\n\n\n\n<p>Em nossa divis\u00e3o de Pesquisa e Consultoria Estrat\u00e9gica, fornecemos An\u00e1lise Competitiva, Consultoria de Entrada de Mercado, Pesquisa Go To Market, Benchmarking, Voz do Cliente, An\u00e1lise Conjunta, An\u00e1lise Fatorial, An\u00e1lise Estat\u00edstica Multivariada, Avalia\u00e7\u00f5es de Potencial de Exporta\u00e7\u00e3o e An\u00e1lise de Oportunidades de Mercado.<\/p>","protected":false},"excerpt":{"rendered":"<p>A Pesquisa de Mercado da Ind\u00fastria da Borracha ajuda a maximizar o lucro e minimizar os riscos na tomada de decis\u00f5es de neg\u00f3cios.<\/p>","protected":false},"author":1,"featured_media":72078,"parent":14514,"menu_order":154,"comment_status":"closed","ping_status":"closed","template":"","meta":{"footnotes":""},"class_list":["post-41277","page","type-page","status-publish","has-post-thumbnail"],"_links":{"self":[{"href":"https:\/\/www.sisinternational.com\/pt\/wp-json\/wp\/v2\/pages\/41277","targetHints":{"allow":["GET"]}}],"collection":[{"href":"https:\/\/www.sisinternational.com\/pt\/wp-json\/wp\/v2\/pages"}],"about":[{"href":"https:\/\/www.sisinternational.com\/pt\/wp-json\/wp\/v2\/types\/page"}],"author":[{"embeddable":true,"href":"https:\/\/www.sisinternational.com\/pt\/wp-json\/wp\/v2\/users\/1"}],"replies":[{"embeddable":true,"href":"https:\/\/www.sisinternational.com\/pt\/wp-json\/wp\/v2\/comments?post=41277"}],"version-history":[{"count":6,"href":"https:\/\/www.sisinternational.com\/pt\/wp-json\/wp\/v2\/pages\/41277\/revisions"}],"predecessor-version":[{"id":79352,"href":"https:\/\/www.sisinternational.com\/pt\/wp-json\/wp\/v2\/pages\/41277\/revisions\/79352"}],"up":[{"embeddable":true,"href":"https:\/\/www.sisinternational.com\/pt\/wp-json\/wp\/v2\/pages\/14514"}],"wp:featuredmedia":[{"embeddable":true,"href":"https:\/\/www.sisinternational.com\/pt\/wp-json\/wp\/v2\/media\/72078"}],"wp:attachment":[{"href":"https:\/\/www.sisinternational.com\/pt\/wp-json\/wp\/v2\/media?parent=41277"}],"curies":[{"name":"wp","href":"https:\/\/api.w.org\/{rel}","templated":true}]}}