{"id":41239,"date":"2023-01-16T05:49:46","date_gmt":"2023-01-16T05:49:46","guid":{"rendered":"https:\/\/www.sisinternational.com\/?page_id=41239"},"modified":"2026-01-24T21:27:21","modified_gmt":"2026-01-25T02:27:21","slug":"pesquisa-de-mercado-van-westendorp","status":"publish","type":"page","link":"https:\/\/www.sisinternational.com\/pt\/solucoes\/pesquisa-de-consultoria-em-estrategia-fintech\/pesquisa-de-mercado-van-westendorp\/","title":{"rendered":"Pesquisa de mercado da Van Westendorp"},"content":{"rendered":"<h1 class=\"wp-block-heading\">Pesquisa de mercado da Van Westendorp<\/h1>\n\n\n\n<figure class=\"gb-block-image gb-block-image-efa0901d\"><img loading=\"lazy\" decoding=\"async\" width=\"1456\" height=\"816\" class=\"gb-image gb-image-efa0901d\" src=\"https:\/\/www.sisinternational.com\/wp-content\/uploads\/2025\/08\/Creativity-2.jpg\" alt=\"Pesquisa e Estrat\u00e9gia de Mercado Internacional da SIS\" title=\"Creativity (2)\" srcset=\"https:\/\/www.sisinternational.com\/wp-content\/uploads\/2025\/08\/Creativity-2.jpg 1456w, https:\/\/www.sisinternational.com\/wp-content\/uploads\/2025\/08\/Creativity-2-300x168.jpg 300w, https:\/\/www.sisinternational.com\/wp-content\/uploads\/2025\/08\/Creativity-2-1024x574.jpg 1024w, https:\/\/www.sisinternational.com\/wp-content\/uploads\/2025\/08\/Creativity-2-768x430.jpg 768w, https:\/\/www.sisinternational.com\/wp-content\/uploads\/2025\/08\/Creativity-2-18x10.jpg 18w\" sizes=\"auto, (max-width: 1456px) 100vw, 1456px\"><\/figure>\n\n\n\n<p><\/p>\n\n\n\n<hr class=\"wp-block-separator has-alpha-channel-opacity\"\/>\n\n\n\n<h2 class=\"wp-block-heading\">A import\u00e2ncia da pesquisa de mercado de pre\u00e7os<\/h2>\n\n\n\n<p>It is common to face challenges if your product is too expensive or cheap. Products priced higher than expectations may not be consumed, while products priced lower than expectations will generate distrust about their quality. Therefore, correctly pricing is crucial for your brand. <a class=\"wpil_keyword_link\" href=\"https:\/\/www.sisinternational.com\/pt\/solucoes\/pesquisa-de-consultoria-em-estrategia-fintech\/pesquisa-de-mercado-de-precos\/\"   title=\"Pesquisa de mercado de pre\u00e7os\" data-wpil-keyword-link=\"linked\"  data-wpil-monitor-id=\"404\">Pesquisa de mercado de pre\u00e7os<\/a> helps companies to become more profitable and efficient in satisfying their customers. Understanding how customers perceive value (benefits versus risk) is essential to business growth.<\/p>\n\n\n\n<p>Embora alguns empres\u00e1rios e gestores de empresas tendam a definir pre\u00e7os por tentativa e erro e pela intui\u00e7\u00e3o, existe uma abordagem mais cient\u00edfica que pode ajudar a maximizar o lucro e a satisfa\u00e7\u00e3o do cliente. A pesquisa de mercado da Van Westendrop \u00e9 um m\u00e9todo robusto para ajudar a otimizar os pre\u00e7os por meio da precis\u00e3o estat\u00edstica e tamb\u00e9m para ajudar a aumentar os lucros.<\/p>\n\n\n\n<h2 class=\"wp-block-heading\">O que \u00e9 a pesquisa de mercado da Van Westendorp?<\/h2>\n\n\n\n<p>A an\u00e1lise de pre\u00e7os da Van Westendrop \u00e9 composta por quatro quest\u00f5es:<\/p>\n\n\n\n<ol class=\"wp-block-list\">\n<li>A que pre\u00e7o voc\u00ea consideraria o produto t\u00e3o caro que voc\u00ea consideraria n\u00e3o compr\u00e1-lo?;<\/li>\n\n\n\n<li>A que pre\u00e7o voc\u00ea consideraria o pre\u00e7o do produto muito baixo e por isso voc\u00ea sentiria que a qualidade do produto ou servi\u00e7o \u00e9 ruim?;<\/li>\n\n\n\n<li>A que pre\u00e7o voc\u00ea consideraria o produto muito caro \u2013 n\u00e3o est\u00e1 fora de quest\u00e3o, mas voc\u00ea teria que pensar um pouco antes de compr\u00e1-lo?;<\/li>\n\n\n\n<li>A que pre\u00e7o voc\u00ea consideraria o produto uma pechincha \u2013 uma \u00f3tima compra pelo dinheiro?<\/li>\n<\/ol>\n\n\n\n<p>Responder a essas perguntas n\u00e3o \u00e9 f\u00e1cil e pode exigir pesquisas de mercado de precifica\u00e7\u00e3o \u2013 como question\u00e1rios, an\u00e1lises quantitativas\/qualitativas, etc. Quando feitas corretamente, o resultado das respostas gerar\u00e1 um gr\u00e1fico, que poder\u00e1 ser utilizado para analisar pre\u00e7os.<\/p>\n\n\n\n<h2 class=\"wp-block-heading\">Como usar a pesquisa de mercado Van Westendorp<\/h2>\n\n\n\n<figure class=\"gb-block-image gb-block-image-b5167f6f\"><img loading=\"lazy\" decoding=\"async\" width=\"1456\" height=\"816\" class=\"gb-image gb-image-b5167f6f\" src=\"https:\/\/www.sisinternational.com\/wp-content\/uploads\/2025\/08\/Computer-Assisted-Telephone-Interviewing-3.jpg\" alt=\"Pesquisa e Estrat\u00e9gia de Mercado Internacional da SIS\" title=\"Computer Assisted Telephone Interviewing (3)\" srcset=\"https:\/\/www.sisinternational.com\/wp-content\/uploads\/2025\/08\/Computer-Assisted-Telephone-Interviewing-3.jpg 1456w, https:\/\/www.sisinternational.com\/wp-content\/uploads\/2025\/08\/Computer-Assisted-Telephone-Interviewing-3-300x168.jpg 300w, https:\/\/www.sisinternational.com\/wp-content\/uploads\/2025\/08\/Computer-Assisted-Telephone-Interviewing-3-1024x574.jpg 1024w, https:\/\/www.sisinternational.com\/wp-content\/uploads\/2025\/08\/Computer-Assisted-Telephone-Interviewing-3-768x430.jpg 768w, https:\/\/www.sisinternational.com\/wp-content\/uploads\/2025\/08\/Computer-Assisted-Telephone-Interviewing-3-18x10.jpg 18w\" sizes=\"auto, (max-width: 1456px) 100vw, 1456px\"><\/figure>\n\n\n\n<p><\/p>\n\n\n\n<p>\u00c9 importante perceber que muitos factores podem influenciar as quest\u00f5es de pre\u00e7os: procura, escassez, valor, t\u00e9cnicas de publicidade, etc.<\/p>\n\n\n\n<ol class=\"wp-block-list\">\n<li>O pre\u00e7o do meu produto \u00e9 muito alto?<\/li>\n\n\n\n<li>O pre\u00e7o do meu produto est\u00e1 muito baixo?<\/li>\n\n\n\n<li>O pre\u00e7o do meu produto \u00e9 considerado alto o suficiente para fazer as pessoas pensarem que \u00e9 premium?<\/li>\n\n\n\n<li>O pre\u00e7o do meu produto \u00e9 considerado baixo o suficiente para fazer as pessoas pensarem que deveriam comprar imediatamente?<\/li>\n<\/ol>\n\n\n\n<p>O ponto convergente da diferen\u00e7a entre ser \u201cmuito caro\u201d e \u201capenas caro o suficiente\u201d, ou \u201cmuito barato\u201d e \u201cuma pechincha\u201d, \u00e9 onde voc\u00ea deseja estar com seu produto.<\/p>\n\n\n\n<h2 class=\"wp-block-heading\">Gerando valor<\/h2>\n\n\n\n<p>Os clientes est\u00e3o cientes de que t\u00eam m\u00faltiplas oportunidades de comprar um produto ou servi\u00e7o desejado. Encontrar o ponto ideal de custo-benef\u00edcio, originalidade e valor \u00e9 a resposta para \u201cpor que as pessoas escolheriam MEU produto em vez de milh\u00f5es de outros\u201d; e para isso \u00e9 necess\u00e1rio compreender o conceito de valor.<\/p>\n\n\n\n<p>Value can be defined as what the customer will get in exchange for their money (benefits minus risk). Value can also refer to what the company will get in exchange for its product.<\/p>\n\n\n\n<p>Market Research dives even deeper to understand value \u2014 benefits minus risk \u2014 by understanding in-depth and measuring precisely how customers quantify the value of benefits. Examples of benefits include emotional connections and functional benefits (e.g., do the features work as intended). Pricing research and customer value analysis can help answer questions such as: Is the product desirable? Do I need it? How do consumers interact with that product? And many more questions. Pricing Market Research can help better understand Willingness to Pay, product volume and customer segmentation.<\/p>\n\n\n\n<p>Other variables in pricing, such as seasonality, that Market Research can help address. For instance, if you are selling umbrellas, their value increases on a rainy day, and prices can be adjusted to boost profit. But by how much?<\/p>\n\n\n\n<h2 class=\"wp-block-heading\">Marca<\/h2>\n\n\n\n<p>Pricing communicates value and is essential for branding, new product launches, profitability, marketing strategy, Return on Investment (ROI), operational efficiency, customer acquisition, customer retention and consistent revenue generation.<\/p>\n\n\n\n<p>The relationship between pricing and product placement is also very important for your business. If your advertisements target a group of people with fine tastes, the pricing should be appropriate for those segments or personas.<\/p>\n\n\n\n<h2 class=\"wp-block-heading\">Um exemplo de pesquisa de mercado da Van Westendorp<\/h2>\n\n\n\n<figure class=\"gb-block-image gb-block-image-0526f099\"><img loading=\"lazy\" decoding=\"async\" width=\"1456\" height=\"816\" class=\"gb-image gb-image-0526f099\" src=\"https:\/\/www.sisinternational.com\/wp-content\/uploads\/2025\/09\/Quantitative-research-17.jpg\" alt=\"Pesquisa e Estrat\u00e9gia de Mercado Internacional da SIS\" title=\"Quantitative research (17)\" srcset=\"https:\/\/www.sisinternational.com\/wp-content\/uploads\/2025\/09\/Quantitative-research-17.jpg 1456w, https:\/\/www.sisinternational.com\/wp-content\/uploads\/2025\/09\/Quantitative-research-17-300x168.jpg 300w, https:\/\/www.sisinternational.com\/wp-content\/uploads\/2025\/09\/Quantitative-research-17-1024x574.jpg 1024w, https:\/\/www.sisinternational.com\/wp-content\/uploads\/2025\/09\/Quantitative-research-17-768x430.jpg 768w, https:\/\/www.sisinternational.com\/wp-content\/uploads\/2025\/09\/Quantitative-research-17-18x10.jpg 18w\" sizes=\"auto, (max-width: 1456px) 100vw, 1456px\"><\/figure>\n\n\n\n<p><\/p>\n\n\n\n<p>Let us say your company sells handmade organic fried potatoes, and you have identified your target segment and understand their needs. For example, your results may look like the following:<\/p>\n\n\n\n<ol class=\"wp-block-list\">\n<li>$12 por pacote \u00e9 muito caro e a maioria das pessoas n\u00e3o o compraria;<\/li>\n\n\n\n<li>$2 por pacote \u00e9 muito barato e a maioria das pessoas duvidaria que eles fossem realmente feitos \u00e0 m\u00e3o e org\u00e2nicos;<\/li>\n\n\n\n<li>$9 por pacote deixaria a maioria das pessoas curiosas e elas comprariam, mas se as batatas n\u00e3o forem as batatas mais deliciosas que j\u00e1 experimentaram, elas n\u00e3o comprar\u00e3o novamente e deixar\u00e3o coment\u00e1rios negativos;<\/li>\n\n\n\n<li>$5 para um pacote faria a maioria das pessoas pensar que \u00e9 honestamente barato e provavelmente tentaria.<\/li>\n<\/ol>\n\n\n\n<p>While intuitively, it might seem great to be at $5 or $9, you are actually wasting potential profit by selling at that price. Usually, the product price has to target the intersections and relationships between those points, where it is getting too cheap or too expensive.<\/p>\n\n\n\n<p>Now, it is also not correct to declare that $6.50 is the perfect price because we did not go deep enough to understand the product dynamics, brand considerations, or market landscape. Van Westendorp Market Research only gets you that far. Market Research helps provide nuance to the findings.<\/p>\n\n\n\n<h2 class=\"wp-block-heading\">Sobre a pesquisa de mercado da Van Westendorp<\/h2>\n\n\n\n<p><a href=\"https:\/\/www.sisinternational.com\/pt\/solucoes\/solucoes-de-pesquisa-quantitativa-qualitativa\/van-westendorp-price-sensitivity-meter\/\" title=\"Van Westendorp Price Sensitivity Meter\"  data-wpil-monitor-id=\"1165\">Pesquisa de mercado da Van Westendorp<\/a> is a useful tool for understanding product pricing and value. It provides helpful statistics and insight into branding, strategy, products, and marketing effectiveness. To generate a full view of a marketing strategy, it is important to add nuance from the market landscape, customer recommendations, and customer opinions in addition to the Van Westendorp measurements.<\/p>\n\n\n\n<p>Van Westerndorp helps companies maximize profits and provide customers with perceived value. The more research conducted, the better the results. Brand or product launches that disregard the science of pricing have a greater chance of failure\u2014and, understandably, of not maximizing profit.<\/p>\n\n\n\n<p>SIS International Research has conducted Van Westendorp <a href=\"https:\/\/www.sisinternational.com\/pt\/pericia\/industrias\/pesquisa-de-mercado-municipal\/\" title=\"Pesquisa de Mercado Municipal\"  data-wpil-monitor-id=\"3472\">Mercado<\/a> Research and Quantitative Pricing Market Research for decades. Contact us for your next Van Westendorp Market Research project.<\/p>\n\n\n\n<h2 class=\"wp-block-heading\">Localiza\u00e7\u00e3o de nossas instala\u00e7\u00f5es em Nova York<\/h2>\n\n\n\n<p>\n\n\n\n<iframe loading=\"lazy\" src=\"https:\/\/www.google.com\/maps\/embed?pb=!1m18!1m12!1m3!1d3022.976188376966!2d-73.99130312499956!3d40.740549471389315!2m3!1f0!2f0!3f0!3m2!1i1024!2i768!4f13.1!3m3!1m2!1s0x89c259a15798c731%3A0xd695d09bdd495f25!2s11%20E%2022nd%20St%20FL%202%2C%20New%20York%2C%20NY%2010010%2C%20USA!5e0!3m2!1sen!2spe!4v1726171763526!5m2!1sen!2spe\" width=\"600\" height=\"450\" allowfullscreen=\"allowfullscreen\" data-mce-fragment=\"1\"><\/iframe>\n\n\n\n<\/p>\n\n\n\n<h3 class=\"wp-block-heading\">11 E 22nd Street, 2\u00ba andar, Nova York, NY 10010 T: +1(212) 505-6805<\/h3>\n\n\n\n<hr class=\"wp-block-separator has-alpha-channel-opacity\"\/>\n\n\n\n<h2 class=\"wp-block-heading\"><span style=\"font-weight: 400;\">Sobre SIS Internacional<\/span><\/h2>\n\n\n\n<p><a href=\"https:\/\/www.sisinternational.com\/pt\/\"><span style=\"font-weight: 400;\">SIS Internacional<\/span><\/a><span style=\"font-weight: 400;\"> oferece pesquisa quantitativa, qualitativa e estrat\u00e9gica. Fornecemos dados, ferramentas, estrat\u00e9gias, relat\u00f3rios e insights para a tomada de decis\u00f5es. Tamb\u00e9m realizamos entrevistas, pesquisas, grupos focais e outros m\u00e9todos e abordagens de Pesquisa de Mercado.<\/span><a href=\"https:\/\/www.sisinternational.com\/pt\/sobre-a-sis-international-research\/contact-sis-international-market-research\/\"><span style=\"font-weight: 400;\"> Entre em contato conosco<\/span><\/a><span style=\"font-weight: 400;\"> para o seu pr\u00f3ximo projeto de pesquisa de mercado.<\/span><\/p>","protected":false},"excerpt":{"rendered":"<p>A Van Westendorp Market Research \u00e9 um m\u00e9todo para medir a sensibilidade ao pre\u00e7o. Contate-nos para o seu pr\u00f3ximo projeto de pesquisa de mercado da Van Westendorp.<\/p>","protected":false},"author":1,"featured_media":62642,"parent":27462,"menu_order":42,"comment_status":"closed","ping_status":"closed","template":"","meta":{"footnotes":""},"class_list":["post-41239","page","type-page","status-publish","has-post-thumbnail"],"_links":{"self":[{"href":"https:\/\/www.sisinternational.com\/pt\/wp-json\/wp\/v2\/pages\/41239","targetHints":{"allow":["GET"]}}],"collection":[{"href":"https:\/\/www.sisinternational.com\/pt\/wp-json\/wp\/v2\/pages"}],"about":[{"href":"https:\/\/www.sisinternational.com\/pt\/wp-json\/wp\/v2\/types\/page"}],"author":[{"embeddable":true,"href":"https:\/\/www.sisinternational.com\/pt\/wp-json\/wp\/v2\/users\/1"}],"replies":[{"embeddable":true,"href":"https:\/\/www.sisinternational.com\/pt\/wp-json\/wp\/v2\/comments?post=41239"}],"version-history":[{"count":7,"href":"https:\/\/www.sisinternational.com\/pt\/wp-json\/wp\/v2\/pages\/41239\/revisions"}],"predecessor-version":[{"id":77682,"href":"https:\/\/www.sisinternational.com\/pt\/wp-json\/wp\/v2\/pages\/41239\/revisions\/77682"}],"up":[{"embeddable":true,"href":"https:\/\/www.sisinternational.com\/pt\/wp-json\/wp\/v2\/pages\/27462"}],"wp:featuredmedia":[{"embeddable":true,"href":"https:\/\/www.sisinternational.com\/pt\/wp-json\/wp\/v2\/media\/62642"}],"wp:attachment":[{"href":"https:\/\/www.sisinternational.com\/pt\/wp-json\/wp\/v2\/media?parent=41239"}],"curies":[{"name":"wp","href":"https:\/\/api.w.org\/{rel}","templated":true}]}}