{"id":41228,"date":"2023-01-16T04:19:27","date_gmt":"2023-01-16T04:19:27","guid":{"rendered":"https:\/\/www.sisinternational.com\/?page_id=41228"},"modified":"2026-01-27T15:20:06","modified_gmt":"2026-01-27T20:20:06","slug":"analise-discriminante-pesquisa-de-mercado","status":"publish","type":"page","link":"https:\/\/www.sisinternational.com\/pt\/solucoes\/solucoes-de-pesquisa-quantitativa-qualitativa\/analise-discriminante-pesquisa-de-mercado\/","title":{"rendered":"Pesquisa de Mercado de An\u00e1lise Discriminante"},"content":{"rendered":"<h1 class=\"wp-block-heading\">Pesquisa de Mercado de An\u00e1lise Discriminante<\/h1>\n\n\n\n<figure class=\"gb-block-image gb-block-image-f0ffc33a\"><img loading=\"lazy\" decoding=\"async\" width=\"1456\" height=\"816\" class=\"gb-image gb-image-f0ffc33a\" src=\"https:\/\/www.sisinternational.com\/wp-content\/uploads\/2025\/10\/Strategy-consulting-2.jpg\" srcset=\"https:\/\/www.sisinternational.com\/wp-content\/uploads\/2025\/10\/Strategy-consulting-2.jpg 1456w, https:\/\/www.sisinternational.com\/wp-content\/uploads\/2025\/10\/Strategy-consulting-2-300x168.jpg 300w, https:\/\/www.sisinternational.com\/wp-content\/uploads\/2025\/10\/Strategy-consulting-2-1024x574.jpg 1024w, https:\/\/www.sisinternational.com\/wp-content\/uploads\/2025\/10\/Strategy-consulting-2-768x430.jpg 768w, https:\/\/www.sisinternational.com\/wp-content\/uploads\/2025\/10\/Strategy-consulting-2-18x10.jpg 18w\" sizes=\"auto, (max-width: 1456px) 100vw, 1456px\" alt=\"Pesquisa e Estrat\u00e9gia de Mercado Internacional da SIS\"><\/figure>\n\n\n\n<p><\/p>\n\n\n\n<h2 class=\"wp-block-heading\">O que \u00e9 an\u00e1lise discriminante?<\/h2>\n\n\n\n<p>A An\u00e1lise Discriminante (AD) \u00e9 uma t\u00e9cnica usada em Estat\u00edstica para classificar resultados. Eles colocam essas descobertas em grupos n\u00e3o sobrepostos com base nas pontua\u00e7\u00f5es de uma ou mais vari\u00e1veis preditoras quantitativas. Como o pr\u00f3prio nome sugere, \u00e9 uma forma de discriminar ou classificar resultados. Tr\u00eas pessoas compartilham o cr\u00e9dito por dar \u00e0 luz DA. Estes s\u00e3o Mahalanobis na \u00cdndia, Fisher no Reino Unido e Hotelling nos EUA.<\/p>\n\n\n\n<p>Um m\u00e9dico pode realizar uma DA para encontrar pacientes com alto ou baixo risco de acidente vascular cerebral. A an\u00e1lise pode classific\u00e1-los em grupos de alto ou baixo risco. Pode basear esses grupos em atributos pessoais, como massa corporal ou n\u00edvel de colesterol. Ou podem basear-se em comportamentos de estilo de vida. Por exemplo, pode classific\u00e1-los com base no n\u00famero de cigarros por dia ou sess\u00f5es semanais de exerc\u00edcios.<\/p>\n\n\n\n<p>Voc\u00ea pode usar o DA para objetivos preditivos ou descritivos. As etapas envolvidas s\u00e3o as seguintes:<\/p>\n\n\n\n<ul class=\"wp-block-list\">\n<li>Encontre o problema<\/li>\n\n\n\n<li>Estime os coeficientes da fun\u00e7\u00e3o discriminante<\/li>\n\n\n\n<li>Descubra a import\u00e2ncia dessas fun\u00e7\u00f5es discriminantes<\/li>\n\n\n\n<li>Interprete os resultados<\/li>\n\n\n\n<li>Avalie a validade dos resultados<\/li>\n<\/ul>\n\n\n\n<h2 class=\"wp-block-heading\">Por que a an\u00e1lise discriminante \u00e9 importante?<\/h2>\n\n\n\n<p><a href=\"https:\/\/www.sisinternational.com\/pt\/pericia\/industrias\/analise-multivariada-pesquisa-de-mercado\/\" title=\"Pesquisa de Mercado de An\u00e1lise Multivariada\"  data-wpil-monitor-id=\"5029\">Researchers use the Discriminant Analysis<\/a> process to help them understand the connection between a \u201cdependent variable\u201d and one or more \u201cindependent variables.\u201d A dependent variable is one that a researcher tries to explain or predict from the values of the independent variables. Sometimes the dependent variable is divided into several categories (categorical variable).<\/p>\n\n\n\n<p>DA pega vari\u00e1veis independentes cont\u00ednuas e desenvolve um relacionamento ou equa\u00e7\u00f5es preditivas. Os pesquisadores usam essas equa\u00e7\u00f5es para colocar as vari\u00e1veis dependentes em grupos.<\/p>\n\n\n\n<p>Quando a vari\u00e1vel dependente possui duas categorias, o tipo utilizado \u00e9 a An\u00e1lise Discriminante de dois grupos. Caso possua tr\u00eas ou mais categorias, o tipo utilizado \u00e9 a An\u00e1lise Discriminante M\u00faltipla. H\u00e1 tamb\u00e9m An\u00e1lise Discriminante Linear (LDA) e An\u00e1lise Discriminante Quadr\u00e1tica (QDA).<\/p>\n\n\n\n<p>Aqui est\u00e1 a principal distin\u00e7\u00e3o entre os tipos de An\u00e1lise Discriminante. Para dois grupos, s\u00f3 \u00e9 poss\u00edvel derivar uma Fun\u00e7\u00e3o Discriminante. Este tipo de DA \u00e9 conhecido como An\u00e1lise de Fun\u00e7\u00e3o Discriminante. No caso de an\u00e1lises discriminantes m\u00faltiplas, voc\u00ea pode calcular mais de uma Fun\u00e7\u00e3o Discriminante.<\/p>\n\n\n\n<p>DA pretende responder \u00e0s seguintes quest\u00f5es:<\/p>\n\n\n\n<ul class=\"wp-block-list\">\n<li>Onde os agrupamentos esperados e observados diferem?<\/li>\n\n\n\n<li>Qu\u00e3o estatisticamente significativa \u00e9 a diferen\u00e7a entre os dois?<\/li>\n<\/ul>\n\n\n\n<p>It is a robust <a href=\"https:\/\/www.sisinternational.com\/pt\/solucoes\/solucoes-de-pesquisa-quantitativa-qualitativa\/pesquisa-de-mercado-de-analise-de-cluster\/\" title=\"Pesquisa de mercado de an\u00e1lise de cluster\"  data-wpil-monitor-id=\"6470\">research and analysis<\/a> tool, especially when researchers try to understand how groups (age cohorts, customers) or items (items, brands) differ.<\/p>\n\n\n\n<h2 class=\"wp-block-heading\">Por que as empresas precisam de an\u00e1lise discriminante<\/h2>\n\n\n\n<p>A An\u00e1lise Discriminante tem muitos benef\u00edcios, especialmente hoje na era dos dados. Este m\u00e9todo \u00e9 uma vantagem comprovada. Por causa disso, muitas empresas podem agora impulsionar o crescimento, os lucros e a competitividade.<\/p>\n\n\n\n<p>Muitos exemplos podem explicar quando o DA se encaixa. Por exemplo, voc\u00ea pode us\u00e1-lo para descobrir como os usu\u00e1rios leves, m\u00e9dios ou pesados de refrigerantes diferem no consumo de alimentos congelados.<\/p>\n\n\n\n<p>\u00c9 uma ferramenta popular porque tem uso generalizado em diferentes setores. As empresas podem us\u00e1-lo para analisar problemas espec\u00edficos. Eles devem determinar qual vari\u00e1vel independente tem o resultado mais significativo em uma vari\u00e1vel dependente.<\/p>\n\n\n\n<h2 class=\"wp-block-heading\">Sobre An\u00e1lise Discriminante<\/h2>\n\n\n\n<p>Voc\u00ea pode comparar a An\u00e1lise Discriminante com a An\u00e1lise de Regress\u00e3o para saber como ela identifica o grau em que os objetos aderem \u00e0s condi\u00e7\u00f5es de determinados grupos.<\/p>\n\n\n\n<p>Voc\u00ea tamb\u00e9m pode compar\u00e1-lo com a An\u00e1lise de Cluster, que \u00e9 um aprendizado n\u00e3o supervisionado. Em contraste, DA \u00e9 aprendizagem supervisionada. O pesquisador estabelece a categoria do objeto antes de inici\u00e1-lo.<\/p>\n\n\n\n<p>DA tem muitos usos. Por exemplo, voc\u00ea pode aproveit\u00e1-lo para determinar quais vari\u00e1veis preditoras est\u00e3o relacionadas \u00e0 vari\u00e1vel dependente. Voc\u00ea tamb\u00e9m pode usar o DA para prever o valor deste \u00faltimo e desenvolver mapas perceptivos.<\/p>\n\n\n\n<p>SIS International Research assists businesses all over the globe in their strategic planning. We offer market research services, and we use Discriminant Analysis across industries. We can help with your Qualitative and Quantitative Market Research. SIS also provides UX and Strategy <a href=\"https:\/\/www.sisinternational.com\/pt\/como-conduzir-analises-competitivas\/\" title=\"An\u00e1lise Competitiva em Marketing\"  data-wpil-monitor-id=\"7267\">Market Research and Competitive<\/a> Analyses.<\/p>\n\n\n\n<p><\/p>","protected":false},"excerpt":{"rendered":"<p>An\u00e1lise Discriminante Pesquisa de Mercado (DA) \u00e9 uma t\u00e9cnica usada em Estat\u00edstica para classificar resultados, uma forma de discriminar ou classificar resultados.<\/p>","protected":false},"author":1,"featured_media":71984,"parent":14660,"menu_order":36,"comment_status":"closed","ping_status":"closed","template":"","meta":{"footnotes":""},"class_list":["post-41228","page","type-page","status-publish","has-post-thumbnail"],"_links":{"self":[{"href":"https:\/\/www.sisinternational.com\/pt\/wp-json\/wp\/v2\/pages\/41228","targetHints":{"allow":["GET"]}}],"collection":[{"href":"https:\/\/www.sisinternational.com\/pt\/wp-json\/wp\/v2\/pages"}],"about":[{"href":"https:\/\/www.sisinternational.com\/pt\/wp-json\/wp\/v2\/types\/page"}],"author":[{"embeddable":true,"href":"https:\/\/www.sisinternational.com\/pt\/wp-json\/wp\/v2\/users\/1"}],"replies":[{"embeddable":true,"href":"https:\/\/www.sisinternational.com\/pt\/wp-json\/wp\/v2\/comments?post=41228"}],"version-history":[{"count":6,"href":"https:\/\/www.sisinternational.com\/pt\/wp-json\/wp\/v2\/pages\/41228\/revisions"}],"predecessor-version":[{"id":80917,"href":"https:\/\/www.sisinternational.com\/pt\/wp-json\/wp\/v2\/pages\/41228\/revisions\/80917"}],"up":[{"embeddable":true,"href":"https:\/\/www.sisinternational.com\/pt\/wp-json\/wp\/v2\/pages\/14660"}],"wp:featuredmedia":[{"embeddable":true,"href":"https:\/\/www.sisinternational.com\/pt\/wp-json\/wp\/v2\/media\/71984"}],"wp:attachment":[{"href":"https:\/\/www.sisinternational.com\/pt\/wp-json\/wp\/v2\/media?parent=41228"}],"curies":[{"name":"wp","href":"https:\/\/api.w.org\/{rel}","templated":true}]}}