{"id":41223,"date":"2023-01-16T04:07:39","date_gmt":"2023-01-16T04:07:39","guid":{"rendered":"https:\/\/www.sisinternational.com\/?page_id=41223"},"modified":"2026-01-27T15:20:07","modified_gmt":"2026-01-27T20:20:07","slug":"pesquisa-de-mercado-de-analise-de-cluster","status":"publish","type":"page","link":"https:\/\/www.sisinternational.com\/pt\/solucoes\/solucoes-de-pesquisa-quantitativa-qualitativa\/pesquisa-de-mercado-de-analise-de-cluster\/","title":{"rendered":"Pesquisa de mercado de an\u00e1lise de cluster"},"content":{"rendered":"<h1 class=\"wp-block-heading\">O que \u00e9 an\u00e1lise de cluster?<\/h1>\n\n\n\n<figure class=\"gb-block-image gb-block-image-9bf2cb72\"><img loading=\"lazy\" decoding=\"async\" width=\"1456\" height=\"816\" class=\"gb-image gb-image-9bf2cb72\" src=\"https:\/\/www.sisinternational.com\/wp-content\/uploads\/2025\/10\/Pricing-Analytics-1.jpg\" srcset=\"https:\/\/www.sisinternational.com\/wp-content\/uploads\/2025\/10\/Pricing-Analytics-1.jpg 1456w, https:\/\/www.sisinternational.com\/wp-content\/uploads\/2025\/10\/Pricing-Analytics-1-300x168.jpg 300w, https:\/\/www.sisinternational.com\/wp-content\/uploads\/2025\/10\/Pricing-Analytics-1-1024x574.jpg 1024w, https:\/\/www.sisinternational.com\/wp-content\/uploads\/2025\/10\/Pricing-Analytics-1-768x430.jpg 768w, https:\/\/www.sisinternational.com\/wp-content\/uploads\/2025\/10\/Pricing-Analytics-1-18x10.jpg 18w\" sizes=\"auto, (max-width: 1456px) 100vw, 1456px\" alt=\"Pesquisa e Estrat\u00e9gia de Mercado Internacional da SIS\"><\/figure>\n\n\n\n<p><\/p>\n\n\n\n<p>An\u00e1lise de Cluster \u00e9 uma t\u00e9cnica que explora os grupos naturais dentro de um conjunto de dados. Por exemplo, um caso de uso simples \u00e9 agrupar pontos de venda com base em suas vendas. Suponha que uma f\u00e1brica tenha oito pontos de venda na cidade. A tabela abaixo mostra as vendas de roseiras e orqu\u00eddeas por dia.<\/p>\n\n\n\n<p>Este exemplo tem pontos de dados limitados. Assim, foi f\u00e1cil tra\u00e7ar os dois grupos de lojas de f\u00e1brica no gr\u00e1fico e ver os recursos visuais. Quando se trata de milhares de pontos de dados, voc\u00ea precisar\u00e1 usar algoritmos de an\u00e1lise de cluster. Eles ir\u00e3o segregar ainda mais os pontos de dados em diferentes clusters.<\/p>\n\n\n\n<h2 class=\"wp-block-heading\">Por que a an\u00e1lise de cluster \u00e9 importante?<\/h2>\n\n\n\n<p>Com o clustering, os pesquisadores podem identificar e definir padr\u00f5es entre os elementos de dados. Al\u00e9m disso, revelar esses padr\u00f5es entre pontos de dados ajuda a distinguir e delinear estruturas. Essas estruturas podem n\u00e3o ter sido evidentes antes. No entanto, eles s\u00e3o not\u00e1veis pelos dados uma vez descobertos. A tomada de decis\u00f5es informadas torna-se muito mais f\u00e1cil quando surge uma estrutura definida.<\/p>\n\n\n\n<h2 class=\"wp-block-heading\">Cargo principal - Cientista de Dados<\/h2>\n\n\n\n<p>Os cientistas de dados devem conhecer estat\u00edsticas, matem\u00e1tica, an\u00e1lise de neg\u00f3cios, modelagem e tecnologia. Al\u00e9m disso, devem transformar grandes volumes de dados complexos em solu\u00e7\u00f5es anal\u00edticas avan\u00e7adas. Esses cientistas desenvolvem, mant\u00eam e coletam conjuntos de dados estruturados e n\u00e3o estruturados. Eles usam esses conjuntos para analisar, relatar e criar proje\u00e7\u00f5es, modelos, relat\u00f3rios e exibi\u00e7\u00f5es. Eles apoiam as t\u00e1ticas e estrat\u00e9gias de neg\u00f3cios da empresa.<\/p>\n\n\n\n<h2 class=\"wp-block-heading\">Por que as empresas precisam de an\u00e1lise de cluster<\/h2>\n\n\n\n<p>A An\u00e1lise de Cluster ajuda as empresas a determinar a resposta do cliente aos seus produtos e servi\u00e7os. Ele organiza os clientes com os mesmos atributos em um cluster. Assim, permite que as empresas organizem seus servi\u00e7os. Eles tamb\u00e9m podem oferecer produtos espec\u00edficos para diferentes grupos. \u00c9 \u00fatil para as empresas compreender o comportamento do consumidor. Eles aprendem coisas como os gostos dos clientes. Eles tamb\u00e9m podem ver sua resposta a produtos e servi\u00e7os e padr\u00f5es de compra.<\/p>\n\n\n\n<h2 class=\"wp-block-heading\">Principais fatores de sucesso<\/h2>\n\n\n\n<p>Um m\u00e9todo adequado produzir\u00e1 clusters de alta qualidade. Assim, suas descobertas devem ser semelhantes para um \u00fanico grupo. O oposto deve acontecer quando houver mais de um cluster. A qualidade dos conjuntos depende do m\u00e9todo e de como voc\u00ea o executa. Sua abordagem tamb\u00e9m deve descobrir alguns ou todos os padr\u00f5es ocultos que possam existir nos dados. A medida mais comum para clusters \u00e9 a dist\u00e2ncia euclidiana. Mostra a que dist\u00e2ncia o centro de um grupo est\u00e1 do centro de outro conjunto.<\/p>\n\n\n\n<h2 class=\"wp-block-heading\">Sobre a pesquisa de mercado de an\u00e1lise de cluster<\/h2>\n\n\n\n<p>A pesquisa qualitativa de mercado acrescenta profundidade. Mas pode produzir grandes quantidades de dados complexos, mesmo com amostras pequenas. Voc\u00ea pode aplicar a An\u00e1lise de Cluster a dados qualitativos codificados para esclarecer as descobertas. Ajudar\u00e1 nos seus esfor\u00e7os para revelar coisas como os motivos dos participantes para as suas a\u00e7\u00f5es. Tamb\u00e9m mostrar\u00e1 as raz\u00f5es por tr\u00e1s das descobertas que, na capa, n\u00e3o fazem sentido. Estudos realizados com amostras diferentes geralmente produzem toneladas de dados qualitativos. Mas eles podem precisar de mais tamanhos de amostra para pesquisas quantitativas de mercado avan\u00e7adas.<\/p>\n\n\n\n<p>UX Market Research is also crucial. You can gain insights with User Interviews, <a href=\"https:\/\/www.sisinternational.com\/pt\/solucoes\/solucoes-de-pesquisa-quantitativa-qualitativa\/k-means-cluster-analysis-in-market-research\/\" title=\"K-Means Cluster Analysis in Market Research\"  data-wpil-monitor-id=\"1604\">Pesquisa de entrada no mercado<\/a>, Analytics, and Surveys. Combining these tactics should provide a solid overview of your user base.<\/p>\n\n\n\n<p>Cluster Analysis is also great for <a href=\"https:\/\/www.sisinternational.com\/pt\/solucoes\/solucoes-de-pesquisa-quantitativa-qualitativa\/mastering-conjoint-analysis-research-strategies-for-market-success\/\" title=\"Conjoint Analysis Research\"  data-wpil-monitor-id=\"1024\">Pesquisa de oportunidades de mercado<\/a>. You can find <a href=\"https:\/\/www.sisinternational.com\/pt\/como-conduzir-analises-competitivas\/\" title=\"An\u00e1lise Competitiva em Marketing\"  data-wpil-monitor-id=\"7273\">competitive sets in your market<\/a> by clustering products and brands. Brands within a cluster compete more with one another than brands in another group. As a company, you can examine your current offerings and compare them to those of rival firms. That way, they can see what\u2019s possible with new product opportunities.<\/p>\n\n\n\n<p>A an\u00e1lise de cluster \u00e9 funcional. Muitos pesquisadores de mercado o utilizam para posicionamento e segmenta\u00e7\u00e3o de mercado. Eles tamb\u00e9m o utilizam para encontrar mercados de teste para novos produtos. Existem v\u00e1rios programas de software para auxiliar na parte de an\u00e1lise. Mas \u00e9 melhor fazer parceria com um pesquisador de mercado qualificado que possa elaborar o estudo para coletar os dados relevantes. Dessa forma, voc\u00ea pode ter certeza de que seus dados v\u00eam de amostras de tamanhos adequados e representativos.<\/p>\n\n\n\n<p><\/p>","protected":false},"excerpt":{"rendered":"<p>A pesquisa de mercado de an\u00e1lise de cluster \u00e9 funcional e \u00e9 usada para posicionamento e segmenta\u00e7\u00e3o de mercado e para encontrar mercados de teste para novos produtos. <\/p>","protected":false},"author":1,"featured_media":71795,"parent":14660,"menu_order":35,"comment_status":"closed","ping_status":"closed","template":"","meta":{"footnotes":""},"class_list":["post-41223","page","type-page","status-publish","has-post-thumbnail"],"_links":{"self":[{"href":"https:\/\/www.sisinternational.com\/pt\/wp-json\/wp\/v2\/pages\/41223","targetHints":{"allow":["GET"]}}],"collection":[{"href":"https:\/\/www.sisinternational.com\/pt\/wp-json\/wp\/v2\/pages"}],"about":[{"href":"https:\/\/www.sisinternational.com\/pt\/wp-json\/wp\/v2\/types\/page"}],"author":[{"embeddable":true,"href":"https:\/\/www.sisinternational.com\/pt\/wp-json\/wp\/v2\/users\/1"}],"replies":[{"embeddable":true,"href":"https:\/\/www.sisinternational.com\/pt\/wp-json\/wp\/v2\/comments?post=41223"}],"version-history":[{"count":6,"href":"https:\/\/www.sisinternational.com\/pt\/wp-json\/wp\/v2\/pages\/41223\/revisions"}],"predecessor-version":[{"id":80920,"href":"https:\/\/www.sisinternational.com\/pt\/wp-json\/wp\/v2\/pages\/41223\/revisions\/80920"}],"up":[{"embeddable":true,"href":"https:\/\/www.sisinternational.com\/pt\/wp-json\/wp\/v2\/pages\/14660"}],"wp:featuredmedia":[{"embeddable":true,"href":"https:\/\/www.sisinternational.com\/pt\/wp-json\/wp\/v2\/media\/71795"}],"wp:attachment":[{"href":"https:\/\/www.sisinternational.com\/pt\/wp-json\/wp\/v2\/media?parent=41223"}],"curies":[{"name":"wp","href":"https:\/\/api.w.org\/{rel}","templated":true}]}}