{"id":41221,"date":"2023-01-16T03:48:50","date_gmt":"2023-01-16T03:48:50","guid":{"rendered":"https:\/\/www.sisinternational.com\/?page_id=41221"},"modified":"2026-01-26T14:24:01","modified_gmt":"2026-01-26T19:24:01","slug":"pesquisa-de-mercado-de-modelagem-de-escolha","status":"publish","type":"page","link":"https:\/\/www.sisinternational.com\/pt\/solucoes\/solucoes-de-pesquisa-quantitativa-qualitativa\/pesquisa-de-mercado-de-modelagem-de-escolha\/","title":{"rendered":"Pesquisa de mercado de modelagem de escolha"},"content":{"rendered":"<h1 class=\"wp-block-heading\">Pesquisa de mercado de modelagem de escolha<\/h1>\n\n\n<div class=\"wp-block-image\">\n<figure class=\"aligncenter size-large\"><img loading=\"lazy\" decoding=\"async\" width=\"1024\" height=\"574\" src=\"https:\/\/www.sisinternational.com\/wp-content\/uploads\/2025\/10\/analysis-analytics-research-11-1024x574.jpg\" alt=\"Pesquisa e Estrat\u00e9gia de Mercado Internacional da SIS\" class=\"wp-image-71909\" srcset=\"https:\/\/www.sisinternational.com\/wp-content\/uploads\/2025\/10\/analysis-analytics-research-11-1024x574.jpg 1024w, https:\/\/www.sisinternational.com\/wp-content\/uploads\/2025\/10\/analysis-analytics-research-11-300x168.jpg 300w, https:\/\/www.sisinternational.com\/wp-content\/uploads\/2025\/10\/analysis-analytics-research-11-768x430.jpg 768w, https:\/\/www.sisinternational.com\/wp-content\/uploads\/2025\/10\/analysis-analytics-research-11-18x10.jpg 18w, https:\/\/www.sisinternational.com\/wp-content\/uploads\/2025\/10\/analysis-analytics-research-11.jpg 1456w\" sizes=\"auto, (max-width: 1024px) 100vw, 1024px\" \/><\/figure>\n<\/div>\n\n\n<p><\/p>\n\n\n\n<p>A Pesquisa Quantitativa de Mercado \u00e9 um m\u00e9todo de pesquisa aberto baseado em perguntas. Baseia-se em entrevistas aprofundadas, grupos focais e outras t\u00e9cnicas de vanguarda. Qual \u00e9 a diferen\u00e7a entre pesquisa quantitativa e qualitativa?<\/p>\n\n\n\n<p>A pesquisa quantitativa de marketing faz perguntas com valor num\u00e9rico. Por exemplo, \u201cEm uma escala de 1 a 5, como foi sua experi\u00eancia de atendimento ao cliente? Outra pergunta poderia ser: \u201cQual \u00e9 o seu sal\u00e1rio anual?\u201d<\/p>\n\n\n\n<p>A Pesquisa Qualitativa faz perguntas que n\u00e3o podem ser reduzidas a um n\u00famero. Por exemplo, \u201cQual \u00e9 o seu cargo?\u201d ou \u201cO que voc\u00ea mais gostou em nosso servi\u00e7o hoje?\u201d<\/p>\n\n\n\n<p>O pesquisador que busca resultados cient\u00edficos se apoiar\u00e1 na Pesquisa Quantitativa. Tende a ser mais imparcial. Eles escolhem porque \u00e9:<\/p>\n\n\n\n<ul class=\"wp-block-list\">\n<li>Mais f\u00e1cil de controlar os dados<\/li>\n\n\n\n<li>Imparcial e cient\u00edfico<\/li>\n\n\n\n<li>Adequado para um p\u00fablico maior<\/li>\n\n\n\n<li>Mais amplamente aceito<\/li>\n\n\n\n<li>Mais focado porque os pesquisadores costumam us\u00e1-lo para testar uma teoria.<\/li>\n<\/ul>\n\n\n\n<h2 class=\"wp-block-heading\">O que \u00e9 pesquisa de mercado de modelagem de escolha?<\/h2>\n\n\n\n<p><a href=\"https:\/\/www.sisinternational.com\/pt\/solucoes\/solucoes-de-pesquisa-quantitativa-qualitativa\/enhancing-product-appeal-through-consumer-choice-modeling\/\" title=\"Consumer Choice Modeling\"  data-wpil-monitor-id=\"1190\">Choice Modeling is a Quantitative Research<\/a> technique used to measure what consumers like. It\u2019s different from standard Surveys and Market Research methods. Moreover, these methods only capture a rough picture of consumer intentions, often not supported by science. Choice Modeling uses a controlled trial run, which finds and measures the factors that lead to a decision. It does so even outside the conscious awareness of the respondents.<\/p>\n\n\n\n<h2 class=\"wp-block-heading\">Por que a modelagem de escolha \u00e9 importante?<\/h2>\n\n\n\n<p>Choice Modeling allows firms to gauge consumer demand. It tells them why they make the choices they do. You can apply Choice Modeling in many ways. You can use it to measure the demand for an existing product or <a href=\"https:\/\/www.sisinternational.com\/pt\/industry-forecast\/financial-services-forecast\/\" title=\"Financial Services Forecast\"  data-wpil-monitor-id=\"3826\">service or to forecast<\/a> the need for new ones. It allows you to explore vast numbers of possible configurations to the order of many, many trillions. <a href=\"https:\/\/www.sisinternational.com\/pt\/solucoes\/solucoes-de-pesquisa-quantitativa-qualitativa\/discrete-choice-in-market-research\/\" title=\"Discrete Choice in Market Research\"  data-wpil-monitor-id=\"899\">Modelagem de Escolha<\/a> would not work with standard research methods.<\/p>\n\n\n\n<h2 class=\"wp-block-heading\">Por que as empresas precisam de modelagem de escolha?<\/h2>\n\n\n\n<p>A modelagem de escolha informa o que \u00e9 importante para seus compradores e potenciais compradores. Ele acompanha suas a\u00e7\u00f5es na tomada de decis\u00f5es de compra. Comece a usar o Choice Modeling hoje para testar os recursos do produto quanto ao valor impl\u00edcito. Use-o para verificar o sucesso de campanhas de marketing, definir estrat\u00e9gias de pre\u00e7os e muito mais. A SIS International tem uma variedade de servi\u00e7os dispon\u00edveis, incluindo pesquisa de mercado UX e planejamento de estrat\u00e9gia Go-To-Market.<\/p>\n\n\n\n<h2 class=\"wp-block-heading\">Sobre a pesquisa de mercado de modelagem de escolha<\/h2>\n\n\n\n<p>Os m\u00e9todos padr\u00e3o podem economizar muito tempo e energia. No entanto, os dados podem n\u00e3o ser t\u00e3o espec\u00edficos para o seu p\u00fablico quanto voc\u00ea gostaria. Use o Choice Modeling para responder perguntas sobre tend\u00eancias do setor, renda familiar e dados demogr\u00e1ficos.<\/p>\n\n\n\n<p>Voc\u00ea pode conduzir pesquisas qualitativas de mercado de v\u00e1rias maneiras. Por exemplo, voc\u00ea pode usar grupos focais, pesquisas e entrevistas aprofundadas. Os pesquisadores fazem uso extensivo de entrevistas em pesquisas de marketing. Eles s\u00e3o uma das formas de coleta de dados mais utilizadas em pesquisas quantitativas de marketing.<\/p>\n\n\n\n<p>As pesquisas online s\u00e3o outra t\u00e9cnica comum de pesquisa de mercado. Eles s\u00e3o vitais para coletar feedback do p\u00fablico. Eles funcionam bem para grandes p\u00fablicos. Mas a Modelagem de Escolha lhe d\u00e1 os detalhes. Os pesquisadores o usaram para observar os efeitos de mudan\u00e7as sutis no layout e no texto. Eles at\u00e9 o usaram para medir o valor monet\u00e1rio direto das marcas.<\/p>\n\n\n\n<h2 class=\"wp-block-heading\">Contratando um pesquisador para o seu neg\u00f3cio<\/h2>\n\n\n\n<p>Perguntar voc\u00ea mesmo aos clientes pode lhe dar uma ideia detalhada de seu mercado-alvo. Por\u00e9m, a pesquisa direta pode ser cara e demorada. Mas cada t\u00e1tica tem vantagens e desvantagens. Pesquisadores qualificados sabem como lidar com cada m\u00e9todo para obter os melhores resultados.<\/p>\n\n\n\n<p>The right mix will address the unique needs of your firm. It will consider the timeframe, desired impact, scope, and budget. There\u2019s no one-size-fits-all answer. Resist the urge to base your approach only on what your <a href=\"https:\/\/www.sisinternational.com\/pt\/solucoes\/solucoes-de-branding-e-pesquisa-de-clientes\/pesquisa-de-mercado-para-contar-historias\/\" title=\"Pesquisa de mercado para contar hist\u00f3rias\"  data-wpil-monitor-id=\"5953\">market researcher tells<\/a> you. Instead, work along with them to figure out what your business requires. It will also help you figure out what the market research process demands.<\/p>\n\n\n\n<p><\/p>","protected":false},"excerpt":{"rendered":"<p> Pesquisa de mercado de modelagem de escolha; uma t\u00e9cnica de pesquisa quantitativa usada para medir o que os consumidores gostam \u2014 diferente das pesquisas padr\u00e3o.<\/p>","protected":false},"author":1,"featured_media":71909,"parent":14660,"menu_order":34,"comment_status":"closed","ping_status":"closed","template":"","meta":{"footnotes":""},"class_list":["post-41221","page","type-page","status-publish","has-post-thumbnail"],"_links":{"self":[{"href":"https:\/\/www.sisinternational.com\/pt\/wp-json\/wp\/v2\/pages\/41221","targetHints":{"allow":["GET"]}}],"collection":[{"href":"https:\/\/www.sisinternational.com\/pt\/wp-json\/wp\/v2\/pages"}],"about":[{"href":"https:\/\/www.sisinternational.com\/pt\/wp-json\/wp\/v2\/types\/page"}],"author":[{"embeddable":true,"href":"https:\/\/www.sisinternational.com\/pt\/wp-json\/wp\/v2\/users\/1"}],"replies":[{"embeddable":true,"href":"https:\/\/www.sisinternational.com\/pt\/wp-json\/wp\/v2\/comments?post=41221"}],"version-history":[{"count":7,"href":"https:\/\/www.sisinternational.com\/pt\/wp-json\/wp\/v2\/pages\/41221\/revisions"}],"predecessor-version":[{"id":79625,"href":"https:\/\/www.sisinternational.com\/pt\/wp-json\/wp\/v2\/pages\/41221\/revisions\/79625"}],"up":[{"embeddable":true,"href":"https:\/\/www.sisinternational.com\/pt\/wp-json\/wp\/v2\/pages\/14660"}],"wp:featuredmedia":[{"embeddable":true,"href":"https:\/\/www.sisinternational.com\/pt\/wp-json\/wp\/v2\/media\/71909"}],"wp:attachment":[{"href":"https:\/\/www.sisinternational.com\/pt\/wp-json\/wp\/v2\/media?parent=41221"}],"curies":[{"name":"wp","href":"https:\/\/api.w.org\/{rel}","templated":true}]}}