{"id":41219,"date":"2023-01-16T03:29:33","date_gmt":"2023-01-16T03:29:33","guid":{"rendered":"https:\/\/www.sisinternational.com\/?page_id=41219"},"modified":"2026-03-12T21:51:45","modified_gmt":"2026-03-13T01:51:45","slug":"pesquisa-de-mercado-de-posicionamento-de-marca","status":"publish","type":"page","link":"https:\/\/www.sisinternational.com\/pt\/solucoes\/solucoes-de-branding-e-pesquisa-de-clientes\/pesquisa-de-mercado-de-posicionamento-de-marca\/","title":{"rendered":"Pesquisa de mercado de posicionamento de marca"},"content":{"rendered":"<h1 class=\"wp-block-heading\">Pesquisa de mercado de posicionamento de marca<\/h1>\n\n\n\n<figure class=\"gb-block-image gb-block-image-86df8dd6\"><img loading=\"lazy\" decoding=\"async\" width=\"1456\" height=\"816\" class=\"gb-image gb-image-86df8dd6\" src=\"https:\/\/www.sisinternational.com\/wp-content\/uploads\/2025\/08\/Strategy-consulting-11.jpg\" alt=\"Pesquisa e Estrat\u00e9gia de Mercado Internacional da SIS\" title=\"Strategy consulting (11)\" srcset=\"https:\/\/www.sisinternational.com\/wp-content\/uploads\/2025\/08\/Strategy-consulting-11.jpg 1456w, https:\/\/www.sisinternational.com\/wp-content\/uploads\/2025\/08\/Strategy-consulting-11-300x168.jpg 300w, https:\/\/www.sisinternational.com\/wp-content\/uploads\/2025\/08\/Strategy-consulting-11-1024x574.jpg 1024w, https:\/\/www.sisinternational.com\/wp-content\/uploads\/2025\/08\/Strategy-consulting-11-768x430.jpg 768w, https:\/\/www.sisinternational.com\/wp-content\/uploads\/2025\/08\/Strategy-consulting-11-18x10.jpg 18w\" sizes=\"auto, (max-width: 1456px) 100vw, 1456px\"><\/figure>\n\n\n\n<hr class=\"wp-block-separator has-alpha-channel-opacity is-style-dots\"\/>\n\n\n\n<h2 class=\"wp-block-heading p1\">O que \u00e9 posicionamento de marca?<\/h2>\n\n\n\n<p class=\"p2\">O Posicionamento da Marca est\u00e1 relacionado ao valor \u00fanico que uma marca apresenta ao seu cliente. De acordo com o mestre de marketing Philip Kotler, Posicionamento de Marca \u00e9 \u201co ato de projetar a oferta e a imagem da empresa para ocupar um lugar distinto na mente do mercado-alvo\u201d. O Posicionamento da Marca, em outras palavras, descreve como uma marca \u00e9 diferente. Mostra o que diferencia sua marca de seus concorrentes e nos diz onde ou como ela se posiciona na mente dos clientes.<\/p>\n\n\n\n<p class=\"p2\">Companies use UX <a title=\"Pesquisa de mercado de ativa\u00e7\u00e3o de marca\" href=\"https:\/\/www.sisinternational.com\/pt\/garantindo-que-os-clientes-se-lembrem-de-sua-mensagem\/\" data-wpil-monitor-id=\"2288\">Market Research to define the brand<\/a> position. They examine how potential and current customers interact with the Brand. They also use data to fuel the next steps. This type of <a title=\"Pesquisa de mercado de marca e fideliza\u00e7\u00e3o de clientes\" href=\"https:\/\/www.sisinternational.com\/pt\/pesquisa-de-marca-sis-e-fidelizacao-de-clientes\/\" data-wpil-monitor-id=\"2517\">Brand Positioning Strategy Market Research<\/a> is powerful. <a title=\"Pesquisa de Mercado Municipal\" href=\"https:\/\/www.sisinternational.com\/pt\/pericia\/industrias\/pesquisa-de-mercado-municipal\/\" data-wpil-monitor-id=\"3477\">Research allows advertising and marketing<\/a> teams to understand their market of interest better. It\u2019s better than making assumptions or resorting to what worked in the past.<\/p>\n\n\n\n<h2 class=\"wp-block-heading p1\">Por que o posicionamento da marca \u00e9 importante?<\/h2>\n\n\n\n<p class=\"p2\">As estrat\u00e9gias de posicionamento de marca t\u00eam liga\u00e7\u00e3o direta com a fideliza\u00e7\u00e3o do consumidor. Por que? Porque eles moldam as prefer\u00eancias do consumidor. Eles tamb\u00e9m t\u00eam uma liga\u00e7\u00e3o com o valor da marca baseado no consumidor. Esses clientes demonstraram vontade de comprar a Marca.<\/p>\n\n\n\n<p class=\"p2\">Outra ferramenta que as empresas utilizam \u00e9 a An\u00e1lise Competitiva para coletar e estudar dados sobre seus concorrentes. Na verdade, ajuda-os a avaliar a sua posi\u00e7\u00e3o no mercado e a melhorar os seus produtos. Assim, eles melhoram suas estrat\u00e9gias de marketing.<\/p>\n\n\n\n<p class=\"p2\">O posicionamento da marca \u00e9 essencial para uma empresa. Isso lhes d\u00e1 uma maneira direta de compartilhar o valor que sua marca agrega aos clientes. \u00c9 interno, atrav\u00e9s de uma Declara\u00e7\u00e3o de Posicionamento de Marca. Tamb\u00e9m \u00e9 externo, por meio de diversas estrat\u00e9gias de marketing.<\/p>\n\n\n\n<h2 class=\"wp-block-heading p1\">Por que as empresas precisam de posicionamento de marca<\/h2>\n\n\n\n<p class=\"p2\">A logo or tagline alone won\u2019t do the job of <a title=\"Construindo Marcas Chinesas\" href=\"https:\/\/www.sisinternational.com\/pt\/criando-uma-marca-global-para-a-china-2\/\" data-wpil-monitor-id=\"3665\">building a solid brand<\/a>. You have to think about how customers will see you. What will make you different from other firms offering similar products or services? That\u2019s why it\u2019s essential to be strategic about positioning. Ensure that your Brand appeals to the right audience.<\/p>\n\n\n\n<p class=\"p2\">O posicionamento da marca divulga sua marca. Isso o estabelece como algo que vale a pena considerar. Silencia o ru\u00eddo de outras marcas para que a sua possa brilhar. Outra coisa sobre o posicionamento da marca \u00e9 que ele permite que voc\u00ea transmita sua mensagem ao seu p\u00fablico-alvo. Mensagens de vendas e marketing nos bombardeiam todos os dias, em cada esquina. Todo mundo est\u00e1 competindo por sua aten\u00e7\u00e3o e tempo. O posicionamento da sua marca rompe a desordem. Fala com as pessoas que voc\u00ea pretende atrair em meio a todo esse barulho.<\/p>\n\n\n\n<h3 class=\"wp-block-heading p1\">Fatores-chave de sucesso no posicionamento da marca<\/h3>\n\n\n\n<p class=\"p2\">O que voc\u00ea pede quando corta o dedo: um curativo ou um curativo? Veja como o posicionamento da marca permite construir, desenvolver, gerenciar e promover o progresso de uma marca forte:<\/p>\n\n\n\n<ul class=\"wp-block-list ul1\">\n<li>O posicionamento da marca \u00e9 uma forma de definir sua barraca. Voc\u00ea faz isso de uma forma que o torna diferente de seus concorrentes. Quando seus clientes-alvo decidem por uma marca, sua singularidade deve atra\u00ed-los. Al\u00e9m disso, deve fazer com que eles escolham voc\u00ea.<\/li>\n\n\n\n<li>Crie um gr\u00e1fico de ess\u00eancia da marca. As marcas respondem \u00e0s necessidades, que \u00e9 o in\u00edcio de qualquer declara\u00e7\u00e3o de posicionamento de marca. Um gr\u00e1fico de ess\u00eancia da marca pode ajudar a organizar suas ideias, para que sejam claras e concisas.<\/li>\n\n\n\n<li>Encontre o posicionamento atual da sua marca. Comece pensando no seu cliente-alvo e definindo quem ele \u00e9. A seguir, identifique seus valores, miss\u00e3o e o que o diferencia do restante do mercado.<\/li>\n<\/ul>\n\n\n\n<h2 class=\"wp-block-heading p1\">Sobre a pesquisa de mercado de posicionamento de marca<\/h2>\n\n\n\n<p class=\"p2\">\u00c9 essencial abordar clientes potenciais e existentes. Essa \u00e9 a \u00fanica maneira de obter uma posi\u00e7\u00e3o adequada da marca. Al\u00e9m disso, seus clientes s\u00e3o uma excelente fonte para descobrir a posi\u00e7\u00e3o atual de sua marca. Eles tamb\u00e9m podem ajud\u00e1-lo a encontrar os de seus concorrentes.<\/p>\n\n\n\n<p class=\"p2\">You can establish this <a title=\"Posicionamento de mercado B2B e pesquisa de marca\" href=\"https:\/\/www.sisinternational.com\/pt\/rastreamento-de-posicionamento-de-marca-b2b\/\" data-wpil-monitor-id=\"4318\">position through Qualitative Market Research<\/a>. With this type of research, customers talk about their purchases. Or, you can use Quantitative Market Research Surveys.<\/p>\n\n\n\n<p class=\"p2\">You\u2019ll also need to do <a title=\"Pesquisa de mercado de diferencia\u00e7\u00e3o de marca\" href=\"https:\/\/www.sisinternational.com\/pt\/solucoes\/solucoes-de-branding-e-pesquisa-de-clientes\/pesquisa-de-mercado-de-diferenciacao-de-marca\/\" data-wpil-monitor-id=\"2863\">Pesquisa de dimensionamento de mercado<\/a> as part of your Brand Positioning effort. This type of <a title=\"Pesquisa de mercado de v\u00e1cuo\" href=\"https:\/\/www.sisinternational.com\/pt\/pericia\/industrias\/pesquisa-de-mercado-de-vacuo\/\" data-wpil-monitor-id=\"4868\">pesquisar<\/a> looks at the prospects of your market. It shows you where you\u2019re falling short, so you can improve and strengthen your brand.<\/p>\n\n\n\n<h2 class=\"wp-block-heading\">Principais fatores de sucesso na pesquisa de mercado de reposicionamento de marca<\/h2>\n\n\n\n<p>No din\u00e2mico mundo dos neg\u00f3cios, a clareza e a distin\u00e7\u00e3o de uma marca podem impactar significativamente o seu desempenho no mercado. \u00c9 por isso que o reposicionamento da marca n\u00e3o \u00e9 apenas uma estrat\u00e9gia de marketing; \u00e9 um componente vital para sustentar a relev\u00e2ncia e impulsionar o crescimento.<\/p>\n\n\n\n<p>How can businesses navigate the intricacies of brand repositioning to ensure they not only meet but exceed market expectations? The key lies in comprehensive market research tailored to unearth the insights that drive successful <a title=\"Resenha do livro: \u201cVerdade, Mentiras e Publicidade\u201d\" href=\"https:\/\/www.sisinternational.com\/pt\/resenha-de-livro-a-verdade-reside-na-publicidade\/\" data-wpil-monitor-id=\"4463\">brand<\/a> transformations.<\/p>\n\n\n\n<h2 class=\"wp-block-heading\">O que \u00e9 pesquisa de mercado de reposicionamento de marca? Por que isso \u00e9 importante?<\/h2>\n\n\n\n<p>To remain competitive and relevant, businesses must reassess and adjust their brand&#8217;s position in the market. This reassessment is where <a title=\"Pesquisa de mercado para marcas envelhecidas\" href=\"https:\/\/www.sisinternational.com\/pt\/pericia\/industrias\/pesquisa-de-mercado-para-marcas-envelhecidas\/\" data-wpil-monitor-id=\"3716\">brand repositioning market research<\/a> steps in, it involves analyzing every facet of the brand&#8217;s current standing and meticulously planning its future trajectory.<\/p>\n\n\n\n<p>For this reason, <a title=\"Pesquisa de mercado da marca\" href=\"https:\/\/www.sisinternational.com\/pt\/pericia\/industrias\/pesquisa-de-mercado-da-marca\/\" data-wpil-monitor-id=\"6741\">brand repositioning market research<\/a> helps businesses understand how their brand is perceived, determine the direction it should take, and identify the gaps between current perceptions and desired positioning. Moreover, it encompasses a variety of research methods (including qualitative and quantitative analysis) to gather comprehensive insights into consumer attitudes, market trends, and the competitive landscape.<\/p>\n\n\n\n<p>The importance of <a title=\"Rela\u00e7\u00f5es P\u00fablicas e Pesquisa de Mercado\" href=\"https:\/\/www.sisinternational.com\/pt\/o-que-sao-relacoes-publicas\/\" data-wpil-monitor-id=\"2237\">brand repositioning market research<\/a> becomes even more pronounced for companies in the public eye. For companies on the brink of going public or those that have recently done so, this research is crucial. The findings provide a strategic foundation for crafting a brand narrative that aligns with investor expectations and market demands.<\/p>\n\n\n\n<h2 class=\"wp-block-heading\">Principais fatores de sucesso na pesquisa de mercado de reposicionamento de marca<\/h2>\n\n\n\n<p>O sucesso dos esfor\u00e7os de reposicionamento da marca depende de diversos fatores, que podem aumentar muito a efic\u00e1cia da pesquisa e, consequentemente, da pr\u00f3pria estrat\u00e9gia de reposicionamento.<\/p>\n\n\n\n<p>Para que a pesquisa de mercado seja uma ferramenta valiosa no reposicionamento da marca, ela deve ser abrangente, explorando diferentes \u00e2ngulos da presen\u00e7a e percep\u00e7\u00e3o da marca no mercado. Deve abranger uma ampla gama de fontes de dados, incluindo feedback direto do consumidor, an\u00e1lise da concorr\u00eancia, tend\u00eancias do setor e representa\u00e7\u00e3o na m\u00eddia.<\/p>\n\n\n\n<p>A efici\u00eancia no processo de pesquisa \u00e9 outro fator crucial. O tempo e os recursos s\u00e3o muitas vezes limitados, especialmente para as empresas que se adaptam ao escrut\u00ednio do mercado p\u00fablico. A investiga\u00e7\u00e3o deve ser concebida para recolher os dados mais informativos de forma mais eficiente, sem consultas redundantes ou irrelevantes que possam esgotar recursos e prolongar os prazos.<\/p>\n\n\n\n<p>Al\u00e9m disso, a precis\u00e3o e a confiabilidade dos dados s\u00e3o um fator chave porque as decis\u00f5es tomadas com base nesta pesquisa podem ter implica\u00e7\u00f5es de longo alcance para a marca. Portanto, \u00e9 fundamental garantir que os dados reflitam verdadeiramente o sentimento do mercado e do consumidor. Isto significa empregar metodologias rigorosas e cruzar pontos de dados para verificar os resultados.<\/p>\n\n\n\n<p>Uma pesquisa de mercado de reposicionamento de marca bem-sucedida tamb\u00e9m deve ser flex\u00edvel e adaptativa. Os mercados s\u00e3o din\u00e2micos \u2013 e os comportamentos dos consumidores mudam rapidamente. As metodologias e estrat\u00e9gias de investiga\u00e7\u00e3o devem ser capazes de se adaptar em resposta a novas informa\u00e7\u00f5es ou a mudan\u00e7as repentinas nas condi\u00e7\u00f5es de mercado para permanecerem relevantes e \u00fateis.<\/p>\n\n\n\n<p>Por \u00faltimo, os insights devem ser traduzidos em estrat\u00e9gias vi\u00e1veis e alinhadas com os objetivos da marca e as oportunidades de mercado. Isso requer n\u00e3o apenas analistas de dados, mas pensadores estrat\u00e9gicos que possam conectar os pontos entre os pontos de dados e as aplica\u00e7\u00f5es do mundo real.<\/p>\n\n\n\n<p><\/p>","protected":false},"excerpt":{"rendered":"<p>O Posicionamento da Marca est\u00e1 relacionado ao valor \u00fanico que uma marca apresenta ao seu cliente. Mostra o que diferencia sua marca dos concorrentes.<\/p>","protected":false},"author":1,"featured_media":62537,"parent":14650,"menu_order":19,"comment_status":"closed","ping_status":"closed","template":"","meta":{"footnotes":""},"class_list":["post-41219","page","type-page","status-publish","has-post-thumbnail"],"_links":{"self":[{"href":"https:\/\/www.sisinternational.com\/pt\/wp-json\/wp\/v2\/pages\/41219","targetHints":{"allow":["GET"]}}],"collection":[{"href":"https:\/\/www.sisinternational.com\/pt\/wp-json\/wp\/v2\/pages"}],"about":[{"href":"https:\/\/www.sisinternational.com\/pt\/wp-json\/wp\/v2\/types\/page"}],"author":[{"embeddable":true,"href":"https:\/\/www.sisinternational.com\/pt\/wp-json\/wp\/v2\/users\/1"}],"replies":[{"embeddable":true,"href":"https:\/\/www.sisinternational.com\/pt\/wp-json\/wp\/v2\/comments?post=41219"}],"version-history":[{"count":13,"href":"https:\/\/www.sisinternational.com\/pt\/wp-json\/wp\/v2\/pages\/41219\/revisions"}],"predecessor-version":[{"id":84494,"href":"https:\/\/www.sisinternational.com\/pt\/wp-json\/wp\/v2\/pages\/41219\/revisions\/84494"}],"up":[{"embeddable":true,"href":"https:\/\/www.sisinternational.com\/pt\/wp-json\/wp\/v2\/pages\/14650"}],"wp:featuredmedia":[{"embeddable":true,"href":"https:\/\/www.sisinternational.com\/pt\/wp-json\/wp\/v2\/media\/62537"}],"wp:attachment":[{"href":"https:\/\/www.sisinternational.com\/pt\/wp-json\/wp\/v2\/media?parent=41219"}],"curies":[{"name":"wp","href":"https:\/\/api.w.org\/{rel}","templated":true}]}}