{"id":41214,"date":"2023-01-16T02:36:28","date_gmt":"2023-01-16T02:36:28","guid":{"rendered":"https:\/\/www.sisinternational.com\/?page_id=41214"},"modified":"2026-03-12T21:55:14","modified_gmt":"2026-03-13T01:55:14","slug":"pesquisa-de-mercado-de-diferenciacao-de-marca","status":"publish","type":"page","link":"https:\/\/www.sisinternational.com\/pt\/solucoes\/solucoes-de-branding-e-pesquisa-de-clientes\/pesquisa-de-mercado-de-diferenciacao-de-marca\/","title":{"rendered":"Pesquisa de mercado de diferencia\u00e7\u00e3o de marca"},"content":{"rendered":"<h1 class=\"wp-block-heading\">Pesquisa de mercado de diferencia\u00e7\u00e3o de marca<\/h1>\n\n\n\n<figure class=\"gb-block-image gb-block-image-7148e7a1\"><img loading=\"lazy\" decoding=\"async\" width=\"1456\" height=\"816\" class=\"gb-image gb-image-7148e7a1\" src=\"https:\/\/www.sisinternational.com\/wp-content\/uploads\/2025\/08\/Strategy-consulting-10.jpg\" alt=\"Pesquisa e Estrat\u00e9gia de Mercado Internacional da SIS\" title=\"Strategy consulting (10)\" srcset=\"https:\/\/www.sisinternational.com\/wp-content\/uploads\/2025\/08\/Strategy-consulting-10.jpg 1456w, https:\/\/www.sisinternational.com\/wp-content\/uploads\/2025\/08\/Strategy-consulting-10-300x168.jpg 300w, https:\/\/www.sisinternational.com\/wp-content\/uploads\/2025\/08\/Strategy-consulting-10-1024x574.jpg 1024w, https:\/\/www.sisinternational.com\/wp-content\/uploads\/2025\/08\/Strategy-consulting-10-768x430.jpg 768w, https:\/\/www.sisinternational.com\/wp-content\/uploads\/2025\/08\/Strategy-consulting-10-18x10.jpg 18w\" sizes=\"auto, (max-width: 1456px) 100vw, 1456px\"><\/figure>\n\n\n\n<hr class=\"wp-block-separator has-alpha-channel-opacity is-style-dots\"\/>\n\n\n\n<h2 class=\"wp-block-heading\">O que \u00e9 diferencia\u00e7\u00e3o de marca?<\/h2>\n\n\n\n<p>Diferencia\u00e7\u00e3o de marca \u00e9 como voc\u00ea diferencia sua marca de seus rivais. Voc\u00ea faz isso conscientizando os melhores aspectos da sua marca, mostrando como eles ser\u00e3o \u00fateis ao consumidor. Pode estar relacionado \u00e0s caracter\u00edsticas f\u00edsicas do seu produto ou servi\u00e7o. Ou podem ser as emo\u00e7\u00f5es que ele evoca em seus consumidores, aspectos de sua embalagem ou seu pre\u00e7o. Tamb\u00e9m pode estar relacionado \u00e0 hist\u00f3ria da sua marca e como seus clientes se sentem ao us\u00e1-la.<\/p>\n\n\n\n<h2 class=\"wp-block-heading\">Por que a diferencia\u00e7\u00e3o da marca \u00e9 importante?<\/h2>\n\n\n\n<p><a title=\"Publicidade de choque e marketing de choque\" href=\"https:\/\/www.sisinternational.com\/pt\/publicidade-de-choque-e-marketing-de-choque\/\" data-wpil-monitor-id=\"1975\">Diferencia\u00e7\u00e3o da marca<\/a> is a vital aspect of any marketing strategy. It allows firms to reveal profit-making features. These are the features that help them put in place a unique selling proposition. Thus, they see the attributes that make them stand out. If you offer your customers something special, it will help you build an army of loyal clients. Also, these people will love your brand for the great UX you provide.<\/p>\n\n\n\n<h2 class=\"wp-block-heading\">Cargo principal - estrategista de marca<\/h2>\n\n\n\n<p>Os estrategistas de marca assessoram empresas que buscam expandir suas marcas. Eles coletam feedback das vendas. Tamb\u00e9m analisam as a\u00e7\u00f5es dos consumidores para definir o posicionamento da empresa. Outra coisa que fazem \u00e9 tra\u00e7ar uma estrat\u00e9gia de Diferencia\u00e7\u00e3o de Marca. Eles tamb\u00e9m ajudam a orientar a an\u00e1lise de pesquisas de mercado. Eles estabelecem o tom da empresa para que tudo corresponda aos planos de campanha.<\/p>\n\n\n\n<h2 class=\"wp-block-heading\">Por que as empresas precisam de diferencia\u00e7\u00e3o de marca<\/h2>\n\n\n\n<p>High-growth firms are almost three times more likely to have something that sets them apart. <a title=\"Marketing e Publicidade na Era Digital\" href=\"https:\/\/www.sisinternational.com\/pt\/mercado-de-publicidade-digital\/\" data-wpil-monitor-id=\"7407\">Diferencia\u00e7\u00e3o de Marca<\/a> allows firms to target their marketing efforts further. They can direct these efforts to their most relevant markets. Furthermore, it sets firms apart from their rivals. If you don\u2019t have something that sets you apart, the only option is to compete on price \u2013 and that\u2019s a race to the bottom.<\/p>\n\n\n\n<h2 class=\"wp-block-heading\">Principais fatores de sucesso<\/h2>\n\n\n\n<p>Aqui est\u00e3o cinco estrat\u00e9gias a serem consideradas para impulsionar a diferencia\u00e7\u00e3o da marca:<\/p>\n\n\n\n<ol class=\"wp-block-list\">\n<li>Resposta emocional. As marcas devem desenvolver uma conex\u00e3o com seus clientes. Essas marcas costumam estar melhor posicionadas do que aquelas que oferecem uma \u00f3tima rela\u00e7\u00e3o custo-benef\u00edcio.<\/li>\n\n\n\n<li>Agitando as coisas. Esta estrat\u00e9gia resolve uma necessidade n\u00e3o atendida de uma forma \u00fanica e inovadora.<\/li>\n\n\n\n<li>Como voc\u00ea apresenta sua marca. Os consumidores se lembram de marcas que usam um personagem ou mascote. Por exemplo, todo mundo conhece o lagarto de Geico.<\/li>\n\n\n\n<li>Experi\u00eancia \u00fanica. As empresas podem manifestar esta experi\u00eancia de diversas maneiras. Eles podem enfatizar a presen\u00e7a f\u00edsica da marca no varejo e a atmosfera inovadora que criam. Ou podem destacar o excelente atendimento ao cliente ou a facilidade de uso de seu site. Pode at\u00e9 ser como as pessoas se sentem ao usar seu produto (por exemplo, a campanha \u201cCan&#039;t Beat the Feeling\u201d da Coca-Cola).<\/li>\n\n\n\n<li>Pre\u00e7os. Uma empresa pode se esfor\u00e7ar para ser l\u00edder em pre\u00e7os baixos. Ou, no outro extremo do espectro, pode posicionar-se como uma marca premium a um pre\u00e7o elevado.<\/li>\n<\/ol>\n\n\n\n<h2 class=\"wp-block-heading\">Sobre a pesquisa de mercado de diferencia\u00e7\u00e3o de marca<\/h2>\n\n\n\n<p><a title=\"Pesquisa de mercado para marcas envelhecidas\" href=\"https:\/\/www.sisinternational.com\/pt\/pericia\/industrias\/pesquisa-de-mercado-para-marcas-envelhecidas\/\" data-wpil-monitor-id=\"3721\">Pesquisa de mercado de diferencia\u00e7\u00e3o de marca<\/a> can involve using Focus Groups. In-depth Interviews with your customers to explore their decision-making process is another tool. The researchers may then need to back up this Qualitative Market Research. So they\u2019ll do Quantitative Market Research. They\u2019ll measure the clients\u2019 brand awareness and image compared to their rivals.<\/p>\n\n\n\n<p>A pesquisa de mercado UX tamb\u00e9m \u00e9 cr\u00edtica. Voc\u00ea n\u00e3o pode trabalhar em uma bolha no mercado atual, acelerado e impulsionado pela tecnologia. Em vez disso, seria melhor se voc\u00ea enfrentasse seus rivais de frente. Voc\u00ea precisar\u00e1 desenvolver recursos mais sofisticados e fornecer uma experi\u00eancia do usu\u00e1rio melhor do que eles.<\/p>\n\n\n\n<p>Outro aspecto crucial da pesquisa \u00e9 a An\u00e1lise Competitiva. Esta ferramenta o ajudar\u00e1 a descobrir as lacunas entre outros produtos e as necessidades de sua base-alvo compartilhada.<\/p>\n\n\n\n<p>The best advantage <a title=\"Pesquisa de mercado da marca\" href=\"https:\/\/www.sisinternational.com\/pt\/pericia\/industrias\/pesquisa-de-mercado-da-marca\/\" data-wpil-monitor-id=\"6744\">Pesquisa de mercado de diferencia\u00e7\u00e3o de marca<\/a> offers is price perception. If your brand uses this service, it can desensitize its customers to higher prices. You\u2019re no longer fighting against competitors on price. Best of all, consumers feel justified in paying more for your product or service.<\/p>\n\n\n\n<p><\/p>","protected":false},"excerpt":{"rendered":"<p>A melhor vantagem que a Pesquisa de Mercado de Diferencia\u00e7\u00e3o de Marca oferece \u00e9 a percep\u00e7\u00e3o de pre\u00e7o. As marcas podem dessensibilizar seus clientes para pre\u00e7os mais altos.<\/p>","protected":false},"author":1,"featured_media":62536,"parent":14650,"menu_order":18,"comment_status":"closed","ping_status":"closed","template":"","meta":{"footnotes":""},"class_list":["post-41214","page","type-page","status-publish","has-post-thumbnail"],"_links":{"self":[{"href":"https:\/\/www.sisinternational.com\/pt\/wp-json\/wp\/v2\/pages\/41214","targetHints":{"allow":["GET"]}}],"collection":[{"href":"https:\/\/www.sisinternational.com\/pt\/wp-json\/wp\/v2\/pages"}],"about":[{"href":"https:\/\/www.sisinternational.com\/pt\/wp-json\/wp\/v2\/types\/page"}],"author":[{"embeddable":true,"href":"https:\/\/www.sisinternational.com\/pt\/wp-json\/wp\/v2\/users\/1"}],"replies":[{"embeddable":true,"href":"https:\/\/www.sisinternational.com\/pt\/wp-json\/wp\/v2\/comments?post=41214"}],"version-history":[{"count":6,"href":"https:\/\/www.sisinternational.com\/pt\/wp-json\/wp\/v2\/pages\/41214\/revisions"}],"predecessor-version":[{"id":84496,"href":"https:\/\/www.sisinternational.com\/pt\/wp-json\/wp\/v2\/pages\/41214\/revisions\/84496"}],"up":[{"embeddable":true,"href":"https:\/\/www.sisinternational.com\/pt\/wp-json\/wp\/v2\/pages\/14650"}],"wp:featuredmedia":[{"embeddable":true,"href":"https:\/\/www.sisinternational.com\/pt\/wp-json\/wp\/v2\/media\/62536"}],"wp:attachment":[{"href":"https:\/\/www.sisinternational.com\/pt\/wp-json\/wp\/v2\/media?parent=41214"}],"curies":[{"name":"wp","href":"https:\/\/api.w.org\/{rel}","templated":true}]}}