{"id":41175,"date":"2022-12-30T02:20:56","date_gmt":"2022-12-30T02:20:56","guid":{"rendered":"https:\/\/www.sisinternational.com\/?page_id=41175"},"modified":"2025-10-01T22:31:04","modified_gmt":"2025-10-02T02:31:04","slug":"pesquisa-de-mercado-bali","status":"publish","type":"page","link":"https:\/\/www.sisinternational.com\/pt\/cobertura\/pesquisa-de-mercado-asia\/pesquisa-de-mercado-bali\/","title":{"rendered":"Pesquisa de mercado em Bali"},"content":{"rendered":"\n<h1 class=\"wp-block-heading\">Market Research in Bali<\/h1>\n\n\n\n<p><\/p>\n\n\n\n<figure class=\"gb-block-image gb-block-image-e54d0307\"><img loading=\"lazy\" decoding=\"async\" width=\"1456\" height=\"816\" class=\"gb-image gb-image-e54d0307\" src=\"https:\/\/www.sisinternational.com\/wp-content\/uploads\/2025\/09\/Bali-3.jpg\" alt=\"SIS International Market Research &amp; Strategy\" title=\"Bali (3)\" srcset=\"https:\/\/www.sisinternational.com\/wp-content\/uploads\/2025\/09\/Bali-3.jpg 1456w, https:\/\/www.sisinternational.com\/wp-content\/uploads\/2025\/09\/Bali-3-300x168.jpg 300w, https:\/\/www.sisinternational.com\/wp-content\/uploads\/2025\/09\/Bali-3-1024x574.jpg 1024w, https:\/\/www.sisinternational.com\/wp-content\/uploads\/2025\/09\/Bali-3-768x430.jpg 768w, https:\/\/www.sisinternational.com\/wp-content\/uploads\/2025\/09\/Bali-3-18x10.jpg 18w\" sizes=\"auto, (max-width: 1456px) 100vw, 1456px\"><\/figure>\n\n\n\n<p><\/p>\n\n\n\n<hr class=\"wp-block-separator has-alpha-channel-opacity is-style-dots\"\/>\n\n\n\n<h3 class=\"wp-block-heading\">Bali\u2019s market is fueled by its thriving tourism industry and growing interest in eco-friendly business practices. Conducting <strong>market research in Bali<\/strong> provides the insights businesses need to navigate this dynamic environment.<\/h3>\n\n\n\n<p>Imagine growing your business in one of the world\u2019s most popular tourist destinations, where millions of visitors create endless opportunities for companies. Bali offers this potential, but success requires the right insights.<\/p>\n\n\n\n<article class=\"w-full text-token-text-primary focus-visible:outline-2 focus-visible:outline-offset-[-4px]\" dir=\"auto\" data-testid=\"conversation-turn-53\" data-scroll-anchor=\"false\">\n<div class=\"text-base py-[18px] px-3 md:px-4 m-auto w-full md:px-5 lg:px-4 xl:px-5\">\n<div class=\"mx-auto flex flex-1 gap-4 text-base md:gap-5 lg:gap-6 md:max-w-3xl lg:max-w-[40rem] xl:max-w-[48rem]\">\n<div class=\"group\/conversation-turn relative flex w-full min-w-0 flex-col agent-turn\">\n<div class=\"flex-col gap-1 md:gap-3\">\n<div class=\"flex max-w-full flex-col flex-grow\">\n<div class=\"min-h-8 text-message flex w-full flex-col items-end gap-2 whitespace-normal break-words [.text-message+&amp;]:mt-5\" dir=\"auto\" data-message-author-role=\"assistant\" data-message-id=\"40359365-f77d-46f7-8550-301bd105daa6\">\n<div class=\"flex w-full flex-col gap-1 empty:hidden first:pt-[3px]\">\n<div class=\"markdown prose w-full break-words dark:prose-invert dark\">\n<h2>What is Market Research in Bali?<\/h2>\n<p>Market research in Bali analyzes data specific to the island&#8217;s unique economic and cultural landscape, allowing businesses to explore opportunities across different sectors, from hospitality and real estate to retail and sustainability initiatives. With its rapidly growing entrepreneurial scene, <a href=\"https:\/\/www.sisinternational.com\/publications\/scalable-business-market-research-7-ways-to-build-a-scalable-business\/\" title=\"Scalable Business Market Research: 7 ways to build a scalable business\"  data-wpil-monitor-id=\"9299\">businesses can use market research<\/a> to tailor their offerings to both tourists and the increasingly sophisticated local market.<\/p>\n<\/div>\n<\/div>\n<\/div>\n<\/div>\n<\/div>\n<\/div>\n<\/div>\n<\/div>\n<\/article>\n\n\n\n<article class=\"w-full text-token-text-primary focus-visible:outline-2 focus-visible:outline-offset-[-4px]\" dir=\"auto\" data-testid=\"conversation-turn-55\" data-scroll-anchor=\"false\">\n<div class=\"text-base py-[18px] px-3 md:px-4 m-auto w-full md:px-5 lg:px-4 xl:px-5\">\n<div class=\"mx-auto flex flex-1 gap-4 text-base md:gap-5 lg:gap-6 md:max-w-3xl lg:max-w-[40rem] xl:max-w-[48rem]\">\n<div class=\"group\/conversation-turn relative flex w-full min-w-0 flex-col agent-turn\">\n<div class=\"flex-col gap-1 md:gap-3\">\n<div class=\"flex max-w-full flex-col flex-grow\">\n<div class=\"min-h-8 text-message flex w-full flex-col items-end gap-2 whitespace-normal break-words [.text-message+&amp;]:mt-5\" dir=\"auto\" data-message-author-role=\"assistant\" data-message-id=\"c562e68a-0375-46b7-8e26-498573eeb28f\">\n<div class=\"flex w-full flex-col gap-1 empty:hidden first:pt-[3px]\">\n<div class=\"markdown prose w-full break-words dark:prose-invert dark\">\n<h2>Why Do Businesses Need Market Research in Bali?<\/h2>\n<p>Businesses need market research in Bali to capture the nuances of the tourism sector. With millions of tourists visiting annually, companies must stay informed about seasonal trends, visitor demographics, and spending behaviors. This allows businesses to create targeted <a href=\"https:\/\/www.sisinternational.com\/expertise\/resumes-of-experience\/personal-care-products-market-research\/\" title=\"Personal Care Products Market Research\"  data-wpil-monitor-id=\"9302\">marketing campaigns and develop products<\/a> or services that cater to both short-term visitors and long-term residents.<\/p>\n<p>Additionally, market research in Bali helps businesses navigate local regulations, especially in industries such as real estate, hospitality, and eco-friendly ventures. As Bali shifts toward more sustainable practices, understanding regulatory frameworks is essential for businesses looking to operate in alignment with local laws and environmental standards.<\/p>\n<\/div>\n<\/div>\n<\/div>\n<\/div>\n<\/div>\n<\/div>\n<\/div>\n<\/div>\n<\/article>\n\n\n\n<h2 class=\"wp-block-heading\">Our Current Market Review and Recommendations<br><\/h2>\n\n\n\n<figure class=\"gb-block-image gb-block-image-e41587ab\"><img loading=\"lazy\" decoding=\"async\" width=\"1456\" height=\"816\" class=\"gb-image gb-image-e41587ab\" src=\"https:\/\/www.sisinternational.com\/wp-content\/uploads\/2025\/09\/Bali-1.jpg\" alt=\"SIS International Market Research &amp; Strategy\" title=\"Bali (1)\" srcset=\"https:\/\/www.sisinternational.com\/wp-content\/uploads\/2025\/09\/Bali-1.jpg 1456w, https:\/\/www.sisinternational.com\/wp-content\/uploads\/2025\/09\/Bali-1-300x168.jpg 300w, https:\/\/www.sisinternational.com\/wp-content\/uploads\/2025\/09\/Bali-1-1024x574.jpg 1024w, https:\/\/www.sisinternational.com\/wp-content\/uploads\/2025\/09\/Bali-1-768x430.jpg 768w, https:\/\/www.sisinternational.com\/wp-content\/uploads\/2025\/09\/Bali-1-18x10.jpg 18w\" sizes=\"auto, (max-width: 1456px) 100vw, 1456px\"><\/figure>\n\n\n\n<p><\/p>\n\n\n\n<p>Bali offers a dynamic <a href=\"https:\/\/www.sisinternational.com\/solutions\/strategy-consulting\/market-opportunity-research\/\" title=\"Market Opportunity Research\"  data-wpil-monitor-id=\"9303\">market with opportunities<\/a> across various sectors, from tourism and hospitality to wellness and eco-friendly businesses. We recommend that businesses focus on sectors like eco-tourism, wellness, and real estate, as these areas are seeing significant growth. Aligning with Bali\u2019s sustainability goals can provide a competitive edge, especially in the hospitality and retail sectors.<\/p>\n\n\n\n<p>Additionally, we suggest that businesses monitor Bali&#8217;s regulatory environment closely. Market research in Bali reveals that changes in environmental laws and local policies could impact long-term business operations. Understanding these factors early on will enable businesses to plan strategically and remain compliant.<\/p>\n\n\n\n<h2 class=\"wp-block-heading\">The Magic of Bali<\/h2>\n\n\n\n<p>This magical province of Indonesia is also a paradise for creative business-oriented people. Surrounded by beautiful wildlife, rich culture, exquisite food, and five-star resorts, entrepreneurs revel in Bali\u2019s growing networks and infrastructure. Since most locals speak English, the language difference would not be a problem for non-Balinese or Indonesian speakers. A number of international tourists visit Bali all year round.<\/p>\n\n\n\n<h2 class=\"wp-block-heading\">Benefits of Doing Business in Bali<\/h2>\n\n\n\n<h3 class=\"wp-block-heading\">Booming Tourism<\/h3>\n\n\n\n<p>One of the most well-known investment opportunities in Indonesia is tourism in Bali. Foreign visitors, as well as locals, frequent the island as it is among the most well-liked travel destinations in Asia. The top places being visited include the Pura Luhur Uluwatu Temple (with Kecak Dance), Besakih Temple (the \u2018mother temple\u2019 of Bali), Bali Beaches (Kuta, Nusa Dua, Sanur, Uluwatu, etc.), Ubud Monkey Forest, Bali Safari and Marine Park, Tegallalang Rice Terrace, Artist Villages of Mas or Celuk, and Mount Batur.<\/p>\n\n\n\n<h3 class=\"wp-block-heading\">Low Operational Costs<\/h3>\n\n\n\n<p>Launching a business in Bali is economically advantageous because it generally does not require a sizable amount of money. The low cost of living contributes to the low cost of operations. Moreover, the unemployment rate in the area may result in lower labor costs.<\/p>\n\n\n\n<h3 class=\"wp-block-heading\">Collaborative and Creative Environment<\/h3>\n\n\n\n<p>Bali is open to flexible co-working spaces that aim to promote inclusive business networking. The hospitable people, colorful communities, dynamic industry activities, and abundant biodiversity help nurture various startup and enterprise ecosystems. Having accessed globalization and modernity through tourism, Bali is a perfect melting pot of collaborative and creative business-minded people.<\/p>\n\n\n\n<h3 class=\"wp-block-heading\">Strategic Location<\/h3>\n\n\n\n<p>Bali is a sought-after vacation island that is perfectly positioned to connect the transportation between Java and the other islands in the east. It is situated in the southeast of Singapore, south of Malaysia, and north of Australia. This tropical hideaway exquisitely boasts spectacular ocean views, magnificent mountains, and vibrant communities.<\/p>\n\n\n\n<h2 class=\"wp-block-heading\">Business Challenges and Opportunities<\/h2>\n\n\n\n<p>Bali offers a variety of business and investment options. It is helpful to <a href=\"https:\/\/www.sisinternational.com\/top-5-benefits-of-conducting-quantitative-market-research\/\" title=\"Top 5 Benefits of Conducting Quantitative Market Research\"  data-wpil-monitor-id=\"9300\">conduct qualitative and quantitative research<\/a> to have a significant grasp of the pros and cons of doing business on this island. The information can guide decisions regarding the types of businesses, output expectations, and contingency plans.<\/p>\n\n\n\n<article class=\"w-full text-token-text-primary focus-visible:outline-2 focus-visible:outline-offset-[-4px]\" dir=\"auto\" data-testid=\"conversation-turn-61\" data-scroll-anchor=\"false\">\n<div class=\"text-base py-[18px] px-3 md:px-4 m-auto w-full md:px-5 lg:px-4 xl:px-5\">\n<div class=\"mx-auto flex flex-1 gap-4 text-base md:gap-5 lg:gap-6 md:max-w-3xl lg:max-w-[40rem] xl:max-w-[48rem]\">\n<div class=\"group\/conversation-turn relative flex w-full min-w-0 flex-col agent-turn\">\n<div class=\"flex-col gap-1 md:gap-3\">\n<div class=\"flex max-w-full flex-col flex-grow\">\n<div class=\"min-h-8 text-message flex w-full flex-col items-end gap-2 whitespace-normal break-words [.text-message+&amp;]:mt-5\" dir=\"auto\" data-message-author-role=\"assistant\" data-message-id=\"f2c8bd9e-25f3-43ac-89c2-176cae0e74da\">\n<div class=\"flex w-full flex-col gap-1 empty:hidden first:pt-[3px]\">\n<div class=\"markdown prose w-full break-words dark:prose-invert dark\">\n<h2>Opportunities in Bali<\/h2>\n<p>Bali presents numerous opportunities for businesses across its key industries, driven by its booming <a href=\"https:\/\/www.sisinternational.com\/solutions\/travel-tourism-hospitality-consulting\/sustainable-tourism-market-research\/\" title=\"Sustainable Tourism Market Research\"  data-wpil-monitor-id=\"9305\">tourism sector and increasing focus on sustainability<\/a>. Below are the top opportunities identified through market research in Bali:<\/p>\n<ol>\n<li><strong>Sustainable Tourism<\/strong>: As more travelers seek eco-friendly experiences, businesses that offer sustainable tourism options, such as eco-lodges or responsible tours, will thrive.<\/li>\n<li><strong>Wellness Tourism<\/strong>: Bali is known for its wellness retreats and holistic health services. Opportunities abound for businesses offering yoga, meditation, spa services, and alternative therapies.<\/li>\n<li><strong>Real Estate Development<\/strong>: The demand for both residential and commercial properties continues to grow, especially among expatriates and investors looking for prime locations.<\/li>\n<li><strong>Retail and E-commerce<\/strong>: As both locals and tourists spend on retail, opportunities exist for businesses in fashion, crafts, and luxury goods, particularly with the rise of e-commerce.<\/li>\n<li><strong>Renewable Energy Solutions<\/strong>: Bali is embracing sustainability, and businesses can take advantage of opportunities in solar power, green building, and other renewable energy initiatives.<\/li>\n<li><strong>Agricultural Innovation<\/strong>: Agribusinesses focused on organic farming, sustainable practices, and the export of products like coffee and rice can capitalize on Bali\u2019s rich agricultural heritage.<\/li>\n<li><strong>Creative and Digital Industries<\/strong>: Bali\u2019s growing creative scene, particularly in fashion, design, and digital content creation, presents businesses with opportunities to collaborate with or invest in local talent.<\/li>\n<li><strong>Education and Training Services<\/strong>: As Bali becomes a global hub for expatriates and digital nomads, there\u2019s increasing demand for educational services, including international schools and language programs.<\/li>\n<li><strong>Construction and Infrastructure<\/strong>: Bali\u2019s continued growth in <a href=\"https:\/\/www.sisinternational.com\/coverage\/market-research-middle-east\/investment-opportunities-in-neom-real-estate\/\" title=\"Investment Opportunities in NEOM Real Estate\"  data-wpil-monitor-id=\"9301\">real estate and tourism infrastructure presents opportunities<\/a> for businesses in construction, architecture, and project management.<\/li>\n<li><strong>Sustainable Products and Retail<\/strong>: With a growing interest in eco-friendly products, businesses that focus on sustainable retail, such as zero-waste stores, will find success in Bali\u2019s environmentally conscious market.<\/li>\n<\/ol>\n<\/div>\n<\/div>\n<\/div>\n<\/div>\n<\/div>\n<\/div>\n<\/div>\n<\/div>\n<\/article>\n\n\n\n<article class=\"w-full text-token-text-primary focus-visible:outline-2 focus-visible:outline-offset-[-4px]\" dir=\"auto\" data-testid=\"conversation-turn-63\" data-scroll-anchor=\"false\">\n<div class=\"text-base py-[18px] px-3 md:px-4 m-auto w-full md:px-5 lg:px-4 xl:px-5\">\n<div class=\"mx-auto flex flex-1 gap-4 text-base md:gap-5 lg:gap-6 md:max-w-3xl lg:max-w-[40rem] xl:max-w-[48rem]\">\n<div class=\"group\/conversation-turn relative flex w-full min-w-0 flex-col agent-turn\">\n<div class=\"flex-col gap-1 md:gap-3\">\n<div class=\"flex max-w-full flex-col flex-grow\">\n<div class=\"min-h-8 text-message flex w-full flex-col items-end gap-2 whitespace-normal break-words [.text-message+&amp;]:mt-5\" dir=\"auto\" data-message-author-role=\"assistant\" data-message-id=\"f83b9fb3-bff3-49e7-9d07-192a7b55cc17\">\n<div class=\"flex w-full flex-col gap-1 empty:hidden first:pt-[3px]\">\n<div class=\"markdown prose w-full break-words dark:prose-invert dark\">&nbsp;<\/div>\n<\/div>\n<\/div>\n<\/div>\n<\/div>\n<\/div>\n<\/div>\n<\/div>\n<\/article>\n\n\n\n<h3 class=\"wp-block-heading\">Challenges<\/h3>\n\n\n\n<p>Just like any other destination, doing business in Bali has its share of challenges. There may be some confusion regarding the procedure and legal information needed to obtain a work permit. One of the most frequent reasons for company failure in Bali is starting without the proper work and stay permit.<\/p>\n\n\n\n<p>In addition, sustainable tourism has been a challenge. Due to the tourism explosion, there has been a rapid increase in trash production, water scarcity, sanitation issues, and other negative environmental as well as sociocultural impacts. It is then important to significantly consider how businesses can help lessen the degradation of Bali\u2019s raw materials and heritage.<\/p>\n\n\n\n<h2 class=\"wp-block-heading\">How SIS International\u2019s Market Research in Bali Helps Businesses<\/h2>\n\n\n\n<p>Partnering with SIS International for market research in Bali provides businesses with essential insights to navigate this unique and vibrant market. Here are the seven key benefits of working with SIS in Bali:<\/p>\n\n\n\n<ul class=\"wp-block-list\">\n<li><strong>Tailored Market Insights<\/strong>: We deliver customized research that focuses on Bali\u2019s distinct tourism, wellness, and retail sectors, ensuring your business strategies are aligned with local conditions.<\/li>\n\n\n\n<li><strong>Risk Mitigation<\/strong>: Our deep knowledge of Bali\u2019s regulatory environment and market trends helps businesses reduce risks associated with market entry and operational challenges.<\/li>\n\n\n\n<li><strong>Opportunity Identification<\/strong>: <a href=\"https:\/\/twitter.com\/SISIntlResearch\" target=\"_blank\" rel=\"noopener\"><span style=\"font-weight: 400;\">SIS<\/span><\/a> uncovers emerging sectors like eco-tourism and wellness, allowing businesses to capitalize on growth areas in these high-demand industries.<\/li>\n\n\n\n<li><strong>Local Partnerships<\/strong>: We assist businesses in building valuable relationships with local stakeholders, ensuring smoother market entry and operational success.<\/li>\n\n\n\n<li><strong><a href=\"https:\/\/www.sisinternational.com\/coverage\/market-research-asia\/competitive-analysis-china\/\" title=\"Competitive Analysis in China\" data-wpil-monitor-id=\"9304\">Competitive Landscape Analysis<\/a><\/strong>: Our research provides a thorough understanding of your competition in Bali, enabling businesses to create strategies that give them a competitive edge.<\/li>\n\n\n\n<li><strong>Regulatory Compliance<\/strong>: We offer guidance on navigating Bali\u2019s environmental regulations and local policies, ensuring your business remains compliant and sustainable.<\/li>\n\n\n\n<li><strong>Sustainable Growth Strategies<\/strong>: Our <a href=\"https:\/\/www.sisinternational.com\/expertise\/industries\/low-code-development-market-research\/\" title=\"Low Code Development Market Research\" data-wpil-monitor-id=\"9298\">market research supports the development<\/a> of long-term strategies that align with Bali\u2019s sustainability goals, helping your business thrive in an eco-conscious market.<\/li>\n<\/ul>\n\n\n\n<h2 class=\"wp-block-heading\">About Market Research in Bali<\/h2>\n\n\n\n<p><a href=\"https:\/\/www.linkedin.com\/company\/sisinternationalresearch\/\" target=\"_blank\" rel=\"noopener\"><span style=\"font-weight: 400;\">SIS International<\/span><\/a> offers dependable and pertinent quantitative and qualitative data. Proper <a href=\"https:\/\/www.linkedin.com\/pulse\/how-market-research-enables-growth-ruth-stanat-phekf\/\" target=\"_blank\" rel=\"noopener\"><span style=\"font-weight: 400;\">market research<\/span><\/a>, business development strategies, and market entry information will make starting and operating a business in Bali much more efficient. The research methods include interviews, focus groups, and surveys. <a href=\"https:\/\/www.sisinternational.com\/about-sis-international-research\/contact-sis-international-market-research\/\"><span style=\"font-weight: 400;\">Contact us<\/span><\/a><span style=\"font-weight: 400;\"> for your next Market Research project.<\/span><\/p>\n\n\n\n<p><\/p>\n","protected":false},"excerpt":{"rendered":"<p>A pesquisa de mercado em Bali ajudar\u00e1 a iniciar e operar um neg\u00f3cio com mais efici\u00eancia. Entre em contato com a Pesquisa de Mercado Internacional da SIS.<\/p>","protected":false},"author":1,"featured_media":65641,"parent":14508,"menu_order":56,"comment_status":"closed","ping_status":"closed","template":"","meta":{"footnotes":""},"class_list":["post-41175","page","type-page","status-publish","has-post-thumbnail"],"_links":{"self":[{"href":"https:\/\/www.sisinternational.com\/pt\/wp-json\/wp\/v2\/pages\/41175","targetHints":{"allow":["GET"]}}],"collection":[{"href":"https:\/\/www.sisinternational.com\/pt\/wp-json\/wp\/v2\/pages"}],"about":[{"href":"https:\/\/www.sisinternational.com\/pt\/wp-json\/wp\/v2\/types\/page"}],"author":[{"embeddable":true,"href":"https:\/\/www.sisinternational.com\/pt\/wp-json\/wp\/v2\/users\/1"}],"replies":[{"embeddable":true,"href":"https:\/\/www.sisinternational.com\/pt\/wp-json\/wp\/v2\/comments?post=41175"}],"version-history":[{"count":5,"href":"https:\/\/www.sisinternational.com\/pt\/wp-json\/wp\/v2\/pages\/41175\/revisions"}],"predecessor-version":[{"id":81556,"href":"https:\/\/www.sisinternational.com\/pt\/wp-json\/wp\/v2\/pages\/41175\/revisions\/81556"}],"up":[{"embeddable":true,"href":"https:\/\/www.sisinternational.com\/pt\/wp-json\/wp\/v2\/pages\/14508"}],"wp:featuredmedia":[{"embeddable":true,"href":"https:\/\/www.sisinternational.com\/pt\/wp-json\/wp\/v2\/media\/65641"}],"wp:attachment":[{"href":"https:\/\/www.sisinternational.com\/pt\/wp-json\/wp\/v2\/media?parent=41175"}],"curies":[{"name":"wp","href":"https:\/\/api.w.org\/{rel}","templated":true}]}}