{"id":41160,"date":"2022-12-23T03:56:05","date_gmt":"2022-12-23T03:56:05","guid":{"rendered":"https:\/\/www.sisinternational.com\/?page_id=41160"},"modified":"2025-10-01T22:30:29","modified_gmt":"2025-10-02T02:30:29","slug":"pesquisa-de-mercado-trinidad-tobago","status":"publish","type":"page","link":"https:\/\/www.sisinternational.com\/pt\/cobertura\/pesquisa-de-mercado-no-caribe\/pesquisa-de-mercado-trinidad-tobago\/","title":{"rendered":"Pesquisa de mercado em Trinidad e Tobago"},"content":{"rendered":"<h1 class=\"wp-block-heading\">Pesquisa de mercado em Trinidad e Tobago<\/h1>\n\n\n\n<figure class=\"gb-block-image gb-block-image-6bc5f28f\"><img loading=\"lazy\" decoding=\"async\" width=\"1456\" height=\"816\" class=\"gb-image gb-image-6bc5f28f\" src=\"https:\/\/www.sisinternational.com\/wp-content\/uploads\/2025\/09\/Trinidad-and-Tobago-3.jpg\" alt=\"Pesquisa e Estrat\u00e9gia de Mercado Internacional da SIS\" title=\"Trinidad and Tobago (3)\" srcset=\"https:\/\/www.sisinternational.com\/wp-content\/uploads\/2025\/09\/Trinidad-and-Tobago-3.jpg 1456w, https:\/\/www.sisinternational.com\/wp-content\/uploads\/2025\/09\/Trinidad-and-Tobago-3-300x168.jpg 300w, https:\/\/www.sisinternational.com\/wp-content\/uploads\/2025\/09\/Trinidad-and-Tobago-3-1024x574.jpg 1024w, https:\/\/www.sisinternational.com\/wp-content\/uploads\/2025\/09\/Trinidad-and-Tobago-3-768x430.jpg 768w, https:\/\/www.sisinternational.com\/wp-content\/uploads\/2025\/09\/Trinidad-and-Tobago-3-18x10.jpg 18w\" sizes=\"auto, (max-width: 1456px) 100vw, 1456px\"><\/figure>\n\n\n\n<p><\/p>\n\n\n\n<p>Trinidad e Tobago \u00e9 uma na\u00e7\u00e3o insular caribenha localizada no extremo sudeste da cadeia. As duas ilhas principais s\u00e3o Trinidad e Tobago, com v\u00e1rias ilhotas menores dentro das suas fronteiras mar\u00edtimas. As ilhas ficam ao sul de Granada e a noroeste da Guiana. De longe a maior das duas ilhas, Trinidad tem uma \u00e1rea de cerca de 1.850 milhas quadradas. Fica a apenas 11 quil\u00f4metros da Venezuela no ponto mais pr\u00f3ximo.<\/p>\n\n\n\n<h2 class=\"wp-block-heading\">Principais ind\u00fastrias<\/h2>\n\n\n\n<p>The GDP per capita rate in Trinidad and Tobago is the highest in the region. Thus, experts have classed it as a high-income country. It\u2019s also the largest <a href=\"https:\/\/www.sisinternational.com\/pt\/pericia\/industrias\/pesquisa-de-mercado-de-petroleo-e-gas\/\" title=\"Pesquisa de mercado de petr\u00f3leo e g\u00e1s\"  data-wpil-monitor-id=\"8481\">oil and gas<\/a> producer in the region and one of the largest natural gas exporters in the world. Trinidad and Tobago is a leader in the region\u2019s finance scene, and tourism is growing but is not the primary sector. The main exports are <a href=\"https:\/\/www.sisinternational.com\/pt\/pericia\/industrias\/pesquisa-de-mercado-de-gas-liquefeito-de-petroleo\/\" title=\"Pesquisa de mercado de g\u00e1s liquefeito de petr\u00f3leo\"  data-wpil-monitor-id=\"8479\">petroleum and its products and liquefied<\/a> natural gas. Trinidad and Tobago also exports cereal, soft drinks, juices, fish, cocoa, cosmetics, preserved fruits, and household cleaners.<\/p>\n\n\n\n<h2 class=\"wp-block-heading\">Bairros<\/h2>\n\n\n\n<h3 class=\"wp-block-heading\">Porto da Espanha<\/h3>\n\n\n\n<p>A capital \u00e9 uma movimentada cidade portu\u00e1ria na parte norte da ilha de Trinidad. Voc\u00ea encontrar\u00e1 de tudo, desde restaurantes que cozinham todo tipo de culin\u00e1ria at\u00e9 bordados nas constru\u00e7\u00f5es de madeira. Al\u00e9m disso, voc\u00ea encontrar\u00e1 aqui quase todos os diversos aspectos de Trinidad.<\/p>\n\n\n\n<h3 class=\"wp-block-heading\">S\u00e3o Fernando<\/h3>\n\n\n\n<p>A segunda maior cidade do sul da ilha. A maioria das pessoas que vivem em San Fernando s\u00e3o descendentes de indianos e chineses, por isso tem uma forte influ\u00eancia asi\u00e1tica.<\/p>\n\n\n\n<h3 class=\"wp-block-heading\">Scarborough<\/h3>\n\n\n\n<p>The capital <a href=\"https:\/\/www.sisinternational.com\/pt\/solucoes\/solucoes-de-pesquisa-quantitativa-qualitativa\/testes-de-locais-centrais-na-cidade-de-nova-york\/\" title=\"Testes de locais centrais na cidade de Nova York: benef\u00edcios para testes de produtos\"  data-wpil-monitor-id=\"8482\">city of Tobago and the island\u2019s central<\/a> business hub. Located on the southern coast, Scarborough has revamped the city in recent times.<\/p>\n\n\n\n<h3 class=\"wp-block-heading\">Tend\u00eancias<\/h3>\n\n\n\n<p>Servi\u00e7os como finan\u00e7as e turismo t\u00eam crescido nos \u00faltimos anos. O governo tem tentado diversificar. No entanto, a corrup\u00e7\u00e3o e a criminalidade relacionada com a droga s\u00e3o problemas graves e afectam o turismo e o crescimento das empresas privadas. Outra quest\u00e3o fundamental \u00e9 o forte afluxo de migrantes venezuelanos. Ainda assim, a economia continua a melhorar \u00e0 medida que o sector n\u00e3o energ\u00e9tico ganha for\u00e7a.<\/p>\n\n\n\n<h2 class=\"wp-block-heading\">Benef\u00edcios e pontos fortes no mercado<\/h2>\n\n\n\n<p>Trinidad e Tobago \u00e9 um pa\u00eds l\u00edder na Comunidade das Cara\u00edbas (CARICOM) com enormes reservas de petr\u00f3leo e g\u00e1s e um grande fundo soberano. Al\u00e9m disso, tem um ambiente comercial aberto desde a remo\u00e7\u00e3o da maioria das barreiras comerciais. A ilha tem um forte apetite por produtos importados porque muitos consideram os produtos dos EUA de alta qualidade. \u00c9 um pa\u00eds est\u00e1vel e pronto para os neg\u00f3cios.<\/p>\n\n\n\n<h2 class=\"wp-block-heading\">Base de Consumidores<\/h2>\n\n\n\n<p>Cerca de 1,4 milh\u00e3o de pessoas vivem em Trinidad e Tobago. H\u00e1 uma divis\u00e3o uniforme entre homens e mulheres. Cerca de 53 por cento da popula\u00e7\u00e3o vive em centros urbanos e o restante est\u00e1 em \u00e1reas rurais. A taxa de penetra\u00e7\u00e3o da Internet \u00e9 de 77 por cento. Cerca de 78 por cento das pessoas est\u00e3o nas redes sociais. A maioria est\u00e1 no Facebook, mas Instagram, LinkedIn e Twitter tamb\u00e9m s\u00e3o muito usados. O pa\u00eds tem cerca de 2 milh\u00f5es de conex\u00f5es celulares.<\/p>\n\n\n\n<h2 class=\"wp-block-heading\">Raz\u00f5es para expandir seus neg\u00f3cios no mercado de Trinidad e Tobago<\/h2>\n\n\n\n<p>Despite the troubles, Trinidad and Tobago remains a great place to do business. It has a range of trade agreements, which is a boon for the manufacturing sector. Most notable are their trade deals with CARICOM, Latin America, and Europe. Also, the country\u2019s success in the <a href=\"https:\/\/www.sisinternational.com\/pt\/pericia\/industrias\/pesquisa-de-mercado-de-consultoria-em-estrategia-de-energia-energetica\/\" title=\"Pesquisa de mercado de consultoria em estrat\u00e9gia de energia e energia\"  data-wpil-monitor-id=\"8483\">energia<\/a> sector has lowered the cost of power. This has enabled it to become a manufacturing powerhouse. The government supports foreign direct investment in almost all sectors. Lately, it has been placing a specific focus on the non-energy sector.<\/p>\n\n\n\n<h2 class=\"wp-block-heading\">Sobre pesquisa de mercado em Trinidad e Tobago<\/h2>\n\n\n\n<p><a href=\"https:\/\/www.sisinternational.com\/pt\/entre-em-contato-com-a-sis-international-market-research\/\" title=\"Contate-nos\"  data-wpil-monitor-id=\"8471\">A SIS International Research<\/a> Firm is a leader in Quantitative and Qualitative research. Both types of research have been the subject of many debates. But neither is better than the other \u2013 they have strengths and weaknesses. Our <a href=\"https:\/\/www.sisinternational.com\/pt\/solucoes\/pesquisa-de-consultoria-em-estrategia-fintech\/pesquisa-de-mercado-de-servicos-financeiros\/\" title=\"Pesquisa de mercado de servi\u00e7os financeiros\"  data-wpil-monitor-id=\"8475\">market research services<\/a> will help you get to know your customers. Take the guesswork out of your <a href=\"https:\/\/www.sisinternational.com\/pt\/solucoes\/pesquisa-de-mercado-em-grupo-focal\/\" title=\"Pesquisa de mercado com grupo focal\"  data-wpil-monitor-id=\"8477\">marketing process with reliable Focus Groups<\/a>. We also do your Interviews and Surveys to help you form a Go-To-Market Strategy.<\/p>\n\n\n\n<p><\/p>","protected":false},"excerpt":{"rendered":"<p>Trinidad e Tobago fornece enormes reservas de petr\u00f3leo e g\u00e1s e um grande fundo soberano. A SIS International oferece pesquisas de mercado aprofundadas.<\/p>","protected":false},"author":1,"featured_media":66370,"parent":33287,"menu_order":22,"comment_status":"closed","ping_status":"closed","template":"","meta":{"footnotes":""},"class_list":["post-41160","page","type-page","status-publish","has-post-thumbnail"],"_links":{"self":[{"href":"https:\/\/www.sisinternational.com\/pt\/wp-json\/wp\/v2\/pages\/41160","targetHints":{"allow":["GET"]}}],"collection":[{"href":"https:\/\/www.sisinternational.com\/pt\/wp-json\/wp\/v2\/pages"}],"about":[{"href":"https:\/\/www.sisinternational.com\/pt\/wp-json\/wp\/v2\/types\/page"}],"author":[{"embeddable":true,"href":"https:\/\/www.sisinternational.com\/pt\/wp-json\/wp\/v2\/users\/1"}],"replies":[{"embeddable":true,"href":"https:\/\/www.sisinternational.com\/pt\/wp-json\/wp\/v2\/comments?post=41160"}],"version-history":[{"count":3,"href":"https:\/\/www.sisinternational.com\/pt\/wp-json\/wp\/v2\/pages\/41160\/revisions"}],"predecessor-version":[{"id":81422,"href":"https:\/\/www.sisinternational.com\/pt\/wp-json\/wp\/v2\/pages\/41160\/revisions\/81422"}],"up":[{"embeddable":true,"href":"https:\/\/www.sisinternational.com\/pt\/wp-json\/wp\/v2\/pages\/33287"}],"wp:featuredmedia":[{"embeddable":true,"href":"https:\/\/www.sisinternational.com\/pt\/wp-json\/wp\/v2\/media\/66370"}],"wp:attachment":[{"href":"https:\/\/www.sisinternational.com\/pt\/wp-json\/wp\/v2\/media?parent=41160"}],"curies":[{"name":"wp","href":"https:\/\/api.w.org\/{rel}","templated":true}]}}