{"id":41150,"date":"2022-12-23T02:38:15","date_gmt":"2022-12-23T02:38:15","guid":{"rendered":"https:\/\/www.sisinternational.com\/?page_id=41150"},"modified":"2026-01-24T21:28:53","modified_gmt":"2026-01-25T02:28:53","slug":"pesquisa-de-mercado-nas-ilhas-turks-e-caicos","status":"publish","type":"page","link":"https:\/\/www.sisinternational.com\/pt\/cobertura\/pesquisa-de-mercado-no-caribe\/pesquisa-de-mercado-nas-ilhas-turks-e-caicos\/","title":{"rendered":"Pesquisa de mercado nas Ilhas Turks e Caicos"},"content":{"rendered":"<h1 class=\"wp-block-heading\">Pesquisa de mercado nas Ilhas Turks e Caicos<\/h1>\n\n\n\n<figure class=\"gb-block-image gb-block-image-c589658e\"><img loading=\"lazy\" decoding=\"async\" width=\"1456\" height=\"816\" class=\"gb-image gb-image-c589658e\" src=\"https:\/\/www.sisinternational.com\/wp-content\/uploads\/2025\/09\/Turks-and-Caicos-Islands-2.jpg\" alt=\"Pesquisa e Estrat\u00e9gia de Mercado Internacional da SIS\" title=\"Turks and Caicos Islands (2)\" srcset=\"https:\/\/www.sisinternational.com\/wp-content\/uploads\/2025\/09\/Turks-and-Caicos-Islands-2.jpg 1456w, https:\/\/www.sisinternational.com\/wp-content\/uploads\/2025\/09\/Turks-and-Caicos-Islands-2-300x168.jpg 300w, https:\/\/www.sisinternational.com\/wp-content\/uploads\/2025\/09\/Turks-and-Caicos-Islands-2-1024x574.jpg 1024w, https:\/\/www.sisinternational.com\/wp-content\/uploads\/2025\/09\/Turks-and-Caicos-Islands-2-768x430.jpg 768w, https:\/\/www.sisinternational.com\/wp-content\/uploads\/2025\/09\/Turks-and-Caicos-Islands-2-18x10.jpg 18w\" sizes=\"auto, (max-width: 1456px) 100vw, 1456px\"><\/figure>\n\n\n\n<hr class=\"wp-block-separator has-alpha-channel-opacity is-style-dots\"\/>\n\n\n\n<p>As Ilhas Turks e Caicos consistem nos Turcos e na sua contraparte maior, as Ilhas Caicos. Esses dois conjuntos de ilhas est\u00e3o na zona tropical do Atl\u00e2ntico, a sudeste das Bahamas e ao norte do Haiti. Chamadas abreviadamente de TCI, as ilhas compreendem um territ\u00f3rio ultramarino brit\u00e2nico. Eles consistem em 100 ilhas, ilhotas e rochas nomeadas. Grand Turk e Providenciales s\u00e3o duas ilhas habitadas mais conhecidas, sendo as outras North Caicos, Middle Caicos, South Caicos, Parrot Cay, Salt Cay, Ambergris Cay e Pine Cay.<\/p>\n\n\n\n<h2 class=\"wp-block-heading\">Principais ind\u00fastrias<\/h2>\n\n\n\n<p>Significant amounts of agricultural land exist in North and Middle Caicos. This land can support new farms producing higher yields. Another central area where people invest in Turks and Caicos is the <a href=\"https:\/\/www.sisinternational.com\/pt\/pericia\/industrias\/pesquisa-de-mercado-imobiliario-comercial\/\" title=\"Pesquisa de mercado imobili\u00e1rio comercial\"  data-wpil-monitor-id=\"8227\">real estate market<\/a>. This developing nation is nurturing an open economy for property investors. It offers everything from relocation homes to holiday properties. Tourism remains another significant source of income for the islands, with most visitors coming from the US via cruise ship.<\/p>\n\n\n\n<h2 class=\"wp-block-heading\">Bairros<\/h2>\n\n\n\n<h3 class=\"wp-block-heading\">Cidade de Cockburn<\/h3>\n\n\n\n<p>A capital do pa\u00eds se espalha pela maior parte da Ilha Grand Turk. Possui muita arquitetura hist\u00f3rica das Bermudas dos s\u00e9culos 18 e 19, e esses edif\u00edcios imponentes alinham-se em pelo menos duas das ruas desta cidade.<\/p>\n\n\n\n<h3 class=\"wp-block-heading\">Roda e<\/h3>\n\n\n\n<p>Uma cidade na ilha de Providenciales. Possui dois bairros residenciais e tamb\u00e9m abriga uma antiga pedreira de areia.<\/p>\n\n\n\n<h3 class=\"wp-block-heading\">Barra de concha<\/h3>\n\n\n\n<p>A maior das tr\u00eas aldeias da ilha de Middle Caicos abriga uma escola prim\u00e1ria e alguns escrit\u00f3rios governamentais. O vizinho Parque Nacional Conch Bar Caves tem um enorme sistema de cavernas: um dos maiores do Caribe.<\/p>\n\n\n\n<h2 class=\"wp-block-heading\">Tend\u00eancias<\/h2>\n\n\n\n<p>As ilhas t\u00eam muito potencial devido aos seus oceanos abundantes e terras ar\u00e1veis. Os especialistas identificaram outras \u00e1reas que podem ser atraentes como campos de investimento. Essas \u00e1reas incluem processamento de alimentos, agroind\u00fastrias e maricultura. A pr\u00f3spera ind\u00fastria do turismo criou uma enorme procura de produtos agr\u00edcolas e de peixe locais, que actualmente excede a oferta \u2013 as Ilhas Caicos, em particular, oferecem um clima ideal e um solo f\u00e9rtil.<\/p>\n\n\n\n<h2 class=\"wp-block-heading\">Benef\u00edcios e pontos fortes no mercado<\/h2>\n\n\n\n<p>This region\u2019s high unemployment rate means you will get cheap labor. Your operating costs will be lower as a result. Another key point is that the Turks and Caicos <a href=\"https:\/\/www.sisinternational.com\/pt\/pericia\/industrias\/gerente-de-beneficios-de-farmacia-pesquisa-de-mercado-pbm\/\" title=\"Pesquisa de mercado do Gerente de Benef\u00edcios Farmac\u00eauticos (PBM)\"  data-wpil-monitor-id=\"8230\">market has many benefits<\/a> and strengths. These include first-rate healthcare centers, full-service banking, and a well-developed telecommunications network. Each of these factors is important when considering investing in these islands.<\/p>\n\n\n\n<h2 class=\"wp-block-heading\">Base de Consumidores<\/h2>\n\n\n\n<p>Cerca de 40 mil pessoas vivem nas Ilhas Turks e Caicos, divididas igualmente entre homens e mulheres. Na verdade, noventa e quatro por cento destas pessoas vivem em centros urbanos e o restante em \u00e1reas rurais. Noventa por cento s\u00e3o usu\u00e1rios de m\u00eddias sociais, sendo a maioria no Facebook. Outras plataformas populares s\u00e3o Instagram, LinkedIn e Twitter.<\/p>\n\n\n\n<h2 class=\"wp-block-heading\">Raz\u00f5es para expandir seus neg\u00f3cios no mercado de Turks e Caicos<\/h2>\n\n\n\n<p>As ilhas t\u00eam mostrado um crescimento sustentado e cont\u00ednuo ao longo das \u00faltimas d\u00e9cadas. A Standard and Poor&#039;s deu o indicador perfeito deste crescimento ao afirmar a classifica\u00e7\u00e3o de cr\u00e9dito soberano do pa\u00eds como BBB+. Esta classifica\u00e7\u00e3o aplica-se a t\u00edtulos de longo prazo denominados em moeda nacional e estrangeira. A S&amp;P tamb\u00e9m demonstrou confian\u00e7a no TCI. Acreditam que a TCI continuar\u00e1 a aderir a uma gest\u00e3o financeira prudente. Eles tamb\u00e9m opinam que o pa\u00eds limitar\u00e1 os empr\u00e9stimos. O governo gere bem a sua economia, o que aumenta a confian\u00e7a dos investidores.<\/p>\n\n\n\n<h2 class=\"wp-block-heading\">Sobre pesquisa de mercado nas Ilhas Turks e Caicos<\/h2>\n\n\n\n<p>Are you planning to start a business in the Turks and Caicos Islands? It\u2019s vital to do <a href=\"https:\/\/www.sisinternational.com\/pt\/solucoes\/solucoes-de-pesquisa-quantitativa-qualitativa\/recrutamento-de-pesquisa-qualitativa\/\" title=\"Recrutamento de Pesquisa Qualitativa\"  data-wpil-monitor-id=\"8229\">Pesquisa qualitativa e quantitativa<\/a>. This research will help you come up with a Go-To-Market <a href=\"https:\/\/www.sisinternational.com\/pt\/o-papel-do-desenvolvimento-de-processos-e-sistemas-no-sucesso-organizacional\/\" title=\"Pesquisa de mercado de design organizacional\"  data-wpil-monitor-id=\"8226\">Estrat\u00e9gia<\/a>. That\u2019s where we at <a href=\"https:\/\/www.sisinternational.com\/pt\/entre-em-contato-com-a-sis-international-market-research\/\" title=\"Contate-nos\"  data-wpil-monitor-id=\"8225\">A SIS International Research<\/a> come in. We can set up Focus Groups, Surveys, and Interviews as part of your <a href=\"https:\/\/www.sisinternational.com\/pt\/pericia\/industrias\/pesquisa-de-mercado-diesel\/\" title=\"Pesquisa de mercado diesel\"  data-wpil-monitor-id=\"3489\">Pesquisa de dimensionamento de mercado<\/a>. We also offer UX <a href=\"https:\/\/www.sisinternational.com\/pt\/solucoes\/solucoes-de-pesquisa-quantitativa-qualitativa\/pesquisa-de-mercado-de-analise-chaid\/\" title=\"Pesquisa de mercado de an\u00e1lise CHAID\"  data-wpil-monitor-id=\"8228\">Market Research and Competitive Analysis<\/a> to new companies in the TCI.<\/p>\n\n\n\n<p><\/p>","protected":false},"excerpt":{"rendered":"<p>As ilhas Turks e Caicos fornecem processamento de alimentos, agroind\u00fastrias e maricultura. A SIS International fornece pesquisas de mercado vitais.<\/p>","protected":false},"author":1,"featured_media":66372,"parent":33287,"menu_order":21,"comment_status":"closed","ping_status":"closed","template":"","meta":{"footnotes":""},"class_list":["post-41150","page","type-page","status-publish","has-post-thumbnail"],"_links":{"self":[{"href":"https:\/\/www.sisinternational.com\/pt\/wp-json\/wp\/v2\/pages\/41150","targetHints":{"allow":["GET"]}}],"collection":[{"href":"https:\/\/www.sisinternational.com\/pt\/wp-json\/wp\/v2\/pages"}],"about":[{"href":"https:\/\/www.sisinternational.com\/pt\/wp-json\/wp\/v2\/types\/page"}],"author":[{"embeddable":true,"href":"https:\/\/www.sisinternational.com\/pt\/wp-json\/wp\/v2\/users\/1"}],"replies":[{"embeddable":true,"href":"https:\/\/www.sisinternational.com\/pt\/wp-json\/wp\/v2\/comments?post=41150"}],"version-history":[{"count":4,"href":"https:\/\/www.sisinternational.com\/pt\/wp-json\/wp\/v2\/pages\/41150\/revisions"}],"predecessor-version":[{"id":81383,"href":"https:\/\/www.sisinternational.com\/pt\/wp-json\/wp\/v2\/pages\/41150\/revisions\/81383"}],"up":[{"embeddable":true,"href":"https:\/\/www.sisinternational.com\/pt\/wp-json\/wp\/v2\/pages\/33287"}],"wp:featuredmedia":[{"embeddable":true,"href":"https:\/\/www.sisinternational.com\/pt\/wp-json\/wp\/v2\/media\/66372"}],"wp:attachment":[{"href":"https:\/\/www.sisinternational.com\/pt\/wp-json\/wp\/v2\/media?parent=41150"}],"curies":[{"name":"wp","href":"https:\/\/api.w.org\/{rel}","templated":true}]}}