{"id":41145,"date":"2022-12-23T02:01:37","date_gmt":"2022-12-23T02:01:37","guid":{"rendered":"https:\/\/www.sisinternational.com\/?page_id=41145"},"modified":"2026-01-25T16:43:06","modified_gmt":"2026-01-25T21:43:06","slug":"pesquisa-de-mercado-em-sao-vicente-e-granadinas","status":"publish","type":"page","link":"https:\/\/www.sisinternational.com\/pt\/cobertura\/pesquisa-de-mercado-no-caribe\/pesquisa-de-mercado-em-sao-vicente-e-granadinas\/","title":{"rendered":"Pesquisa de mercado em S\u00e3o Vicente e Granadinas"},"content":{"rendered":"<h1 class=\"wp-block-heading\">Pesquisa de mercado em S\u00e3o Vicente e Granadinas<\/h1>\n\n\n\n<figure class=\"gb-block-image gb-block-image-be932a82\"><img loading=\"lazy\" decoding=\"async\" width=\"1456\" height=\"816\" class=\"gb-image gb-image-be932a82\" src=\"https:\/\/www.sisinternational.com\/wp-content\/uploads\/2025\/09\/St.-Vincent-and-the-Grenadines-3.jpg\" alt=\"Pesquisa e Estrat\u00e9gia de Mercado Internacional da SIS\" title=\"St. Vincent and the Grenadines (3)\" srcset=\"https:\/\/www.sisinternational.com\/wp-content\/uploads\/2025\/09\/St.-Vincent-and-the-Grenadines-3.jpg 1456w, https:\/\/www.sisinternational.com\/wp-content\/uploads\/2025\/09\/St.-Vincent-and-the-Grenadines-3-300x168.jpg 300w, https:\/\/www.sisinternational.com\/wp-content\/uploads\/2025\/09\/St.-Vincent-and-the-Grenadines-3-1024x574.jpg 1024w, https:\/\/www.sisinternational.com\/wp-content\/uploads\/2025\/09\/St.-Vincent-and-the-Grenadines-3-768x430.jpg 768w, https:\/\/www.sisinternational.com\/wp-content\/uploads\/2025\/09\/St.-Vincent-and-the-Grenadines-3-18x10.jpg 18w\" sizes=\"auto, (max-width: 1456px) 100vw, 1456px\"><\/figure>\n\n\n\n<hr class=\"wp-block-separator has-alpha-channel-opacity is-style-dots\"\/>\n\n\n\n<p><\/p>\n\n\n\n<p>S\u00e3o Vicente e Granadinas \u00e9 uma na\u00e7\u00e3o insular do Caribe. Fica ao sul de Santa L\u00facia e Ant\u00edgua, a oeste de Barbados e ao norte de Granada. A ilha principal de S\u00e3o Vicente constitui a maior parte deste pa\u00eds de 142 milhas quadradas. Tamb\u00e9m inclui os dois ter\u00e7os do norte das Granadinas, uma cadeia de 32 ilhas. As pessoas vivem em algumas das ilhas. Estes incluem Mustique, Bequia, Canouan, Union Island e Mayreau. Kingstown \u00e9 a capital e principal porto.<\/p>\n\n\n\n<h2 class=\"wp-block-heading\">Principais ind\u00fastrias<\/h2>\n\n\n\n<p>A produ\u00e7\u00e3o de banana \u00e9 um sector vital neste pa\u00eds de baixos rendimentos. Al\u00e9m disso, S\u00e3o Vicente \u00e9 o maior produtor de araruta do mundo. Tamb\u00e9m importante \u00e9 a ind\u00fastria de servi\u00e7os, baseada no crescente setor tur\u00edstico do pa\u00eds. O turismo \u00e9 vital para a economia. O setor manufatureiro ainda \u00e9 pequeno. H\u00e1 tamb\u00e9m um setor financeiro offshore que atende empresas estrangeiras.<\/p>\n\n\n\n<h2 class=\"wp-block-heading\">Bairros<\/h2>\n\n\n\n<h3 class=\"wp-block-heading\">Kingstown<\/h3>\n\n\n\n<p>Principal centro comercial, principal porto e capital de S\u00e3o Vicente e Granadinas. Os colonos franceses fundaram a cidade em 1722. Mas S\u00e3o Vicente teve 196 anos de dom\u00ednio colonial brit\u00e2nico antes de iniciar o autogoverno em 1979.<\/p>\n\n\n\n<h3 class=\"wp-block-heading\">Arnos Vale<\/h3>\n\n\n\n<p>A antiga propriedade \u00e9 agora uma vila em Greathead Bay, no sul de St. Vincent. \u00c9 a localiza\u00e7\u00e3o do Aeroporto ET Joshua. ET Joshua entrou em desuso ap\u00f3s a inaugura\u00e7\u00e3o do novo Aeroporto Internacional de Argyle.<\/p>\n\n\n\n<h3 class=\"wp-block-heading\">Ashton<\/h3>\n\n\n\n<p>A town on the south <a href=\"https:\/\/www.sisinternational.com\/pt\/cobertura\/pesquisa-de-mercado-africa\/pesquisa-de-mercado-nas-mauricias-africa\/\" title=\"Market Research in Mauritius \u2014 Island off Africa&#8217;s East Coast\"  data-wpil-monitor-id=\"9739\">coast of Union Island<\/a>, one of the Grenadines.<\/p>\n\n\n\n<h2 class=\"wp-block-heading\">Tend\u00eancias<\/h2>\n\n\n\n<p>The government is open to all investors, but niche markets are of prime concern. Niche products include global financial services, tourism, light manufacturing, Agri processing, scientific and medical research, renewable energy, IT, and the creative industries. In fact, most local companies would welcome joint ventures with foreign investors, which gives them access to more and better expertise and technology. It also leads to <a href=\"https:\/\/www.sisinternational.com\/pt\/solucoes\/pesquisa-de-consultoria-em-estrategia-fintech\/pesquisa-de-mercado-mercado-de-capitais\/\" title=\"Pesquisa de mercado de mercado de capitais\"  data-wpil-monitor-id=\"9735\">capital investments and markets<\/a>.<\/p>\n\n\n\n<h2 class=\"wp-block-heading\">Benef\u00edcios e pontos fortes no mercado<\/h2>\n\n\n\n<p>Foreign companies operating in St. Vincent and the Grenadines have many perks. For example, they are exempt from paying personal and corporate income taxes. They are also exempt from estate and withholding taxes, and they get a 25-year holiday from other taxes. Another benefit of investing in Saint Vincent is the Caribbean\/Canada Trade Agreement. Under this agreement, Canada provides duty-free access to its <a href=\"https:\/\/www.sisinternational.com\/pt\/cobertura\/as-americas\/pesquisa-de-mercado-no-caribe\/pesquisa-de-mercado-sao-bartolomeu\/\" title=\"Pesquisa de mercado em S\u00e3o Bartolomeu\"  data-wpil-monitor-id=\"3703\">market for most products made in St.<\/a> Vincent.<\/p>\n\n\n\n<h2 class=\"wp-block-heading\">Base de Consumidores<\/h2>\n\n\n\n<p>Banana production and tourism employ most of the workforce in St. Vincent and the Grenadines. More than two-thirds of the labor force work in service industries. These <a href=\"https:\/\/www.sisinternational.com\/pt\/solucoes\/pesquisa-de-mercado-de-ia-e-consultoria-estrategica\/adocao-de-ia-viagens-hospitalidade-turismo-consultoria-da-industria\/\" title=\"Ado\u00e7\u00e3o de IA em consultoria da ind\u00fastria de viagens, hotelaria e turismo\"  data-wpil-monitor-id=\"9737\">industries include tourism<\/a>, retail, IT, transport, and communications. About half of all Vincentians live in urban centers; the rest stay in rural areas. Two-thirds have an Internet connection. Facebook has the largest number of users, followed by Instagram, LinkedIn, and Twitter.<\/p>\n\n\n\n<h2 class=\"wp-block-heading\">Raz\u00f5es para expandir seus neg\u00f3cios no mercado SVG<\/h2>\n\n\n\n<p>Investors enjoy a range of incentives when they put money into the Saint Vincent economy. The country has lifted the ban on foreigners <a href=\"https:\/\/www.sisinternational.com\/pt\/estrategia-de-campanha-de-marketing-multiplataforma-para-uma-holding-e-conglomerado-empresarial-dos-emirados\/\" title=\"Servi\u00e7os de publicidade multicultural para uma holding e conglomerado empresarial dos Emirados\"  data-wpil-monitor-id=\"9738\">holding trust company<\/a> licenses. New companies get import tax concessions on machinery. They also don\u2019t have to pay duties on raw materials, spare parts, and equipment. Another perk is that business owners have the freedom to repatriate funds.<\/p>\n\n\n\n<h2 class=\"wp-block-heading\">Sobre pesquisa de mercado em S\u00e3o Vicente e Granadinas<\/h2>\n\n\n\n<p>SIS International is one of the leading <a href=\"https:\/\/www.sisinternational.com\/pt\/pericia\/industrias\/solucoes-de-pesquisa-de-mercado-de-saude\/\" title=\"Empresa de pesquisa de mercado no setor de sa\u00fade\"  data-wpil-monitor-id=\"9730\">Market Research firms<\/a> in the USA. We provide Qualitative and <a href=\"https:\/\/www.sisinternational.com\/pt\/top-5-benefits-of-conducting-quantitative-market-research\/\" title=\"Top 5 Benefits of Conducting Quantitative Market Research\"  data-wpil-monitor-id=\"9728\">Pesquisa Quantitativa de Mercado<\/a> services. We can also help with your Go-to-Market Strategy, and we conduct UX Market Research. Do you need in-depth <a href=\"https:\/\/www.sisinternational.com\/pt\/cobertura\/as-americas\/pesquisa-de-mercado-no-caribe\/pesquisa-de-mercado-em-sao-cristovao-nevis\/\" title=\"Pesquisa de mercado em S\u00e3o Crist\u00f3v\u00e3o e Nevis\"  data-wpil-monitor-id=\"3280\">St. Vincent and the Grenadines market research<\/a>? We can arrange <a href=\"https:\/\/www.sisinternational.com\/pt\/solucoes\/pesquisa-de-mercado-em-grupo-focal\/como-conduzir-um-grupo-focal\/\" title=\"Como conduzir um grupo focal\"  data-wpil-monitor-id=\"9734\">Focus Groups and conduct<\/a> further studies using Surveys and Interviews. Please get in touch with us to request a quote if you\u2019d like us to <a href=\"https:\/\/www.sisinternational.com\/pt\/how-to-conduct-effective-quantitative-market-research\/\" title=\"How to Conduct Effective Quantitative Market Research\"  data-wpil-monitor-id=\"9732\">conduct market research<\/a> for your company.<\/p>","protected":false},"excerpt":{"rendered":"<p>Bananas, produ\u00e7\u00e3o de araruta e turismo s\u00e3o vitais em S\u00e3o Vicente e Granadinas. A SIS International fornece pesquisas de mercado aprofundadas. <\/p>","protected":false},"author":1,"featured_media":66365,"parent":33287,"menu_order":20,"comment_status":"closed","ping_status":"closed","template":"","meta":{"footnotes":""},"class_list":["post-41145","page","type-page","status-publish","has-post-thumbnail"],"_links":{"self":[{"href":"https:\/\/www.sisinternational.com\/pt\/wp-json\/wp\/v2\/pages\/41145","targetHints":{"allow":["GET"]}}],"collection":[{"href":"https:\/\/www.sisinternational.com\/pt\/wp-json\/wp\/v2\/pages"}],"about":[{"href":"https:\/\/www.sisinternational.com\/pt\/wp-json\/wp\/v2\/types\/page"}],"author":[{"embeddable":true,"href":"https:\/\/www.sisinternational.com\/pt\/wp-json\/wp\/v2\/users\/1"}],"replies":[{"embeddable":true,"href":"https:\/\/www.sisinternational.com\/pt\/wp-json\/wp\/v2\/comments?post=41145"}],"version-history":[{"count":5,"href":"https:\/\/www.sisinternational.com\/pt\/wp-json\/wp\/v2\/pages\/41145\/revisions"}],"predecessor-version":[{"id":81621,"href":"https:\/\/www.sisinternational.com\/pt\/wp-json\/wp\/v2\/pages\/41145\/revisions\/81621"}],"up":[{"embeddable":true,"href":"https:\/\/www.sisinternational.com\/pt\/wp-json\/wp\/v2\/pages\/33287"}],"wp:featuredmedia":[{"embeddable":true,"href":"https:\/\/www.sisinternational.com\/pt\/wp-json\/wp\/v2\/media\/66365"}],"wp:attachment":[{"href":"https:\/\/www.sisinternational.com\/pt\/wp-json\/wp\/v2\/media?parent=41145"}],"curies":[{"name":"wp","href":"https:\/\/api.w.org\/{rel}","templated":true}]}}