{"id":41141,"date":"2022-12-22T20:54:31","date_gmt":"2022-12-22T20:54:31","guid":{"rendered":"https:\/\/www.sisinternational.com\/?page_id=41141"},"modified":"2026-01-25T16:43:07","modified_gmt":"2026-01-25T21:43:07","slug":"pesquisa-de-mercado-em-sao-martinho-2","status":"publish","type":"page","link":"https:\/\/www.sisinternational.com\/pt\/cobertura\/pesquisa-de-mercado-no-caribe\/pesquisa-de-mercado-em-sao-martinho-2\/","title":{"rendered":"Pesquisa de mercado em St."},"content":{"rendered":"<h1 class=\"wp-block-heading\">Pesquisa de mercado em St.<\/h1>\n\n\n\n<figure class=\"gb-block-image gb-block-image-b006da90\"><img loading=\"lazy\" decoding=\"async\" width=\"1456\" height=\"816\" class=\"gb-image gb-image-b006da90\" src=\"https:\/\/www.sisinternational.com\/wp-content\/uploads\/2025\/09\/Martinique-3.jpg\" alt=\"Pesquisa e Estrat\u00e9gia de Mercado Internacional da SIS\" title=\"Martinique (3)\" srcset=\"https:\/\/www.sisinternational.com\/wp-content\/uploads\/2025\/09\/Martinique-3.jpg 1456w, https:\/\/www.sisinternational.com\/wp-content\/uploads\/2025\/09\/Martinique-3-300x168.jpg 300w, https:\/\/www.sisinternational.com\/wp-content\/uploads\/2025\/09\/Martinique-3-1024x574.jpg 1024w, https:\/\/www.sisinternational.com\/wp-content\/uploads\/2025\/09\/Martinique-3-768x430.jpg 768w, https:\/\/www.sisinternational.com\/wp-content\/uploads\/2025\/09\/Martinique-3-18x10.jpg 18w\" sizes=\"auto, (max-width: 1456px) 100vw, 1456px\"><\/figure>\n\n\n\n<hr class=\"wp-block-separator has-alpha-channel-opacity is-style-dots\"\/>\n\n\n\n<p>St. Martin \u00e9 uma ilha caribenha localizada a cerca de 190 milhas a leste de Porto Rico, com uma \u00e1rea terrestre de pelo menos 34 milhas quadradas. \u00c9 dividido 60:40 entre Fran\u00e7a e Holanda. O lado franc\u00eas est\u00e1 localizado no norte e \u00e9 uma coletividade ultramarina. O lado holand\u00eas, conhecido como Sint Maarten, fica na parte sul da ilha.<\/p>\n\n\n\n<p>What\u2019s the best part of staying on this island? Visitors taste two lively but distinct cultures for the price of one vacation. Another key point is that the island is proud of its dual heritage and customs. Another great thing about St. Martin is that people and goods have free movement between the two sides of the island. As a matter of fact, there\u2019s no physical border. The official currency of St. Martin is the Euro. Sint Maarten uses the Netherlands Antillean Guilder. Both sides accept the US Dollar for most transactions.<\/p>\n\n\n\n<h2 class=\"wp-block-heading\">Principais ind\u00fastrias<\/h2>\n\n\n\n<p>A localiza\u00e7\u00e3o tropical de St. Martin atrai muitos visitantes todos os anos. Sua economia gira em torno do turismo. Da mesma forma, esta ind\u00fastria emprega a maior parte do seu pessoal. Tamb\u00e9m abre muitos setores, como hot\u00e9is, restaurantes, outros servi\u00e7os de alimenta\u00e7\u00e3o, navios de cruzeiro, companhias a\u00e9reas, entretenimento e transportes. A ilha importa a maior parte dos seus alimentos porque a agricultura \u00e9 escassa. As principais exporta\u00e7\u00f5es s\u00e3o embarca\u00e7\u00f5es mar\u00edtimas, sucata de alum\u00ednio, m\u00f3veis e bebidas alco\u00f3licas.<\/p>\n\n\n\n<h2 class=\"wp-block-heading\">Bairros<\/h2>\n\n\n\n<h3 class=\"wp-block-heading\">Marigot<\/h3>\n\n\n\n<p>Marigot \u00e9 a capital de S\u00e3o Martinho. Tem um toque muito europeu, com lojas de luxo e restaurantes em um ritmo descontra\u00eddo. A cidade tem uma marina e voc\u00ea pode pegar uma balsa para St. Barth, Anguilla e outras ilhas mais acima na cadeia.<\/p>\n\n\n\n<h3 class=\"wp-block-heading\">Cupecoy\/Terras Baixas<\/h3>\n\n\n\n<p>Cupecoy fica na fronteira holandesa, no lado noroeste. \u00c9 o lar de um cassino, um campo de golfe e alguns bons restaurantes. Tamb\u00e9m tem muitas vilas caras, que dominam esta parte da ilha.<\/p>\n\n\n\n<h3 class=\"wp-block-heading\">Ba\u00eda do Oriente\/Vila do Oriente<\/h3>\n\n\n\n<p>No lado leste da ilha, Orient Bay oferece muitos alugu\u00e9is por temporada. Tamb\u00e9m possui muitos restaurantes e pequenos hot\u00e9is. Al\u00e9m disso, \u00e9 onde se encontra uma das praias mais populares da ilha.<\/p>\n\n\n\n<h2 class=\"wp-block-heading\">Tend\u00eancias<\/h2>\n\n\n\n<p>S\u00e3o Martinho desfruta do tipo de clima que favorece o turismo. Assim, grandes navios de cruzeiro fazem paradas regulares na ilha. Al\u00e9m disso, a ind\u00fastria proporciona muitos empregos aos moradores de St. Martin. Ainda assim, est\u00e1 atr\u00e1s de Sint Maarten. O aeroporto, os cassinos e as docas para grandes navios de cruzeiro est\u00e3o todos no lado holand\u00eas. Do lado positivo, St. Martin \u00e9 uma del\u00edcia gastron\u00f4mica, conhecida por ter a melhor cultura gastron\u00f4mica da regi\u00e3o.<\/p>\n\n\n\n<h2 class=\"wp-block-heading\">Benef\u00edcios e pontos fortes no mercado<\/h2>\n\n\n\n<p>St. Martin\u2019s residents, by law, pay the same electricity rates as all other French citizens. Their utility rates start at&nbsp;$0.12 per kilowatt hour&nbsp;for home users. Sint Maarten, in comparison, charges around&nbsp;$0.35\/kWh. Another benefit of the <a href=\"https:\/\/www.sisinternational.com\/pt\/cobertura\/as-americas\/pesquisa-de-mercado-no-caribe\/pesquisa-de-mercado-sao-bartolomeu\/\" title=\"Pesquisa de mercado em S\u00e3o Bartolomeu\"  data-wpil-monitor-id=\"3708\">St. Martin market<\/a> is that companies can get an official ruling stating their tax system will not change. Moreover, dividends and capital gains are tax-exempt in St. Martin, and no withholding tax exists.<\/p>\n\n\n\n<h2 class=\"wp-block-heading\">Base de Consumidores<\/h2>\n\n\n\n<p>O sal\u00e1rio m\u00e9dio por pessoa por ano \u00e9 $46.000 em St. Esse tipo de dado \u00e9 vital porque permite que voc\u00ea venda mais para seus clientes. Voc\u00ea precisa conhecer seus clientes e ver como eles est\u00e3o crescendo. Eles t\u00eam novos objetivos ou valores? Eles enfrentam novos desafios? Seus pontos fracos mudaram? Voc\u00ea deve entender seu cliente. Caso contr\u00e1rio, talvez voc\u00ea n\u00e3o consiga continuar sua campanha de marketing atual. Fazer isso pode fazer com que voc\u00ea pare\u00e7a surdo. \u00c9 a\u00ed que entra a Pesquisa de Mercado Qualitativa, Quantitativa e Estrat\u00e9gica.<\/p>\n\n\n\n<h2 class=\"wp-block-heading\">Sobre pesquisa de mercado em St.<\/h2>\n\n\n\n<p>SIS International offers extensive UX and <a href=\"https:\/\/www.sisinternational.com\/pt\/cobertura\/as-americas\/pesquisa-de-mercado-no-caribe\/pesquisa-de-mercado-em-sao-cristovao-nevis\/\" title=\"Pesquisa de mercado em S\u00e3o Crist\u00f3v\u00e3o e Nevis\"  data-wpil-monitor-id=\"3295\">Pesquisa de oportunidades de mercado<\/a>. We keep you clued in on commercial industries and consumer products. We also provide insights into consumer lifestyles and trends in St. Martin. You may have an excellent idea for a service or product, but will people want it? You need to conduct some <a href=\"https:\/\/www.sisinternational.com\/pt\/pericia\/industrias\/pesquisa-de-mercado-diesel\/\" title=\"Pesquisa de mercado diesel\"  data-wpil-monitor-id=\"3493\">Pesquisa de entrada no mercado<\/a> to find out. Our research teams know the habits and attitudes of Caribbean consumers. We can help you with your Go-to-Market Strategy so you hit the ground running. Contact us today!<\/p>\n\n\n\n<p><\/p>","protected":false},"excerpt":{"rendered":"<p>A localiza\u00e7\u00e3o tropical de St. Martin atrai muitos visitantes. A SIS fornece insights de pesquisa de mercado sobre estilos de vida e tend\u00eancias dos consumidores em St.<\/p>","protected":false},"author":1,"featured_media":66138,"parent":33287,"menu_order":19,"comment_status":"closed","ping_status":"closed","template":"","meta":{"footnotes":""},"class_list":["post-41141","page","type-page","status-publish","has-post-thumbnail"],"_links":{"self":[{"href":"https:\/\/www.sisinternational.com\/pt\/wp-json\/wp\/v2\/pages\/41141","targetHints":{"allow":["GET"]}}],"collection":[{"href":"https:\/\/www.sisinternational.com\/pt\/wp-json\/wp\/v2\/pages"}],"about":[{"href":"https:\/\/www.sisinternational.com\/pt\/wp-json\/wp\/v2\/types\/page"}],"author":[{"embeddable":true,"href":"https:\/\/www.sisinternational.com\/pt\/wp-json\/wp\/v2\/users\/1"}],"replies":[{"embeddable":true,"href":"https:\/\/www.sisinternational.com\/pt\/wp-json\/wp\/v2\/comments?post=41141"}],"version-history":[{"count":6,"href":"https:\/\/www.sisinternational.com\/pt\/wp-json\/wp\/v2\/pages\/41141\/revisions"}],"predecessor-version":[{"id":77910,"href":"https:\/\/www.sisinternational.com\/pt\/wp-json\/wp\/v2\/pages\/41141\/revisions\/77910"}],"up":[{"embeddable":true,"href":"https:\/\/www.sisinternational.com\/pt\/wp-json\/wp\/v2\/pages\/33287"}],"wp:featuredmedia":[{"embeddable":true,"href":"https:\/\/www.sisinternational.com\/pt\/wp-json\/wp\/v2\/media\/66138"}],"wp:attachment":[{"href":"https:\/\/www.sisinternational.com\/pt\/wp-json\/wp\/v2\/media?parent=41141"}],"curies":[{"name":"wp","href":"https:\/\/api.w.org\/{rel}","templated":true}]}}