{"id":41137,"date":"2022-12-22T20:32:20","date_gmt":"2022-12-22T20:32:20","guid":{"rendered":"https:\/\/www.sisinternational.com\/?page_id=41137"},"modified":"2025-10-01T22:23:12","modified_gmt":"2025-10-02T02:23:12","slug":"pesquisa-de-mercado-em-sao-martinho","status":"publish","type":"page","link":"https:\/\/www.sisinternational.com\/pt\/cobertura\/pesquisa-de-mercado-no-caribe\/pesquisa-de-mercado-em-sao-martinho\/","title":{"rendered":"Pesquisa de mercado em S\u00e3o Martinho"},"content":{"rendered":"<h1 class=\"wp-block-heading\">Pesquisa de mercado em S\u00e3o Martinho<\/h1>\n\n\n\n<figure class=\"gb-block-image gb-block-image-8e1e6f83\"><img loading=\"lazy\" decoding=\"async\" width=\"1456\" height=\"816\" class=\"gb-image gb-image-8e1e6f83\" src=\"https:\/\/www.sisinternational.com\/wp-content\/uploads\/2025\/09\/Sint-Maarten-1.jpg\" alt=\"Pesquisa e Estrat\u00e9gia de Mercado Internacional da SIS\" title=\"Sint Maarten (1)\" srcset=\"https:\/\/www.sisinternational.com\/wp-content\/uploads\/2025\/09\/Sint-Maarten-1.jpg 1456w, https:\/\/www.sisinternational.com\/wp-content\/uploads\/2025\/09\/Sint-Maarten-1-300x168.jpg 300w, https:\/\/www.sisinternational.com\/wp-content\/uploads\/2025\/09\/Sint-Maarten-1-1024x574.jpg 1024w, https:\/\/www.sisinternational.com\/wp-content\/uploads\/2025\/09\/Sint-Maarten-1-768x430.jpg 768w, https:\/\/www.sisinternational.com\/wp-content\/uploads\/2025\/09\/Sint-Maarten-1-18x10.jpg 18w\" sizes=\"auto, (max-width: 1456px) 100vw, 1456px\"><\/figure>\n\n\n\n<p><\/p>\n\n\n\n<hr class=\"wp-block-separator has-alpha-channel-opacity is-style-dots\"\/>\n\n\n\n<p>Sint Maarten faz parte do Reino dos Pa\u00edses Baixos. Ocupa o ter\u00e7o sul da ilha dividida de S\u00e3o Martinho \u2013 os dois ter\u00e7os do norte s\u00e3o franceses. A capital de Sint Maarten \u00e9 Philipsburg, e seu chefe de estado \u00e9 o rei (ou rainha) holand\u00eas, representado por um governador. O seu sistema de governo \u00e9 muito parecido com o do Reino Unido, com o primeiro-ministro como chefe de governo. Sint Maarten \u00e9 montanhoso, com encostas que levam a salinas, lagoas costeiras e pontas de areia.<\/p>\n\n\n\n<h2 class=\"wp-block-heading\">Bairros<\/h2>\n\n\n\n<h3 class=\"wp-block-heading\">Philipsburg<\/h3>\n\n\n\n<p>A capital holandesa tem muitos monumentos. Tamb\u00e9m oferece in\u00fameras op\u00e7\u00f5es de compras, desde boutiques de roupas at\u00e9 joalherias.<\/p>\n\n\n\n<h3 class=\"wp-block-heading\">Ba\u00eda Simpson<\/h3>\n\n\n\n<p>Simpson Bay est\u00e1 localizada ao longo da lagoa de Sint Maarten. \u00c9 uma das cidades mais conhecidas de Sint Maarten. Al\u00e9m disso, esta \u00e1rea est\u00e1 no cora\u00e7\u00e3o do cen\u00e1rio tur\u00edstico de Sint Maarten, com in\u00fameras discotecas, restaurantes, bares e marinas de classe mundial.<\/p>\n\n\n\n<h3 class=\"wp-block-heading\">Bairro Holand\u00eas<\/h3>\n\n\n\n<p>Este \u00e9 um dos maiores distritos suburbanos de Sint Maarten. Uma das casas de fazenda mais antigas da ilha fica no Bairro Holand\u00eas.<\/p>\n\n\n\n<h2 class=\"wp-block-heading\">Principais ind\u00fastrias<\/h2>\n\n\n\n<p>Sint Maarten tem uma economia baseada no turismo. Hot\u00e9is, restaurantes e outros sectores relacionados com o turismo representam quase metade do PIB. Freelancing e com\u00e9rcio eletr\u00f4nico est\u00e3o se tornando uma norma, ent\u00e3o St. Maarten tamb\u00e9m est\u00e1 avan\u00e7ando no setor de neg\u00f3cios de TI. O setor imobili\u00e1rio \u00e9 outra ind\u00fastria importante, assim como as comunica\u00e7\u00f5es, os transportes e o armazenamento.<\/p>\n\n\n\n<h2 class=\"wp-block-heading\">Tend\u00eancias<\/h2>\n\n\n\n<p>A economia de Sint Maarten caiu ap\u00f3s o furac\u00e3o Irma e depois o Maria em 2017. A pandemia atingiu dois anos depois, causando ainda mais estragos. Ainda assim, os especialistas esperam que a economia se recupere e em breve. Os turistas come\u00e7aram a regressar em grande n\u00famero e o turismo de cruzeiros est\u00e1 em alta. Do lado negativo, o mundo est\u00e1 a lutar contra uma infla\u00e7\u00e3o severa e S\u00e3o Martinho n\u00e3o \u00e9 excep\u00e7\u00e3o. O pa\u00eds est\u00e1 \u00e0 merc\u00ea dos choques dos pre\u00e7os do petr\u00f3leo. Tamb\u00e9m importa infla\u00e7\u00e3o dos EUA atrav\u00e9s da taxa de c\u00e2mbio fixa e do canal comercial.<\/p>\n\n\n\n<h2 class=\"wp-block-heading\">Benef\u00edcios e pontos fortes no mercado<\/h2>\n\n\n\n<p>Sint Maarten \u00e9 um para\u00edso imobili\u00e1rio. At\u00e9 os franceses compram mais do lado holand\u00eas. Al\u00e9m disso, as leis s\u00e3o mais favor\u00e1veis e n\u00e3o h\u00e1 imposto sobre ganhos de capital. Tamb\u00e9m n\u00e3o h\u00e1 imposto sobre a terra. \u00c9 f\u00e1cil obter licen\u00e7as e restri\u00e7\u00f5es de zoneamento. Qual \u00e9 outra grande coisa sobre Sint Maarten? D\u00e1 aos investidores um tratamento de tapete vermelho. \u00c9 f\u00e1cil para os investidores se qualificarem para o status de residente permanente ap\u00f3s cinco anos. Mas primeiro, eles devem investir US$ $500.000 ou mais. Eles poder\u00e3o obter a cidadania holandesa cinco anos depois.<\/p>\n\n\n\n<h2 class=\"wp-block-heading\">Base de Consumidores<\/h2>\n\n\n\n<p>A popula\u00e7\u00e3o de Sint Maarten tem uma divis\u00e3o uniforme entre homens e mulheres. A maioria das pessoas vive em centros urbanos. Dois ter\u00e7os t\u00eam acesso \u00e0 Internet e 80% s\u00e3o utilizadores de redes sociais, principalmente Facebook, mas Instagram, LinkedIn e Twitter tamb\u00e9m s\u00e3o populares. As conex\u00f5es m\u00f3veis ultrapassam os 100% e quase todas as pessoas t\u00eam acesso \u00e0 eletricidade. Grande parte da base de consumidores depende do dinheiro enviado para casa pelos emigrantes.<\/p>\n\n\n\n<h2 class=\"wp-block-heading\">Raz\u00f5es para expandir seus neg\u00f3cios no mercado de Sint Maarten<\/h2>\n\n\n\n<p>Sint Maarten tem uma economia pr\u00f3spera e robusta. Tem a maior renda per capita do Caribe Holand\u00eas. Al\u00e9m disso, a economia est\u00e1 crescendo e \u00e9 um bom momento para investir. A ilha confia em ideias novas e apoia-as. As empresas tamb\u00e9m podem desfrutar do sistema de comunica\u00e7\u00f5es, finan\u00e7as e outros servi\u00e7os de primeira linha do pa\u00eds. A maior parte dos seus ganhos ser\u00e1 em euros e d\u00f3lares americanos, e as importa\u00e7\u00f5es e exporta\u00e7\u00f5es s\u00e3o isentas de impostos.<\/p>\n\n\n\n<h2 class=\"wp-block-heading\">Sobre pesquisa de mercado em St. Maarten<\/h2>\n\n\n\n<p>You may have the best idea for a <a href=\"https:\/\/www.sisinternational.com\/pt\/solucoes\/teste-de-sabor\/servicos-de-teste-de-produtos-em-nova-york\/\" title=\"Servi\u00e7os de teste de produtos em Nova York\"  data-wpil-monitor-id=\"8999\">product or service<\/a>, but will people want it? You need to <a href=\"https:\/\/www.sisinternational.com\/pt\/how-to-conduct-effective-quantitative-market-research\/\" title=\"How to Conduct Effective Quantitative Market Research\"  data-wpil-monitor-id=\"8998\">conduct some market research<\/a> to find out. <a href=\"https:\/\/www.sisinternational.com\/pt\/pascoa-e-o-inevitavel-coelhinho-de-chocolate\/\" title=\"Pesquisa de mercado de P\u00e1scoa\"  data-wpil-monitor-id=\"8996\">SIS International has offered market research<\/a> services for several years. We do Competitive Analysis, Go-to-Market Strategy, Qualitative and <a href=\"https:\/\/www.sisinternational.com\/pt\/top-5-benefits-of-conducting-quantitative-market-research\/\" title=\"Top 5 Benefits of Conducting Quantitative Market Research\"  data-wpil-monitor-id=\"8997\">Pesquisa Quantitativa de Mercado<\/a>, consumer surveys, Focus Groups, and Interviews. We look at existing products and ones that are in development. Get your data on Sint Maarten and other locales today!<\/p>\n\n\n\n<p><\/p>","protected":false},"excerpt":{"rendered":"<p>Sint Maarten tem uma economia robusta baseada no turismo. A SIS International oferece servi\u00e7os de pesquisa de mercado h\u00e1 v\u00e1rios anos.<\/p>","protected":false},"author":1,"featured_media":66355,"parent":33287,"menu_order":18,"comment_status":"closed","ping_status":"closed","template":"","meta":{"footnotes":""},"class_list":["post-41137","page","type-page","status-publish","has-post-thumbnail"],"_links":{"self":[{"href":"https:\/\/www.sisinternational.com\/pt\/wp-json\/wp\/v2\/pages\/41137","targetHints":{"allow":["GET"]}}],"collection":[{"href":"https:\/\/www.sisinternational.com\/pt\/wp-json\/wp\/v2\/pages"}],"about":[{"href":"https:\/\/www.sisinternational.com\/pt\/wp-json\/wp\/v2\/types\/page"}],"author":[{"embeddable":true,"href":"https:\/\/www.sisinternational.com\/pt\/wp-json\/wp\/v2\/users\/1"}],"replies":[{"embeddable":true,"href":"https:\/\/www.sisinternational.com\/pt\/wp-json\/wp\/v2\/comments?post=41137"}],"version-history":[{"count":3,"href":"https:\/\/www.sisinternational.com\/pt\/wp-json\/wp\/v2\/pages\/41137\/revisions"}],"predecessor-version":[{"id":81507,"href":"https:\/\/www.sisinternational.com\/pt\/wp-json\/wp\/v2\/pages\/41137\/revisions\/81507"}],"up":[{"embeddable":true,"href":"https:\/\/www.sisinternational.com\/pt\/wp-json\/wp\/v2\/pages\/33287"}],"wp:featuredmedia":[{"embeddable":true,"href":"https:\/\/www.sisinternational.com\/pt\/wp-json\/wp\/v2\/media\/66355"}],"wp:attachment":[{"href":"https:\/\/www.sisinternational.com\/pt\/wp-json\/wp\/v2\/media?parent=41137"}],"curies":[{"name":"wp","href":"https:\/\/api.w.org\/{rel}","templated":true}]}}