{"id":41133,"date":"2022-12-22T19:38:52","date_gmt":"2022-12-22T19:38:52","guid":{"rendered":"https:\/\/www.sisinternational.com\/?page_id=41133"},"modified":"2026-01-24T21:28:54","modified_gmt":"2026-01-25T02:28:54","slug":"pesquisa-de-mercado-em-santa-lucia","status":"publish","type":"page","link":"https:\/\/www.sisinternational.com\/pt\/cobertura\/pesquisa-de-mercado-no-caribe\/pesquisa-de-mercado-em-santa-lucia\/","title":{"rendered":"Pesquisa de mercado em Santa L\u00facia"},"content":{"rendered":"<h1 class=\"wp-block-heading\">Pesquisa de mercado em Santa L\u00facia<\/h1>\n\n\n\n<figure class=\"gb-block-image gb-block-image-b93d64fd\"><img loading=\"lazy\" decoding=\"async\" width=\"1456\" height=\"816\" class=\"gb-image gb-image-b93d64fd\" src=\"https:\/\/www.sisinternational.com\/wp-content\/uploads\/2025\/09\/Saint-Lucia-3.jpg\" alt=\"Pesquisa e Estrat\u00e9gia de Mercado Internacional da SIS\" title=\"Saint Lucia (3)\" srcset=\"https:\/\/www.sisinternational.com\/wp-content\/uploads\/2025\/09\/Saint-Lucia-3.jpg 1456w, https:\/\/www.sisinternational.com\/wp-content\/uploads\/2025\/09\/Saint-Lucia-3-300x168.jpg 300w, https:\/\/www.sisinternational.com\/wp-content\/uploads\/2025\/09\/Saint-Lucia-3-1024x574.jpg 1024w, https:\/\/www.sisinternational.com\/wp-content\/uploads\/2025\/09\/Saint-Lucia-3-768x430.jpg 768w, https:\/\/www.sisinternational.com\/wp-content\/uploads\/2025\/09\/Saint-Lucia-3-18x10.jpg 18w\" sizes=\"auto, (max-width: 1456px) 100vw, 1456px\"><\/figure>\n\n\n\n<p><\/p>\n\n\n\n<hr class=\"wp-block-separator has-alpha-channel-opacity is-style-dots\"\/>\n\n\n\n<p>Santa L\u00facia \u00e9 um estado do Caribe Oriental nas Ilhas de Barlavento, a noroeste de Barbados e ao norte\/nordeste de S\u00e3o Vicente. Abrange uma \u00e1rea de 238 milhas quadradas e abriga cerca de 180.000 pessoas. \u00c9 um dos dois \u00fanicos estados soberanos com o nome de uma mulher (o outro \u00e9 a Irlanda).<\/p>\n\n\n\n<h2 class=\"wp-block-heading\">Principais ind\u00fastrias<\/h2>\n\n\n\n<p>Saint Lucia has shifted from being a single-crop economy. The island\u2019s most crucial <a href=\"https:\/\/www.sisinternational.com\/pt\/solucoes\/pesquisa-de-mercado-de-ia-e-consultoria-estrategica\/adocao-de-ia-viagens-hospitalidade-turismo-consultoria-da-industria\/\" title=\"Ado\u00e7\u00e3o de IA em consultoria da ind\u00fastria de viagens, hotelaria e turismo\"  data-wpil-monitor-id=\"9234\">industry is now tourism<\/a>. That sector is also the primary source of income, jobs, and foreign exchange earnings. It accounts for two-thirds of the island\u2019s GDP. The biggest industry used to be banana exports. Although that has declined, farm workers comprise one-fifth of jobs. The island also exports mangoes and avocados. Saint Lucia also has a well-developed manufacturing industry, and the financial services sector is growing.<\/p>\n\n\n\n<h2 class=\"wp-block-heading\">Bairros<\/h2>\n\n\n\n<h3 class=\"wp-block-heading\">Castries<\/h3>\n\n\n\n<p>Castries \u00e9 o Capit\u00f3lio e a sede do governo. As sedes de muitas empresas locais e estrangeiras tamb\u00e9m est\u00e3o em Castries. Um dos lugares a visitar \u00e9 a Derek Walcott Square, no centro da cidade.<\/p>\n\n\n\n<h3 class=\"wp-block-heading\">Anse La Raye<\/h3>\n\n\n\n<p>Esta \u00e9 uma encantadora vila de pescadores na costa oeste. A vila \u00e9 conhecida por sua festa de rua de frutos do mar nas sextas \u00e0 noite.<\/p>\n\n\n\n<h3 class=\"wp-block-heading\">Antigo Forte<\/h3>\n\n\n\n<p>A segunda maior cidade de Santa L\u00facia abriga um grande aeroporto. Os visitantes encontrar\u00e3o o centro antigo da cidade perto do porto. Tem uma igreja deslumbrante e belos edif\u00edcios hist\u00f3ricos. O extremo norte \u00e9 mais moderno e abriga o bairro comercial da cidade.<\/p>\n\n\n\n<h2 class=\"wp-block-heading\">Tend\u00eancias<\/h2>\n\n\n\n<p>Santa L\u00facia enfrenta agora o desafio da guerra na Ucr\u00e2nia. A ilha depende de importa\u00e7\u00f5es de energia e alimentos. Ainda est\u00e1 a superar a recente crise global, que afectou a sua economia dependente do turismo. Estes reveses agravaram os seus problemas devido ao baixo crescimento. Santa L\u00facia tamb\u00e9m \u00e9 propensa a altera\u00e7\u00f5es clim\u00e1ticas e desastres naturais. As necessidades de financiamento e a elevada d\u00edvida p\u00fablica, que cresceu durante a recess\u00e3o, s\u00e3o outros riscos evidentes a curto prazo.<\/p>\n\n\n\n<h2 class=\"wp-block-heading\">Benef\u00edcios e pontos fortes no mercado<\/h2>\n\n\n\n<p>St. Lucia has many strengths that make it an ideal place to invest. The country performs well on global indicators. It has economic freedom, the government is effective, and starting a business is easy. Also, there are no restrictions on capital flows. The island\u2019s <a href=\"https:\/\/www.sisinternational.com\/pt\/solucoes\/consultoria-em-hotelaria-e-turismo-em-viagens\/consultoria-em-turismo-cultural\/\" title=\"Consultoria em Turismo Cultural\"  data-wpil-monitor-id=\"9236\">cultural<\/a> heritage and natural beauty are key drivers of tourism. Another vital area is the financial services industry, which is ripe for expansion and real growth.<\/p>\n\n\n\n<h2 class=\"wp-block-heading\">Base de Consumidores<\/h2>\n\n\n\n<p>Cerca de 5 por cento da popula\u00e7\u00e3o de Santa L\u00facia est\u00e1 abaixo da linha da pobreza. Do lado positivo, o acesso \u00e0 electricidade \u00e9 de quase 100 por cento. O acesso \u00e0 Internet \u00e9 de cerca de 63 por cento. Dois ter\u00e7os desses usu\u00e1rios est\u00e3o nas redes sociais e o alcance dos an\u00fancios do Facebook \u00e9 de quase 50%. Apenas um quinto dos habitantes de Santa L\u00facia vive em centros urbanos e o restante permanece em \u00e1reas rurais.<\/p>\n\n\n\n<h2 class=\"wp-block-heading\">Raz\u00f5es para expandir seus neg\u00f3cios no mercado de Santa L\u00facia<\/h2>\n\n\n\n<p>Saint Lucia is ideal for servicing regional, global, and virtual markets. The country offers an attractive climate for foreign investment with its sound policies and prudent planning. It also has well-tailored concessions for large and small investment projects. The private sector has good access to <a href=\"https:\/\/www.sisinternational.com\/pt\/solucoes\/pesquisa-de-consultoria-em-estrategia-fintech\/pesquisa-de-mercado-de-cartao-de-credito\/\" title=\"Pesquisa de mercado de cart\u00e3o de cr\u00e9dito\"  data-wpil-monitor-id=\"9235\">credit in the local market<\/a>. Also, Saint Lucia has some of the highest literacy rates in the region.<\/p>\n\n\n\n<h2 class=\"wp-block-heading\">Sobre pesquisa de mercado em Santa L\u00facia<\/h2>\n\n\n\n<p>SIS International is a leading market research company that offers Quantitative and Qualitative Market Research on trends in Saint Lucia. We conduct affordable, fast, and high-quality Strategy Market Research. We also do Competitive Analysis to provide insights to help you make critical data-driven decisions. Our Focus Groups, Surveys, and Interviews will further enhance your <a href=\"https:\/\/www.sisinternational.com\/pt\/pericia\/industrias\/pesquisa-de-mercado-diesel\/\" title=\"Pesquisa de mercado diesel\"  data-wpil-monitor-id=\"3496\">Pesquisa de entrada no mercado<\/a>.<\/p>\n\n\n\n<p><\/p>","protected":false},"excerpt":{"rendered":"<p>Santa L\u00facia tem muitos pontos fortes, o que a torna um local ideal para investir. A SIS International oferece pesquisas de mercado l\u00edderes sobre tend\u00eancias em Santa L\u00facia.<\/p>","protected":false},"author":1,"featured_media":66350,"parent":33287,"menu_order":17,"comment_status":"closed","ping_status":"closed","template":"","meta":{"footnotes":""},"class_list":["post-41133","page","type-page","status-publish","has-post-thumbnail"],"_links":{"self":[{"href":"https:\/\/www.sisinternational.com\/pt\/wp-json\/wp\/v2\/pages\/41133","targetHints":{"allow":["GET"]}}],"collection":[{"href":"https:\/\/www.sisinternational.com\/pt\/wp-json\/wp\/v2\/pages"}],"about":[{"href":"https:\/\/www.sisinternational.com\/pt\/wp-json\/wp\/v2\/types\/page"}],"author":[{"embeddable":true,"href":"https:\/\/www.sisinternational.com\/pt\/wp-json\/wp\/v2\/users\/1"}],"replies":[{"embeddable":true,"href":"https:\/\/www.sisinternational.com\/pt\/wp-json\/wp\/v2\/comments?post=41133"}],"version-history":[{"count":4,"href":"https:\/\/www.sisinternational.com\/pt\/wp-json\/wp\/v2\/pages\/41133\/revisions"}],"predecessor-version":[{"id":81544,"href":"https:\/\/www.sisinternational.com\/pt\/wp-json\/wp\/v2\/pages\/41133\/revisions\/81544"}],"up":[{"embeddable":true,"href":"https:\/\/www.sisinternational.com\/pt\/wp-json\/wp\/v2\/pages\/33287"}],"wp:featuredmedia":[{"embeddable":true,"href":"https:\/\/www.sisinternational.com\/pt\/wp-json\/wp\/v2\/media\/66350"}],"wp:attachment":[{"href":"https:\/\/www.sisinternational.com\/pt\/wp-json\/wp\/v2\/media?parent=41133"}],"curies":[{"name":"wp","href":"https:\/\/api.w.org\/{rel}","templated":true}]}}