{"id":41126,"date":"2022-12-22T19:21:50","date_gmt":"2022-12-22T19:21:50","guid":{"rendered":"https:\/\/www.sisinternational.com\/?page_id=41126"},"modified":"2026-01-24T21:28:56","modified_gmt":"2026-01-25T02:28:56","slug":"pesquisa-de-mercado-em-anguila","status":"publish","type":"page","link":"https:\/\/www.sisinternational.com\/pt\/cobertura\/pesquisa-de-mercado-no-caribe\/pesquisa-de-mercado-em-anguila\/","title":{"rendered":"Pesquisa de mercado em Anguila"},"content":{"rendered":"<h1 class=\"wp-block-heading\">Pesquisa de mercado em Anguila<\/h1>\n\n\n\n<figure class=\"gb-block-image gb-block-image-b274facd\"><img loading=\"lazy\" decoding=\"async\" width=\"1456\" height=\"816\" class=\"gb-image gb-image-b274facd\" src=\"https:\/\/www.sisinternational.com\/wp-content\/uploads\/2025\/09\/Anguilla-3.jpg\" alt=\"Pesquisa e Estrat\u00e9gia de Mercado Internacional da SIS\" title=\"Anguilla (3)\" srcset=\"https:\/\/www.sisinternational.com\/wp-content\/uploads\/2025\/09\/Anguilla-3.jpg 1456w, https:\/\/www.sisinternational.com\/wp-content\/uploads\/2025\/09\/Anguilla-3-300x168.jpg 300w, https:\/\/www.sisinternational.com\/wp-content\/uploads\/2025\/09\/Anguilla-3-1024x574.jpg 1024w, https:\/\/www.sisinternational.com\/wp-content\/uploads\/2025\/09\/Anguilla-3-768x430.jpg 768w, https:\/\/www.sisinternational.com\/wp-content\/uploads\/2025\/09\/Anguilla-3-18x10.jpg 18w\" sizes=\"auto, (max-width: 1456px) 100vw, 1456px\"><\/figure>\n\n\n\n<p><\/p>\n\n\n\n<p>Anguila \u00e9 um territ\u00f3rio ultramarino brit\u00e2nico no Caribe. Situa-se a leste das Ilhas Virgens e Porto Rico e ao norte de St. Martin. A \u00e1rea total do terreno \u00e9 de 35 milhas quadradas. Esta ilha de coral plana e baixa tem pouca terra ar\u00e1vel, uma vez que o seu solo \u00e9 fino e pobre. A capital de Anguila \u00e9 The Valley.<\/p>\n\n\n\n<h2 class=\"wp-block-heading\">Principais ind\u00fastrias<\/h2>\n\n\n\n<p>\u00c1guas azuis cristalinas e belos recifes de corais cercam Anguilla. O mesmo acontece com 33 praias imaculadas com palmeiras. Assim, n\u00e3o \u00e9 de admirar que o turismo de luxo seja um dos pilares da economia de Anguila. Outro pilar s\u00e3o os servi\u00e7os financeiros offshore, que Anguila presta a uma vasta clientela local e global. O terceiro pilar \u00e9 a pesca, servindo como atividade tur\u00edstica e ind\u00fastria comercial.<\/p>\n\n\n\n<h2 class=\"wp-block-heading\">Bairros<\/h2>\n\n\n\n<h3 class=\"wp-block-heading\">Ba\u00eda de Mead<\/h3>\n\n\n\n<p>Laying between Long Bay and West End Village, it is ideal for first-time visitors to the island. This prime location allows visitors to access several picturesque beaches. It\u2019s also close to the best <a href=\"https:\/\/www.sisinternational.com\/pt\/solucoes\/consultoria-em-hotelaria-e-turismo-em-viagens\/consultoria-de-marketing-para-restaurantes-de-hoteis\/\" title=\"Consultoria de Marketing em Restaurantes Hoteleiros\"  data-wpil-monitor-id=\"9329\">hotels and restaurants<\/a>.<\/p>\n\n\n\n<h3 class=\"wp-block-heading\">Solo arenoso<\/h3>\n\n\n\n<p>Perto do meio da ilha e \u00e9 perfeito para quem viaja com or\u00e7amento limitado. V\u00e1rias resid\u00eancias privadas est\u00e3o dispon\u00edveis para alugar. Assim, os visitantes podem desfrutar da ilha sem gastar muito.<\/p>\n\n\n\n<h3 class=\"wp-block-heading\">Ponto de sopro<\/h3>\n\n\n\n<p>O melhor lugar para fam\u00edlias. Est\u00e1 perto de todas as atra\u00e7\u00f5es da ilha. Tamb\u00e9m fica a poucos minutos do aeroporto e do terminal de ferry.<\/p>\n\n\n\n<h2 class=\"wp-block-heading\">Tend\u00eancias<\/h2>\n\n\n\n<p>Anguila est\u00e1 a recuperar de uma recente recess\u00e3o nas chegadas de turistas devido aos confinamentos pand\u00e9micos. Ainda assim, a ilha tem uma perspectiva robusta a m\u00e9dio prazo. Um dos fatores que impulsionam a recupera\u00e7\u00e3o \u00e9 o recapeamento da pista do \u00fanico aeroporto da ilha. Outro fator \u00e9 a venda e reforma do CuisinArt, um resort top. A infla\u00e7\u00e3o atingiu duramente Anguila, especialmente nos pre\u00e7os dos alimentos. Os pre\u00e7os dos combust\u00edveis, dos eletrodom\u00e9sticos e das passagens a\u00e9reas tamb\u00e9m aumentaram acentuadamente.<\/p>\n\n\n\n<h2 class=\"wp-block-heading\">Benef\u00edcios e pontos fortes no mercado<\/h2>\n\n\n\n<p>People doing business in Anguilla can enjoy the island\u2019s political stability. It also has a favorable corporate tax regime with no income taxes. Direct, corporate, capital gains, and inheritance taxes are also non-existent. The working environment is very relaxed. It has a solid but flexible legal framework based on English Common Law. This framework provides favorable laws and policies for those wishing to do business.<\/p>\n\n\n\n<h2 class=\"wp-block-heading\">Base de Consumidores<\/h2>\n\n\n\n<p>Most of the residents of Anguilla are of African descent. It has a few Whites and people of mixed race. About a quarter of the people are ex-pats. They hail from the US, the UK, <a href=\"https:\/\/www.sisinternational.com\/pt\/cobertura\/as-americas\/pesquisa-de-mercado-no-caribe\/pesquisa-de-mercado-em-sao-cristovao-nevis\/\" title=\"Pesquisa de mercado em S\u00e3o Crist\u00f3v\u00e3o e Nevis\"  data-wpil-monitor-id=\"9327\">S\u00e3o Crist\u00f3v\u00e3o e Nevis<\/a>, Jamaica, the Dominican Republic, and also Nigeria. Many Indian, Chinese, and Mexican workers moved to the island in 2006-2007. They came to work in the tourism industry as the local population could not supply the labor needed.<\/p>\n\n\n\n<h2 class=\"wp-block-heading\">Raz\u00f5es para expandir seus neg\u00f3cios no mercado de Anguila<\/h2>\n\n\n\n<p>Anguilla is one of the most attractive <a href=\"https:\/\/www.sisinternational.com\/pt\/solucoes\/solucoes-de-branding-e-pesquisa-de-clientes\/pesquisa-de-mercado-para-testes-de-produtos\/empresa-de-testes-de-localizacao-central-de-topo\/\" title=\"Melhor empresa de testes de localiza\u00e7\u00e3o central\"  data-wpil-monitor-id=\"9330\">locations to start a company<\/a>. It\u2019s easy for a <a href=\"https:\/\/www.sisinternational.com\/pt\/abrir-um-negocio-na-turquia\/\" title=\"Abrir um neg\u00f3cio na Turquia\"  data-wpil-monitor-id=\"9331\">business to set<\/a> up shop. One can incorporate an offshore company within minutes. It\u2019s straightforward if doing it online with the help of a sub-agent. The island offers investor privacy and trademark protection. Also, Anguilla does not enforce any currency controls. So investors can move their money freely and hold funds in any currency of their choice.<\/p>\n\n\n\n<h2 class=\"wp-block-heading\">Sobre pesquisa de mercado em Anguila<\/h2>\n\n\n\n<p>SIS International offers an in-depth guide to the <a href=\"https:\/\/www.sisinternational.com\/pt\/solucoes\/consultoria-estrategica\/estudos-de-dimensionamento-de-viabilidade-de-entrada-no-mercado\/\" title=\"Estudos de entrada no mercado, viabilidade e dimensionamento\"  data-wpil-monitor-id=\"9326\">size and shape of the Anguilla market<\/a>. You get the best <a href=\"https:\/\/www.sisinternational.com\/pt\/pericia\/industrias\/pesquisa-de-mercado-diesel\/\" title=\"Pesquisa de mercado diesel\"  data-wpil-monitor-id=\"3500\">Pesquisa de dimensionamento de mercado<\/a>. Plus, we\u2019ll do a <a href=\"https:\/\/www.sisinternational.com\/pt\/solucoes\/consultoria-estrategica\/treinamento-e-estrategia-de-inteligencia-competitiva\/\" title=\"Treinamento e Estrat\u00e9gia de Intelig\u00eancia Competitiva\"  data-wpil-monitor-id=\"9332\">Competitivo<\/a> Analysis to help you form your Go-to-Market Strategy. We also do Quantitative and <a href=\"https:\/\/www.sisinternational.com\/pt\/tools-and-resources-for-qualitative-market-research\/\" title=\"Tools and Resources for Qualitative Market Research\"  data-wpil-monitor-id=\"9325\">Pesquisa qualitativa de mercado<\/a>. Thus, we help you to find the sectors driving growth. Our tools include Interviews, Surveys, and Focus Groups. These give you <a href=\"https:\/\/www.sisinternational.com\/pt\/how-to-conduct-in-depth-interviews-for-market-insights\/\" title=\"Como conduzir entrevistas em profundidade para obter insights de mercado\"  data-wpil-monitor-id=\"9328\">insights into the strength of the market<\/a> and how it will receive your products or services.<\/p>\n\n\n\n<p><\/p>","protected":false},"excerpt":{"rendered":"<p>Anguila \u00e9 um dos locais mais atraentes para abrir uma empresa. SIS International oferece um guia detalhado para pesquisas de mercado.<\/p>","protected":false},"author":1,"featured_media":66204,"parent":33287,"menu_order":16,"comment_status":"closed","ping_status":"closed","template":"","meta":{"footnotes":""},"class_list":["post-41126","page","type-page","status-publish","has-post-thumbnail"],"_links":{"self":[{"href":"https:\/\/www.sisinternational.com\/pt\/wp-json\/wp\/v2\/pages\/41126","targetHints":{"allow":["GET"]}}],"collection":[{"href":"https:\/\/www.sisinternational.com\/pt\/wp-json\/wp\/v2\/pages"}],"about":[{"href":"https:\/\/www.sisinternational.com\/pt\/wp-json\/wp\/v2\/types\/page"}],"author":[{"embeddable":true,"href":"https:\/\/www.sisinternational.com\/pt\/wp-json\/wp\/v2\/users\/1"}],"replies":[{"embeddable":true,"href":"https:\/\/www.sisinternational.com\/pt\/wp-json\/wp\/v2\/comments?post=41126"}],"version-history":[{"count":4,"href":"https:\/\/www.sisinternational.com\/pt\/wp-json\/wp\/v2\/pages\/41126\/revisions"}],"predecessor-version":[{"id":81561,"href":"https:\/\/www.sisinternational.com\/pt\/wp-json\/wp\/v2\/pages\/41126\/revisions\/81561"}],"up":[{"embeddable":true,"href":"https:\/\/www.sisinternational.com\/pt\/wp-json\/wp\/v2\/pages\/33287"}],"wp:featuredmedia":[{"embeddable":true,"href":"https:\/\/www.sisinternational.com\/pt\/wp-json\/wp\/v2\/media\/66204"}],"wp:attachment":[{"href":"https:\/\/www.sisinternational.com\/pt\/wp-json\/wp\/v2\/media?parent=41126"}],"curies":[{"name":"wp","href":"https:\/\/api.w.org\/{rel}","templated":true}]}}