{"id":41094,"date":"2022-12-13T06:04:20","date_gmt":"2022-12-13T06:04:20","guid":{"rendered":"https:\/\/www.sisinternational.com\/?page_id=41094"},"modified":"2026-01-24T21:28:57","modified_gmt":"2026-01-25T02:28:57","slug":"pesquisa-de-mercado-nas-ilhas-virgens-dos-eua","status":"publish","type":"page","link":"https:\/\/www.sisinternational.com\/pt\/cobertura\/pesquisa-de-mercado-no-caribe\/pesquisa-de-mercado-nas-ilhas-virgens-dos-eua\/","title":{"rendered":"Pesquisa de mercado nas Ilhas Virgens dos EUA"},"content":{"rendered":"<h1 class=\"wp-block-heading\">Pesquisa de mercado nas Ilhas Virgens dos EUA<\/h1>\n\n\n\n<p><\/p>\n\n\n\n<figure class=\"gb-block-image gb-block-image-995c3e9e\"><img loading=\"lazy\" decoding=\"async\" width=\"1456\" height=\"816\" class=\"gb-image gb-image-995c3e9e\" src=\"https:\/\/www.sisinternational.com\/wp-content\/uploads\/2025\/09\/US-Virgin-islands-2.jpg\" alt=\"Pesquisa e Estrat\u00e9gia de Mercado Internacional da SIS\" title=\"US Virgin islands (2)\" srcset=\"https:\/\/www.sisinternational.com\/wp-content\/uploads\/2025\/09\/US-Virgin-islands-2.jpg 1456w, https:\/\/www.sisinternational.com\/wp-content\/uploads\/2025\/09\/US-Virgin-islands-2-300x168.jpg 300w, https:\/\/www.sisinternational.com\/wp-content\/uploads\/2025\/09\/US-Virgin-islands-2-1024x574.jpg 1024w, https:\/\/www.sisinternational.com\/wp-content\/uploads\/2025\/09\/US-Virgin-islands-2-768x430.jpg 768w, https:\/\/www.sisinternational.com\/wp-content\/uploads\/2025\/09\/US-Virgin-islands-2-18x10.jpg 18w\" sizes=\"auto, (max-width: 1456px) 100vw, 1456px\"><\/figure>\n\n\n\n<p><\/p>\n\n\n\n<hr class=\"wp-block-separator has-alpha-channel-opacity is-style-dots\"\/>\n\n\n\n<p>As Ilhas Virgens dos EUA ficam perto das Grandes Antilhas, cerca de 40 milhas a leste de Porto Rico. As ilhas est\u00e3o no nordeste do Mar do Caribe. O USVI \u00e9 um territ\u00f3rio insular organizado e n\u00e3o incorporado dos EUA e parte do Grupo das Ilhas Virgens, que cont\u00e9m a sua vizinha, as Ilhas Virgens Brit\u00e2nicas. O USVI \u00e9 composto por tr\u00eas grandes ilhas \u2013 St. Thomas, St. Croix e St. John \u2013 e pelo menos 50 pequenas ilhotas e ilhotas.<\/p>\n\n\n\n<h2 class=\"wp-block-heading\">Principais ind\u00fastrias<\/h2>\n\n\n\n<ul class=\"wp-block-list\">\n<li>Servi\u00e7os financeiros<\/li>\n\n\n\n<li>Destila\u00e7\u00e3o de rum<\/li>\n\n\n\n<li>Assista \u00e0 montagem<\/li>\n\n\n\n<li>Produtos farmac\u00eauticos<\/li>\n\n\n\n<li>Turismo<\/li>\n\n\n\n<li>Tecnologia da Informa\u00e7\u00e3o<\/li>\n<\/ul>\n\n\n\n<h2 class=\"wp-block-heading\">Principais cidades<\/h2>\n\n\n\n<ul class=\"wp-block-list\">\n<li><strong>Charlotte Amalie, St.<\/strong> \u2013 Charlotte Amalie \u00e9 a capital das Ilhas Virgens dos EUA. \u00c9 tamb\u00e9m a maior cidade da Ilha de St. Thomas. \u00c9 onde se encontram os melhores restaurantes e lojas e todos os principais centros de transportes.<\/li>\n\n\n\n<li><strong>Christiansted, St.<\/strong> \u2013 Fundada em 1734 em St. Croix, Christiansted \u00e9 a maior cidade da ilha. Apresenta uma arquitetura afro-dinamarquesa \u00fanica, juntamente com muitos edif\u00edcios hist\u00f3ricos. Outro ponto importante \u00e9 que o mergulho \u00e9 uma grande atra\u00e7\u00e3o nesta cidade, e v\u00e1rios locais de mergulho muito bons ficam ao largo da costa.<\/li>\n\n\n\n<li><strong>Cruz Bay, S\u00e3o Jo\u00e3o<\/strong> \u2013 Op\u00e7\u00f5es de compras, restaurantes e vida noturna (incluindo um cassino) aguardam os visitantes desta cidade popular. A Praia da Ba\u00eda Cruz fica nas proximidades. Bares e lojas ocupam esse movimentado trecho do litoral. Cruz Bay \u00e9 uma cidade tur\u00edstica, por isso oferece uma grande variedade de operadores tur\u00edsticos que prestam diversos servi\u00e7os.<\/li>\n<\/ul>\n\n\n\n<h2 class=\"wp-block-heading\">Tend\u00eancias<\/h2>\n\n\n\n<p>O com\u00e9rcio, o turismo e outros servi\u00e7os s\u00e3o os sectores prim\u00e1rios. Eles representam mais da metade do PIB das Ilhas Virgens. Estes sectores tamb\u00e9m proporcionam cerca de metade do emprego civil total. As ilhas recebem milh\u00f5es de turistas todos os anos, a maioria dos quais vem de navios de cruzeiro. As ilhas importam a maior parte dos seus alimentos porque o sector agr\u00edcola \u00e9 pequeno. O governo e a ind\u00fastria representam, cada um, cerca de um quinto do PIB.<\/p>\n\n\n\n<h2 class=\"wp-block-heading\">Base de Consumidores<\/h2>\n\n\n\n<p>A maioria dos ilh\u00e9us virgens vive em St. Thomas e St. Croix. Menos de cinco por cento residem em St. John. As pessoas s\u00e3o diversas. Cerca de tr\u00eas quartos s\u00e3o negros, outros dez por cento s\u00e3o brancos e o restante se enquadra em \u201cOutros\u201d. Na verdade, muitos s\u00e3o trabalhadores migrantes de pa\u00edses vizinhos. Estas ilhas s\u00e3o imaculadas e oferecem excelentes condi\u00e7\u00f5es de vida. A beleza natural e o clima ameno ajudam ainda mais a garantir uma excelente qualidade de vida.<\/p>\n\n\n\n<h2 class=\"wp-block-heading\">Benef\u00edcios e pontos fortes no mercado<\/h2>\n\n\n\n<ul class=\"wp-block-list\">\n<li>Os fabricantes podem adicionar tags \u201cMade in USA\u201d aos seus produtos.<\/li>\n\n\n\n<li>As Ilhas Virgens usam a moeda dos EUA e t\u00eam a prote\u00e7\u00e3o dos tribunais dos EUA, bem como a sua bandeira.<\/li>\n\n\n\n<li>Estas ilhas s\u00e3o um para\u00edso. Possuem belas praias, vistas de 360 graus e um produto tur\u00edstico bem desenvolvido.<\/li>\n\n\n\n<li>O governo apoia parcerias p\u00fablico-privadas. Como tal, garantiu v\u00e1rios neg\u00f3cios em investimentos de capital com empresas privadas.<\/li>\n\n\n\n<li>As ilhas t\u00eam uma for\u00e7a de trabalho qualificada, comprometida e est\u00e1vel.<\/li>\n<\/ul>\n\n\n\n<h2 class=\"wp-block-heading\">Reasons to Grow Your Business in the US Virgin Islands Market<\/h2>\n\n\n\n<p>The US Virgin Islands offers the Economic Development Commission or EDC program, a unique tax incentive for qualified companies moving to their shores. It reduces personal and corporate income taxes by 90 percent. It also exempts such <a href=\"https:\/\/www.sisinternational.com\/pt\/estrategia-de-campanha-de-marketing-multiplataforma-para-uma-holding-e-conglomerado-empresarial-dos-emirados\/\" title=\"Servi\u00e7os de publicidade multicultural para uma holding e conglomerado empresarial dos Emirados\"  data-wpil-monitor-id=\"9245\">companies from business<\/a> property tax. Also, goods produced in these islands may gain quota-free, duty-free entry into the US.<\/p>\n\n\n\n<h2 class=\"wp-block-heading\">About Market Research in the US Virgin Islands<\/h2>\n\n\n\n<p>SIS offers accurate and speedy market research with expert moderators and a huge, diverse database of study candidates. We also ensure quality results and peace of mind by providing Qualitative and Quantitative Market Research, Surveys, Interviews, Focus Groups, UX and Strategy Market Research, and Competitive Analysis. SIS also does Market Entry, Market Opportunity, and <a href=\"https:\/\/www.sisinternational.com\/pt\/pericia\/industrias\/pesquisa-de-mercado-diesel\/\" title=\"Pesquisa de mercado diesel\"  data-wpil-monitor-id=\"3503\">Pesquisa de dimensionamento de mercado<\/a>.<\/p>\n\n\n\n<p><\/p>","protected":false},"excerpt":{"rendered":"<p>O SIS oferece pesquisas de mercado precisas e r\u00e1pidas com moderadores especializados e um enorme e diversificado banco de dados de candidatos a estudos.<\/p>","protected":false},"author":1,"featured_media":66378,"parent":33287,"menu_order":15,"comment_status":"closed","ping_status":"closed","template":"","meta":{"footnotes":""},"class_list":["post-41094","page","type-page","status-publish","has-post-thumbnail"],"_links":{"self":[{"href":"https:\/\/www.sisinternational.com\/pt\/wp-json\/wp\/v2\/pages\/41094","targetHints":{"allow":["GET"]}}],"collection":[{"href":"https:\/\/www.sisinternational.com\/pt\/wp-json\/wp\/v2\/pages"}],"about":[{"href":"https:\/\/www.sisinternational.com\/pt\/wp-json\/wp\/v2\/types\/page"}],"author":[{"embeddable":true,"href":"https:\/\/www.sisinternational.com\/pt\/wp-json\/wp\/v2\/users\/1"}],"replies":[{"embeddable":true,"href":"https:\/\/www.sisinternational.com\/pt\/wp-json\/wp\/v2\/comments?post=41094"}],"version-history":[{"count":4,"href":"https:\/\/www.sisinternational.com\/pt\/wp-json\/wp\/v2\/pages\/41094\/revisions"}],"predecessor-version":[{"id":81545,"href":"https:\/\/www.sisinternational.com\/pt\/wp-json\/wp\/v2\/pages\/41094\/revisions\/81545"}],"up":[{"embeddable":true,"href":"https:\/\/www.sisinternational.com\/pt\/wp-json\/wp\/v2\/pages\/33287"}],"wp:featuredmedia":[{"embeddable":true,"href":"https:\/\/www.sisinternational.com\/pt\/wp-json\/wp\/v2\/media\/66378"}],"wp:attachment":[{"href":"https:\/\/www.sisinternational.com\/pt\/wp-json\/wp\/v2\/media?parent=41094"}],"curies":[{"name":"wp","href":"https:\/\/api.w.org\/{rel}","templated":true}]}}