{"id":41092,"date":"2022-12-13T05:56:28","date_gmt":"2022-12-13T05:56:28","guid":{"rendered":"https:\/\/www.sisinternational.com\/?page_id=41092"},"modified":"2026-01-24T21:28:58","modified_gmt":"2026-01-25T02:28:58","slug":"pesquisa-de-mercado-holandes-caribenho","status":"publish","type":"page","link":"https:\/\/www.sisinternational.com\/pt\/cobertura\/pesquisa-de-mercado-no-caribe\/pesquisa-de-mercado-holandes-caribenho\/","title":{"rendered":"Pesquisa de Mercado no Caribe Holand\u00eas"},"content":{"rendered":"<h1 class=\"wp-block-heading\">Pesquisa de Mercado no Caribe Holand\u00eas<\/h1>\n\n\n\n<figure class=\"gb-block-image gb-block-image-04965494\"><img loading=\"lazy\" decoding=\"async\" width=\"1456\" height=\"816\" class=\"gb-image gb-image-04965494\" src=\"https:\/\/www.sisinternational.com\/wp-content\/uploads\/2025\/09\/Dutch-Caribbean-3.jpg\" alt=\"Pesquisa e Estrat\u00e9gia de Mercado Internacional da SIS\" title=\"Dutch Caribbean (3)\" srcset=\"https:\/\/www.sisinternational.com\/wp-content\/uploads\/2025\/09\/Dutch-Caribbean-3.jpg 1456w, https:\/\/www.sisinternational.com\/wp-content\/uploads\/2025\/09\/Dutch-Caribbean-3-300x168.jpg 300w, https:\/\/www.sisinternational.com\/wp-content\/uploads\/2025\/09\/Dutch-Caribbean-3-1024x574.jpg 1024w, https:\/\/www.sisinternational.com\/wp-content\/uploads\/2025\/09\/Dutch-Caribbean-3-768x430.jpg 768w, https:\/\/www.sisinternational.com\/wp-content\/uploads\/2025\/09\/Dutch-Caribbean-3-18x10.jpg 18w\" sizes=\"auto, (max-width: 1456px) 100vw, 1456px\"><\/figure>\n\n\n\n<hr class=\"wp-block-separator has-alpha-channel-opacity is-style-dots\"\/>\n\n\n\n<p>As ilhas caribenhas holandesas fazem parte da cadeia das Pequenas Antilhas. Tr\u00eas das ilhas ficam ao norte, perto das Ilhas Virgens. Esses tr\u00eas s\u00e3o Saba, Sint Eustatius e Sint Maarten.<\/p>\n\n\n\n<p>As ilhas do sul, conhecidas como \u201cIlhas ABC\u201d, s\u00e3o Aruba, Bonaire e Cura\u00e7ao. H\u00e1 tamb\u00e9m Klein Bonaire (Pequena Bonaire) e Klein Cura\u00e7ao (Pequena Cura\u00e7ao).<\/p>\n\n\n\n<p>Estas ilhas eram anteriormente conhecidas como Antilhas Holandesas. Em 2010, as Antilhas Holandesas dissolveram o seu estatuto de pa\u00eds. Na verdade, Aruba, Cura\u00e7ao e Sint Maarten constituem hoje um agrupamento \u00fanico. Eles se tornaram pa\u00edses constituintes do Reino dos Pa\u00edses Baixos. As outras ilhas, Bonaire, Santo Eust\u00e1quio e Saba, tornaram-se munic\u00edpios especiais dos Pa\u00edses Baixos.<\/p>\n\n\n\n<h2 class=\"wp-block-heading\">Principais ind\u00fastrias<\/h2>\n\n\n\n<p>A economia depende de duas colossais refinarias de petr\u00f3leo em Aruba e Cura\u00e7ao. Esses dois portos est\u00e3o entre os mais movimentados do mundo devido ao alto volume de embarques e desembarques.<\/p>\n\n\n\n<p>Petroleum products form the backbone of the economy. The next most important <a href=\"https:\/\/www.sisinternational.com\/pt\/solucoes\/pesquisa-de-mercado-de-ia-e-consultoria-estrategica\/adocao-de-ia-viagens-hospitalidade-turismo-consultoria-da-industria\/\" title=\"Ado\u00e7\u00e3o de IA em consultoria da ind\u00fastria de viagens, hotelaria e turismo\"  data-wpil-monitor-id=\"10356\">industry is tourism<\/a>, followed by banking and investments.<\/p>\n\n\n\n<h2 class=\"wp-block-heading\">Bairros<\/h2>\n\n\n\n<p><strong>Oranjestad<\/strong>: a capital e maior cidade de Aruba, localizada no litoral sul. Esta cidade possui v\u00e1rios shopping centers e outras comodidades modernas.<\/p>\n\n\n\n<p><strong>Willemstad<\/strong>: Capital de Cura\u00e7ao. Willemstad era a capital das Antilhas Holandesas antes da sua dissolu\u00e7\u00e3o em 2010.<\/p>\n\n\n\n<p><strong>Philipsburg<\/strong>: a capital de S\u00e3o Martinho. Front Street \u00e9 o bairro comercial central no cora\u00e7\u00e3o da cidade.<\/p>\n\n\n\n<h2 class=\"wp-block-heading\">Tend\u00eancias<\/h2>\n\n\n\n<h3 class=\"wp-block-heading\">Munic\u00edpios Especiais<\/h3>\n\n\n\n<p>Bonaire, Saba e Santo Eust\u00e1quio t\u00eam uma popula\u00e7\u00e3o combinada de 26,5 mil habitantes. Este n\u00famero est\u00e1 a aumentar e as ilhas t\u00eam um pouco mais homens do que mulheres.<\/p>\n\n\n\n<p>Mais de 80 por cento das pessoas nestas tr\u00eas ilhas s\u00e3o utilizadores da Internet. A maioria deles tamb\u00e9m s\u00e3o usu\u00e1rios de redes sociais. Os dados sugerem que o alcance dos an\u00fancios do Facebook \u00e9 melhor que o do Instagram. At\u00e9 agora, a ado\u00e7\u00e3o do LinkedIn tem sido p\u00e9ssima.<\/p>\n\n\n\n<h3 class=\"wp-block-heading\">Pa\u00edses constituintes<\/h3>\n\n\n\n<p>Os pa\u00edses deste grupo, Aruba, Cura\u00e7ao e Sint Maarten, apresentam uma tend\u00eancia ascendente. O turismo est\u00e1 em recupera\u00e7\u00e3o e os visitantes de estadias e de navios de cruzeiro est\u00e3o a aumentar. A recupera\u00e7\u00e3o est\u00e1 a ganhar terreno, mas enfrenta ventos contr\u00e1rios causados pela infla\u00e7\u00e3o e outros reveses.<\/p>\n\n\n\n<h2 class=\"wp-block-heading\">Benef\u00edcios e pontos fortes no mercado<\/h2>\n\n\n\n<p>The Dutch Caribbean features exciting nightlife. Island hopping is easy, and there are <a href=\"https:\/\/www.sisinternational.com\/pt\/mystery-shopping-for-beauty-products\/\" title=\"Mystery Shopping for Beauty Products\"  data-wpil-monitor-id=\"10359\">beautiful beaches and excellent shopping<\/a>. Most stores accept US dollars. The official language of the islands is Dutch, but most residents speak English. Several airlines provide nonstop flights from US, Canadian, and European cities. The Dutch Caribbean is also a cruising mecca.<\/p>\n\n\n\n<h2 class=\"wp-block-heading\">Base de Consumidores<\/h2>\n\n\n\n<p>A base de consumidores do Caribe Holand\u00eas \u00e9 diversificada, pois abrange seis ilhas. As ilhas mais conhecidas s\u00e3o Sint Maarten, Aruba e Cura\u00e7ao. Eles t\u00eam economias bem desenvolvidas baseadas no refino de petr\u00f3leo e no turismo. Assim, os seus consumidores t\u00eam gostos mais sofisticados do que os das outras ilhas. Apesar do seu desenvolvimento, todas as ilhas t\u00eam um ambiente descontra\u00eddo. As pessoas refletem essa vibra\u00e7\u00e3o.<\/p>\n\n\n\n<h2 class=\"wp-block-heading\">Raz\u00f5es para expandir seus neg\u00f3cios no Caribe Holand\u00eas<\/h2>\n\n\n\n<p>The Dutch Caribbean is excellent for <a href=\"https:\/\/www.sisinternational.com\/pt\/publicacoes\/exportacao-do-mercado-intermediario-do-japao\/\" title=\"Expandindo seus neg\u00f3cios no Jap\u00e3o\"  data-wpil-monitor-id=\"10357\">growing a business<\/a>. Why? Because it gives companies direct access to <a href=\"https:\/\/www.sisinternational.com\/pt\/pesquisa-de-mercado-na-europa\/\" title=\"O Mercado Europeu\"  data-wpil-monitor-id=\"10351\">the European market<\/a>. The Netherlands is part of the European Union. Your company can derive several benefits from that. The islands also have a well-developed tourism product. That is a boon if your <a href=\"https:\/\/www.sisinternational.com\/pt\/solucoes\/consultoria-em-hotelaria-e-turismo-em-viagens\/consultoria-em-estrategia-de-pesquisa-de-mercado-para-empresa-de-gestao-hoteleira\/\" title=\"Pesquisa de mercado e consultoria estrat\u00e9gica para empresas de gest\u00e3o hoteleira\"  data-wpil-monitor-id=\"10354\">company serves that market<\/a>.<\/p>\n\n\n\n<h2 class=\"wp-block-heading\">Sobre Pesquisa de Mercado no Caribe Holand\u00eas<\/h2>\n\n\n\n<p>At SIS we are happy to partner with companies needing market research in the Dutch Caribbean. We offer Quantitative, Qualitative, UX, Strategy, and <a href=\"https:\/\/www.sisinternational.com\/pt\/pericia\/industrias\/pesquisa-de-mercado-diesel\/\" title=\"Pesquisa de mercado diesel\"  data-wpil-monitor-id=\"3505\">Pesquisa de entrada no mercado<\/a>. Our services also include <a href=\"https:\/\/www.sisinternational.com\/pt\/cobertura\/as-americas\/pesquisa-de-mercado-na-america-latina\/cosmeticos-na-pesquisa-de-mercado-do-mexico\/\" title=\"Pesquisa de mercado de cosm\u00e9ticos no M\u00e9xico\"  data-wpil-monitor-id=\"3507\">Pesquisa de dimensionamento de mercado<\/a> and Go-To-Market Strategy. We can put together <a href=\"https:\/\/www.sisinternational.com\/pt\/solucoes\/pesquisa-de-mercado-em-grupo-focal\/como-conduzir-um-grupo-focal\/\" title=\"Como conduzir um grupo focal\"  data-wpil-monitor-id=\"10352\">Focus Groups and conduct<\/a> Surveys and Interviews. That way, we help you figure out if investing in the Dutch Caribbean is right for you.<\/p>\n\n\n\n<p><\/p>","protected":false},"excerpt":{"rendered":"<p>A SIS oferece pesquisas quantitativas, qualitativas, UX, estrat\u00e9gicas e de entrada no mercado para empresas no Caribe Holand\u00eas.<\/p>","protected":false},"author":1,"featured_media":66259,"parent":33287,"menu_order":14,"comment_status":"closed","ping_status":"closed","template":"","meta":{"footnotes":""},"class_list":["post-41092","page","type-page","status-publish","has-post-thumbnail"],"_links":{"self":[{"href":"https:\/\/www.sisinternational.com\/pt\/wp-json\/wp\/v2\/pages\/41092","targetHints":{"allow":["GET"]}}],"collection":[{"href":"https:\/\/www.sisinternational.com\/pt\/wp-json\/wp\/v2\/pages"}],"about":[{"href":"https:\/\/www.sisinternational.com\/pt\/wp-json\/wp\/v2\/types\/page"}],"author":[{"embeddable":true,"href":"https:\/\/www.sisinternational.com\/pt\/wp-json\/wp\/v2\/users\/1"}],"replies":[{"embeddable":true,"href":"https:\/\/www.sisinternational.com\/pt\/wp-json\/wp\/v2\/comments?post=41092"}],"version-history":[{"count":6,"href":"https:\/\/www.sisinternational.com\/pt\/wp-json\/wp\/v2\/pages\/41092\/revisions"}],"predecessor-version":[{"id":81708,"href":"https:\/\/www.sisinternational.com\/pt\/wp-json\/wp\/v2\/pages\/41092\/revisions\/81708"}],"up":[{"embeddable":true,"href":"https:\/\/www.sisinternational.com\/pt\/wp-json\/wp\/v2\/pages\/33287"}],"wp:featuredmedia":[{"embeddable":true,"href":"https:\/\/www.sisinternational.com\/pt\/wp-json\/wp\/v2\/media\/66259"}],"wp:attachment":[{"href":"https:\/\/www.sisinternational.com\/pt\/wp-json\/wp\/v2\/media?parent=41092"}],"curies":[{"name":"wp","href":"https:\/\/api.w.org\/{rel}","templated":true}]}}