{"id":41090,"date":"2022-12-13T05:43:59","date_gmt":"2022-12-13T05:43:59","guid":{"rendered":"https:\/\/www.sisinternational.com\/?page_id=41090"},"modified":"2026-01-24T21:30:37","modified_gmt":"2026-01-25T02:30:37","slug":"pesquisa-de-mercado-ilhas-cayman","status":"publish","type":"page","link":"https:\/\/www.sisinternational.com\/pt\/cobertura\/pesquisa-de-mercado-no-caribe\/pesquisa-de-mercado-ilhas-cayman\/","title":{"rendered":"Pesquisa de mercado nas Ilhas Cayman"},"content":{"rendered":"<h1 class=\"wp-block-heading\">Pesquisa de mercado nas Ilhas Cayman<\/h1>\n\n\n\n<p><\/p>\n\n\n\n<figure class=\"gb-block-image gb-block-image-f78da1a2\"><img loading=\"lazy\" decoding=\"async\" width=\"1456\" height=\"816\" class=\"gb-image gb-image-f78da1a2\" src=\"https:\/\/www.sisinternational.com\/wp-content\/uploads\/2025\/09\/Dutch-Caribbean-4.jpg\" alt=\"Pesquisa e Estrat\u00e9gia de Mercado Internacional da SIS\" title=\"Dutch Caribbean (4)\" srcset=\"https:\/\/www.sisinternational.com\/wp-content\/uploads\/2025\/09\/Dutch-Caribbean-4.jpg 1456w, https:\/\/www.sisinternational.com\/wp-content\/uploads\/2025\/09\/Dutch-Caribbean-4-300x168.jpg 300w, https:\/\/www.sisinternational.com\/wp-content\/uploads\/2025\/09\/Dutch-Caribbean-4-1024x574.jpg 1024w, https:\/\/www.sisinternational.com\/wp-content\/uploads\/2025\/09\/Dutch-Caribbean-4-768x430.jpg 768w, https:\/\/www.sisinternational.com\/wp-content\/uploads\/2025\/09\/Dutch-Caribbean-4-18x10.jpg 18w\" sizes=\"auto, (max-width: 1456px) 100vw, 1456px\"><\/figure>\n\n\n\n<p><\/p>\n\n\n\n<hr class=\"wp-block-separator has-alpha-channel-opacity is-style-dots\"\/>\n\n\n\n<p>As Ilhas Cayman ficam a cerca de 180 milhas a noroeste da Jamaica, compreendendo as ilhas de Little Cayman, Grand Cayman e Cayman Brac. Grand Cayman \u00e9 a maior ilha e a mais populosa, seguida por Cayman Brac, com Little Cayman na retaguarda. A capital \u00e9 George Town, onde vive mais da metade de toda a popula\u00e7\u00e3o das ilhas.<\/p>\n\n\n\n<p><\/p>\n\n\n\n<div class=\"wp-block-columns has-global-color-9-color has-text-color has-background has-link-color wp-elements-2b270774f2728773f11556713d9a6a5c is-layout-flex wp-container-core-columns-is-layout-9d6595d7 wp-block-columns-is-layout-flex\" style=\"background-color:#f7f9fa6e\">\n<div class=\"wp-block-column is-layout-flow wp-block-column-is-layout-flow\" style=\"flex-basis:18%\"><\/div>\n\n\n\n<div class=\"wp-block-column is-vertically-aligned-center is-layout-flow wp-block-column-is-layout-flow\" style=\"flex-basis:71.28%\">\n<div class=\"wp-block-rank-math-toc-block aligncenter has-global-color-9-color has-text-color has-link-color wp-elements-05c05c27c471dfe6656e625038f8f1ae\" style=\"font-size:16px\" id=\"rank-math-toc\"><h2><br><strong>T<\/strong>able of Contents<\/h2><nav><ul><li class=\"\"><a href=\"#key-industries\">Principais ind\u00fastrias<\/a><\/li><li class=\"\"><a href=\"#neighborhoods\">Bairros<\/a><\/li><li class=\"\"><a href=\"#trends\">Tend\u00eancias<\/a><\/li><li class=\"\"><a href=\"#benefits-and-strengths-in-the-market\">Benef\u00edcios e pontos fortes no mercado<\/a><\/li><li class=\"\"><a href=\"#consumer-base\">Base de Consumidores<\/a><\/li><li class=\"\"><a href=\"#reasons-to-grow-your-business-in-the-cayman-islands-market\">Raz\u00f5es para expandir seus neg\u00f3cios no mercado das Ilhas Cayman<\/a><\/li><li class=\"\"><a href=\"#about-market-research-in-the-cayman-islands\">Sobre pesquisa de mercado nas Ilhas Cayman<\/a><\/li><\/ul><\/nav><\/div>\n<\/div>\n<\/div>\n\n\n\n<p><\/p>\n\n\n\n<h2 class=\"wp-block-heading\" id=\"key-industries\">Principais ind\u00fastrias<\/h2>\n\n\n\n<p>As Ilhas Cayman s\u00e3o um centro financeiro global conhecido por seus neg\u00f3cios banc\u00e1rios, fundos de investimento e seguros. Outra ind\u00fastria prim\u00e1ria \u00e9 o turismo, um dos pilares da economia. O setor imobili\u00e1rio e a constru\u00e7\u00e3o s\u00e3o outros setores l\u00edderes. As ilhas possuem um quadro regulamentar s\u00f3lido, o que pode ser a raz\u00e3o do seu sucesso no mercado de servi\u00e7os financeiros.<\/p>\n\n\n\n<h2 class=\"wp-block-heading\" id=\"neighborhoods\">Bairros<\/h2>\n\n\n\n<ul class=\"wp-block-list\">\n<li>George Town, Grande Caim\u00e3o. George Town, no sudoeste de Grand Cayman, \u00e9 um porto movimentado. Na verdade, os navios de carga descarregam todas as noites e os navios de cruzeiro fazem escala quase todos os dias.<\/li>\n\n\n\n<li>West End, Cayman Brac. O aeroporto, um posto de gasolina, dois supermercados e alguns condom\u00ednios ficam no West End. Assim, a costa norte do West End tem o maior n\u00famero de residentes da ilha.<\/li>\n\n\n\n<li>Blossom Village, Pequena Cayman. Esta pequena vila possui um aeroporto, bem como uma loja de esportes aqu\u00e1ticos e um armaz\u00e9m geral. O Little Cayman Beach Resort tamb\u00e9m fica em Blossom Village. Possui tamb\u00e9m um pequeno parque com parque infantil.<\/li>\n<\/ul>\n\n\n\n<h2 class=\"wp-block-heading\" id=\"trends\">Tend\u00eancias<\/h2>\n\n\n\n<figure class=\"gb-block-image gb-block-image-de569080\"><img loading=\"lazy\" decoding=\"async\" width=\"1456\" height=\"816\" class=\"gb-image gb-image-de569080\" src=\"https:\/\/www.sisinternational.com\/wp-content\/uploads\/2025\/09\/Caribbran-4.jpg\" alt=\"Pesquisa e Estrat\u00e9gia de Mercado Internacional da SIS\" title=\"Caribbran (4)\" srcset=\"https:\/\/www.sisinternational.com\/wp-content\/uploads\/2025\/09\/Caribbran-4.jpg 1456w, https:\/\/www.sisinternational.com\/wp-content\/uploads\/2025\/09\/Caribbran-4-300x168.jpg 300w, https:\/\/www.sisinternational.com\/wp-content\/uploads\/2025\/09\/Caribbran-4-1024x574.jpg 1024w, https:\/\/www.sisinternational.com\/wp-content\/uploads\/2025\/09\/Caribbran-4-768x430.jpg 768w, https:\/\/www.sisinternational.com\/wp-content\/uploads\/2025\/09\/Caribbran-4-18x10.jpg 18w\" sizes=\"auto, (max-width: 1456px) 100vw, 1456px\"><\/figure>\n\n\n\n<p><\/p>\n\n\n\n<p>A posi\u00e7\u00e3o das ilhas como centro financeiro offshore secreto aumenta o risco de corrup\u00e7\u00e3o. Por outro lado, as Ilhas Cayman desfrutam de um clima pol\u00edtico est\u00e1vel. O turismo era a principal atividade econ\u00f3mica, mas diminuiu nos \u00faltimos anos. Apesar dos reveses, o setor recuperou e encontra-se agora em plena recupera\u00e7\u00e3o. Os especialistas esperam que os turistas inundem a costa em n\u00fameros ainda maiores do que antes.<\/p>\n\n\n\n<h2 class=\"wp-block-heading\" id=\"benefits-and-strengths-in-the-market\">Benef\u00edcios e pontos fortes no mercado<\/h2>\n\n\n\n<ul class=\"wp-block-list\">\n<li>Aus\u00eancia de imposto. As Ilhas Cayman n\u00e3o cobram nenhum tipo de imposto direto.<\/li>\n\n\n\n<li>Aus\u00eancia de controles cambiais. Voc\u00ea \u00e9 livre para transferir grandes somas de dinheiro para dentro e para fora das ilhas.<\/li>\n\n\n\n<li>Sistema jur\u00eddico confi\u00e1vel. A lei das Ilhas Cayman deriva do direito consuetudin\u00e1rio ingl\u00eas, complementado pela legisla\u00e7\u00e3o local.<\/li>\n\n\n\n<li>Acesso a bancos e servi\u00e7os profissionais. Pelo menos 40 dos 50 principais bancos do mundo est\u00e3o nas Ilhas Cayman. O mesmo acontece com todas as grandes empresas de contabilidade.<\/li>\n\n\n\n<li>Velocidade e custo. A forma\u00e7\u00e3o e manuten\u00e7\u00e3o de entidades nas Ilhas Cayman tem um pre\u00e7o baixo. Na verdade, voc\u00ea pode criar uma empresa no dia do dep\u00f3sito.<\/li>\n\n\n\n<li>Estabilidade econ\u00f3mica e pol\u00edtica. As Ilhas Cayman t\u00eam uma hist\u00f3ria de governo est\u00e1vel.<\/li>\n\n\n\n<li>Excelentes comunica\u00e7\u00f5es. As ilhas desfrutam de uma rede de \u00faltima gera\u00e7\u00e3o. Al\u00e9m disso, voos diretos est\u00e3o dispon\u00edveis a partir de v\u00e1rios grandes centros globais.<\/li>\n<\/ul>\n\n\n\n<p><\/p>\n\n\n\n<!DOCTYPE html>\n<html lang=\"en\">\n<head>\n    <meta charset=\"UTF-8\">\n    <meta name=\"viewport\" content=\"width=device-width, initial-scale=1.0\">\n    <title>Cayman Islands Market Indicators<\/title>\n    <style>\n        \/* Responsive Table & SIS International-inspired Styling\n          - Uses a corporate blue and clean, sans-serif fonts.\n          - Fully responsive with horizontal scroll on small screens.\n        *\/\n        \n        .sis-table-container {\n            font-family: -apple-system, BlinkMacSystemFont, \"Segoe UI\", Roboto, Helvetica, Arial, sans-serif;\n            margin: 2em 0;\n            width: 100%;\n            \/* Allows horizontal scroll on small screens *\/\n            overflow-x: auto;\n            -webkit-overflow-scrolling: touch; \/* Smooth scrolling on iOS *\/\n        }\n\n        .sis-table-container h3 {\n            font-size: 1.5rem; \/* 24px *\/\n            font-weight: 600;\n            color: #333;\n            margin-bottom: 0.75em;\n            padding: 0;\n        }\n\n        .sis-table {\n            width: 100%;\n            border-collapse: collapse;\n            min-width: 500px; \/* Ensures layout preservation, container scrolls if needed *\/\n        }\n\n        .sis-table th,\n        .sis-table td {\n            padding: 12px 15px;\n            text-align: left;\n            line-height: 1.5;\n             \/* Prevent line breaks within cells *\/\n            white-space: nowrap;\n        }\n\n        \/* Header Styling *\/\n        .sis-table thead th {\n            background-color: #005cbf; \/* SIS corporate blue *\/\n            color: #ffffff;\n            font-weight: 600;\n            font-size: 0.9rem; \/* 14.4px *\/\n            text-transform: uppercase;\n            letter-spacing: 0.5px;\n        }\n\n        \/* Body Styling *\/\n        .sis-table tbody tr {\n            border-bottom: 1px solid #ddd;\n        }\n\n        .sis-table tbody tr:nth-of-type(even) {\n            background-color: #f8f8f8; \/* Light gray alternate rows *\/\n        }\n\n        .sis-table tbody tr:last-of-type {\n            border-bottom: 2px solid #005cbf; \/* Match header blue *\/\n        }\n\n        .sis-table td {\n            color: #444;\n            font-size: 0.95rem; \/* 15.2px *\/\n        }\n        \n        \/* Right-align numerical data *\/\n        .sis-table td:nth-child(2) {\n            text-align: right;\n        }\n         .sis-table th:nth-child(2) {\n            text-align: right;\n        }\n\n        .sis-table-container .source-caption {\n            margin-top: 10px;\n            font-size: 0.85rem; \/* 13.6px *\/\n            color: #555;\n            font-style: italic;\n        }\n\n        .sis-table-container .source-caption a {\n            color: #005cbf; \/* Match brand blue *\/\n            text-decoration: none;\n        }\n\n        .sis-table-container .source-caption a:hover {\n            text-decoration: underline;\n        }\n    <\/style>\n<\/head>\n<body>\n\n    <!-- \n      HTML for WordPress:\n      Copy and paste the code from .sis-table-container start to end into a Custom HTML block.\n    -->\n    <div class=\"sis-table-container\">\n        \n        <h3>Cayman Islands: Key Market Indicators<\/h3>\n\n        <table class=\"sis-table\">\n            <thead>\n                <tr>\n                    <th>Indicator<\/th>\n                    <th>Value (Year)<\/th>\n                <\/tr>\n            <\/thead>\n            <tbody>\n                <tr>\n                    <td>GDP (Nominal, Current US$)<\/td>\n                    <td>$7.9 Billion (2023 est.)<\/td>\n                <\/tr>\n                <tr>\n                    <td>GDP per Capita (Nominal, Current US$)<\/td>\n                    <td>$97,583 (2023 est.)<\/td>\n                <\/tr>\n                <tr>\n                    <td>Popula\u00e7\u00e3o<\/td>\n                    <td>~81,500 (2023 est.)<\/td>\n                <\/tr>\n                 <tr>\n                    <td>International Tourist Arrivals (Stayover)<\/td>\n                    <td>~486,000 (2023)<\/td>\n                <\/tr>\n            <\/tbody>\n        <\/table>\n\n        <p class=\"source-caption\">\n             Sources: GDP\/GDP per capita estimates based on United Nations data via <a href=\"https:\/\/en.wikipedia.org\/wiki\/List_of_countries_by_GDP_(nominal)_per_capita\" target=\"_blank\" rel=\"noopener noreferrer\">Wikip\u00e9dia<\/a>; Population estimate from <a href=\"https:\/\/data.worldbank.org\/country\/cayman-islands\" target=\"_blank\" rel=\"noopener noreferrer\">World Bank Data<\/a>; Tourist arrivals from <a href=\"https:\/\/www.visitcaymanislands.com\/en-ca\/ourcayman\/news\" target=\"_blank\" rel=\"noopener noreferrer\">Cayman Islands Department of Tourism<\/a> reports. Accessed October 2025.\n        <\/p>\n        \n    <\/div>\n\n<\/body>\n<\/html>\n\n\n\n<p><\/p>\n\n\n\n<h2 class=\"wp-block-heading\" id=\"consumer-base\">Base de Consumidores<\/h2>\n\n\n\n<p>Os residentes das Ilhas Cayman desfrutam de um padr\u00e3o de vida semelhante ao da Su\u00ed\u00e7a. A popula\u00e7\u00e3o \u00e9 um quinto negra, um quinto branca e mais dois quintos mista. O outro quinto compreende expatriados de v\u00e1rios grupos \u00e9tnicos. A taxa de alfabetiza\u00e7\u00e3o est\u00e1 muito pr\u00f3xima de 100 por cento.<\/p>\n\n\n\n<h2 class=\"wp-block-heading\" id=\"reasons-to-grow-your-business-in-the-cayman-islands-market\">Raz\u00f5es para expandir seus neg\u00f3cios no mercado das Ilhas Cayman<\/h2>\n\n\n\n<figure class=\"gb-block-image gb-block-image-10e8079c\"><img loading=\"lazy\" decoding=\"async\" width=\"1456\" height=\"816\" class=\"gb-image gb-image-10e8079c\" src=\"https:\/\/www.sisinternational.com\/wp-content\/uploads\/2025\/09\/Caribbran-1.jpg\" alt=\"Pesquisa e Estrat\u00e9gia de Mercado Internacional da SIS\" title=\"Caribbran (1)\" srcset=\"https:\/\/www.sisinternational.com\/wp-content\/uploads\/2025\/09\/Caribbran-1.jpg 1456w, https:\/\/www.sisinternational.com\/wp-content\/uploads\/2025\/09\/Caribbran-1-300x168.jpg 300w, https:\/\/www.sisinternational.com\/wp-content\/uploads\/2025\/09\/Caribbran-1-1024x574.jpg 1024w, https:\/\/www.sisinternational.com\/wp-content\/uploads\/2025\/09\/Caribbran-1-768x430.jpg 768w, https:\/\/www.sisinternational.com\/wp-content\/uploads\/2025\/09\/Caribbran-1-18x10.jpg 18w\" sizes=\"auto, (max-width: 1456px) 100vw, 1456px\"><\/figure>\n\n\n\n<p><\/p>\n\n\n\n<p>As Ilhas Cayman possuem uma economia moderna e desenvolvida com o maior PIB e padr\u00e3o de vida da regi\u00e3o. Leva apenas uma hora para chegar a Miami de avi\u00e3o. As Ilhas Cayman hospedam cerca de 50 voos por dia vindos dos EUA, Reino Unido e Canad\u00e1.<\/p>\n\n\n\n<p>O governo incentiva o investimento em Cayman Brac e Little Cayman. Al\u00e9m disso, oferece metade dos direitos de importa\u00e7\u00e3o para investimentos aprovados nestas ilhas. Tamb\u00e9m oferece aos propriet\u00e1rios de empresas redu\u00e7\u00f5es em algumas taxas de licenciamento.<\/p>\n\n\n\n<h2 class=\"wp-block-heading\" id=\"about-market-research-in-the-cayman-islands\">Sobre pesquisa de mercado nas Ilhas Cayman<\/h2>\n\n\n\n<p>SIS Research can give you the Qualitative research coupled with the Quantitative data you need. Moreover, we can tell you the procedures, time, and cost of starting and running a Cayman Islands business. Qualitative Research methods include Customer Interviews and Focus Groups, while Quantitative methods include Telephone, Mobile, and App Surveys. Strategy Research consists of Competitive Analysis, <a href=\"https:\/\/www.sisinternational.com\/pt\/cobertura\/as-americas\/pesquisa-de-mercado-na-america-latina\/cosmeticos-na-pesquisa-de-mercado-do-mexico\/\" title=\"Pesquisa de mercado de cosm\u00e9ticos no M\u00e9xico\" data-wpil-monitor-id=\"3512\">Oportunidades de mercado e pesquisa de entrada<\/a>, and Go-To-Market Strategy.<\/p>\n\n\n<h2>Localiza\u00e7\u00e3o de nossas instala\u00e7\u00f5es em Nova York<\/h2>\n<p><!-- \/wp:post-content --> <!-- wp:html --> <iframe loading=\"lazy\" src=\"https:\/\/www.google.com\/maps\/embed?pb=!1m18!1m12!1m3!1d3022.976188376966!2d-73.99130312499956!3d40.740549471389315!2m3!1f0!2f0!3f0!3m2!1i1024!2i768!4f13.1!3m3!1m2!1s0x89c259a15798c731%3A0xd695d09bdd495f25!2s11%20E%2022nd%20St%20FL%202%2C%20New%20York%2C%20NY%2010010%2C%20USA!5e0!3m2!1sen!2spe!4v1726171763526!5m2!1sen!2spe\" width=\"600\" height=\"450\" allowfullscreen=\"allowfullscreen\" data-mce-fragment=\"1\"><\/iframe> <!-- \/wp:html --> <!-- wp:paragraph --><\/p>\n<h3 class=\"wp-block-heading\">11 E 22nd Street, andar 2, Nova York, NY 10010 T: +1(212) 505-6805<\/h3>\n<hr \/>\n<h2><span style=\"font-weight: 400;\">Sobre SIS Internacional<\/span><\/h2>\n<p><a href=\"https:\/\/www.sisinternational.com\/pt\/\"><span style=\"font-weight: 400;\">SIS Internacional<\/span><\/a><span style=\"font-weight: 400;\"> oferece pesquisa quantitativa, qualitativa e estrat\u00e9gica. Fornecemos dados, ferramentas, estrat\u00e9gias, relat\u00f3rios e insights para a tomada de decis\u00f5es. Tamb\u00e9m realizamos entrevistas, pesquisas, grupos focais e outros m\u00e9todos e abordagens de Pesquisa de Mercado.<\/span><a href=\"https:\/\/www.sisinternational.com\/pt\/sobre-a-sis-international-research\/contact-sis-international-market-research\/\"><span style=\"font-weight: 400;\"> Entre em contato conosco<\/span><\/a><span style=\"font-weight: 400;\"> para o seu pr\u00f3ximo projeto de pesquisa de mercado.<\/span><\/p>\n<p><!-- wp:heading --><\/p>\n<h2 id=\"about-sis-international\" class=\"wp-block-heading\">\u00a0<\/h2>\n<p><!-- \/wp:heading --><\/p>","protected":false},"excerpt":{"rendered":"<p>A SIS Research pode fornecer a pesquisa qualitativa juntamente com os dados quantitativos de que voc\u00ea precisa para administrar um neg\u00f3cio nas Ilhas Cayman.<\/p>","protected":false},"author":1,"featured_media":66258,"parent":33287,"menu_order":13,"comment_status":"closed","ping_status":"closed","template":"","meta":{"footnotes":""},"class_list":["post-41090","page","type-page","status-publish","has-post-thumbnail"],"_links":{"self":[{"href":"https:\/\/www.sisinternational.com\/pt\/wp-json\/wp\/v2\/pages\/41090","targetHints":{"allow":["GET"]}}],"collection":[{"href":"https:\/\/www.sisinternational.com\/pt\/wp-json\/wp\/v2\/pages"}],"about":[{"href":"https:\/\/www.sisinternational.com\/pt\/wp-json\/wp\/v2\/types\/page"}],"author":[{"embeddable":true,"href":"https:\/\/www.sisinternational.com\/pt\/wp-json\/wp\/v2\/users\/1"}],"replies":[{"embeddable":true,"href":"https:\/\/www.sisinternational.com\/pt\/wp-json\/wp\/v2\/comments?post=41090"}],"version-history":[{"count":7,"href":"https:\/\/www.sisinternational.com\/pt\/wp-json\/wp\/v2\/pages\/41090\/revisions"}],"predecessor-version":[{"id":77702,"href":"https:\/\/www.sisinternational.com\/pt\/wp-json\/wp\/v2\/pages\/41090\/revisions\/77702"}],"up":[{"embeddable":true,"href":"https:\/\/www.sisinternational.com\/pt\/wp-json\/wp\/v2\/pages\/33287"}],"wp:featuredmedia":[{"embeddable":true,"href":"https:\/\/www.sisinternational.com\/pt\/wp-json\/wp\/v2\/media\/66258"}],"wp:attachment":[{"href":"https:\/\/www.sisinternational.com\/pt\/wp-json\/wp\/v2\/media?parent=41090"}],"curies":[{"name":"wp","href":"https:\/\/api.w.org\/{rel}","templated":true}]}}