{"id":41088,"date":"2022-12-13T05:31:50","date_gmt":"2022-12-13T05:31:50","guid":{"rendered":"https:\/\/www.sisinternational.com\/?page_id=41088"},"modified":"2026-01-24T21:30:38","modified_gmt":"2026-01-25T02:30:38","slug":"pesquisa-de-mercado-ilhas-virgens-britanicas","status":"publish","type":"page","link":"https:\/\/www.sisinternational.com\/pt\/cobertura\/pesquisa-de-mercado-no-caribe\/pesquisa-de-mercado-ilhas-virgens-britanicas\/","title":{"rendered":"Pesquisa de mercado nas Ilhas Virgens Brit\u00e2nicas"},"content":{"rendered":"<h1 class=\"wp-block-heading\">Pesquisa de mercado nas Ilhas Virgens Brit\u00e2nicas<\/h1>\n\n\n\n<p><\/p>\n\n\n\n<figure class=\"gb-block-image gb-block-image-35e0b830\"><img loading=\"lazy\" decoding=\"async\" width=\"1456\" height=\"816\" class=\"gb-image gb-image-35e0b830\" src=\"https:\/\/www.sisinternational.com\/wp-content\/uploads\/2025\/09\/Brittish-Virgin-Islands-1.jpg\" alt=\"Pesquisa e Estrat\u00e9gia de Mercado Internacional da SIS\" title=\"Brittish Virgin Islands (1)\" srcset=\"https:\/\/www.sisinternational.com\/wp-content\/uploads\/2025\/09\/Brittish-Virgin-Islands-1.jpg 1456w, https:\/\/www.sisinternational.com\/wp-content\/uploads\/2025\/09\/Brittish-Virgin-Islands-1-300x168.jpg 300w, https:\/\/www.sisinternational.com\/wp-content\/uploads\/2025\/09\/Brittish-Virgin-Islands-1-1024x574.jpg 1024w, https:\/\/www.sisinternational.com\/wp-content\/uploads\/2025\/09\/Brittish-Virgin-Islands-1-768x430.jpg 768w, https:\/\/www.sisinternational.com\/wp-content\/uploads\/2025\/09\/Brittish-Virgin-Islands-1-18x10.jpg 18w\" sizes=\"auto, (max-width: 1456px) 100vw, 1456px\"><\/figure>\n\n\n\n<p><\/p>\n\n\n\n<hr class=\"wp-block-separator has-alpha-channel-opacity is-style-dots\"\/>\n\n\n\n<p>As Ilhas Virgens Brit\u00e2nicas ficam a noroeste de Anguila e a leste de Porto Rico. As ilhas compreendem um Territ\u00f3rio Ultramarino Brit\u00e2nico. Tortola, Virgin Gorda, Anegada e Jost Van Dyke s\u00e3o as ilhas principais das Ilhas Virgens Brit\u00e2nicas, mas tamb\u00e9m existem 50 ilhas e ilhotas menores. As pessoas vivem em dezesseis das ilhas. Road Town, a capital, fica em Tortola, a maior ilha.<\/p>\n\n\n\n<h2 class=\"wp-block-heading\">Principais ind\u00fastrias<\/h2>\n\n\n\n<p>Al\u00e9m disso, qual \u00e9 a principal ind\u00fastria nas Ilhas Virgens Brit\u00e2nicas? As Ilhas Virgens Brit\u00e2nicas t\u00eam duas ind\u00fastrias principais: turismo e servi\u00e7os financeiros. O turismo emprega muitas pessoas, mas as Ilhas Virgens Brit\u00e2nicas orgulham-se do seu estatuto de centro financeiro offshore. As ilhas tamb\u00e9m produzem vegetais, frutas, cana-de-a\u00e7\u00facar, aves e gado. A constru\u00e7\u00e3o de barcos \u00e9 outro campo importante, assim como a pesca comercial, a constru\u00e7\u00e3o e a destila\u00e7\u00e3o de rum.<\/p>\n\n\n\n<h2 class=\"wp-block-heading\">Bairros<\/h2>\n\n\n\n<ul class=\"wp-block-list\">\n<li>Road Town - a capital das Ilhas Virgens Brit\u00e2nicas e a principal cidade de Tortola<\/li>\n\n\n\n<li>Cidade Espanhola \u2013 a segunda maior cidade localizada em Virgin Gorda, a terceira maior ilha<\/li>\n\n\n\n<li>Cane Garden Bay \u2013 um dos resorts de praia mais conhecidos de Tortola<\/li>\n\n\n\n<li>Scrub Island \u2013 um pequeno ref\u00fagio sofisticado a nordeste de Tortola<\/li>\n\n\n\n<li>White Bay \u2013 um dos melhores resorts de praia em Jost Van Dyke<\/li>\n\n\n\n<li>Peter Island \u2013 uma ilha privada a apenas oito quil\u00f4metros a noroeste de Road Town<\/li>\n\n\n\n<li>The Settlement \u2013 tamb\u00e9m conhecido como \u201cThe Village\u201d, The Settlement \u00e9 a \u00fanica cidade em Anegada, a segunda maior e mais remota ilha das Ilhas Virgens Brit\u00e2nicas.<\/li>\n\n\n\n<li>Belmont \u2013 um local central no extremo oeste de Tortola<\/li>\n<\/ul>\n\n\n\n<h2 class=\"wp-block-heading\">Tend\u00eancias<\/h2>\n\n\n\n<p>The British Virgin Islands is a world leader in the <a href=\"https:\/\/www.sisinternational.com\/pt\/solucoes\/solucoes-de-pesquisa-quantitativa-qualitativa\/pesquisa-de-mercado-de-servicos-de-campo\/\" title=\"Pesquisa de mercado de servi\u00e7os de campo\"  data-wpil-monitor-id=\"9370\">field of financial services<\/a>. For over four decades, it has allowed people and businesses to invest. It also allows them to trade across global borders. The islands have also emerged as a world-leading center for cryptos and FinTech, tapping into the vast potential of these new <a href=\"https:\/\/www.sisinternational.com\/pt\/publicacoes\/pesquisa-de-mercado-de-negocios-escalaveis-7-maneiras-de-construir-um-negocio-escalavel\/\" title=\"Pesquisa de mercado de neg\u00f3cios escal\u00e1veis: 7 maneiras de construir um neg\u00f3cio escal\u00e1vel\"  data-wpil-monitor-id=\"9372\">ways of doing business<\/a>. FinTech and crypto have many strengths. The BVI brings these strengths to people and businesses around the world.<\/p>\n\n\n\n<h2 class=\"wp-block-heading\">Benef\u00edcios e pontos fortes no mercado<\/h2>\n\n\n\n<p>Many of the BVI\u2019s strengths are common to other countries. For example, it has no currency exchange controls, and English is the primary language. It is a stable democracy. Also, the islands subscribe to a common <a href=\"https:\/\/www.sisinternational.com\/pt\/optimized-management-system-for-a-leading-us-immigration-law-firm\/\" title=\"Optimized Management System for a Leading US Immigration law firm\"  data-wpil-monitor-id=\"9374\">law legal system<\/a>. This system allows them the final appeal to the Privy Council in London. Other benefits, such as taxation, are not standard for other countries. The BVI has no income tax. Capital gains, wealth, and corporation taxes are also non-existent.<\/p>\n\n\n\n<h2 class=\"wp-block-heading\">Base de Consumidores<\/h2>\n\n\n\n<p>The British Virgin Islands is home to a total of 30,000 people. Slightly more than half are female. Almost half of the people live in urban centers, with the rest opting for country life. The median age is 37.2, and more than three-quarters of the people in the BVI have Internet access. In this sector, there is heavy social media use. Facebook <a href=\"https:\/\/www.sisinternational.com\/pt\/expandindo-o-alcance-do-mercado-por-meio-de-uma-estrategia-de-marketing-multifacetada\/\" title=\"Expandindo o alcance do mercado por meio de uma estrat\u00e9gia de marketing multifacetada\"  data-wpil-monitor-id=\"9371\">reaches more than three-quarters of the market<\/a>.<\/p>\n\n\n\n<h2 class=\"wp-block-heading\">Raz\u00f5es para expandir seus neg\u00f3cios no mercado BVI<\/h2>\n\n\n\n<p>What is unique about the British Virgin Islands? We already mentioned the tax benefits. Also, setting up shop in the BVI is a quick and easy process. It is an attractive <a href=\"https:\/\/www.sisinternational.com\/pt\/solucoes\/solucoes-de-branding-e-pesquisa-de-clientes\/pesquisa-de-mercado-para-testes-de-produtos\/empresa-de-testes-de-localizacao-central-de-topo\/\" title=\"Melhor empresa de testes de localiza\u00e7\u00e3o central\"  data-wpil-monitor-id=\"9373\">location for US companies<\/a> because it\u2019s close to the US Virgin Islands. It\u2019s so close, in fact, that it uses the US dollar as its formal currency. The BVI has many further benefits. For his reason, it has long attracted businesses from around the world.<\/p>\n\n\n\n<h2 class=\"wp-block-heading\">Sobre pesquisa de mercado nas Ilhas Virgens Brit\u00e2nicas<\/h2>\n\n\n\n<p>SIS International provides Qualitative, Quantitative, and <a href=\"https:\/\/www.sisinternational.com\/pt\/pericia\/industrias\/pesquisa-de-mercado-industrial\/\" title=\"Pesquisa e Estrat\u00e9gia de Mercado Industrial\"  data-wpil-monitor-id=\"9369\">Strategy Research for industry<\/a> and consumer products. SIS looks at trends and lifestyles in the BVI. We use Focus Groups, Surveys, and Interviews to conduct <a href=\"https:\/\/www.sisinternational.com\/pt\/cobertura\/as-americas\/pesquisa-de-mercado-na-america-latina\/cosmeticos-na-pesquisa-de-mercado-do-mexico\/\" title=\"Pesquisa de mercado de cosm\u00e9ticos no M\u00e9xico\"  data-wpil-monitor-id=\"3516\">Pesquisa de entrada no mercado<\/a>, UX Market Research, Competitive Analysis, Market Opportunity Research, and Market Sizing Research and to come up with Go To Market Strategy.<\/p>\n\n\n\n<p><\/p>","protected":false},"excerpt":{"rendered":"<p>A SIS fornece pesquisas qualitativas, quantitativas e estrat\u00e9gicas para a ind\u00fastria e produtos de consumo nas Ilhas Virgens Brit\u00e2nicas.<\/p>","protected":false},"author":1,"featured_media":66220,"parent":33287,"menu_order":12,"comment_status":"closed","ping_status":"closed","template":"","meta":{"footnotes":""},"class_list":["post-41088","page","type-page","status-publish","has-post-thumbnail"],"_links":{"self":[{"href":"https:\/\/www.sisinternational.com\/pt\/wp-json\/wp\/v2\/pages\/41088","targetHints":{"allow":["GET"]}}],"collection":[{"href":"https:\/\/www.sisinternational.com\/pt\/wp-json\/wp\/v2\/pages"}],"about":[{"href":"https:\/\/www.sisinternational.com\/pt\/wp-json\/wp\/v2\/types\/page"}],"author":[{"embeddable":true,"href":"https:\/\/www.sisinternational.com\/pt\/wp-json\/wp\/v2\/users\/1"}],"replies":[{"embeddable":true,"href":"https:\/\/www.sisinternational.com\/pt\/wp-json\/wp\/v2\/comments?post=41088"}],"version-history":[{"count":4,"href":"https:\/\/www.sisinternational.com\/pt\/wp-json\/wp\/v2\/pages\/41088\/revisions"}],"predecessor-version":[{"id":81565,"href":"https:\/\/www.sisinternational.com\/pt\/wp-json\/wp\/v2\/pages\/41088\/revisions\/81565"}],"up":[{"embeddable":true,"href":"https:\/\/www.sisinternational.com\/pt\/wp-json\/wp\/v2\/pages\/33287"}],"wp:featuredmedia":[{"embeddable":true,"href":"https:\/\/www.sisinternational.com\/pt\/wp-json\/wp\/v2\/media\/66220"}],"wp:attachment":[{"href":"https:\/\/www.sisinternational.com\/pt\/wp-json\/wp\/v2\/media?parent=41088"}],"curies":[{"name":"wp","href":"https:\/\/api.w.org\/{rel}","templated":true}]}}