{"id":41086,"date":"2022-12-13T05:25:10","date_gmt":"2022-12-13T05:25:10","guid":{"rendered":"https:\/\/www.sisinternational.com\/?page_id=41086"},"modified":"2025-10-01T22:10:52","modified_gmt":"2025-10-02T02:10:52","slug":"pesquisa-de-mercado-bahamas","status":"publish","type":"page","link":"https:\/\/www.sisinternational.com\/pt\/cobertura\/pesquisa-de-mercado-no-caribe\/pesquisa-de-mercado-bahamas\/","title":{"rendered":"Pesquisa de mercado nas Bahamas"},"content":{"rendered":"<h1 class=\"wp-block-heading\">Pesquisa de mercado nas Bahamas<\/h1>\n\n\n\n<figure class=\"gb-block-image gb-block-image-df2ae73e\"><img loading=\"lazy\" decoding=\"async\" width=\"1456\" height=\"816\" class=\"gb-image gb-image-df2ae73e\" src=\"https:\/\/www.sisinternational.com\/wp-content\/uploads\/2025\/09\/The-Bahamas-3.jpg\" alt=\"Pesquisa e Estrat\u00e9gia de Mercado Internacional da SIS\" title=\"The Bahamas (3)\" srcset=\"https:\/\/www.sisinternational.com\/wp-content\/uploads\/2025\/09\/The-Bahamas-3.jpg 1456w, https:\/\/www.sisinternational.com\/wp-content\/uploads\/2025\/09\/The-Bahamas-3-300x168.jpg 300w, https:\/\/www.sisinternational.com\/wp-content\/uploads\/2025\/09\/The-Bahamas-3-1024x574.jpg 1024w, https:\/\/www.sisinternational.com\/wp-content\/uploads\/2025\/09\/The-Bahamas-3-768x430.jpg 768w, https:\/\/www.sisinternational.com\/wp-content\/uploads\/2025\/09\/The-Bahamas-3-18x10.jpg 18w\" sizes=\"auto, (max-width: 1456px) 100vw, 1456px\"><\/figure>\n\n\n\n<hr class=\"wp-block-separator has-alpha-channel-opacity is-style-dots\"\/>\n\n\n\n<p>The Bahamas is a country formed from a chain of islands in the northwest of the Caribbean. These islands are a gateway to the Caribbean Sea, the Gulf of Mexico, and the entire Central American region.<\/p>\n\n\n\n<p>As Bahamas carecem de recursos naturais al\u00e9m de suas lindas praias e clima agrad\u00e1vel. Assim, o pa\u00eds depende das receitas provenientes da sua ind\u00fastria tur\u00edstica de grande escala. Tamb\u00e9m tem um setor financeiro emergente, mas pr\u00f3spero.<\/p>\n\n\n\n<h2 class=\"wp-block-heading\">Principais ind\u00fastrias<\/h2>\n\n\n\n<p>The Bahamas\u2019 primary <a href=\"https:\/\/www.sisinternational.com\/pt\/solucoes\/pesquisa-de-mercado-de-ia-e-consultoria-estrategica\/adocao-de-ia-viagens-hospitalidade-turismo-consultoria-da-industria\/\" title=\"Ado\u00e7\u00e3o de IA em consultoria da ind\u00fastria de viagens, hotelaria e turismo\"  data-wpil-monitor-id=\"8968\">industry is tourism<\/a>, which comprises around half of the total GDP. The second-largest <a href=\"https:\/\/www.sisinternational.com\/pt\/solucoes\/pesquisa-de-consultoria-em-estrategia-fintech\/pesquisa-de-mercado-da-industria-de-servicos-financeiros\/\" title=\"Pesquisa de mercado da ind\u00fastria de servi\u00e7os financeiros\"  data-wpil-monitor-id=\"8967\">industry is the financial services<\/a> sector, which makes up about one-fifth of the GDP. Further but smaller-scale industries include wholesale and retail trade, farming, manufacturing, and fishing.<\/p>\n\n\n\n<h2 class=\"wp-block-heading\">Bairros<\/h2>\n\n\n\n<p>Ao contr\u00e1rio de muitos outros pa\u00edses da regi\u00e3o, as Bahamas s\u00e3o um estado arquip\u00e9lago. Ela se espalha por 700 ilhas, 30 das quais t\u00eam pessoas vivendo nelas. Aqui est\u00e3o alguns locais a serem considerados:<\/p>\n\n\n\n<h3 class=\"wp-block-heading\">Nova Provid\u00eancia<\/h3>\n\n\n\n<p>About two-thirds of Bahamians live on New Providence Island. It\u2019s the <a href=\"https:\/\/www.sisinternational.com\/pt\/solucoes\/solucoes-de-pesquisa-quantitativa-qualitativa\/testes-de-locais-centrais-na-cidade-de-nova-york\/\" title=\"Testes de locais centrais na cidade de Nova York: benef\u00edcios para testes de produtos\"  data-wpil-monitor-id=\"8974\">location of the capital and largest city<\/a>, Nassau, which covers the entire island.<\/p>\n\n\n\n<h3 class=\"wp-block-heading\">Grande Bahama<\/h3>\n\n\n\n<p>Freeport e Lucaya s\u00e3o as duas principais cidades de Grand Bahama. Freeport \u00e9 centrado no turismo, com escalas frequentes em navios de cruzeiro. Bill Gates e Oprah possuem casas nesta ilha, por isso n\u00e3o \u00e9 surpresa que os pre\u00e7os das moradias sejam altos.<\/p>\n\n\n\n<h3 class=\"wp-block-heading\">Eleutera<\/h3>\n\n\n\n<p>Este grupo de ilhas exteriores \u00e9 popular entre expatriados aposentados que querem experimentar jardinagem. Estas ilhas t\u00eam mais solo do que qualquer outro lugar do pa\u00eds.<\/p>\n\n\n\n<h3 class=\"wp-block-heading\">\u00c1bacos<\/h3>\n\n\n\n<p>Este conjunto de ilhas \u00e9 outro local de elei\u00e7\u00e3o para quem gosta de atividades ao ar livre. \u00c9 uma meca da pesca, da navega\u00e7\u00e3o e da vela.<\/p>\n\n\n\n<h3 class=\"wp-block-heading\">Exumas<\/h3>\n\n\n\n<p>Esta parte do pa\u00eds tem alguns dos melhores mergulhos do mundo. Tamb\u00e9m fica perto de Big Major Cay, onde voc\u00ea encontrar\u00e1 os famosos porcos nadadores das Bahamas.<\/p>\n\n\n\n<h2 class=\"wp-block-heading\">O que h\u00e1 em demanda nas Bahamas?<\/h2>\n\n\n\n<p>The islands have a booming tourism sector, so almost every related niche is in demand. Hotels, condos, transport services, hair stylists, restaurants, and other food-based services like grocery stores can all do well here. <a href=\"https:\/\/www.sisinternational.com\/pt\/solucoes\/consultoria-em-hotelaria-e-turismo-em-viagens\/pesquisa-de-mercado-de-empresa-de-guia-turistico\/\" title=\"Pesquisa de mercado da empresa de guia tur\u00edstico\"  data-wpil-monitor-id=\"8970\">Guided fishing and boating tours<\/a> and undersea adventures also see massive success.<\/p>\n\n\n\n<h2 class=\"wp-block-heading\">Base de Consumidores<\/h2>\n\n\n\n<p>The population of these islands is young. That\u2019s a feat, given the number of US retirees who call it home.<\/p>\n\n\n\n<p>O pa\u00eds depende de importa\u00e7\u00f5es dos Estados Unidos. Na verdade, \u00e9 assim que atende \u00e0s necessidades de combust\u00edvel e alimenta\u00e7\u00e3o de moradores e turistas. Os produtos dos EUA gozam de reputa\u00e7\u00e3o de alta qualidade.<\/p>\n\n\n\n<p>Another key point is that the people living on these islands tend to be brand-conscious. They prefer the brands they see on their frequent trips to the US. American commercials and other TV shows are also factors in their buying decisions.<\/p>\n\n\n\n<h2 class=\"wp-block-heading\">Benef\u00edcios e pontos fortes no mercado<\/h2>\n\n\n\n<p>O estatuto de isen\u00e7\u00e3o de impostos do pa\u00eds sobre o rendimento \u00e9 um enorme benef\u00edcio. Lucros corporativos, ganhos de capital, renda pessoal, heran\u00e7as, vendas, bem como dividendos est\u00e3o isentos de impostos. Esta liberdade tamb\u00e9m se estende a todas as pessoas privadas, parcerias, trustes e corpora\u00e7\u00f5es residentes.<\/p>\n\n\n\n<p>The Bahamian dollar is on par with the US dollar. It has shown steady performance and value over the years.<br>Outro ponto forte \u00e9 a facilidade de fazer neg\u00f3cios. As ilhas t\u00eam em vigor diversas medidas pr\u00f3-neg\u00f3cios para atrair investimentos.<\/p>\n\n\n\n<h2 class=\"wp-block-heading\">Raz\u00f5es para expandir seus neg\u00f3cios neste mercado<\/h2>\n\n\n\n<p>As Bahamas t\u00eam um clima favor\u00e1vel ao investimento. Tanto os investidores estrangeiros como os locais podem prosperar aqui. As leis promovem o investimento estrangeiro direto e os investidores qualificados tamb\u00e9m podem receber incentivos. Isso inclui isen\u00e7\u00f5es de impostos e taxas alfandeg\u00e1rias. Os investidores podem obter incentivos para:<\/p>\n\n\n\n<ul class=\"wp-block-list\">\n<li>Empresas de timeshare e desenvolvimento de condom\u00ednios<\/li>\n\n\n\n<li>Est\u00e2ncias tur\u00edsticas<\/li>\n\n\n\n<li>Tecnologia, processamento de dados e servi\u00e7os de TI<\/li>\n\n\n\n<li>Seguro cativo<\/li>\n\n\n\n<li>Servi\u00e7os de repara\u00e7\u00e3o naval<\/li>\n\n\n\n<li>Ind\u00fastria de montagem<\/li>\n\n\n\n<li>Servi\u00e7o de aeronave<\/li>\n<\/ul>\n\n\n\n<h2 class=\"wp-block-heading\">Sobre pesquisa de mercado nas Bahamas<\/h2>\n\n\n\n<p>Nosso <a href=\"https:\/\/www.sisinternational.com\/pt\/solucoes\/consultoria-estrategica\/analise-de-dados\/\" title=\"Empresa de an\u00e1lise de dados\"  data-wpil-monitor-id=\"8972\">company can give you the data<\/a> you need to set up shop in these islands. At least, we can tell you the time it takes to start and run a business here, the series of steps, and the cost. Our <a href=\"https:\/\/www.sisinternational.com\/pt\/sampling-techniques-in-qualitative-research-the-complete-guide-to-choosing-the-right-method\/\" title=\"Sampling Techniques in Qualitative Research: The Complete Guide to Choosing the Right Method\"  data-wpil-monitor-id=\"8965\">Qualitative Research methods<\/a> include Interviews, Focus Groups, and UX Market Research. Mobile, App, and Phone Surveys are some of our <a href=\"https:\/\/www.sisinternational.com\/pt\/quantitative-market-research-methods-and-techniques\/\" title=\"Quantitative Market Research Methods and Techniques\"  data-wpil-monitor-id=\"8966\">Quantitative Research methods<\/a>. We also provide Strategy Research.<\/p>\n\n\n\n<p><\/p>","protected":false},"excerpt":{"rendered":"<p>A nossa empresa pode fornecer-lhe os dados necess\u00e1rios para se instalar nestas ilhas. Os m\u00e9todos de pesquisa qualitativa incluem entrevistas, grupos focais e pesquisa de mercado UX.<\/p>","protected":false},"author":1,"featured_media":66368,"parent":33287,"menu_order":11,"comment_status":"closed","ping_status":"closed","template":"","meta":{"footnotes":""},"class_list":["post-41086","page","type-page","status-publish","has-post-thumbnail"],"_links":{"self":[{"href":"https:\/\/www.sisinternational.com\/pt\/wp-json\/wp\/v2\/pages\/41086","targetHints":{"allow":["GET"]}}],"collection":[{"href":"https:\/\/www.sisinternational.com\/pt\/wp-json\/wp\/v2\/pages"}],"about":[{"href":"https:\/\/www.sisinternational.com\/pt\/wp-json\/wp\/v2\/types\/page"}],"author":[{"embeddable":true,"href":"https:\/\/www.sisinternational.com\/pt\/wp-json\/wp\/v2\/users\/1"}],"replies":[{"embeddable":true,"href":"https:\/\/www.sisinternational.com\/pt\/wp-json\/wp\/v2\/comments?post=41086"}],"version-history":[{"count":3,"href":"https:\/\/www.sisinternational.com\/pt\/wp-json\/wp\/v2\/pages\/41086\/revisions"}],"predecessor-version":[{"id":81505,"href":"https:\/\/www.sisinternational.com\/pt\/wp-json\/wp\/v2\/pages\/41086\/revisions\/81505"}],"up":[{"embeddable":true,"href":"https:\/\/www.sisinternational.com\/pt\/wp-json\/wp\/v2\/pages\/33287"}],"wp:featuredmedia":[{"embeddable":true,"href":"https:\/\/www.sisinternational.com\/pt\/wp-json\/wp\/v2\/media\/66368"}],"wp:attachment":[{"href":"https:\/\/www.sisinternational.com\/pt\/wp-json\/wp\/v2\/media?parent=41086"}],"curies":[{"name":"wp","href":"https:\/\/api.w.org\/{rel}","templated":true}]}}