{"id":41082,"date":"2022-12-13T04:54:32","date_gmt":"2022-12-13T04:54:32","guid":{"rendered":"https:\/\/www.sisinternational.com\/?page_id=41082"},"modified":"2026-01-25T18:54:04","modified_gmt":"2026-01-25T23:54:04","slug":"pesquisa-de-mercado-sao-bartolomeu","status":"publish","type":"page","link":"https:\/\/www.sisinternational.com\/pt\/cobertura\/pesquisa-de-mercado-no-caribe\/pesquisa-de-mercado-sao-bartolomeu\/","title":{"rendered":"Pesquisa de mercado em S\u00e3o Bartolomeu"},"content":{"rendered":"<h1 class=\"wp-block-heading\">Pesquisa de mercado em S\u00e3o Bartolomeu<\/h1>\n\n\n\n<figure class=\"gb-block-image gb-block-image-795aa881\"><img loading=\"lazy\" decoding=\"async\" width=\"1456\" height=\"816\" class=\"gb-image gb-image-795aa881\" src=\"https:\/\/www.sisinternational.com\/wp-content\/uploads\/2025\/09\/St.-Barthelemy-2.jpg\" alt=\"Pesquisa e Estrat\u00e9gia de Mercado Internacional da SIS\" title=\"St. Barthelemy (2)\" srcset=\"https:\/\/www.sisinternational.com\/wp-content\/uploads\/2025\/09\/St.-Barthelemy-2.jpg 1456w, https:\/\/www.sisinternational.com\/wp-content\/uploads\/2025\/09\/St.-Barthelemy-2-300x168.jpg 300w, https:\/\/www.sisinternational.com\/wp-content\/uploads\/2025\/09\/St.-Barthelemy-2-1024x574.jpg 1024w, https:\/\/www.sisinternational.com\/wp-content\/uploads\/2025\/09\/St.-Barthelemy-2-768x430.jpg 768w, https:\/\/www.sisinternational.com\/wp-content\/uploads\/2025\/09\/St.-Barthelemy-2-18x10.jpg 18w\" sizes=\"auto, (max-width: 1456px) 100vw, 1456px\"><\/figure>\n\n\n\n<hr class=\"wp-block-separator has-alpha-channel-opacity is-style-dots\"\/>\n\n\n\n<p>S\u00e3o Bartolomeu \u00e9 uma coletividade francesa ultramarina localizada no Caribe. \u00c9 o lar de cerca de 10.000 pessoas. Em franc\u00eas, o nome abreviado da ilha \u00e9 Saint Barth, e em ingl\u00eas \u00e9 St. Barts. Situa-se a nordeste de Santo Eust\u00e1quio, Saba, S\u00e3o Crist\u00f3v\u00e3o, Nevis e ao sul de S\u00e3o Martinho. A ilha foi, durante muitos anos, uma comuna francesa que fazia parte de Guadalupe. Os seus cidad\u00e3os votaram pela secess\u00e3o em 2003.<\/p>\n\n\n\n<h2 class=\"wp-block-heading\">Principais ind\u00fastrias<\/h2>\n\n\n\n<p>O bilion\u00e1rio David Rockefeller comprou uma propriedade em Saint Barth em 1957, colocando-a no mapa. Desde ent\u00e3o, transformou-se em um ponto tur\u00edstico de alto padr\u00e3o no Caribe. O turismo \u00e9 o principal gerador de receitas. A ilha \u00e9 repleta de belezas naturais e abriga uma rica vida marinha e fauna diversificada. O setor do turismo emprega cerca de um ter\u00e7o da popula\u00e7\u00e3o. As obras p\u00fablicas e a constru\u00e7\u00e3o s\u00e3o os outros sectores essenciais.<\/p>\n\n\n\n<h2 class=\"wp-block-heading\">Bairros<\/h2>\n\n\n\n<p>Gustavia \u00e9 a principal cidade de St. Barth. Seu antigo nome \u00e9 \u201cCarenage\u201d, mas mudou quando Lu\u00eds XVI transferiu a ilha para Gustave III da Su\u00e9cia. Public \u00e9 uma nova cidade localizada no que costumava ser uma lagoa salgada. \u00c9 agora a principal zona industrial da ilha. Corossol \u00e9 uma pequena vila de pescadores cuja principal ind\u00fastria s\u00e3o as folhas de palmeira, tecidas \u00e0 m\u00e3o em objetos de palha. Outro bairro popular \u00e9 Flamands. Os moradores desta cidade litor\u00e2nea exalam o charme t\u00edpico de St. Barth.<\/p>\n\n\n\n<h2 class=\"wp-block-heading\">Tend\u00eancias<\/h2>\n\n\n\n<p>Tal como outros pa\u00edses das Cara\u00edbas, o turismo tende a aumentar em torno dos principais feriados dos EUA. Sempre h\u00e1 um aumento no Dia de A\u00e7\u00e3o de Gra\u00e7as, Natal e Ano Novo. Celebridades visitam a ilha. Eles adoram porque os moradores locais e outros visitantes lhes proporcionam a privacidade que desejam. Al\u00e9m disso, as oportunidades de neg\u00f3cios e investimentos s\u00e3o abundantes. Cada uma das ilhas tem benef\u00edcios \u00fanicos. No entanto, investir nas Cara\u00edbas \u00e9 vol\u00e1til e n\u00e3o h\u00e1 garantia de sucesso. A empresa deve garantir que possui o melhor nicho para o pa\u00eds escolhido.<\/p>\n\n\n\n<h2 class=\"wp-block-heading\">Benef\u00edcios e pontos fortes no mercado<\/h2>\n\n\n\n<p>A economia aqui \u00e9 saud\u00e1vel, com uma infra-estrutura robusta e uma baixa taxa de pobreza. Este destino de luxo atrai visitantes de todo o mundo. \u00c9 o ref\u00fagio caribenho perfeito e tamb\u00e9m seguro, com baixos \u00edndices de criminalidade. Al\u00e9m disso, qualquer pessoa com passaporte europeu pode viver e trabalhar aqui. Os cidad\u00e3os dos EUA podem comprar uma casa sem quaisquer restri\u00e7\u00f5es. Outro benef\u00edcio \u00e9 que os residentes n\u00e3o pagam imposto de renda.<\/p>\n\n\n\n<h2 class=\"wp-block-heading\">Base de Consumidores<\/h2>\n\n\n\n<p>Os dados mostram que Saint Barth tem mais homens do que mulheres. Cerca de metade das pessoas s\u00e3o ativas nas redes sociais. Na verdade, o Facebook \u00e9, de longe, o meio mais popular, seguido pelo Instagram. LinkedIn e Twitter tamb\u00e9m s\u00e3o populares. Outro ponto fundamental \u00e9 que esse para\u00edso caribenho conta com consumidores de alto padr\u00e3o, e diversas marcas de luxo est\u00e3o dispon\u00edveis nas lojas de Gust\u00e1via. \u00c9 um dos parques infantis dos ricos e famosos, por isso n\u00e3o \u00e9 surpresa que tais produtos sejam muito procurados.<\/p>\n\n\n\n<h2 class=\"wp-block-heading\">Raz\u00f5es para expandir seus neg\u00f3cios em St. Barth<\/h2>\n\n\n\n<p>Saint Barth is perfect for <a href=\"https:\/\/www.sisinternational.com\/pt\/solucoes\/pesquisa-de-mercado-consumidor\/\" title=\"Consumer Market Research Services for Smarter Business Decisions\"  data-wpil-monitor-id=\"10348\">businesses that offer upmarket goods and services<\/a>. Designer boutiques abound, and celebrities as well as super yachts are a common sight. The stunning beaches in this travel hotspot are often crowd-free, even during peak season. Colombier Beach and Saline Beach are the best, offering peace, quiet, and miles of white sand. Another unique feature is the plethora of villas. It\u2019s in direct contrast to other islands where tourists tend to stay in hotel rooms. Your business can provide further <a href=\"https:\/\/www.sisinternational.com\/pt\/solucoes\/pesquisa-de-consultoria-em-estrategia-fintech\/pesquisa-de-mercado-de-servicos-financeiros\/\" title=\"Pesquisa de mercado de servi\u00e7os financeiros\"  data-wpil-monitor-id=\"10347\">services to this upscale market<\/a>. It also has a strategic location, four hours away from the US.<\/p>\n\n\n\n<h2 class=\"wp-block-heading\">Sobre pesquisa de mercado em Saint Barth<\/h2>\n\n\n\n<p>SIS International is where the best in <a href=\"https:\/\/www.sisinternational.com\/pt\/solucoes\/pesquisa-de-consultoria-em-estrategia-fintech\/pesquisa-de-mercado-cambial\/\" title=\"Pesquisa de mercado cambial\"  data-wpil-monitor-id=\"5272\">market research exchange<\/a> ideas. Read our Qualitative and Quantitative Market Research articles and other tools. We give professionals the real-world solutions they need. We can also provide UX and Strategy <a href=\"https:\/\/www.sisinternational.com\/pt\/cobertura\/as-americas\/pesquisa-de-mercado-no-caribe\/pesquisa-de-mercado-em-sao-cristovao-nevis\/\" title=\"Pesquisa de mercado em S\u00e3o Crist\u00f3v\u00e3o e Nevis\"  data-wpil-monitor-id=\"3284\">Market Research for St.<\/a> Barts across all different industries. With it, you can access the information you need to take your market research to a new level.<\/p>\n\n\n\n<p><\/p>","protected":false},"excerpt":{"rendered":"<p>O SIS \u00e9 onde os melhores em pesquisa de mercado trocam ideias. Leia nossos artigos de Pesquisa de Mercado Qualitativa e Quantitativa e outras ferramentas.<\/p>","protected":false},"author":1,"featured_media":66359,"parent":33287,"menu_order":9,"comment_status":"closed","ping_status":"closed","template":"","meta":{"footnotes":""},"class_list":["post-41082","page","type-page","status-publish","has-post-thumbnail"],"_links":{"self":[{"href":"https:\/\/www.sisinternational.com\/pt\/wp-json\/wp\/v2\/pages\/41082","targetHints":{"allow":["GET"]}}],"collection":[{"href":"https:\/\/www.sisinternational.com\/pt\/wp-json\/wp\/v2\/pages"}],"about":[{"href":"https:\/\/www.sisinternational.com\/pt\/wp-json\/wp\/v2\/types\/page"}],"author":[{"embeddable":true,"href":"https:\/\/www.sisinternational.com\/pt\/wp-json\/wp\/v2\/users\/1"}],"replies":[{"embeddable":true,"href":"https:\/\/www.sisinternational.com\/pt\/wp-json\/wp\/v2\/comments?post=41082"}],"version-history":[{"count":5,"href":"https:\/\/www.sisinternational.com\/pt\/wp-json\/wp\/v2\/pages\/41082\/revisions"}],"predecessor-version":[{"id":81706,"href":"https:\/\/www.sisinternational.com\/pt\/wp-json\/wp\/v2\/pages\/41082\/revisions\/81706"}],"up":[{"embeddable":true,"href":"https:\/\/www.sisinternational.com\/pt\/wp-json\/wp\/v2\/pages\/33287"}],"wp:featuredmedia":[{"embeddable":true,"href":"https:\/\/www.sisinternational.com\/pt\/wp-json\/wp\/v2\/media\/66359"}],"wp:attachment":[{"href":"https:\/\/www.sisinternational.com\/pt\/wp-json\/wp\/v2\/media?parent=41082"}],"curies":[{"name":"wp","href":"https:\/\/api.w.org\/{rel}","templated":true}]}}