{"id":41080,"date":"2022-12-13T04:48:52","date_gmt":"2022-12-13T04:48:52","guid":{"rendered":"https:\/\/www.sisinternational.com\/?page_id=41080"},"modified":"2025-10-01T22:13:09","modified_gmt":"2025-10-02T02:13:09","slug":"pesquisa-de-mercado-montserrat","status":"publish","type":"page","link":"https:\/\/www.sisinternational.com\/pt\/cobertura\/pesquisa-de-mercado-no-caribe\/pesquisa-de-mercado-montserrat\/","title":{"rendered":"Pesquisa de mercado em Montserrat"},"content":{"rendered":"<h1 class=\"wp-block-heading\">Pesquisa de mercado em Montserrat<\/h1>\n\n\n\n<figure class=\"gb-block-image gb-block-image-e92d175f\"><img loading=\"lazy\" decoding=\"async\" width=\"1456\" height=\"816\" class=\"gb-image gb-image-e92d175f\" src=\"https:\/\/www.sisinternational.com\/wp-content\/uploads\/2025\/09\/Dutch-Caribbean-4-1.jpg\" alt=\"Pesquisa e Estrat\u00e9gia de Mercado Internacional da SIS\" title=\"Dutch Caribbean 4\" srcset=\"https:\/\/www.sisinternational.com\/wp-content\/uploads\/2025\/09\/Dutch-Caribbean-4-1.jpg 1456w, https:\/\/www.sisinternational.com\/wp-content\/uploads\/2025\/09\/Dutch-Caribbean-4-1-300x168.jpg 300w, https:\/\/www.sisinternational.com\/wp-content\/uploads\/2025\/09\/Dutch-Caribbean-4-1-1024x574.jpg 1024w, https:\/\/www.sisinternational.com\/wp-content\/uploads\/2025\/09\/Dutch-Caribbean-4-1-768x430.jpg 768w, https:\/\/www.sisinternational.com\/wp-content\/uploads\/2025\/09\/Dutch-Caribbean-4-1-18x10.jpg 18w\" sizes=\"auto, (max-width: 1456px) 100vw, 1456px\"><\/figure>\n\n\n\n<hr class=\"wp-block-separator has-alpha-channel-opacity is-style-dots\"\/>\n\n\n\n<p>Montserrat \u00e9 um territ\u00f3rio ultramarino brit\u00e2nico. A ilha fica a cerca de 27 milhas a sudoeste de Ant\u00edgua e 30 milhas a noroeste de Guadalupe. A capital, Plymouth, fica no sul e foi a \u00fanica porta de entrada at\u00e9 1997. Naquele ano, erup\u00e7\u00f5es vulc\u00e2nicas destru\u00edram grande parte da cidade. Como resultado, o governo transferiu grande parte de seus interesses para Brades Estate. Muitas vezes referida como \u201cBrades\u201d, esta nova cidade fica na metade norte da ilha.<\/p>\n\n\n\n<h2 class=\"wp-block-heading\">Bairros<\/h2>\n\n\n\n<ul class=\"wp-block-list\">\n<li>Brades Estate \u00e9 a capital de facto de Montserrat desde 1998. Cont\u00e9m um banco, v\u00e1rias pequenas lojas, um correio, reparti\u00e7\u00f5es governamentais, uma farm\u00e1cia e uma biblioteca.<\/li>\n\n\n\n<li>Davy Hill fica perto de Brades Estate. O assentamento de S\u00e3o Jo\u00e3o fica a pouco mais de um quil\u00f4metro a sudeste.<\/li>\n\n\n\n<li>Little Bay \u00e9 uma cidade portu\u00e1ria que est\u00e1 sendo constru\u00edda como a futura capital de Montserrat. Fica ao lado da Fazenda Brades.<\/li>\n<\/ul>\n\n\n\n<h2 class=\"wp-block-heading\">Principais ind\u00fastrias<\/h2>\n\n\n\n<p>Montserrat\u2019s primary <a href=\"https:\/\/www.sisinternational.com\/pt\/solucoes\/pesquisa-de-mercado-de-ia-e-consultoria-estrategica\/adocao-de-ia-viagens-hospitalidade-turismo-consultoria-da-industria\/\" title=\"Ado\u00e7\u00e3o de IA em consultoria da ind\u00fastria de viagens, hotelaria e turismo\"  data-wpil-monitor-id=\"8950\">industries are tourism<\/a>, textiles, and rum. Most of the exports consist of electronic parts sold to the United States. Other exports include plastic bags, limes, hot peppers, live plants, and cattle. The economy is small and open, and centered on tourism and construction. Tourism is the most important sector and accounts for about one-fifth of the GDP. Agriculture is also a key industry in Montserrat.<\/p>\n\n\n\n<h2 class=\"wp-block-heading\">Tend\u00eancias<\/h2>\n\n\n\n<p>A ilha ainda est\u00e1 superando as erup\u00e7\u00f5es do vulc\u00e3o Soufriere Hills em 1997. A popula\u00e7\u00e3o caiu de 13.000 em 1994 para cerca de 5.000 hoje. O Governo Brit\u00e2nico fornece a maior parte do or\u00e7amento operacional da ilha, que compreende cerca de <strong>25 milh\u00f5es de libras esterlinas por ano<\/strong>. Ele garante outras receitas provenientes de licen\u00e7as, taxas e impostos sobre a propriedade. Tamb\u00e9m obt\u00e9m receitas provenientes dos direitos aduaneiros cobrados sobre mercadorias importadas.<\/p>\n\n\n\n<h2 class=\"wp-block-heading\">Benef\u00edcios e pontos fortes no mercado de Montserrat<\/h2>\n\n\n\n<p>This benefit may seem like a paradox. The very volcano that destroyed two-thirds of Montserrat has become a benefit. Not only does the island have a volcano, but that volcano is alive. Many people who saw the eruptions are there to <a href=\"https:\/\/www.sisinternational.com\/pt\/solucoes\/solucoes-de-branding-e-pesquisa-de-clientes\/pesquisa-de-mercado-para-contar-historias\/\" title=\"Pesquisa de mercado para contar hist\u00f3rias\"  data-wpil-monitor-id=\"8943\">tell their stories<\/a>. It\u2019s great stuff for tourism. The island\u2019s strategic location is another benefit. <a href=\"https:\/\/www.sisinternational.com\/pt\/expandindo-o-alcance-do-mercado-por-meio-de-uma-estrategia-de-marketing-multifacetada\/\" title=\"Expandindo o alcance do mercado por meio de uma estrat\u00e9gia de marketing multifacetada\"  data-wpil-monitor-id=\"8946\">Marketing efforts can reach<\/a> English-speaking visitors in Antigua. They can also get to Dutch-speaking ones in Sint Maarten and French through Guadeloupe.<\/p>\n\n\n\n<h2 class=\"wp-block-heading\">Base de Consumidores<\/h2>\n\n\n\n<p>Os dados mostram que metade da popula\u00e7\u00e3o de Montserrat \u00e9 do sexo feminino e a outra metade do sexo masculino. Menos de dez por cento dos residentes da ilha vivem em centros urbanos. O restante vive em \u00e1reas rurais. Quanto aos dados online, Montserrat tem cerca de 3.000 usu\u00e1rios de redes sociais. Este n\u00famero representa cerca de 63 por cento da popula\u00e7\u00e3o. O alcance dos an\u00fancios no Facebook \u00e9, portanto, muito bom. Apenas cerca de um ter\u00e7o da popula\u00e7\u00e3o de Montserrat usa o Instagram. Em contraste, o LinkedIn tem uma base de usu\u00e1rios de dois ter\u00e7os da popula\u00e7\u00e3o.<\/p>\n\n\n\n<h2 class=\"wp-block-heading\">Raz\u00f5es para expandir seus neg\u00f3cios no mercado de Montserrat<\/h2>\n\n\n\n<p>The island continues to make headway since the volcanic eruptions. It has special trade agreements with Canada, the United States, and other Caribbean islands. Thus, there are potential <a href=\"https:\/\/www.sisinternational.com\/pt\/publicacoes\/pesquisa-de-mercado-de-negocios-escalaveis-7-maneiras-de-construir-um-negocio-escalavel\/\" title=\"Pesquisa de mercado de neg\u00f3cios escal\u00e1veis: 7 maneiras de construir um neg\u00f3cio escal\u00e1vel\"  data-wpil-monitor-id=\"8948\">markets for any business<\/a> willing to take a chance. Also, Montserrat is a British overseas territory, so it has open-door access to the EU. Another plus is that the government embraces ex-pat investments. It has made it easy to buy domestic and business properties.<\/p>\n\n\n\n<h2 class=\"wp-block-heading\">Sobre pesquisa de mercado em Montserrat<\/h2>\n\n\n\n<p><a href=\"https:\/\/www.sisinternational.com\/pt\/sis-application-of-quantitative-data-analytics-to-sensory-testing\/\" title=\"SIS Application of Quantitative Data Analytics to Sensory Testing\"  data-wpil-monitor-id=\"8941\">SIS International offers Qualitative and Quantitative data<\/a>. This data is a boon for companies wishing to invest in Montserrat. Our UX and <a href=\"https:\/\/www.sisinternational.com\/pt\/solucoes\/consultoria-em-hotelaria-e-turismo-em-viagens\/consultoria-em-estrategia-de-pesquisa-de-mercado-para-empresa-de-gestao-hoteleira\/\" title=\"Pesquisa de mercado e consultoria estrat\u00e9gica para empresas de gest\u00e3o hoteleira\"  data-wpil-monitor-id=\"8938\">Strategy Market Research will give your company<\/a> insights that will help it to get, keep, and grow customer relations. Together we can develop a Go-To-Market Strategy. You can bypass the maze of marketing lingo and buzzwords and go straight to making profits. <a href=\"https:\/\/www.sisinternational.com\/pt\/pericia\/curriculos-de-experiencia\/curriculo-de-experiencia-na-industria-automotiva\/\" title=\"Empresa de pesquisa de mercado da ind\u00fastria automotiva\"  data-wpil-monitor-id=\"8939\">Market Research helps companies<\/a> develop through proper planning and organization. It also allows them to control their <a href=\"https:\/\/www.sisinternational.com\/pt\/pericia\/industrias\/pesquisa-de-mercado-de-recursos-naturais\/\" title=\"Pesquisa de mercado de recursos naturais\"  data-wpil-monitor-id=\"8944\">resources to meet market<\/a> needs.<\/p>\n\n\n\n<p><\/p>","protected":false},"excerpt":{"rendered":"<p>SIS International oferece dados qualitativos e quantitativos. Estes dados s\u00e3o uma b\u00ean\u00e7\u00e3o para as empresas que desejam investir em Montserrat.<\/p>","protected":false},"author":1,"featured_media":66260,"parent":33287,"menu_order":8,"comment_status":"closed","ping_status":"closed","template":"","meta":{"footnotes":""},"class_list":["post-41080","page","type-page","status-publish","has-post-thumbnail"],"_links":{"self":[{"href":"https:\/\/www.sisinternational.com\/pt\/wp-json\/wp\/v2\/pages\/41080","targetHints":{"allow":["GET"]}}],"collection":[{"href":"https:\/\/www.sisinternational.com\/pt\/wp-json\/wp\/v2\/pages"}],"about":[{"href":"https:\/\/www.sisinternational.com\/pt\/wp-json\/wp\/v2\/types\/page"}],"author":[{"embeddable":true,"href":"https:\/\/www.sisinternational.com\/pt\/wp-json\/wp\/v2\/users\/1"}],"replies":[{"embeddable":true,"href":"https:\/\/www.sisinternational.com\/pt\/wp-json\/wp\/v2\/comments?post=41080"}],"version-history":[{"count":4,"href":"https:\/\/www.sisinternational.com\/pt\/wp-json\/wp\/v2\/pages\/41080\/revisions"}],"predecessor-version":[{"id":81499,"href":"https:\/\/www.sisinternational.com\/pt\/wp-json\/wp\/v2\/pages\/41080\/revisions\/81499"}],"up":[{"embeddable":true,"href":"https:\/\/www.sisinternational.com\/pt\/wp-json\/wp\/v2\/pages\/33287"}],"wp:featuredmedia":[{"embeddable":true,"href":"https:\/\/www.sisinternational.com\/pt\/wp-json\/wp\/v2\/media\/66260"}],"wp:attachment":[{"href":"https:\/\/www.sisinternational.com\/pt\/wp-json\/wp\/v2\/media?parent=41080"}],"curies":[{"name":"wp","href":"https:\/\/api.w.org\/{rel}","templated":true}]}}