{"id":41076,"date":"2022-12-13T04:33:21","date_gmt":"2022-12-13T04:33:21","guid":{"rendered":"https:\/\/www.sisinternational.com\/?page_id=41076"},"modified":"2026-01-24T21:30:40","modified_gmt":"2026-01-25T02:30:40","slug":"pesquisa-de-mercado-martinica","status":"publish","type":"page","link":"https:\/\/www.sisinternational.com\/pt\/cobertura\/pesquisa-de-mercado-no-caribe\/pesquisa-de-mercado-martinica\/","title":{"rendered":"Pesquisa de mercado na Martinica"},"content":{"rendered":"<h1 class=\"wp-block-heading\">Pesquisa de mercado na Martinica<\/h1>\n\n\n\n<figure class=\"gb-block-image gb-block-image-d5dd84ef\"><img loading=\"lazy\" decoding=\"async\" width=\"1456\" height=\"816\" class=\"gb-image gb-image-d5dd84ef\" src=\"https:\/\/www.sisinternational.com\/wp-content\/uploads\/2025\/09\/Martinique-1.jpg\" alt=\"Pesquisa e Estrat\u00e9gia de Mercado Internacional da SIS\" title=\"Martinique (1)\" srcset=\"https:\/\/www.sisinternational.com\/wp-content\/uploads\/2025\/09\/Martinique-1.jpg 1456w, https:\/\/www.sisinternational.com\/wp-content\/uploads\/2025\/09\/Martinique-1-300x168.jpg 300w, https:\/\/www.sisinternational.com\/wp-content\/uploads\/2025\/09\/Martinique-1-1024x574.jpg 1024w, https:\/\/www.sisinternational.com\/wp-content\/uploads\/2025\/09\/Martinique-1-768x430.jpg 768w, https:\/\/www.sisinternational.com\/wp-content\/uploads\/2025\/09\/Martinique-1-18x10.jpg 18w\" sizes=\"auto, (max-width: 1456px) 100vw, 1456px\"><\/figure>\n\n\n\n<hr class=\"wp-block-separator has-alpha-channel-opacity is-style-dots\"\/>\n\n\n\n<p>A Martinica, localizada no Caribe Oriental, \u00e9 um departamento ultramarino da Fran\u00e7a. Tem uma \u00e1rea de 436 milhas quadradas e abriga 365.000 pessoas. Situa-se a noroeste de Barbados, ao norte de Santa L\u00facia e ao sul de Dominica. O franc\u00eas \u00e9 a l\u00edngua principal, mas a maioria das pessoas tamb\u00e9m fala o crioulo martinicano. Al\u00e9m disso, o povo \u00e9 cidad\u00e3o franc\u00eas com plenos direitos legais e pol\u00edticos. A moeda em uso \u00e9 o Euro.<\/p>\n\n\n\n<h2 class=\"wp-block-heading\">Principais ind\u00fastrias<\/h2>\n\n\n\n<p>A Martinica tem v\u00e1rias ind\u00fastrias importantes. Por exemplo, os martinicanos dedicam-se ao turismo, \u00e0 pesca, ao agroneg\u00f3cio e \u00e0 refina\u00e7\u00e3o de petr\u00f3leo. O turismo registou um crescimento muito elevado nas \u00faltimas d\u00e9cadas, duplicando o n\u00famero de visitantes.<\/p>\n\n\n\n<p>A cana-de-a\u00e7\u00facar e a banana s\u00e3o as principais exporta\u00e7\u00f5es da Martinica. Na verdade, as terras cultivadas ocupam cerca de um ter\u00e7o do espa\u00e7o terrestre da ilha e este sector emprega um sexto da popula\u00e7\u00e3o.<\/p>\n\n\n\n<h2 class=\"wp-block-heading\">Bairros<\/h2>\n\n\n\n<p><strong>Forte de Fran\u00e7a<\/strong>: A capital da Martinica tem muito a oferecer. Voc\u00ea encontrar\u00e1 muito o que fazer aqui, seja observar golfinhos, passeios gastron\u00f4micos ou absorver a arte local.<\/p>\n\n\n\n<p><strong>Santa Ana<\/strong>: This town has budget-friendly places to stay as well as many free activities. Sainte Anne is perfect for the low-budget traveler. In fact, it\u2019s a great place to invest. For example, one can open bistros, bed &amp; breakfasts, and similar <a href=\"https:\/\/www.sisinternational.com\/pt\/publicacoes\/pesquisa-de-mercado-de-negocios-escalaveis-7-maneiras-de-construir-um-negocio-escalavel\/\" title=\"Pesquisa de mercado de neg\u00f3cios escal\u00e1veis: 7 maneiras de construir um neg\u00f3cio escal\u00e1vel\"  data-wpil-monitor-id=\"9868\">businesses to serve this market<\/a>.<\/p>\n\n\n\n<p><strong>Sainte-Luce<\/strong>: Esta cidade \u00e9 uma del\u00edcia para quem gosta de gastronomia. Possui excelentes restaurantes e bares em cada esquina.<\/p>\n\n\n\n<h2 class=\"wp-block-heading\">Tend\u00eancias<\/h2>\n\n\n\n<p>A Martinica depende do mundo exterior para a maioria dos seus produtos. As importa\u00e7\u00f5es da ilha s\u00e3o pelo menos oito vezes superiores \u00e0s suas exporta\u00e7\u00f5es! Pelo menos a exporta\u00e7\u00e3o de muitos produtos aumentou nos \u00faltimos anos. Os principais fornecedores da ilha s\u00e3o a Fran\u00e7a, a UE, a \u00c1sia e a Am\u00e9rica do Norte. A maior parte das importa\u00e7\u00f5es provenientes de Fran\u00e7a s\u00e3o bens de consumo n\u00e3o duradouros; destes, mais de metade s\u00e3o produtos agroalimentares. Quase um quarto s\u00e3o produtos farmac\u00eauticos.<\/p>\n\n\n\n<h2 class=\"wp-block-heading\">Benef\u00edcios e pontos fortes no mercado<\/h2>\n\n\n\n<p>A ilha possui uma rede rodovi\u00e1ria extensa e bem conservada, al\u00e9m de rodovias ao redor de Fort-de-France. Da mesma forma, o \u00fanico aeroporto serve voos de e para os Estados Unidos, Canad\u00e1, Europa, Venezuela e o resto do Caribe. O principal porto de Fort-de-France \u00e9 o s\u00e9timo maior porto franc\u00eas (medido em tr\u00e1fego de contentores). A ilha tamb\u00e9m oferece servi\u00e7o regular de balsa para Santa L\u00facia, Dominica e Guadalupe.<\/p>\n\n\n\n<h2 class=\"wp-block-heading\">Base de Consumidores<\/h2>\n\n\n\n<p>Quase 90% dos martinicanos vivem em centros urbanos. O resto da popula\u00e7\u00e3o vive em \u00e1reas rurais. Existe um desequil\u00edbrio de g\u00e9nero, com mais mulheres do que homens. Dois ter\u00e7os das pessoas utilizam a Internet regularmente, um aumento constante nos \u00faltimos anos. Menos da metade de todos os martinicanos est\u00e3o no Facebook. O alcance dos an\u00fancios dessa plataforma equivale a cerca de 40% da popula\u00e7\u00e3o total.<\/p>\n\n\n\n<p>A popula\u00e7\u00e3o da Martinica \u00e9 uma das mais densas do Caribe. No entanto, a ilha est\u00e1 entre os menores territ\u00f3rios ultramarinos franceses.<\/p>\n\n\n\n<h2 class=\"wp-block-heading\">Raz\u00f5es para expandir seus neg\u00f3cios na Martinica<\/h2>\n\n\n\n<p>A Martinica acolhe bem o investimento estrangeiro. Tem um clima de neg\u00f3cios s\u00f3lido que atrai investimentos de todo o mundo. Embora o seu processo seja complexo, a Fran\u00e7a acolhe favoravelmente o investimento dos EUA. Na verdade, os Estados Unidos s\u00e3o a maior fonte de investimento estrangeiro direto da Fran\u00e7a. Existem oportunidades no turismo, finan\u00e7as, com\u00e9rcio e repara\u00e7\u00f5es, TIC, constru\u00e7\u00e3o e imobili\u00e1rio.<\/p>\n\n\n\n<p>Outro motivo para investir \u00e9 o clima, que \u00e9 constante e perfeito para o turismo. A temperatura m\u00e9dia oscila em torno de 79\u00b0F, com m\u00ednimas m\u00e9dias de 68\u00b0F \u2013 72\u00b0F e m\u00e1ximas m\u00e9dias de 86-90\u00b0. Os extremos de temperatura s\u00e3o 59\u00b0F e 93\u00b0F. A esta\u00e7\u00e3o chuvosa vai de julho a dezembro, e a esta\u00e7\u00e3o seca vai de dezembro a junho.<\/p>\n\n\n\n<h2 class=\"wp-block-heading\">Sobre pesquisa de mercado na Martinica<\/h2>\n\n\n\n<p><a href=\"https:\/\/www.sisinternational.com\/pt\/solucoes\/solucoes-de-branding-e-pesquisa-de-clientes\/pesquisa-de-mercado-para-testes-de-produtos\/sis-internationals-teste-de-sabor-de-comida\/\" title=\"O que torna a SIS International Research a TOP empresa de pesquisa de mercado para testes de sabor de alimentos na cidade de Nova York\"  data-wpil-monitor-id=\"9867\">SIS International offers research<\/a> services for the island of Martinique. These services include:<\/p>\n\n\n\n<ul class=\"wp-block-list\">\n<li>Pesquisa qualitativa de mercado<\/li>\n\n\n\n<li>Pesquisa Quantitativa de Mercado<\/li>\n\n\n\n<li>Pesquisa de mercado de experi\u00eancia do usu\u00e1rio<\/li>\n\n\n\n<li>Estrat\u00e9gia de Pesquisa de Mercado<\/li>\n\n\n\n<li>Analise competitiva<\/li>\n\n\n\n<li><a href=\"https:\/\/www.sisinternational.com\/pt\/pericia\/industrias\/pesquisa-de-mercado-halal\/\" title=\"Pesquisa de mercado Halal\"  data-wpil-monitor-id=\"3524\">Pesquisa de entrada no mercado<\/a><\/li>\n\n\n\n<li><a href=\"https:\/\/www.sisinternational.com\/pt\/cobertura\/as-americas\/pesquisa-de-mercado-no-caribe\/pesquisa-de-mercado-bahamas\/\" title=\"Pesquisa de mercado nas Bahamas\"  data-wpil-monitor-id=\"3532\">Pesquisa de dimensionamento de mercado<\/a><\/li>\n\n\n\n<li>Estrat\u00e9gia de entrada no mercado<\/li>\n\n\n\n<li>Grupos de foco<\/li>\n\n\n\n<li>pesquisas<\/li>\n\n\n\n<li>Entrevistas<\/li>\n<\/ul>\n\n\n\n<p><\/p>","protected":false},"excerpt":{"rendered":"<p>A SIS International oferece servi\u00e7os de pesquisa para a ilha da Martinica. Esses servi\u00e7os incluem: Pesquisa Qualitativa, Pesquisa Quantitativa<\/p>","protected":false},"author":1,"featured_media":66136,"parent":33287,"menu_order":7,"comment_status":"closed","ping_status":"closed","template":"","meta":{"footnotes":""},"class_list":["post-41076","page","type-page","status-publish","has-post-thumbnail"],"_links":{"self":[{"href":"https:\/\/www.sisinternational.com\/pt\/wp-json\/wp\/v2\/pages\/41076","targetHints":{"allow":["GET"]}}],"collection":[{"href":"https:\/\/www.sisinternational.com\/pt\/wp-json\/wp\/v2\/pages"}],"about":[{"href":"https:\/\/www.sisinternational.com\/pt\/wp-json\/wp\/v2\/types\/page"}],"author":[{"embeddable":true,"href":"https:\/\/www.sisinternational.com\/pt\/wp-json\/wp\/v2\/users\/1"}],"replies":[{"embeddable":true,"href":"https:\/\/www.sisinternational.com\/pt\/wp-json\/wp\/v2\/comments?post=41076"}],"version-history":[{"count":6,"href":"https:\/\/www.sisinternational.com\/pt\/wp-json\/wp\/v2\/pages\/41076\/revisions"}],"predecessor-version":[{"id":81638,"href":"https:\/\/www.sisinternational.com\/pt\/wp-json\/wp\/v2\/pages\/41076\/revisions\/81638"}],"up":[{"embeddable":true,"href":"https:\/\/www.sisinternational.com\/pt\/wp-json\/wp\/v2\/pages\/33287"}],"wp:featuredmedia":[{"embeddable":true,"href":"https:\/\/www.sisinternational.com\/pt\/wp-json\/wp\/v2\/media\/66136"}],"wp:attachment":[{"href":"https:\/\/www.sisinternational.com\/pt\/wp-json\/wp\/v2\/media?parent=41076"}],"curies":[{"name":"wp","href":"https:\/\/api.w.org\/{rel}","templated":true}]}}