{"id":41074,"date":"2022-12-13T04:20:27","date_gmt":"2022-12-13T04:20:27","guid":{"rendered":"https:\/\/www.sisinternational.com\/?page_id=41074"},"modified":"2026-01-24T21:30:41","modified_gmt":"2026-01-25T02:30:41","slug":"pesquisa-de-mercado-guadalupe","status":"publish","type":"page","link":"https:\/\/www.sisinternational.com\/pt\/cobertura\/pesquisa-de-mercado-no-caribe\/pesquisa-de-mercado-guadalupe\/","title":{"rendered":"Pesquisa de mercado em Guadalupe"},"content":{"rendered":"<h1 class=\"wp-block-heading\">Pesquisa de mercado em Guadalupe<\/h1>\n\n\n\n<figure class=\"gb-block-image gb-block-image-880192f7\"><img loading=\"lazy\" decoding=\"async\" width=\"1456\" height=\"816\" class=\"gb-image gb-image-880192f7\" src=\"https:\/\/www.sisinternational.com\/wp-content\/uploads\/2025\/09\/Guadeloupe-3.jpg\" alt=\"Pesquisa e Estrat\u00e9gia de Mercado Internacional da SIS\" title=\"Guadeloupe (3)\" srcset=\"https:\/\/www.sisinternational.com\/wp-content\/uploads\/2025\/09\/Guadeloupe-3.jpg 1456w, https:\/\/www.sisinternational.com\/wp-content\/uploads\/2025\/09\/Guadeloupe-3-300x168.jpg 300w, https:\/\/www.sisinternational.com\/wp-content\/uploads\/2025\/09\/Guadeloupe-3-1024x574.jpg 1024w, https:\/\/www.sisinternational.com\/wp-content\/uploads\/2025\/09\/Guadeloupe-3-768x430.jpg 768w, https:\/\/www.sisinternational.com\/wp-content\/uploads\/2025\/09\/Guadeloupe-3-18x10.jpg 18w\" sizes=\"auto, (max-width: 1456px) 100vw, 1456px\"><\/figure>\n\n\n\n<hr class=\"wp-block-separator has-alpha-channel-opacity is-style-dots\"\/>\n\n\n\n<p>Guadalupe \u00e9 um aglomerado de ilhas nas \u00cdndias Ocidentais Francesas. \u00c9 um departamento ultramarino da Fran\u00e7a. Outro ponto fundamental \u00e9 que a regi\u00e3o principal de Guadalupe \u00e9 composta por duas ilhas. Grand-Terre fica a leste e Basse-Terre fica mais a oeste. Um estreito canal mar\u00edtimo, o Riviere Salee, flui entre os dois. La Desirade, outra ilha do aglomerado, fica a leste, Marie Galante a sudeste e Saintes ao sul.<\/p>\n\n\n\n<h2 class=\"wp-block-heading\">Principais ind\u00fastrias<\/h2>\n\n\n\n<p>Tourism, agriculture, light industry, and <a href=\"https:\/\/www.sisinternational.com\/pt\/solucoes\/pesquisa-de-consultoria-em-estrategia-fintech\/consultoria-em-sourcing-de-servicos-financeiros-2\/\" title=\"Consultoria em terceiriza\u00e7\u00e3o de servi\u00e7os financeiros\"  data-wpil-monitor-id=\"8273\">services are the main sources<\/a> of the islands\u2019 wealth. The islands also depend on France for imports and large grants. They import fuel and most mass produced goods.<\/p>\n\n\n\n<h3 class=\"wp-block-heading\">Turismo<\/h3>\n\n\n\n<p>Many cruise ships visit each year, and <a href=\"https:\/\/www.sisinternational.com\/pt\/solucoes\/pesquisa-de-mercado-de-ia-e-consultoria-estrategica\/adocao-de-ia-viagens-hospitalidade-turismo-consultoria-da-industria\/\" title=\"Ado\u00e7\u00e3o de IA em consultoria da ind\u00fastria de viagens, hotelaria e turismo\"  data-wpil-monitor-id=\"8271\">tourism has become the main industry<\/a>.<\/p>\n\n\n\n<h3 class=\"wp-block-heading\">Agricultura<\/h3>\n\n\n\n<p>Outras culturas, como berinjela, banana e flores, est\u00e3o substituindo a cana-de-a\u00e7\u00facar padr\u00e3o. As pessoas tamb\u00e9m cultivam tub\u00e9rculos e outros vegetais.<\/p>\n\n\n\n<h3 class=\"wp-block-heading\">Ind\u00fastria Leve<\/h3>\n\n\n\n<p>A produ\u00e7\u00e3o de a\u00e7\u00facar e rum constitui a maior parte da ind\u00fastria leve das ilhas.<\/p>\n\n\n\n<h2 class=\"wp-block-heading\">Bairros<\/h2>\n\n\n\n<p>As melhores cidades destas ilhas s\u00e3o Baie-Mahault, Les Abymes e Petit-Bourg. Le Gosier \u00e9 a cidade animada perfeita para uma estadia em Grande-Terre. A sua localiza\u00e7\u00e3o central \u00e9 a sua principal vantagem. Le Gosier tamb\u00e9m tem praias, lojas e vida noturna.<\/p>\n\n\n\n<p>Bouillante \u00e9 um dos melhores lugares para ficar em Basseterre. \u00c9 perfeito se voc\u00ea gosta de mergulho, snorkeling ou relaxar nas fontes termais. Saint Fran\u00e7ois, na ilha de Grande-Terre, \u00e9 uma escolha popular entre as fam\u00edlias. Possui v\u00e1rios locais hist\u00f3ricos e uma das melhores praias de Guadalupe: Raisins Clairs Beach.<\/p>\n\n\n\n<h2 class=\"wp-block-heading\">Tend\u00eancias<\/h2>\n\n\n\n<p>As ilhas s\u00e3o modernas e t\u00eam registado um crescimento constante desde a d\u00e9cada de 1990. Um setor privado e principalmente terci\u00e1rio substituiu alguns dos setores padr\u00e3o. Este novo sector representa pelo menos cinco sextos da riqueza das ilhas. Voc\u00ea tamb\u00e9m encontrar\u00e1 muitas microempresas, que representam um ter\u00e7o dos empregos nas ilhas. Na verdade, os relat\u00f3rios mostram que Guadalupe \u00e9 o principal departamento franc\u00eas para a cria\u00e7\u00e3o de empresas. A m\u00e9dia \u00e9 de 5.000 novas empresas por ano.<\/p>\n\n\n\n<h2 class=\"wp-block-heading\">Benef\u00edcios e pontos fortes no mercado<\/h2>\n\n\n\n<p>A principal for\u00e7a das ilhas reside nos sectores emergentes. Estes sectores incluem a economia prateada, os servi\u00e7os pessoais, bem como as ind\u00fastrias criativas e culturais. A \u00e1gua, o saneamento e o tratamento de res\u00edduos tamb\u00e9m se enquadram nos sectores emergentes.<br>The Jarry area is now a \u201cTerritoire d\u2019industrie.\u201d This move will strengthen the islands\u2019 appeal to investors. Other ambitious projects are underway, such as setting up a technopole. This technopole will bring together state-of-the-art <a href=\"https:\/\/www.sisinternational.com\/pt\/solucoes\/pesquisa-de-consultoria-em-estrategia-fintech\/pesquisa-de-mercado-da-industria-de-servicos-financeiros\/\" title=\"Pesquisa de mercado da ind\u00fastria de servi\u00e7os financeiros\"  data-wpil-monitor-id=\"8270\">industries and services<\/a>. It will also improve <a href=\"https:\/\/www.sisinternational.com\/pt\/pericia\/industrias\/dados-de-treinamento-pesquisa-de-mercado\/\" title=\"Pesquisa de mercado de dados de treinamento\"  data-wpil-monitor-id=\"8274\">research capacity and make state-of-the-art training<\/a> possible.<\/p>\n\n\n\n<h2 class=\"wp-block-heading\">Base de Consumidores<\/h2>\n\n\n\n<p>As ilhas abrigam cerca de 400.000 pessoas, com um pouco mais de mulheres. Apenas cerca de 1,5 por cento da popula\u00e7\u00e3o vive em zonas rurais; o restante habita centros urbanos.<\/p>\n\n\n\n<p>Dados recentes mostram que cerca de dois ter\u00e7os das pessoas s\u00e3o utilizadores da Internet, a maioria dos quais nas redes sociais. Os an\u00fancios do Facebook alcan\u00e7am quase metade das pessoas. O alcance dos an\u00fancios do Instagram \u00e9 quase igual ao do Facebook. O LinkedIn tem cerca de um ter\u00e7o das pessoas e o Twitter um sexto.<\/p>\n\n\n\n<h2 class=\"wp-block-heading\">Raz\u00f5es para expandir seus neg\u00f3cios neste mercado<\/h2>\n\n\n\n<p>O clima de investimento em Fran\u00e7a (e, por extens\u00e3o, em Guadalupe) \u00e9 favor\u00e1vel. Possui um s\u00f3lido quadro jur\u00eddico anticorrup\u00e7\u00e3o. Da mesma forma, abrir uma loja \u00e9 f\u00e1cil e acess\u00edvel. O governo franc\u00eas oferece uma s\u00e9rie de incentivos para atrair empresas estrangeiras. Se voc\u00ea registrar uma empresa em Guadalupe, poder\u00e1 obter empr\u00e9stimos a taxas de juros favor\u00e1veis. Essas taxas s\u00e3o em m\u00e9dia de apenas 2,2% ao ano.<\/p>\n\n\n\n<h2 class=\"wp-block-heading\">Sobre pesquisa de mercado em Guadalupe<\/h2>\n\n\n\n<p><a href=\"https:\/\/www.sisinternational.com\/pt\/pascoa-e-o-inevitavel-coelhinho-de-chocolate\/\" title=\"Pesquisa de mercado de P\u00e1scoa\"  data-wpil-monitor-id=\"8265\">Market research is easy with SIS<\/a>. Our high-quality <a href=\"https:\/\/www.sisinternational.com\/pt\/solucoes\/teste-de-sabor\/how-quantitative-sensory-testing-helps-businesses-improve-product-appeal\/\" title=\"Sensory Testing Research\"  data-wpil-monitor-id=\"8266\">research and data testing<\/a> provide insights into how you can make these islands work for you. We are here to help you make crucial decisions. SIS provides <a href=\"https:\/\/www.sisinternational.com\/pt\/how-to-design-effective-surveys-for-quantitative-research\/\" title=\"How to Design Effective Surveys for Quantitative Research\"  data-wpil-monitor-id=\"8268\">Quantitative coupled with Qualitative Research<\/a> on these islands and beyond. We also offer UX, Market Entry, and <a href=\"https:\/\/www.sisinternational.com\/pt\/o-papel-do-desenvolvimento-de-processos-e-sistemas-no-sucesso-organizacional\/\" title=\"Pesquisa de mercado de design organizacional\"  data-wpil-monitor-id=\"8263\">Estrat\u00e9gia de Pesquisa de Mercado<\/a>.<br>We do Competitive Analysis, <a href=\"https:\/\/www.sisinternational.com\/pt\/pericia\/industrias\/pesquisa-de-mercado-halal\/\" title=\"Pesquisa de mercado Halal\"  data-wpil-monitor-id=\"3526\">Pesquisa de oportunidades de mercado<\/a>, and Market Sizing Research. You can also count on us for data to inform your Go-to-Market Strategy. We use Focus Groups, Surveys, and Interviews to gather data to help you decide to invest.<\/p>\n\n\n\n<p><\/p>","protected":false},"excerpt":{"rendered":"<p>A pesquisa de mercado \u00e9 f\u00e1cil com o SIS. Nossas pesquisas e testes de dados de alta qualidade fornecem insights sobre como voc\u00ea pode fazer com que essas ilhas funcionem para voc\u00ea.<\/p>","protected":false},"author":1,"featured_media":66125,"parent":33287,"menu_order":6,"comment_status":"closed","ping_status":"closed","template":"","meta":{"footnotes":""},"class_list":["post-41074","page","type-page","status-publish","has-post-thumbnail"],"_links":{"self":[{"href":"https:\/\/www.sisinternational.com\/pt\/wp-json\/wp\/v2\/pages\/41074","targetHints":{"allow":["GET"]}}],"collection":[{"href":"https:\/\/www.sisinternational.com\/pt\/wp-json\/wp\/v2\/pages"}],"about":[{"href":"https:\/\/www.sisinternational.com\/pt\/wp-json\/wp\/v2\/types\/page"}],"author":[{"embeddable":true,"href":"https:\/\/www.sisinternational.com\/pt\/wp-json\/wp\/v2\/users\/1"}],"replies":[{"embeddable":true,"href":"https:\/\/www.sisinternational.com\/pt\/wp-json\/wp\/v2\/comments?post=41074"}],"version-history":[{"count":6,"href":"https:\/\/www.sisinternational.com\/pt\/wp-json\/wp\/v2\/pages\/41074\/revisions"}],"predecessor-version":[{"id":81389,"href":"https:\/\/www.sisinternational.com\/pt\/wp-json\/wp\/v2\/pages\/41074\/revisions\/81389"}],"up":[{"embeddable":true,"href":"https:\/\/www.sisinternational.com\/pt\/wp-json\/wp\/v2\/pages\/33287"}],"wp:featuredmedia":[{"embeddable":true,"href":"https:\/\/www.sisinternational.com\/pt\/wp-json\/wp\/v2\/media\/66125"}],"wp:attachment":[{"href":"https:\/\/www.sisinternational.com\/pt\/wp-json\/wp\/v2\/media?parent=41074"}],"curies":[{"name":"wp","href":"https:\/\/api.w.org\/{rel}","templated":true}]}}