{"id":41072,"date":"2022-12-13T04:15:26","date_gmt":"2022-12-13T04:15:26","guid":{"rendered":"https:\/\/www.sisinternational.com\/?page_id=41072"},"modified":"2026-01-26T16:47:54","modified_gmt":"2026-01-26T21:47:54","slug":"pesquisa-de-mercado-granada","status":"publish","type":"page","link":"https:\/\/www.sisinternational.com\/pt\/cobertura\/pesquisa-de-mercado-no-caribe\/pesquisa-de-mercado-granada\/","title":{"rendered":"Pesquisa de mercado em Granada"},"content":{"rendered":"<h1 class=\"wp-block-heading\">Pesquisa de mercado em Granada<\/h1>\n\n\n\n<figure class=\"gb-block-image gb-block-image-abccce6c\"><img loading=\"lazy\" decoding=\"async\" width=\"1456\" height=\"816\" class=\"gb-image gb-image-abccce6c\" src=\"https:\/\/www.sisinternational.com\/wp-content\/uploads\/2025\/09\/Grenada-3.jpg\" alt=\"Pesquisa e Estrat\u00e9gia de Mercado Internacional da SIS\" title=\"Grenada (3)\" srcset=\"https:\/\/www.sisinternational.com\/wp-content\/uploads\/2025\/09\/Grenada-3.jpg 1456w, https:\/\/www.sisinternational.com\/wp-content\/uploads\/2025\/09\/Grenada-3-300x168.jpg 300w, https:\/\/www.sisinternational.com\/wp-content\/uploads\/2025\/09\/Grenada-3-1024x574.jpg 1024w, https:\/\/www.sisinternational.com\/wp-content\/uploads\/2025\/09\/Grenada-3-768x430.jpg 768w, https:\/\/www.sisinternational.com\/wp-content\/uploads\/2025\/09\/Grenada-3-18x10.jpg 18w\" sizes=\"auto, (max-width: 1456px) 100vw, 1456px\"><\/figure>\n\n\n\n<hr class=\"wp-block-separator has-alpha-channel-opacity is-style-dots\"\/>\n\n\n\n<p>Granada \u00e9 uma na\u00e7\u00e3o insular no extremo sul da cadeia caribenha. Consiste em tr\u00eas ilhas habitadas: Granada (continente), Carriacou e Petit Martinique.<\/p>\n\n\n\n<p>Several islets are also part of the state of Grenada. These include Calivigny Island, White Island, and Isle de Ronde. This 133-square-mile country is home to around 115,000 people. It lies north of <a href=\"https:\/\/www.sisinternational.com\/pt\/cobertura\/as-americas\/pesquisa-de-mercado-no-caribe\/pesquisa-de-mercado-trinidad-tobago\/\" title=\"Pesquisa de mercado em Trinidad e Tobago\"  data-wpil-monitor-id=\"6202\">Trinidad &amp; Tobago<\/a>.<\/p>\n\n\n\n<h2 class=\"wp-block-heading\">Principais ind\u00fastrias<\/h2>\n\n\n\n<p>Granada tem uma economia pequena, aberta e baseada no turismo. Suas principais exporta\u00e7\u00f5es s\u00e3o noz-moscada, macis e cacau. Na verdade, \u00e9 o segundo maior exportador de noz-moscada do mundo. Tamb\u00e9m exporta cravo, canela, banana e frutas c\u00edtricas.<\/p>\n\n\n\n<p>Peixes, como o atum albacora, s\u00e3o outro importante produto de exporta\u00e7\u00e3o. Outras exporta\u00e7\u00f5es s\u00e3o em pequena escala. Eles incluem doces, alimentos e bebidas.<\/p>\n\n\n\n<h2 class=\"wp-block-heading\">Bairros<\/h2>\n\n\n\n<p>St. George\u2019s is the capital city of Grenada. You\u2019ll find the main seaport, several bars, restaurants, and shopping malls here. One of the leading local <a href=\"https:\/\/www.sisinternational.com\/pt\/cobertura\/as-americas\/pesquisa-de-mercado-no-caribe\/pesquisa-de-mercado-em-sao-vicente-e-granadinas\/\" title=\"Pesquisa de mercado em S\u00e3o Vicente e Granadinas\"  data-wpil-monitor-id=\"5827\">markets is also in St.<\/a> George\u2019s.<\/p>\n\n\n\n<p>Grand Anse \u00e9 um centro tur\u00edstico com vida noturna, resorts de praia e shopping centers. \u00c9 tamb\u00e9m o lar da mundialmente famosa Praia Grand Anse.<\/p>\n\n\n\n<p>Carriacou \u00e9 uma das ilhas irm\u00e3s de Granada. A ilha \u00e9 o lar de apenas cerca de 8.000 almas. Assim, \u00e9 perfeito para quem procura um lugar tranquilo e tranquilo para fugir.<\/p>\n\n\n\n<h2 class=\"wp-block-heading\">Tend\u00eancias<\/h2>\n\n\n\n<p>A fr\u00e1gil economia baseada no turismo de Granada coloca-a em risco de crises globais. Por exemplo, pandemias e guerras podem causar estragos. Ainda assim, o pa\u00eds apresenta uma tend\u00eancia fiscal ascendente. Continua a crescer apesar do cen\u00e1rio global dif\u00edcil.<\/p>\n\n\n\n<p>Tal como outros pa\u00edses, Granada enfrenta uma infla\u00e7\u00e3o elevada e tem uma taxa de pobreza de cerca de 25 por cento. Tem trabalhado no aumento de suas fontes de renda. At\u00e9 criou um programa de cidadania por investimento para esse fim.<\/p>\n\n\n\n<h2 class=\"wp-block-heading\">Benef\u00edcios e pontos fortes no mercado<\/h2>\n\n\n\n<p>Em Granada, os ganhos de capital, as doa\u00e7\u00f5es, a riqueza e os impostos sobre o rendimento estrangeiro s\u00e3o inexistentes. O pa\u00eds tamb\u00e9m n\u00e3o restringe a repatria\u00e7\u00e3o de lucros e capitais importados.<\/p>\n\n\n\n<p>Outro ponto forte de Granada \u00e9 o seu espa\u00e7o marinho, que \u00e9 70 vezes maior que a sua \u00e1rea terrestre. Este espa\u00e7o tem potencial para desenvolver uma ind\u00fastria pesqueira pr\u00f3spera. Tamb\u00e9m pode apoiar o turismo mar\u00edtimo, petr\u00f3leo e g\u00e1s e muito mais.<\/p>\n\n\n\n<h2 class=\"wp-block-heading\">Base de Consumidores<\/h2>\n\n\n\n<p>Granada n\u00e3o \u00e9 um grande mercado para marcas e comerciantes globais de com\u00e9rcio eletr\u00f4nico. Por que? Porque sua base de consumidores \u00e9 pequena. O pa\u00eds tem apenas uma taxa de penetra\u00e7\u00e3o da Internet de cerca de 63 por cento.<\/p>\n\n\n\n<p>\u00c9 um pa\u00eds de l\u00edngua inglesa e faz parte da Comunidade Brit\u00e2nica. \u00c9 tamb\u00e9m um ponto tur\u00edstico bastante conhecido. Assim, pode fazer parte de uma estrat\u00e9gia regional mais ampla de qualquer marca, pois o caminho de entrada \u00e9 f\u00e1cil. Como a maioria dos pequenos pa\u00edses insulares da regi\u00e3o, os consumidores de Granada preferem usar dinheiro. Poucos consumidores utilizam cart\u00f5es de d\u00e9bito e cr\u00e9dito e op\u00e7\u00f5es de pagamento com carteira digital.<\/p>\n\n\n\n<h2 class=\"wp-block-heading\">Raz\u00f5es para expandir seus neg\u00f3cios no mercado de Granada<\/h2>\n\n\n\n<p>Granada oferece uma excelente qualidade de vida. Os clientes estar\u00e3o mais propensos a comprar seus produtos. T\u00eam rendimento dispon\u00edvel, ao contr\u00e1rio de alguns outros mercados da regi\u00e3o.<\/p>\n\n\n\n<p>O pa\u00eds tamb\u00e9m tem acesso aos mercados globais. Os seus parceiros comerciais incluem o Canad\u00e1, os EUA, o Reino Unido e o resto da Europa. Tamb\u00e9m possui uma grande di\u00e1spora que adota produtos e faz marketing boca a boca.<\/p>\n\n\n\n<p>Granada investiu fortemente nas suas redes telef\u00f3nicas e de Internet e a \u00e1gua limpa e segura est\u00e1 prontamente dispon\u00edvel.<br>O acesso \u00e0 eletricidade tamb\u00e9m n\u00e3o \u00e9 um problema. O envio de mercadorias \u00e9 f\u00e1cil porque Granada possui aeroportos e um porto mar\u00edtimo. O sistema de transporte terrestre tamb\u00e9m \u00e9 s\u00f3lido.<\/p>\n\n\n\n<h2 class=\"wp-block-heading\">Sobre pesquisa de mercado em Granada<\/h2>\n\n\n\n<p>Nosso principal servi\u00e7o de pesquisa de mercado fornece dados quantitativos e qualitativos detalhados. Oferecemos an\u00e1lises sobre investimentos em Granada e utilizamos grupos focais, pesquisas e entrevistas para essa finalidade.<\/p>\n\n\n\n<p>SIS also offers UX and Strategy Market Research and Competitive Analysis. We do <a href=\"https:\/\/www.sisinternational.com\/pt\/pericia\/industrias\/pesquisa-de-mercado-halal\/\" title=\"Pesquisa de mercado Halal\"  data-wpil-monitor-id=\"3528\">Pesquisa de oportunidades de mercado<\/a>. Our services also include <a href=\"https:\/\/www.sisinternational.com\/pt\/cobertura\/as-americas\/pesquisa-de-mercado-no-caribe\/pesquisa-de-mercado-bahamas\/\" title=\"Pesquisa de mercado nas Bahamas\"  data-wpil-monitor-id=\"3533\">Pesquisa de dimensionamento de mercado<\/a> and Go-to-Market Strategy.<\/p>\n\n\n\n<p><\/p>","protected":false},"excerpt":{"rendered":"<p>Granada tem uma economia pequena, aberta e baseada no turismo. Suas principais exporta\u00e7\u00f5es s\u00e3o noz-moscada, macis e cacau. Na verdade, \u00e9 o segundo maior exportador de noz-moscada do mundo.<\/p>","protected":false},"author":1,"featured_media":66399,"parent":33287,"menu_order":5,"comment_status":"closed","ping_status":"closed","template":"","meta":{"footnotes":""},"class_list":["post-41072","page","type-page","status-publish","has-post-thumbnail"],"_links":{"self":[{"href":"https:\/\/www.sisinternational.com\/pt\/wp-json\/wp\/v2\/pages\/41072","targetHints":{"allow":["GET"]}}],"collection":[{"href":"https:\/\/www.sisinternational.com\/pt\/wp-json\/wp\/v2\/pages"}],"about":[{"href":"https:\/\/www.sisinternational.com\/pt\/wp-json\/wp\/v2\/types\/page"}],"author":[{"embeddable":true,"href":"https:\/\/www.sisinternational.com\/pt\/wp-json\/wp\/v2\/users\/1"}],"replies":[{"embeddable":true,"href":"https:\/\/www.sisinternational.com\/pt\/wp-json\/wp\/v2\/comments?post=41072"}],"version-history":[{"count":7,"href":"https:\/\/www.sisinternational.com\/pt\/wp-json\/wp\/v2\/pages\/41072\/revisions"}],"predecessor-version":[{"id":79789,"href":"https:\/\/www.sisinternational.com\/pt\/wp-json\/wp\/v2\/pages\/41072\/revisions\/79789"}],"up":[{"embeddable":true,"href":"https:\/\/www.sisinternational.com\/pt\/wp-json\/wp\/v2\/pages\/33287"}],"wp:featuredmedia":[{"embeddable":true,"href":"https:\/\/www.sisinternational.com\/pt\/wp-json\/wp\/v2\/media\/66399"}],"wp:attachment":[{"href":"https:\/\/www.sisinternational.com\/pt\/wp-json\/wp\/v2\/media?parent=41072"}],"curies":[{"name":"wp","href":"https:\/\/api.w.org\/{rel}","templated":true}]}}