{"id":41070,"date":"2022-12-13T04:03:31","date_gmt":"2022-12-13T04:03:31","guid":{"rendered":"https:\/\/www.sisinternational.com\/?page_id=41070"},"modified":"2026-01-24T21:16:23","modified_gmt":"2026-01-25T02:16:23","slug":"pesquisa-de-mercado-antigua-barbuda","status":"publish","type":"page","link":"https:\/\/www.sisinternational.com\/pt\/cobertura\/pesquisa-de-mercado-no-caribe\/pesquisa-de-mercado-antigua-barbuda\/","title":{"rendered":"Pesquisa de mercado em Ant\u00edgua e Barbuda"},"content":{"rendered":"<h1 class=\"wp-block-heading\">Pesquisa de mercado em Ant\u00edgua e Barbuda<\/h1>\n\n\n\n<figure class=\"gb-block-image gb-block-image-73bbc5a3\"><img loading=\"lazy\" decoding=\"async\" width=\"1456\" height=\"816\" class=\"gb-image gb-image-73bbc5a3\" src=\"https:\/\/www.sisinternational.com\/wp-content\/uploads\/2025\/09\/Antigua-Barbuda-2.jpg\" alt=\"Pesquisa e Estrat\u00e9gia de Mercado Internacional da SIS\" title=\"Antigua &amp; Barbuda (2)\" srcset=\"https:\/\/www.sisinternational.com\/wp-content\/uploads\/2025\/09\/Antigua-Barbuda-2.jpg 1456w, https:\/\/www.sisinternational.com\/wp-content\/uploads\/2025\/09\/Antigua-Barbuda-2-300x168.jpg 300w, https:\/\/www.sisinternational.com\/wp-content\/uploads\/2025\/09\/Antigua-Barbuda-2-1024x574.jpg 1024w, https:\/\/www.sisinternational.com\/wp-content\/uploads\/2025\/09\/Antigua-Barbuda-2-768x430.jpg 768w, https:\/\/www.sisinternational.com\/wp-content\/uploads\/2025\/09\/Antigua-Barbuda-2-18x10.jpg 18w\" sizes=\"auto, (max-width: 1456px) 100vw, 1456px\"><\/figure>\n\n\n\n<hr class=\"wp-block-separator has-alpha-channel-opacity is-style-dots\"\/>\n\n\n\n<p>Ant\u00edgua e Barbuda \u00e9 um pa\u00eds semi\u00e1rido composto por tr\u00eas ilhas no Caribe Oriental. O estado se sai muito bem no turismo. \u00c9 tamb\u00e9m uma meca dos jogos online. Ant\u00edgua e Barbuda ficam a leste-sudeste de Porto Rico. As ilhas tamb\u00e9m est\u00e3o perto de Anguila, S\u00e3o Crist\u00f3v\u00e3o e Nevis e S\u00e3o Bartolomeu.<\/p>\n\n\n\n<h2 class=\"wp-block-heading\">Principais ind\u00fastrias<\/h2>\n\n\n\n<p><a href=\"https:\/\/www.sisinternational.com\/pt\/solucoes\/consultoria-em-hotelaria-e-turismo-em-viagens\/\" title=\"Consultoria em viagens, turismo e hospitalidade\"  data-wpil-monitor-id=\"8369\">Tourism &amp; travel<\/a> is the islands\u2019 mainstay and accounts for more than half of the GDP. Antigua and Barbuda is famous for its many resorts. Rural Antiguans also do a fair amount of animal rearing, fishing, and mining. There\u2019s quite a bit of light manufacturing, and the islands produce refined oil, rum, garments, paints, and furniture.<\/p>\n\n\n\n<h2 class=\"wp-block-heading\">Bairros<\/h2>\n\n\n\n<h3 class=\"wp-block-heading\">S\u00e3o Jo\u00e3o<\/h3>\n\n\n\n<p>St. John&#039;s, a capital e maior cidade, \u00e9 o principal porto e centro comercial do pa\u00eds. A cidade possui v\u00e1rios locais hist\u00f3ricos. O mais famoso \u00e9 o Fort James do s\u00e9culo XVIII, no porto de St. Ru\u00ednas de engenhos de a\u00e7\u00facar e grandes casas est\u00e3o espalhadas por S\u00e3o Jo\u00e3o.<\/p>\n\n\n\n<h3 class=\"wp-block-heading\">Porto Ingl\u00eas e Porto de Falmouth<\/h3>\n\n\n\n<p>O porto ingl\u00eas e o porto de Falmouth ficam pr\u00f3ximos um do outro. Ambos est\u00e3o no extremo sul de Ant\u00edgua e est\u00e3o repletos de atividades em bares, restaurantes e caf\u00e9s \u00e0 beira-mar.<\/p>\n\n\n\n<h3 class=\"wp-block-heading\">Ba\u00eda de Dickenson<\/h3>\n\n\n\n<p>Dickenson Bay \u00e9 outra cidade movimentada e \u00e9 o centro dos esportes aqu\u00e1ticos e da vida noturna. \u00c9 um lugar divertido para residentes e rec\u00e9m-chegados. Pequenos hot\u00e9is e grandes resorts alinham-se na ba\u00eda. O mesmo acontece com restaurantes, bares, caf\u00e9s, barracas de venda autom\u00e1tica e empresas de esportes aqu\u00e1ticos.<\/p>\n\n\n\n<h3 class=\"wp-block-heading\">Porto alegre<\/h3>\n\n\n\n<p>Jolly Harbour \u00e9 o maior porto artificial da regi\u00e3o. \u00c9 perfeito para f\u00e3s de iates, vela e pesca. Esta \u00e1rea oferece restaurantes, bares e o Jolly Harbour Golf Club.<\/p>\n\n\n\n<h2 class=\"wp-block-heading\">Tend\u00eancias<\/h2>\n\n\n\n<p>Ant\u00edgua e Barbuda regista uma tend\u00eancia modesta mas ascendente na sua taxa de crescimento do PIB. O pa\u00eds tem mostrado uma recupera\u00e7\u00e3o constante nas chegadas de visitantes desde a recess\u00e3o no in\u00edcio da d\u00e9cada de 2020. Est\u00e1 agora a olhar para outro sector: a \u201ceconomia azul\u201d. O objetivo \u00e9 que a economia azul impulsione ainda mais o turismo.<\/p>\n\n\n\n<p>No <a href=\"https:\/\/www.sisinternational.com\/pt\/pericia\/industrias\/pesquisa-de-mercado-imobiliario-comercial\/\" title=\"Pesquisa de mercado imobili\u00e1rio comercial\"  data-wpil-monitor-id=\"8368\">real estate market<\/a>, buyer restraint has continued. Thus, there have been fewer sales and buyers take longer to commit.<\/p>\n\n\n\n<h2 class=\"wp-block-heading\">Benef\u00edcios e pontos fortes no mercado<\/h2>\n\n\n\n<ul class=\"wp-block-list\">\n<li>Taxas de impostos baixas para iniciar um neg\u00f3cio<\/li>\n\n\n\n<li>O clima de neg\u00f3cios favor\u00e1vel ao investidor<\/li>\n\n\n\n<li>Um fornecimento constante de energia<\/li>\n\n\n\n<li>Obter seguro \u00e9 f\u00e1cil<\/li>\n<\/ul>\n\n\n\n<h2 class=\"wp-block-heading\">Base de Consumidores<\/h2>\n\n\n\n<p>Cerca de tr\u00eas quartos dos antiguanos e barbudenses residem em \u00e1reas rurais, com os outros 25 por cento permanecendo em centros urbanos de todo o pa\u00eds. A idade m\u00e9dia \u00e9 de 34,5 anos, com apenas dez por cento das pessoas com mais de 65 anos.<br>A penetra\u00e7\u00e3o da Internet em Ant\u00edgua e Barbuda representa cerca de tr\u00eas quartos da popula\u00e7\u00e3o. O n\u00famero de utilizadores de redes sociais \u00e9 um pouco inferior, pouco mais de dois ter\u00e7os. A rede social mais popular em Ant\u00edgua e Barbuda \u00e9 o Facebook.<\/p>\n\n\n\n<h2 class=\"wp-block-heading\">Raz\u00f5es para expandir seus neg\u00f3cios em Ant\u00edgua e Barbuda<\/h2>\n\n\n\n<p>Antigua and Barbuda is one of the richest countries in the Eastern Caribbean. Further, it has plenty of thriving industries that are perfect for new business. The state also boasts well-educated and skilled workers. It has a 98 percent literacy rate. Another reason to do business in Antigua and Barbuda? It has the Small Business Development Act. This Act aims to aid the growth of the country\u2019s small enterprise sector. Thus, it helps small <a href=\"https:\/\/www.sisinternational.com\/pt\/top-5-benefits-of-qualitative-market-research-for-businesses\/\" title=\"Top 5 Benefits of Qualitative Market Research for Businesses\"  data-wpil-monitor-id=\"8370\">business owners with various concessions and benefits<\/a>. It also ensures that they get technical help.<\/p>\n\n\n\n<h2 class=\"wp-block-heading\">Sobre pesquisa de mercado em Ant\u00edgua e Barbuda<\/h2>\n\n\n\n<p>SIS International is a full-service market research agency providing Quantitative and Qualitative Research services. We also do UX, Strategy <a href=\"https:\/\/www.sisinternational.com\/pt\/cobertura\/as-americas\/pesquisa-de-mercado-no-caribe\/pesquisa-de-mercado-em-sao-cristovao-nevis\/\" title=\"Pesquisa de mercado em S\u00e3o Crist\u00f3v\u00e3o e Nevis\"  data-wpil-monitor-id=\"3298\">Pesquisa de mercado<\/a>, Competitive Analysis, Market Entry, Market Sizing, and Market Opportunity Research. Also, we carry out Surveys, Interviews, and Focus Groups for clients worldwide.<\/p>\n\n\n\n<p><\/p>","protected":false},"excerpt":{"rendered":"<p>Ant\u00edgua e Barbuda \u00e9 um dos pa\u00edses mais ricos do Caribe Oriental. Al\u00e9m disso, possui muitos setores pr\u00f3speros que s\u00e3o perfeitos para novos neg\u00f3cios.<\/p>","protected":false},"author":1,"featured_media":66386,"parent":33287,"menu_order":4,"comment_status":"closed","ping_status":"closed","template":"","meta":{"footnotes":""},"class_list":["post-41070","page","type-page","status-publish","has-post-thumbnail"],"_links":{"self":[{"href":"https:\/\/www.sisinternational.com\/pt\/wp-json\/wp\/v2\/pages\/41070","targetHints":{"allow":["GET"]}}],"collection":[{"href":"https:\/\/www.sisinternational.com\/pt\/wp-json\/wp\/v2\/pages"}],"about":[{"href":"https:\/\/www.sisinternational.com\/pt\/wp-json\/wp\/v2\/types\/page"}],"author":[{"embeddable":true,"href":"https:\/\/www.sisinternational.com\/pt\/wp-json\/wp\/v2\/users\/1"}],"replies":[{"embeddable":true,"href":"https:\/\/www.sisinternational.com\/pt\/wp-json\/wp\/v2\/comments?post=41070"}],"version-history":[{"count":5,"href":"https:\/\/www.sisinternational.com\/pt\/wp-json\/wp\/v2\/pages\/41070\/revisions"}],"predecessor-version":[{"id":81402,"href":"https:\/\/www.sisinternational.com\/pt\/wp-json\/wp\/v2\/pages\/41070\/revisions\/81402"}],"up":[{"embeddable":true,"href":"https:\/\/www.sisinternational.com\/pt\/wp-json\/wp\/v2\/pages\/33287"}],"wp:featuredmedia":[{"embeddable":true,"href":"https:\/\/www.sisinternational.com\/pt\/wp-json\/wp\/v2\/media\/66386"}],"wp:attachment":[{"href":"https:\/\/www.sisinternational.com\/pt\/wp-json\/wp\/v2\/media?parent=41070"}],"curies":[{"name":"wp","href":"https:\/\/api.w.org\/{rel}","templated":true}]}}