{"id":41060,"date":"2022-11-13T21:49:59","date_gmt":"2022-11-13T21:49:59","guid":{"rendered":"https:\/\/www.sisinternational.com\/?page_id=41060"},"modified":"2026-01-26T14:20:12","modified_gmt":"2026-01-26T19:20:12","slug":"pesquisa-de-mercado-de-gerenciamento-de-trafego","status":"publish","type":"page","link":"https:\/\/www.sisinternational.com\/pt\/pericia\/pesquisa-de-mercado-de-gerenciamento-de-trafego\/","title":{"rendered":"Pesquisa de mercado de gest\u00e3o de tr\u00e1fego"},"content":{"rendered":"<h1 class=\"wp-block-heading\">Pesquisa de mercado de gest\u00e3o de tr\u00e1fego<\/h1>\n\n\n\n<figure class=\"gb-block-image gb-block-image-514d8140\"><img loading=\"lazy\" decoding=\"async\" width=\"1456\" height=\"816\" class=\"gb-image gb-image-514d8140\" src=\"https:\/\/www.sisinternational.com\/wp-content\/uploads\/2025\/08\/Smart-mobility-8.jpg\" alt=\"Pesquisa e Estrat\u00e9gia de Mercado Internacional da SIS\" title=\"Smart mobility (8)\" srcset=\"https:\/\/www.sisinternational.com\/wp-content\/uploads\/2025\/08\/Smart-mobility-8.jpg 1456w, https:\/\/www.sisinternational.com\/wp-content\/uploads\/2025\/08\/Smart-mobility-8-300x168.jpg 300w, https:\/\/www.sisinternational.com\/wp-content\/uploads\/2025\/08\/Smart-mobility-8-1024x574.jpg 1024w, https:\/\/www.sisinternational.com\/wp-content\/uploads\/2025\/08\/Smart-mobility-8-768x430.jpg 768w, https:\/\/www.sisinternational.com\/wp-content\/uploads\/2025\/08\/Smart-mobility-8-18x10.jpg 18w\" sizes=\"auto, (max-width: 1456px) 100vw, 1456px\"><\/figure>\n\n\n\n<hr class=\"wp-block-separator has-alpha-channel-opacity is-style-dots\"\/>\n\n\n\n<p><\/p>\n\n\n\n<h2 class=\"wp-block-heading\">O que \u00e9 gerenciamento de tr\u00e1fego?<\/h2>\n\n\n\n<p>Traffic management is a process used to manage traffic flow on a roadway. It can include tasks such as changing the signal timing. It can also be adding or taking out lanes or controlling the use of ramps. Traffic <a href=\"https:\/\/www.sisinternational.com\/pt\/pericia\/industrias\/pesquisa-de-mercado-de-gestao-de-seguranca\/\" title=\"Pesquisa de mercado de gest\u00e3o de seguran\u00e7a\"  data-wpil-monitor-id=\"9865\">management services improve safety<\/a>, reduce congestion, and optimize traffic flow. In this article, we will talk about the current <a href=\"https:\/\/www.sisinternational.com\/pt\/cobertura\/as-americas\/cobertura-dos-eua\/pesquisa-de-mercado-do-estado-de-nova-york\/\" title=\"Pesquisa de mercado do estado de Nova York\"  data-wpil-monitor-id=\"9862\">state of the traffic management market<\/a>.<\/p>\n\n\n\n<p>Now, traffic congestion is something that we may never be able to get rid of, but we can reduce it. Traffic management allows us to maintain our speed and improve travel time. Traffic control is the use of devices to maximize travel. These devices include signs, symbols, and also some forms of tech. It also preserves the <a href=\"https:\/\/www.sisinternational.com\/pt\/pericia\/industrias\/pesquisa-de-mercado-de-seguranca-viaria\/\" title=\"Pesquisa de mercado de seguran\u00e7a rodovi\u00e1ria\"  data-wpil-monitor-id=\"9866\">safety of road<\/a> transport.<\/p>\n\n\n\n<h2 class=\"wp-block-heading\">Por que a pesquisa de mercado de gerenciamento de tr\u00e1fego \u00e9 importante?<\/h2>\n\n\n\n<p>Proper traffic management can ensure the smooth flow of traffic. It gives fair access to road use for different modes of transport. It also makes roads and streets safe for all users. With traffic management, roads full of traffic will not block movement between areas. It also reduces noise and local pollution and improves areas reserved for persons on foot. It also protects the character of a town or city. Plus, it helps to reduce greenhouse gases.Traffic <a href=\"https:\/\/www.sisinternational.com\/pt\/pericia\/industrias\/gerente-de-beneficios-de-farmacia-pesquisa-de-mercado-pbm\/\" title=\"Pesquisa de mercado do Gerente de Benef\u00edcios Farmac\u00eauticos (PBM)\"  data-wpil-monitor-id=\"4247\">Management Market Research<\/a> is essential. It helps key players to assess the need for this service. It shows the <a href=\"https:\/\/www.sisinternational.com\/pt\/solucoes\/pesquisa-de-mercado-de-crescimento-corporativo-internacional\/\" title=\"Pesquisa de mercado sobre crescimento corporativo internacional\"  data-wpil-monitor-id=\"9864\">growth in the market<\/a> due to the rising demand for efficient transport services. This type of research also shows the key drivers of this growth. These drivers include:<\/p>\n\n\n\n<p>1. O aumento do n\u00famero de ve\u00edculos nas estradas.<\/p>\n\n\n\n<p>2. A necessidade de melhorar a seguran\u00e7a rodovi\u00e1ria.<\/p>\n\n\n\n<p>3. A crescente procura de sistemas de transporte inteligentes.<\/p>\n\n\n\n<h2 class=\"wp-block-heading\">Principais cargos<\/h2>\n\n\n\n<h3 class=\"wp-block-heading\">Operador de gerenciamento de tr\u00e1fego<\/h3>\n\n\n\n<p>Essas pessoas instalam, mant\u00eam e removem sistemas de gerenciamento de tr\u00e1fego e pedestres. Eles tamb\u00e9m supervisionam os pedestres e lidam com outros clientes no local.<\/p>\n\n\n\n<h3 class=\"wp-block-heading\">Coordenador de Obras<\/h3>\n\n\n\n<p>Essa pessoa fornece ajuda e suporte ao Oficial de Opera\u00e7\u00f5es. Eles ajudam no funcionamento di\u00e1rio do escrit\u00f3rio de Gest\u00e3o de Tr\u00e1fego, incluindo a manuten\u00e7\u00e3o de n\u00edveis adequados de pessoal para projetos e a liga\u00e7\u00e3o com os clientes. Eles tamb\u00e9m verificam a qualidade das obras de gest\u00e3o de tr\u00e1fego.<\/p>\n\n\n\n<h3 class=\"wp-block-heading\">Gerente de tr\u00e1fego<\/h3>\n\n\n\n<p>Um gerente de tr\u00e1fego \u00e9 um intermedi\u00e1rio. Eles atuam como elo de liga\u00e7\u00e3o entre as partes interessadas de um projeto e a equipe criativa de uma empresa. Sua principal fun\u00e7\u00e3o \u00e9 manter os projetos em andamento no caminho certo. Eles tamb\u00e9m garantem que os projetos sob seu controle cumpram os prazos.<\/p>\n\n\n\n<h2 class=\"wp-block-heading\">Principais fatores de sucesso<\/h2>\n\n\n\n<p>Um engenheiro elabora um plano de gerenciamento de tr\u00e1fego utiliz\u00e1vel. Eles ent\u00e3o o apresentam aos chefes governantes daquela estrada ou rota. O rascunho pode conter altera\u00e7\u00f5es nos limites de velocidade ou fechamento de estradas. Tamb\u00e9m pode incluir altera\u00e7\u00f5es em estradas e caminhos.<\/p>\n\n\n\n<h2 class=\"wp-block-heading\">IA e gerenciamento inteligente de tr\u00e1fego<\/h2>\n\n\n\n<p>A constru\u00e7\u00e3o de novas estradas, pontes e t\u00faneis cria novos caminhos para viagens em massa. No entanto, por si s\u00f3, n\u00e3o s\u00e3o suficientemente eficientes para resolver o congestionamento do tr\u00e1fego. Mas o uso de IA e sistemas inteligentes de gerenciamento de tr\u00e1fego sim. Reduz o congestionamento do tr\u00e1fego usando s\u00edmbolos e sinais. Tamb\u00e9m instila disciplina na maioria dos usu\u00e1rios da estrada. O objetivo \u00e9 tornar os usu\u00e1rios mais atentos na estrada e garantir o cumprimento do c\u00f3digo da estrada para evitar infra\u00e7\u00f5es e multas. Tal dire\u00e7\u00e3o pode reduzir acidentes.<\/p>\n\n\n\n<h3 class=\"wp-block-heading\">Zonas de trabalho<\/h3>\n\n\n\n<p>Alguns sistemas de controle de tr\u00e1fego alertam os motoristas sobre obras nas estradas. Assim, as obras rodovi\u00e1rias n\u00e3o afetam a viagem do motorista.<\/p>\n\n\n\n<h3 class=\"wp-block-heading\">Sinais e s\u00edmbolos de tr\u00e2nsito<\/h3>\n\n\n\n<p>Usar os sinais e s\u00edmbolos corretos tamb\u00e9m \u00e9 um fator cr\u00edtico de sucesso. Algumas rodovias possuem um recurso onde os sinais de tr\u00e2nsito mostram se houve um acidente. Ele corta a estrada e outra abre para o fluxo do tr\u00e1fego. Esse recurso \u00e9 uma forma de controle de tr\u00e1fego e, como resultado, reduz o congestionamento.<\/p>\n\n\n\n<h2 class=\"wp-block-heading\">Por que as cidades precisam de gerenciamento de tr\u00e1fego<\/h2>\n\n\n\n<p>Estradas e rotas s\u00e3o acess\u00edveis ao p\u00fablico. N\u00f3s os usamos para nos movimentarmos e realizar nossas tarefas. Embora fa\u00e7amos isso com frequ\u00eancia, tamb\u00e9m podemos ser eficientes. O gerenciamento de viagens garante o fluxo suave do tr\u00e1fego, com poucas ou nenhuma obstru\u00e7\u00e3o. Tamb\u00e9m reduz a polui\u00e7\u00e3o e o congestionamento do tr\u00e1fego.<\/p>\n\n\n\n<h3 class=\"wp-block-heading\">Polui\u00e7\u00e3o reduzida<\/h3>\n\n\n\n<p>O congestionamento do tr\u00e1fego contribui para grande parte da polui\u00e7\u00e3o sonora e atmosf\u00e9rica resultante do tr\u00e1fego lento. O gerenciamento adequado do tr\u00e1fego reduz isso. Tamb\u00e9m reduz o consumo de combust\u00edvel, dependendo de quanto o carro para e acelera. Medidas adequadas de controlo do tr\u00e1fego garantem que as emiss\u00f5es n\u00e3o prejudicam o nosso ambiente.<\/p>\n\n\n\n<h3 class=\"wp-block-heading\">Reduz fatalidades<\/h3>\n\n\n\n<p>Segundo a OMS, mais de um milh\u00e3o de pessoas morrem anualmente em acidentes de carro. \u00c9 tamb\u00e9m uma das principais causas de morte em adultos jovens. O controle adequado do tr\u00e2nsito pode ajudar a reduzir o n\u00famero de vidas perdidas por imprud\u00eancia nas estradas.<\/p>\n\n\n\n<h2 class=\"wp-block-heading\">Sobre a pesquisa de mercado de gerenciamento de tr\u00e1fego<\/h2>\n\n\n\n<p>Do you need to <a href=\"https:\/\/www.sisinternational.com\/pt\/solucoes\/solucoes-edtech-de-tecnologia-educacional\/sistemas-de-gerenciamento-de-aprendizagem-pesquisa-de-mercado-lms\/\" title=\"Pesquisa de mercado de sistemas de gerenciamento de aprendizagem (LMS)\"  data-wpil-monitor-id=\"9860\">learn more about the traffic management market<\/a>? It is essential to <a href=\"https:\/\/www.sisinternational.com\/pt\/top-5-benefits-of-conducting-quantitative-market-research\/\" title=\"Top 5 Benefits of Conducting Quantitative Market Research\"  data-wpil-monitor-id=\"9861\">conduct research using both Quantitative<\/a> and Qualitative methods. Quantitative analysis can help provide an overview of the market, while <a href=\"https:\/\/www.sisinternational.com\/pt\/qualitative-research-to-enhance-customer-experience\/\" title=\"Qualitative Research to Enhance Customer Experience\"  data-wpil-monitor-id=\"9859\">Pesquisa qualitativa<\/a> can help to provide insights into customer behavior and preferences.<\/p>\n\n\n\n<p>V\u00e1rios tipos diferentes de solu\u00e7\u00f5es de gerenciamento de tr\u00e1fego est\u00e3o dispon\u00edveis. Ao realizar pesquisas, \u00e9 essencial considerar todos eles. Por exemplo, sua empresa pode usar entrevistas, pesquisas ou grupos focais. \u00c9 importante escolher a solu\u00e7\u00e3o certa para suas necessidades espec\u00edficas.<\/p>\n\n\n\n<p>Contact us today if you want to conduct traffic <a href=\"https:\/\/www.sisinternational.com\/pt\/pericia\/industrias\/pesquisa-de-mercado-de-gestao-de-frota\/\" title=\"Pesquisa de mercado de gest\u00e3o de frota\"  data-wpil-monitor-id=\"5905\">management market research<\/a>. We can help you to <a href=\"https:\/\/www.sisinternational.com\/pt\/solucoes\/solucoes-de-pesquisa-quantitativa-qualitativa\/empresas-de-design-de-pesquisa-de-mercado\/\" title=\"Empresa de pesquisa de design\"  data-wpil-monitor-id=\"9863\">design and install your research<\/a> strategy. Such a strategy will provide the insights you need to make informed decisions.<\/p>\n\n\n\n<p>&nbsp;<\/p>","protected":false},"excerpt":{"rendered":"<p>O gerenciamento adequado do tr\u00e1fego pode garantir o fluxo suave do tr\u00e1fego. Proporciona acesso equitativo \u00e0 utiliza\u00e7\u00e3o das estradas para diferentes modos de transporte. Tamb\u00e9m torna as estradas e ruas seguras para todos os usu\u00e1rios.<\/p>","protected":false},"author":1,"featured_media":64970,"parent":14514,"menu_order":153,"comment_status":"closed","ping_status":"closed","template":"","meta":{"footnotes":""},"class_list":["post-41060","page","type-page","status-publish","has-post-thumbnail"],"_links":{"self":[{"href":"https:\/\/www.sisinternational.com\/pt\/wp-json\/wp\/v2\/pages\/41060","targetHints":{"allow":["GET"]}}],"collection":[{"href":"https:\/\/www.sisinternational.com\/pt\/wp-json\/wp\/v2\/pages"}],"about":[{"href":"https:\/\/www.sisinternational.com\/pt\/wp-json\/wp\/v2\/types\/page"}],"author":[{"embeddable":true,"href":"https:\/\/www.sisinternational.com\/pt\/wp-json\/wp\/v2\/users\/1"}],"replies":[{"embeddable":true,"href":"https:\/\/www.sisinternational.com\/pt\/wp-json\/wp\/v2\/comments?post=41060"}],"version-history":[{"count":7,"href":"https:\/\/www.sisinternational.com\/pt\/wp-json\/wp\/v2\/pages\/41060\/revisions"}],"predecessor-version":[{"id":81637,"href":"https:\/\/www.sisinternational.com\/pt\/wp-json\/wp\/v2\/pages\/41060\/revisions\/81637"}],"up":[{"embeddable":true,"href":"https:\/\/www.sisinternational.com\/pt\/wp-json\/wp\/v2\/pages\/14514"}],"wp:featuredmedia":[{"embeddable":true,"href":"https:\/\/www.sisinternational.com\/pt\/wp-json\/wp\/v2\/media\/64970"}],"wp:attachment":[{"href":"https:\/\/www.sisinternational.com\/pt\/wp-json\/wp\/v2\/media?parent=41060"}],"curies":[{"name":"wp","href":"https:\/\/api.w.org\/{rel}","templated":true}]}}