{"id":41045,"date":"2022-11-13T03:00:18","date_gmt":"2022-11-13T03:00:18","guid":{"rendered":"https:\/\/www.sisinternational.com\/?page_id=41045"},"modified":"2026-01-27T15:19:52","modified_gmt":"2026-01-27T20:19:52","slug":"pesquisa-de-mercado-de-negocios-escalaveis-7-maneiras-de-construir-um-negocio-escalavel","status":"publish","type":"page","link":"https:\/\/www.sisinternational.com\/pt\/publicacoes\/pesquisa-de-mercado-de-negocios-escalaveis-7-maneiras-de-construir-um-negocio-escalavel\/","title":{"rendered":"Pesquisa de mercado de neg\u00f3cios escal\u00e1veis: 7 maneiras de construir um neg\u00f3cio escal\u00e1vel"},"content":{"rendered":"<h1 class=\"wp-block-heading p1\"><span class=\"s1\">Pesquisa de mercado de neg\u00f3cios escal\u00e1veis: 7 maneiras de construir um neg\u00f3cio escal\u00e1vel<\/span><\/h1>\n\n\n\n<figure class=\"gb-block-image gb-block-image-08e25fd2\"><img loading=\"lazy\" decoding=\"async\" width=\"1024\" height=\"574\" class=\"gb-image gb-image-08e25fd2\" src=\"https:\/\/www.sisinternational.com\/wp-content\/uploads\/2025\/08\/Business-35-1024x574.jpg\" alt=\"Pesquisa e Estrat\u00e9gia de Mercado Internacional da SIS\" title=\"Business (35)\" srcset=\"https:\/\/www.sisinternational.com\/wp-content\/uploads\/2025\/08\/Business-35-1024x574.jpg 1024w, https:\/\/www.sisinternational.com\/wp-content\/uploads\/2025\/08\/Business-35-300x168.jpg 300w, https:\/\/www.sisinternational.com\/wp-content\/uploads\/2025\/08\/Business-35-768x430.jpg 768w, https:\/\/www.sisinternational.com\/wp-content\/uploads\/2025\/08\/Business-35-18x10.jpg 18w, https:\/\/www.sisinternational.com\/wp-content\/uploads\/2025\/08\/Business-35.jpg 1456w\" sizes=\"auto, (max-width: 1024px) 100vw, 1024px\"><\/figure>\n\n\n\n<p><\/p>\n\n\n\n<hr class=\"wp-block-separator has-alpha-channel-opacity is-style-dots\"\/>\n\n\n\n<p class=\"p2\">Criar um novo neg\u00f3cio \u00e9 sempre emocionante. No entanto, voc\u00ea tamb\u00e9m enfrentar\u00e1 alguns desafios. Uma das quest\u00f5es \u00e9 que, embora seu foco esteja na cria\u00e7\u00e3o de uma pequena empresa agora, ela crescer\u00e1 quando tudo correr bem. Um neg\u00f3cio escal\u00e1vel \u00e9 aquele que consegue manter ou melhorar a lucratividade quando o volume de vendas aumenta. Ent\u00e3o, como voc\u00ea pode construir um neg\u00f3cio escal\u00e1vel? Aqui est\u00e3o algumas dicas para ajud\u00e1-lo no processo.<\/p>\n\n\n\n<h2 class=\"wp-block-heading p3\">A import\u00e2ncia da pesquisa de mercado empresarial escal\u00e1vel<\/h2>\n\n\n\n<p class=\"p2\">To scale your business, you must perform Scalable <a href=\"https:\/\/www.sisinternational.com\/pt\/dia-dos-namorados-como-sua-empresa-pode-sentir-o-amor\/\" title=\"Pesquisa de mercado do Dia dos Namorados: como sua empresa pode sentir o amor\"  data-wpil-monitor-id=\"3554\">Business Market Research<\/a>. This type of market <a href=\"https:\/\/www.sisinternational.com\/pt\/o-efeito-das-culturas-de-mercado-nigerianas-nos-negocios\/\" title=\"O mercado nigeriano: o efeito da cultura nos neg\u00f3cios\"  data-wpil-monitor-id=\"4375\">research is one of the best ways<\/a> to investigate and discover how you can make your business more scalable. It will help you figure out what approach works for you. It will show you fast, easy ways to put things in place to improve your scalability.<\/p>\n\n\n\n<h2 class=\"wp-block-heading p3\">Import\u00e2ncia do crescimento exponencial (vs. crescimento linear)<\/h2>\n\n\n\n<p class=\"p2\">Linear growth comes with a set of pre-determined steps. Some of these steps might work for your business; others might not. Make sure that you opt for an exponential growth model. With this model, the growth rate of your business becomes more rapid as its size increases. You will need to study the market and look at trends. You can then identify any ideas that are helping your business grow at this particular time. Exponential growth requires a lot more research and work, but it can give you amazing results. Linear growth is not a function of what your business is all about, as it\u2019s only a generalized solution. Scalable <a href=\"https:\/\/www.sisinternational.com\/pt\/resiliencia-empresarial-coronavirus\/\" title=\"Pesquisa de mercado sobre resili\u00eancia empresarial na Covid\"  data-wpil-monitor-id=\"3604\">Business Market Research<\/a> analyzes the industry and your company. The aim is to give you the best and fairest approach to taking your business to the next level.<\/p>\n\n\n\n<h2 class=\"wp-block-heading p3\">Como voc\u00ea pode criar um neg\u00f3cio escal\u00e1vel?<\/h2>\n\n\n\n<h3 class=\"wp-block-heading\">1. Crie um wiki para seus funcion\u00e1rios<\/h3>\n\n\n\n<p class=\"p4\">Para expandir seu neg\u00f3cio, todos os seus funcion\u00e1rios devem compreender suas tarefas. Eles tamb\u00e9m precisam conhecer os procedimentos para concluir essas tarefas.<span class=\"Apple-converted-space\">&nbsp; <\/span>A business wiki will document all new jobs that employees need to learn. You can also have a handbook for new employees that showcase all the rules. As things evolve, you will have much better results, and your return on investment will improve. The wiki can include organizational information, structure, and internal services. It can also describe what each team needs to do, what software tools they can use and so on. Staying organized as you <a href=\"https:\/\/www.sisinternational.com\/pt\/como-expandir-seu-negocio\/\" title=\"Como expandir seu neg\u00f3cio\"  data-wpil-monitor-id=\"7260\">grow your business<\/a> matters a lot and this is the best way to do it.<\/p>\n\n\n\n<h3 class=\"wp-block-heading\">2. Automatize solu\u00e7\u00f5es<\/h3>\n\n\n\n<p class=\"p4\">Primeiro, voc\u00ea precisa identificar cada processo de neg\u00f3cios. Voc\u00ea ent\u00e3o precisa descobrir o que pode automatizar e o que n\u00e3o \u00e9 adequado. A grande vantagem dos Neg\u00f3cios Escal\u00e1veis \u00e9 que a automa\u00e7\u00e3o ajuda a economizar o tempo dos funcion\u00e1rios. Al\u00e9m disso, como a automa\u00e7\u00e3o \u00e9 baseada em software, voc\u00ea sempre pode atualiz\u00e1-la \u00e0 medida que sua empresa cresce.<span class=\"Apple-converted-space\">&nbsp;<\/span><\/p>\n\n\n\n<h2 class=\"wp-block-heading\">Use solu\u00e7\u00f5es e sistemas diferentes para cada tarefa importante<\/h2>\n\n\n\n<p class=\"p4\">O uso de diferentes solu\u00e7\u00f5es e sistemas oferece controle total sobre uma \u00fanica tarefa. \u00c9 f\u00e1cil substituir essa solu\u00e7\u00e3o se algo novo ou melhor aparecer. Voc\u00ea precisa de uma solu\u00e7\u00e3o CRM ou ERP como base s\u00f3lida. No entanto, voc\u00ea pode separar tarefas como gerenciamento de pedidos, controle de tempo e relat\u00f3rios financeiros. \u00c9 mais f\u00e1cil manter as coisas sob controle e voc\u00ea pode atualizar uma solu\u00e7\u00e3o se for necess\u00e1rio. Se voc\u00ea ignorar esta etapa, ter\u00e1 resultados de qualidade inferior, porque a solu\u00e7\u00e3o prim\u00e1ria pode n\u00e3o atualizar um recurso espec\u00edfico.<\/p>\n\n\n\n<h3 class=\"wp-block-heading\">1. Crie um processo de recrutamento abrangente<\/h3>\n\n\n\n<p class=\"p4\">Voc\u00ea pode usar software para isso, se necess\u00e1rio. A ideia \u00e9 acertar tudo e ir adaptando ao mercado de trabalho. Um processo de recrutamento abrangente proporcionar\u00e1 a voc\u00ea um grande grupo de candidatos. Oferece alinhamento estrat\u00e9gico proativo com os objetivos da empresa e exames de qualifica\u00e7\u00e3o precisos. Como resultado, sua empresa ter\u00e1 o moral elevado e a rotatividade reduzida.<span class=\"Apple-converted-space\">&nbsp;<\/span><\/p>\n\n\n\n<h3 class=\"wp-block-heading\">2. Documente todos os processos<\/h3>\n\n\n\n<p class=\"p4\">Voc\u00ea n\u00e3o pode crescer como empresa sem documentar tudo. Voc\u00ea tamb\u00e9m precisar\u00e1 de solu\u00e7\u00f5es para ajud\u00e1-lo a rastrear todas essas etapas e documentos. Ao fazer isso, voc\u00ea ter\u00e1 acesso imediato a todos os procedimentos, podendo identificar o problema e corrigi-lo. A documenta\u00e7\u00e3o ajuda a impulsionar o seu crescimento de maneiras que voc\u00ea n\u00e3o imaginaria. Al\u00e9m disso, o retorno do investimento \u00e9 sempre extraordin\u00e1rio, que \u00e9 o que voc\u00ea precisa numa situa\u00e7\u00e3o como esta.<\/p>\n\n\n\n<h3 class=\"wp-block-heading\">3. Evite o envio de e-mails para sua equipe e, em vez disso, use colabora\u00e7\u00e3o na nuvem ou aplicativos de mensagens instant\u00e2neas<\/h3>\n\n\n\n<p class=\"p4\">A raz\u00e3o por tr\u00e1s dessa abordagem \u00e9 simples de entender. Enviar e-mails o tempo todo torna as coisas muito dif\u00edceis de rastrear. Com ferramentas de colabora\u00e7\u00e3o na nuvem como o Slack, por exemplo, as coisas ficam muito mais f\u00e1ceis. Voc\u00ea pode criar grupos para cada equipe. Esta etapa facilita a visualiza\u00e7\u00e3o do hist\u00f3rico de arquivos e comunica\u00e7\u00f5es. \u00c9 a melhor maneira para os grupos de trabalho compartilharem espa\u00e7os iguais, receberem atualiza\u00e7\u00f5es e verem todas as informa\u00e7\u00f5es. O mesmo acontece com os aplicativos de mensagens instant\u00e2neas: eles tornam a comunica\u00e7\u00e3o muito melhor e ajudam a melhorar seus resultados.<span class=\"Apple-converted-space\">&nbsp;<\/span><\/p>\n\n\n\n<h3 class=\"wp-block-heading\">4. Terceirize tarefas servis ou muito repetitivas<\/h3>\n\n\n\n<p class=\"p4\">Quando voc\u00ea deseja focar no crescimento, uma das principais coisas a evitar \u00e9 gastar muito tempo em tarefas bra\u00e7ais. Uma empresa escal\u00e1vel deve estar sempre pronta para terceirizar tarefas repetitivas quando necess\u00e1rio. \u00c9 mais simples do que nunca e tornar\u00e1 mais f\u00e1cil alcan\u00e7ar os resultados esperados.<\/p>\n\n\n\n<p class=\"p4\">Se voc\u00ea deseja ter um neg\u00f3cio robusto e escal\u00e1vel, \u00e9 importante focar na pesquisa de mercado. Voc\u00ea tamb\u00e9m precisar\u00e1 fazer pesquisas estrat\u00e9gicas. A pesquisa de mercado o ajudar\u00e1 a decidir qual abordagem adotar para obter os melhores resultados. Preparar sua empresa para o crescimento e a lucratividade desde o in\u00edcio vale o esfor\u00e7o.<\/p>\n\n\n<h2>Localiza\u00e7\u00e3o de nossas instala\u00e7\u00f5es em Nova York<\/h2>\n<p><!-- \/wp:post-content --> <!-- wp:html --> <iframe loading=\"lazy\" src=\"https:\/\/www.google.com\/maps\/embed?pb=!1m18!1m12!1m3!1d3022.976188376966!2d-73.99130312499956!3d40.740549471389315!2m3!1f0!2f0!3f0!3m2!1i1024!2i768!4f13.1!3m3!1m2!1s0x89c259a15798c731%3A0xd695d09bdd495f25!2s11%20E%2022nd%20St%20FL%202%2C%20New%20York%2C%20NY%2010010%2C%20USA!5e0!3m2!1sen!2spe!4v1726171763526!5m2!1sen!2spe\" width=\"600\" height=\"450\" allowfullscreen=\"allowfullscreen\" data-mce-fragment=\"1\"><\/iframe> <!-- \/wp:html --> <!-- wp:paragraph --><\/p>\n<h3 class=\"wp-block-heading\">11 E 22nd Street, andar 2, Nova York, NY 10010 T: +1(212) 505-6805<\/h3>\n<hr \/>\n<h2><span style=\"font-weight: 400;\">Sobre SIS Internacional<\/span><\/h2>\n<p><a href=\"https:\/\/www.sisinternational.com\/pt\/\"><span style=\"font-weight: 400;\">SIS Internacional<\/span><\/a><span style=\"font-weight: 400;\"> oferece pesquisa quantitativa, qualitativa e estrat\u00e9gica. Fornecemos dados, ferramentas, estrat\u00e9gias, relat\u00f3rios e insights para a tomada de decis\u00f5es. Tamb\u00e9m realizamos entrevistas, pesquisas, grupos focais e outros m\u00e9todos e abordagens de Pesquisa de Mercado.<\/span><a href=\"https:\/\/www.sisinternational.com\/pt\/sobre-a-sis-international-research\/contact-sis-international-market-research\/\"><span style=\"font-weight: 400;\"> Entre em contato conosco<\/span><\/a><span style=\"font-weight: 400;\"> para o seu pr\u00f3ximo projeto de pesquisa de mercado.<\/span><\/p>\n<p><!-- wp:heading --><\/p>\n<h2 id=\"about-sis-international\" class=\"wp-block-heading\">\u00a0<\/h2>\n<p><!-- \/wp:heading --><\/p>","protected":false},"excerpt":{"rendered":"<p>Um neg\u00f3cio escal\u00e1vel mant\u00e9m e melhora a lucratividade quando o volume de vendas aumenta.<\/p>","protected":false},"author":1,"featured_media":62791,"parent":20148,"menu_order":15,"comment_status":"closed","ping_status":"closed","template":"","meta":{"footnotes":""},"class_list":["post-41045","page","type-page","status-publish","has-post-thumbnail"],"_links":{"self":[{"href":"https:\/\/www.sisinternational.com\/pt\/wp-json\/wp\/v2\/pages\/41045","targetHints":{"allow":["GET"]}}],"collection":[{"href":"https:\/\/www.sisinternational.com\/pt\/wp-json\/wp\/v2\/pages"}],"about":[{"href":"https:\/\/www.sisinternational.com\/pt\/wp-json\/wp\/v2\/types\/page"}],"author":[{"embeddable":true,"href":"https:\/\/www.sisinternational.com\/pt\/wp-json\/wp\/v2\/users\/1"}],"replies":[{"embeddable":true,"href":"https:\/\/www.sisinternational.com\/pt\/wp-json\/wp\/v2\/comments?post=41045"}],"version-history":[{"count":7,"href":"https:\/\/www.sisinternational.com\/pt\/wp-json\/wp\/v2\/pages\/41045\/revisions"}],"predecessor-version":[{"id":80908,"href":"https:\/\/www.sisinternational.com\/pt\/wp-json\/wp\/v2\/pages\/41045\/revisions\/80908"}],"up":[{"embeddable":true,"href":"https:\/\/www.sisinternational.com\/pt\/wp-json\/wp\/v2\/pages\/20148"}],"wp:featuredmedia":[{"embeddable":true,"href":"https:\/\/www.sisinternational.com\/pt\/wp-json\/wp\/v2\/media\/62791"}],"wp:attachment":[{"href":"https:\/\/www.sisinternational.com\/pt\/wp-json\/wp\/v2\/media?parent=41045"}],"curies":[{"name":"wp","href":"https:\/\/api.w.org\/{rel}","templated":true}]}}