{"id":41040,"date":"2022-11-13T02:08:35","date_gmt":"2022-11-13T02:08:35","guid":{"rendered":"https:\/\/www.sisinternational.com\/?page_id=41040"},"modified":"2026-01-25T16:41:14","modified_gmt":"2026-01-25T21:41:14","slug":"pesquisa-de-mercado-de-computacao-quantica","status":"publish","type":"page","link":"https:\/\/www.sisinternational.com\/pt\/pericia\/pesquisa-de-mercado-de-computacao-quantica\/","title":{"rendered":"Pesquisa de mercado de computa\u00e7\u00e3o qu\u00e2ntica"},"content":{"rendered":"<h1 class=\"wp-block-heading p1\"><span class=\"s1\">Pesquisa de mercado de computa\u00e7\u00e3o qu\u00e2ntica<\/span><\/h1>\n\n\n\n<figure class=\"gb-block-image gb-block-image-aa5e929a\"><img loading=\"lazy\" decoding=\"async\" width=\"1456\" height=\"816\" class=\"gb-image gb-image-aa5e929a\" src=\"https:\/\/www.sisinternational.com\/wp-content\/uploads\/2025\/09\/FinTech-Terch-technology-AI-artificial-intelligence-14.jpg\" alt=\"Pesquisa e Estrat\u00e9gia de Mercado Internacional da SIS\" title=\"FinTech Terch technology AI artificial intelligence (14)\" srcset=\"https:\/\/www.sisinternational.com\/wp-content\/uploads\/2025\/09\/FinTech-Terch-technology-AI-artificial-intelligence-14.jpg 1456w, https:\/\/www.sisinternational.com\/wp-content\/uploads\/2025\/09\/FinTech-Terch-technology-AI-artificial-intelligence-14-300x168.jpg 300w, https:\/\/www.sisinternational.com\/wp-content\/uploads\/2025\/09\/FinTech-Terch-technology-AI-artificial-intelligence-14-1024x574.jpg 1024w, https:\/\/www.sisinternational.com\/wp-content\/uploads\/2025\/09\/FinTech-Terch-technology-AI-artificial-intelligence-14-768x430.jpg 768w, https:\/\/www.sisinternational.com\/wp-content\/uploads\/2025\/09\/FinTech-Terch-technology-AI-artificial-intelligence-14-18x10.jpg 18w\" sizes=\"auto, (max-width: 1456px) 100vw, 1456px\"><\/figure>\n\n\n\n<p><\/p>\n\n\n\n<hr class=\"wp-block-separator has-alpha-channel-opacity is-style-dots\"\/>\n\n\n\n<p class=\"p2\">Quantum Computing is a type of computing. It uses concepts from Quantum Physics to solve complex problems. The concepts in this type of computing are Superposition and entanglement. Superposition is where the quantum particles exist in two possible states at the same time. Entanglements mean that the particles connect.<\/p>\n\n\n\n<h2 class=\"wp-block-heading p3\">Por que a computa\u00e7\u00e3o qu\u00e2ntica \u00e9 importante?<\/h2>\n\n\n\n<p class=\"p2\">A Computa\u00e7\u00e3o Qu\u00e2ntica d\u00e1 ao computador mais poder de processamento. Assim, esses computadores podem realizar algumas tarefas melhor e mais rapidamente do que um Computador Cl\u00e1ssico. Eles tamb\u00e9m usam menos energia.<\/p>\n\n\n\n<p class=\"p2\">Os computadores cl\u00e1ssicos codificam dados em unidades chamadas bits, que podem ter o valor de 1 ou 0. Esses computadores nunca armazenam os dados como 1 e 0 ao mesmo tempo. Por causa disso, os bits limitam como os computadores podem trabalhar com os dados. Os computadores qu\u00e2nticos s\u00e3o diferentes. Eles usam uma unidade chamada bits qu\u00e2nticos ou qubits para codificar dados. Qubits compreendem part\u00edculas qu\u00e2nticas. Essas part\u00edculas existem em superposi\u00e7\u00e3o. Portanto, quando os dados s\u00e3o codificados, os qubits podem conter os valores 1 e 0 ao mesmo tempo. Eles armazenar\u00e3o mais dados e processar\u00e3o mais informa\u00e7\u00f5es. Por exemplo, \u00e9 f\u00e1cil para um computador qu\u00e2ntico resolver um problema complexo. Ele pode executar v\u00e1rios c\u00e1lculos ao mesmo tempo para obter a resposta. Os Computadores Cl\u00e1ssicos executar\u00e3o apenas uma solu\u00e7\u00e3o poss\u00edvel por vez.<\/p>\n\n\n\n<h2 class=\"wp-block-heading p4\">Principais cargos<\/h2>\n\n\n\n<h3 class=\"wp-block-heading p2\">Aqui est\u00e3o alguns cargos importantes nesta \u00e1rea de trabalho:<\/h3>\n\n\n\n<ul class=\"wp-block-list ul1\">\n<li>Arquiteto Qu\u00e2ntico<\/li>\n\n\n\n<li>Engenheiro de software de dispositivos de detec\u00e7\u00e3o<\/li>\n\n\n\n<li>F\u00edsico Qu\u00e2ntico<\/li>\n\n\n\n<li>Engenheiro de Software Cient\u00edfico<\/li>\n\n\n\n<li>Cientista de Dados<\/li>\n\n\n\n<li>Pesquisador de Computa\u00e7\u00e3o Qu\u00e2ntica<\/li>\n<\/ul>\n\n\n\n<h2 class=\"wp-block-heading p8\">Why Businesses Need Quantum Computing<\/h2>\n\n\n\n<h3 class=\"wp-block-heading\">Isso economiza tempo e dinheiro.<\/h3>\n\n\n\n<p class=\"p2\">Quantum Computers can do some things much faster than classical computers. There are some problems that a Classic Computer will take years to solve. While this is happening, the company is losing time and money. They will also be putting resources into that task for years. For example, some research in medicine is slow because it is expensive. Due to the nature of qubits, Quantum <a href=\"https:\/\/www.sisinternational.com\/pt\/solucoes\/pesquisa-de-mercado-de-ia-e-consultoria-estrategica\/pesquisa-de-mercado-de-ia-de-visao-computacional\/\" title=\"Pesquisa de mercado de IA de vis\u00e3o computacional\"  data-wpil-monitor-id=\"2760\">Computing can research<\/a> in minutes. The money and resources that the company saves can go toward other things.<\/p>\n\n\n\n<h3 class=\"wp-block-heading\">Para simula\u00e7\u00f5es do mundo real<\/h3>\n\n\n\n<p class=\"p2\">A company can plan to bring a new <a href=\"https:\/\/www.sisinternational.com\/pt\/pericia\/curriculos-de-experiencia\/pesquisa-de-mercado-de-produtos-de-higiene-pessoal\/\" title=\"Pesquisa de mercado de produtos de cuidados pessoais\"  data-wpil-monitor-id=\"10079\">product onto the market<\/a> or start a project. But, this new thing could have harmful side effects for the public. It could also be unprofitable for the company. Instead of taking the risk and causing harm, the company can run a simulation. A quantum computer will play out the possible outcomes. Neither the public nor the company will face any risk. The <a href=\"https:\/\/www.sisinternational.com\/pt\/solucoes\/teste-de-sabor\/servicos-de-teste-de-produtos-em-nova-york\/\" title=\"Servi\u00e7os de teste de produtos em Nova York\"  data-wpil-monitor-id=\"10082\">product or service<\/a> will also be better. This way is much better for everyone.<\/p>\n\n\n\n<h3 class=\"wp-block-heading\">C\u00edber seguran\u00e7a<\/h3>\n\n\n\n<p class=\"p2\">No mundo de hoje, a maioria dos neg\u00f3cios acontece online. Embora isso proporcione \u00e0s empresas mais maneiras de alcan\u00e7ar os clientes, tamb\u00e9m as exp\u00f5e a ataques online. As empresas t\u00eam tentado fortalecer sua seguran\u00e7a online para se protegerem. Ainda assim, o facto \u00e9 que o Computador Cl\u00e1ssico n\u00e3o pode fazer este trabalho t\u00e3o bem como se esperaria.<\/p>\n\n\n\n<p class=\"p2\">&nbsp;Os computadores qu\u00e2nticos s\u00e3o mais avan\u00e7ados que seus equivalentes cl\u00e1ssicos. Assim, melhorar\u00e3o a prote\u00e7\u00e3o contra ataques cibern\u00e9ticos. Eles fazem isso usando m\u00e9todos como a criptografia qu\u00e2ntica.<\/p>\n\n\n\n<h2 class=\"wp-block-heading\">Sobre computa\u00e7\u00e3o qu\u00e2ntica<\/h2>\n\n\n\n<p class=\"p2\">No momento, a computa\u00e7\u00e3o qu\u00e2ntica em larga escala ainda \u00e9 um conceito. Esses computadores s\u00e3o dif\u00edceis e caros de fabricar. Eles tamb\u00e9m precisam de um ambiente espec\u00edfico para trabalhar.<\/p>\n\n\n\n<p class=\"p2\">Thus, scientists are <a href=\"https:\/\/www.sisinternational.com\/pt\/publicacoes\/pesquisa-de-mercado-de-negocios-escalaveis-7-maneiras-de-construir-um-negocio-escalavel\/\" title=\"Pesquisa de mercado de neg\u00f3cios escal\u00e1veis: 7 maneiras de construir um neg\u00f3cio escal\u00e1vel\"  data-wpil-monitor-id=\"10081\">busy looking into how to build<\/a> more quantum computers. They are carrying out <a href=\"https:\/\/www.sisinternational.com\/pt\/solucoes\/solucoes-de-pesquisa-quantitativa-qualitativa\/recrutamento-de-pesquisa-qualitativa\/\" title=\"Recrutamento de Pesquisa Qualitativa\"  data-wpil-monitor-id=\"10080\">Pesquisa qualitativa e quantitativa<\/a> on how to make them. There are also surveys and focus groups for getting information. These findings often end up in academic journals. The scientists also talk about what they learned in interviews.<\/p>\n\n\n\n<p class=\"p5\">It is a fact that Quantum Computing will improve many fields. It is helpful in medicine, finance, and cyber security, to name a few. Thus, companies are also <a href=\"https:\/\/www.sisinternational.com\/pt\/pericia\/industrias\/pesquisa-de-mercado-de-computacao-em-nuvem\/\" title=\"Pesquisa de mercado de computa\u00e7\u00e3o em nuvem\"  data-wpil-monitor-id=\"3676\">researching how to use Quantum Computing<\/a>. It\u2019s another excellent way to make their businesses better.<\/p>\n\n\n\n<p><\/p>","protected":false},"excerpt":{"rendered":"<p>A computa\u00e7\u00e3o qu\u00e2ntica oferece aos computadores mais poder de processamento. Esses computadores usam menos energia e podem realizar algumas tarefas melhor e mais rapidamente do que um computador cl\u00e1ssico.<\/p>","protected":false},"author":1,"featured_media":69469,"parent":14514,"menu_order":151,"comment_status":"closed","ping_status":"closed","template":"","meta":{"footnotes":""},"class_list":["post-41040","page","type-page","status-publish","has-post-thumbnail"],"_links":{"self":[{"href":"https:\/\/www.sisinternational.com\/pt\/wp-json\/wp\/v2\/pages\/41040","targetHints":{"allow":["GET"]}}],"collection":[{"href":"https:\/\/www.sisinternational.com\/pt\/wp-json\/wp\/v2\/pages"}],"about":[{"href":"https:\/\/www.sisinternational.com\/pt\/wp-json\/wp\/v2\/types\/page"}],"author":[{"embeddable":true,"href":"https:\/\/www.sisinternational.com\/pt\/wp-json\/wp\/v2\/users\/1"}],"replies":[{"embeddable":true,"href":"https:\/\/www.sisinternational.com\/pt\/wp-json\/wp\/v2\/comments?post=41040"}],"version-history":[{"count":7,"href":"https:\/\/www.sisinternational.com\/pt\/wp-json\/wp\/v2\/pages\/41040\/revisions"}],"predecessor-version":[{"id":81667,"href":"https:\/\/www.sisinternational.com\/pt\/wp-json\/wp\/v2\/pages\/41040\/revisions\/81667"}],"up":[{"embeddable":true,"href":"https:\/\/www.sisinternational.com\/pt\/wp-json\/wp\/v2\/pages\/14514"}],"wp:featuredmedia":[{"embeddable":true,"href":"https:\/\/www.sisinternational.com\/pt\/wp-json\/wp\/v2\/media\/69469"}],"wp:attachment":[{"href":"https:\/\/www.sisinternational.com\/pt\/wp-json\/wp\/v2\/media?parent=41040"}],"curies":[{"name":"wp","href":"https:\/\/api.w.org\/{rel}","templated":true}]}}