{"id":41029,"date":"2022-11-13T00:19:14","date_gmt":"2022-11-13T00:19:14","guid":{"rendered":"https:\/\/www.sisinternational.com\/?page_id=41029"},"modified":"2026-01-25T18:27:15","modified_gmt":"2026-01-25T23:27:15","slug":"pesquisa-de-mercado-de-comercio-m","status":"publish","type":"page","link":"https:\/\/www.sisinternational.com\/pt\/solucoes\/pesquisa-de-consultoria-em-estrategia-fintech\/pesquisa-de-mercado-de-comercio-m\/","title":{"rendered":"Pesquisa de mercado de com\u00e9rcio m\u00f3vel"},"content":{"rendered":"<h1 class=\"wp-block-heading\">Pesquisa de mercado de com\u00e9rcio m\u00f3vel<\/h1>\n\n\n\n<div class=\"wp-block-columns is-layout-flex wp-container-core-columns-is-layout-9d6595d7 wp-block-columns-is-layout-flex\">\n<div class=\"wp-block-column is-layout-flow wp-block-column-is-layout-flow\" style=\"flex-basis:100%\">\n<figure class=\"gb-block-image gb-block-image-98024238\"><img loading=\"lazy\" decoding=\"async\" width=\"1456\" height=\"816\" class=\"gb-image gb-image-98024238\" src=\"https:\/\/www.sisinternational.com\/wp-content\/uploads\/2025\/08\/Smarrtphone-5g-8.jpg\" alt=\"Pesquisa e Estrat\u00e9gia de Mercado Internacional da SIS\" title=\"Smarrtphone 5g (8)\" srcset=\"https:\/\/www.sisinternational.com\/wp-content\/uploads\/2025\/08\/Smarrtphone-5g-8.jpg 1456w, https:\/\/www.sisinternational.com\/wp-content\/uploads\/2025\/08\/Smarrtphone-5g-8-300x168.jpg 300w, https:\/\/www.sisinternational.com\/wp-content\/uploads\/2025\/08\/Smarrtphone-5g-8-1024x574.jpg 1024w, https:\/\/www.sisinternational.com\/wp-content\/uploads\/2025\/08\/Smarrtphone-5g-8-768x430.jpg 768w, https:\/\/www.sisinternational.com\/wp-content\/uploads\/2025\/08\/Smarrtphone-5g-8-18x10.jpg 18w\" sizes=\"auto, (max-width: 1456px) 100vw, 1456px\"><\/figure>\n<\/div>\n<\/div>\n\n\n\n<hr class=\"wp-block-separator has-alpha-channel-opacity is-style-dots\"\/>\n\n\n\n<h2 class=\"wp-block-heading\">What is M-Commerce Market Research?<\/h2>\n\n\n\n<p>Mobile commerce, also known as m-commerce, is a modern way to buy and sell products. It is a subset of e-commerce, which uses mobile platforms. M-commerce uses handheld devices like cellphones and tablets. Devices continue to add new features that permit m-commerce. Its transactions include online banking or bill payments and everyday product purchases.<\/p>\n\n\n\n<h2 class=\"wp-block-heading\">Por que isso \u00e9 importante?<\/h2>\n\n\n\n<p>Mobile messaging has grown rapidly and continues to evolve. M-commerce helps increase potential customers, which can aid many businesses.<\/p>\n\n\n\n<p>Aumenta o potencial de vendas, pois os compradores podem comprar a qualquer hora e em qualquer lugar, no conforto de seus dispositivos m\u00f3veis.<\/p>\n\n\n\n<h2 class=\"wp-block-heading\">Principais cargos<\/h2>\n\n\n\n<figure class=\"gb-block-image gb-block-image-c726217a\"><img decoding=\"async\" class=\"gb-image gb-image-c726217a\" src=\"https:\/\/www.sisinternational.com\/wp-content\/uploads\/2025\/02\/Fintech-2-1.jpeg\" alt=\"Pesquisa e Estrat\u00e9gia de Mercado Internacional da SIS\"><\/figure>\n\n\n\n<p><\/p>\n\n\n\n<h3 class=\"wp-block-heading\">M-commerce is like many companies in terms of jobs. It requires positions as follows:<\/h3>\n\n\n\n<p>\u2013 Engenheiros de software<\/p>\n\n\n\n<p>\u2013 T\u00e9cnicos de TI<\/p>\n\n\n\n<h3 class=\"wp-block-heading\">H\u00e1 tamb\u00e9m o aspecto de marketing do neg\u00f3cio, que faz com que os consumidores utilizem o servi\u00e7o. Os trabalhos incluem:<\/h3>\n\n\n\n<p>- Especialista em marketing<\/p>\n\n\n\n<p>\u2013 Redator de conte\u00fado SEO<\/p>\n\n\n\n<p>- Designer gr\u00e1fico<\/p>\n\n\n\n<h3 class=\"wp-block-heading\">Como outras empresas, tamb\u00e9m existem empregos em finan\u00e7as e recursos humanos, como:<\/h3>\n\n\n\n<p>- Gerente financeiro<\/p>\n\n\n\n<p>\u2013 Representante de atendimento ao cliente.<\/p>\n\n\n\n<p>Tecnologia e atendimento ao cliente s\u00e3o \u00e1reas cr\u00edticas para o m-commerce. Como resultado, muitos empregos cobrem essas \u00e1reas.<\/p>\n\n\n\n<h2 class=\"wp-block-heading\">Por que sua empresa precisa de com\u00e9rcio eletr\u00f4nico<\/h2>\n\n\n\n<p>M-commerce is a crucial tool for business success in the modern world. This feature can be used on a wide range of devices.<\/p>\n\n\n\n<p>Uma empresa que usa m-commerce pode aumentar o alcance de seus clientes. Como os dispositivos m\u00f3veis s\u00e3o port\u00e1teis, os consumidores podem efetuar pagamentos em v\u00e1rios lugares. O com\u00e9rcio m\u00f3vel tamb\u00e9m \u00e9 \u00fatil. Seu servi\u00e7o GPS auxilia os clientes a encontrar itens nas lojas. Tamb\u00e9m ajuda a proteger as transa\u00e7\u00f5es. Isso \u00e9 feito usando autentica\u00e7\u00e3o multifatorial, que inclui impress\u00f5es digitais e varreduras de retina.<\/p>\n\n\n\n<p>M-commerce is a quick way for consumers to engage with business products and services. Thus, it helps improve the frequency people interact with these companies.<\/p>\n\n\n\n<h2 class=\"wp-block-heading\">Principais fatores de sucesso<\/h2>\n\n\n\n<h3 class=\"wp-block-heading\">Muitos fatores garantem o sucesso do m-commerce. Sua empresa deve considerar isso ao se inscrever.<\/h3>\n\n\n\n<p>Um fator mede a confiabilidade do sistema. Essa m\u00e9trica envolve o qu\u00e3o bem ela protege a privacidade do cliente. Tamb\u00e9m cobre a facilidade de uso do software que fornece o servi\u00e7o.<\/p>\n\n\n\n<p>Outro fator \u00e9 o crescimento do neg\u00f3cio de m-commerce. Quando uma empresa usa m-commerce, as pessoas precisam manter seu software. Deve promover uma boa \u00e9tica de trabalho entre os funcion\u00e1rios. Al\u00e9m disso, uma maior penetra\u00e7\u00e3o no mercado pode garantir o crescimento cont\u00ednuo do neg\u00f3cio. A melhoria cont\u00ednua dos processos e t\u00e9cnicas de marketing garante o sucesso.<\/p>\n\n\n\n<p>Um fator chave de sucesso \u00e9 tamb\u00e9m a lucratividade do neg\u00f3cio. Muitas m\u00e9tricas podem ajudar a avaliar isso. Um exemplo \u00e9 o qu\u00e3o satisfeitos seus clientes est\u00e3o com o servi\u00e7o. Al\u00e9m disso, aumentos na receita e na participa\u00e7\u00e3o de mercado ajudam a determinar isso.<\/p>\n\n\n\n<p>O apoio jur\u00eddico \u00e9 outro fator que auxilia no sucesso. O apoio governamental aos sistemas de com\u00e9rcio m\u00f3vel pode influenciar a sua utiliza\u00e7\u00e3o entre as pessoas. Dever\u00e1 tamb\u00e9m existir um sistema s\u00f3lido de apoio jur\u00eddico.<\/p>\n\n\n\n<h2 class=\"wp-block-heading\">Sobre a pesquisa de mercado de com\u00e9rcio m\u00f3vel<\/h2>\n\n\n\n<figure class=\"gb-block-image gb-block-image-3aa2bd1e\"><img decoding=\"async\" class=\"gb-image gb-image-3aa2bd1e\" src=\"https:\/\/www.sisinternational.com\/wp-content\/uploads\/2025\/03\/Flux_Dev_A_young_professional_in_their_midtwenties_with_short__0.jpeg\" alt=\"Pesquisa e Estrat\u00e9gia de Mercado Internacional da SIS\"><\/figure>\n\n\n\n<p><\/p>\n\n\n\n<p>Quantitative, Qualitative, and Strategy <a href=\"https:\/\/www.sisinternational.com\/pt\/cobertura\/as-americas\/pesquisa-de-mercado-no-caribe\/pesquisa-de-mercado-bahamas\/\" title=\"Pesquisa de mercado nas Bahamas\"  data-wpil-monitor-id=\"3538\">Research are helpful for market<\/a> research. This research may include Interviews, Surveys, or Focus Groups.<\/p>\n\n\n\n<p>M-commerce market research is vital for businesses that wish to provide this service. It provides insight into the drawbacks and benefits. This type of tech incurs high costs. Companies must consider these costs and assess the risks. Factors to <a href=\"https:\/\/www.sisinternational.com\/pt\/pericia\/industrias\/pesquisa-de-mercado-de-vacuo\/\" title=\"Pesquisa de mercado de v\u00e1cuo\"  data-wpil-monitor-id=\"4876\">pesquisar<\/a> include app speed and the best marketing strategies. These factors can help you deduce the best way to increase market share using m-commerce.<\/p>\n\n\n\n<h2 class=\"wp-block-heading\">Localiza\u00e7\u00e3o de nossas instala\u00e7\u00f5es em Nova York<\/h2>\n\n\n\n<p>  <iframe loading=\"lazy\" src=\"https:\/\/www.google.com\/maps\/embed?pb=!1m18!1m12!1m3!1d3022.976188376966!2d-73.99130312499956!3d40.740549471389315!2m3!1f0!2f0!3f0!3m2!1i1024!2i768!4f13.1!3m3!1m2!1s0x89c259a15798c731%3A0xd695d09bdd495f25!2s11%20E%2022nd%20St%20FL%202%2C%20New%20York%2C%20NY%2010010%2C%20USA!5e0!3m2!1sen!2spe!4v1726171763526!5m2!1sen!2spe\" width=\"600\" height=\"450\" allowfullscreen=\"allowfullscreen\" data-mce-fragment=\"1\"><\/iframe>  <\/p>\n\n\n\n<h3 class=\"wp-block-heading\">11 E 22nd Street, 2\u00ba andar, Nova York, NY 10010 T: +1(212) 505-6805<\/h3>\n\n\n\n<hr class=\"wp-block-separator has-alpha-channel-opacity\"\/>\n\n\n\n<h2 class=\"wp-block-heading\"><span style=\"font-weight: 400;\">Sobre SIS Internacional<\/span><\/h2>\n\n\n\n<p><a href=\"https:\/\/www.sisinternational.com\/pt\/\"><span style=\"font-weight: 400;\">SIS Internacional<\/span><\/a><span style=\"font-weight: 400;\"> oferece pesquisa quantitativa, qualitativa e estrat\u00e9gica. Fornecemos dados, ferramentas, estrat\u00e9gias, relat\u00f3rios e insights para a tomada de decis\u00f5es. Tamb\u00e9m realizamos entrevistas, pesquisas, grupos focais e outros m\u00e9todos e abordagens de Pesquisa de Mercado.<\/span><a href=\"https:\/\/www.sisinternational.com\/pt\/sobre-a-sis-international-research\/contact-sis-international-market-research\/\"><span style=\"font-weight: 400;\"> Entre em contato conosco<\/span><\/a><span style=\"font-weight: 400;\"> para o seu pr\u00f3ximo projeto de pesquisa de mercado.<\/span><\/p>\n\n\n\n<p><\/p>","protected":false},"excerpt":{"rendered":"<p>O com\u00e9rcio m\u00f3vel usa dispositivos port\u00e1teis como celulares e tablets. Suas transa\u00e7\u00f5es incluem servi\u00e7os banc\u00e1rios on-line ou pagamentos de contas. Tamb\u00e9m cobre compras di\u00e1rias de produtos. O m-commerce \u00e9 uma ferramenta crucial para o sucesso de um neg\u00f3cio moderno.<\/p>","protected":false},"author":1,"featured_media":63117,"parent":27462,"menu_order":41,"comment_status":"closed","ping_status":"closed","template":"","meta":{"footnotes":""},"class_list":["post-41029","page","type-page","status-publish","has-post-thumbnail"],"_links":{"self":[{"href":"https:\/\/www.sisinternational.com\/pt\/wp-json\/wp\/v2\/pages\/41029","targetHints":{"allow":["GET"]}}],"collection":[{"href":"https:\/\/www.sisinternational.com\/pt\/wp-json\/wp\/v2\/pages"}],"about":[{"href":"https:\/\/www.sisinternational.com\/pt\/wp-json\/wp\/v2\/types\/page"}],"author":[{"embeddable":true,"href":"https:\/\/www.sisinternational.com\/pt\/wp-json\/wp\/v2\/users\/1"}],"replies":[{"embeddable":true,"href":"https:\/\/www.sisinternational.com\/pt\/wp-json\/wp\/v2\/comments?post=41029"}],"version-history":[{"count":6,"href":"https:\/\/www.sisinternational.com\/pt\/wp-json\/wp\/v2\/pages\/41029\/revisions"}],"predecessor-version":[{"id":78816,"href":"https:\/\/www.sisinternational.com\/pt\/wp-json\/wp\/v2\/pages\/41029\/revisions\/78816"}],"up":[{"embeddable":true,"href":"https:\/\/www.sisinternational.com\/pt\/wp-json\/wp\/v2\/pages\/27462"}],"wp:featuredmedia":[{"embeddable":true,"href":"https:\/\/www.sisinternational.com\/pt\/wp-json\/wp\/v2\/media\/63117"}],"wp:attachment":[{"href":"https:\/\/www.sisinternational.com\/pt\/wp-json\/wp\/v2\/media?parent=41029"}],"curies":[{"name":"wp","href":"https:\/\/api.w.org\/{rel}","templated":true}]}}