{"id":41022,"date":"2022-11-12T04:24:26","date_gmt":"2022-11-12T04:24:26","guid":{"rendered":"https:\/\/www.sisinternational.com\/?page_id=41022"},"modified":"2026-01-26T17:57:50","modified_gmt":"2026-01-26T22:57:50","slug":"pesquisa-de-mercado-de-design-de-embalagens","status":"publish","type":"page","link":"https:\/\/www.sisinternational.com\/pt\/pericia\/pesquisa-de-mercado-de-design-de-embalagens\/","title":{"rendered":"Pesquisa de mercado de design de embalagens"},"content":{"rendered":"<h1 class=\"wp-block-heading\">Pesquisa de mercado de design de embalagens<\/h1>\n\n\n\n<figure class=\"gb-block-image gb-block-image-ab8835fd\"><img loading=\"lazy\" decoding=\"async\" width=\"1456\" height=\"816\" class=\"gb-image gb-image-ab8835fd\" src=\"https:\/\/www.sisinternational.com\/wp-content\/uploads\/2025\/09\/Package-7.jpg\" alt=\"Pesquisa e Estrat\u00e9gia de Mercado Internacional da SIS\" title=\"Package (7)\" srcset=\"https:\/\/www.sisinternational.com\/wp-content\/uploads\/2025\/09\/Package-7.jpg 1456w, https:\/\/www.sisinternational.com\/wp-content\/uploads\/2025\/09\/Package-7-300x168.jpg 300w, https:\/\/www.sisinternational.com\/wp-content\/uploads\/2025\/09\/Package-7-1024x574.jpg 1024w, https:\/\/www.sisinternational.com\/wp-content\/uploads\/2025\/09\/Package-7-768x430.jpg 768w, https:\/\/www.sisinternational.com\/wp-content\/uploads\/2025\/09\/Package-7-18x10.jpg 18w\" sizes=\"auto, (max-width: 1456px) 100vw, 1456px\"><\/figure>\n\n\n\n<p><\/p>\n\n\n\n<hr class=\"wp-block-separator has-alpha-channel-opacity is-style-dots\"\/>\n\n\n\n<h2 class=\"wp-block-heading\">Por que a embalagem \u00e9 importante?<\/h2>\n\n\n\n<p>A embalagem \u00e9 uma t\u00e1tica de marketing vital. As empresas usam embalagens para embelezar as mercadorias e atrair o consumidor. A elabora\u00e7\u00e3o de embalagens atraentes e persuasivas intriga os compradores de primeira viagem. Muitos consumidores julgam um produto pela embalagem antes de compr\u00e1-lo. \u00c9 a identidade de um produto. At\u00e9 as sacolas de compras falam com seus clientes e impactam a percep\u00e7\u00e3o da marca.<\/p>\n\n\n\n<p>Many companies conduct extensive research on <a href=\"https:\/\/www.sisinternational.com\/pt\/solucoes\/solucoes-de-branding-e-pesquisa-de-clientes\/pesquisa-de-mercado-de-embalagens\/\" title=\"Pesquisa de mercado de embalagens\"  data-wpil-monitor-id=\"6544\">designs<\/a> and color schemes for product packaging. These companies need to know the types of packaging that are most attractive to the intended consumer. Why do they go to such lengths? Because product packaging is often what often entices the consumer to take a look at the product.<\/p>\n\n\n\n<p>Os profissionais de marketing devem usar cada cent\u00edmetro dispon\u00edvel ao embalar um produto. A efici\u00eancia de custos tamb\u00e9m \u00e9 essencial. Os profissionais de marketing precisam observar a qualidade dos materiais. Eles tamb\u00e9m precisam analisar os m\u00e9todos de envio usados se quiserem obter valor pelo seu dinheiro. Outra considera\u00e7\u00e3o \u00e9 o refor\u00e7o da marca. Os recursos de design usados nas embalagens de uma empresa s\u00e3o uma parte principal da identidade de sua marca. Ela usa embalagens para comunicar essa identidade ao seu p\u00fablico-alvo. A facilidade de uso \u00e9 outro fator cr\u00edtico. Uma embalagem que seja f\u00e1cil de transportar, usar ou armazenar pelos consumidores ter\u00e1 um desempenho melhor do que uma que seja dif\u00edcil de gerenciar.<\/p>\n\n\n\n<h2 class=\"wp-block-heading\">A ascens\u00e3o das tend\u00eancias em embalagens<\/h2>\n\n\n\n<p>As empresas podem aproveitar tend\u00eancias como a impress\u00e3o 3D para criar embalagens sob demanda. Essa tend\u00eancia permite que as marcas ofere\u00e7am embalagens personalizadas aos clientes. Tamb\u00e9m permite que as empresas lancem novas embalagens em resposta a eventos especiais.<\/p>\n\n\n\n<p>A press\u00e3o de grupos de lobby e da m\u00eddia tamb\u00e9m est\u00e1 for\u00e7ando muitas marcas a abandonarem o pl\u00e1stico. Os consumidores tamb\u00e9m incentivam as marcas a usarem embalagens 100% sustent\u00e1veis. O desafio para os profissionais de marketing come\u00e7a com a defini\u00e7\u00e3o de qual novo material \u00e9 melhor usar. Esta defini\u00e7\u00e3o pode ser dif\u00edcil, dada a tend\u00eancia mut\u00e1vel da opini\u00e3o p\u00fablica. Mudar a embalagem de uma lata para uma bolsa tamb\u00e9m leva tempo. Tal transi\u00e7\u00e3o exige uma linha de produ\u00e7\u00e3o totalmente nova.<\/p>\n\n\n\n<p>A sacola pl\u00e1stica continua sendo uma das op\u00e7\u00f5es de embalagem mais econ\u00f4micas dispon\u00edveis. Outra op\u00e7\u00e3o popular de baixo custo s\u00e3o as caixas de papel\u00e3o, f\u00e1ceis de personalizar. Muitas empresas tamb\u00e9m optam por sacolas de papel. Dessa forma, eles se autodenominam empresas ecologicamente corretas.<\/p>\n\n\n\n<h2 class=\"wp-block-heading\">Como a pesquisa qualitativa ajuda no design de embalagens?<\/h2>\n\n\n\n<p>New product concept testing is a qualitative research method. It helps marketers by determining the reactions of individuals to alternative <a href=\"https:\/\/www.sisinternational.com\/pt\/solucoes\/inovacao\/pensamento-de-design\/\" title=\"Pesquisa de mercado de pensamento de design\"  data-wpil-monitor-id=\"6682\">packaging<\/a> designs. Usability testing is another method that helps. This method compiles user observations on design features. It assists marketers by outlining the features that are easy or difficult to use. Qualitative <a href=\"https:\/\/www.sisinternational.com\/pt\/o-papel-do-desenvolvimento-de-processos-e-sistemas-no-sucesso-organizacional\/\" title=\"Pesquisa de mercado de design organizacional\"  data-wpil-monitor-id=\"2936\">research can also help marketers<\/a> to use packaging to improve brand perception.<\/p>\n\n\n\n<h2 class=\"wp-block-heading\">Como a pesquisa quantitativa ajuda?<\/h2>\n\n\n\n<p>A resposta falada \u00e0 pergunta \u201cVoc\u00ea gosta deste produto?\u201d nem sempre pode ser a verdadeira resposta. Os entrevistados podem dar respostas distorcidas devido a preconceitos cognitivos. A solu\u00e7\u00e3o \u00e9 o rastreamento ocular. Essa m\u00e9trica ajuda os profissionais de marketing a entender melhor a experi\u00eancia do consumidor. As pesquisas s\u00e3o outro m\u00e9todo quantitativo. Estas pesquisas s\u00e3o valiosas para avaliar como o design de embalagem proposto est\u00e1 funcionando. Eles tamb\u00e9m ajudam os profissionais de marketing a determinar se o novo modelo est\u00e1 pronto para entrar no mercado.<\/p>\n\n\n\n<h2 class=\"wp-block-heading\">Como a pesquisa estrat\u00e9gica ajuda?<\/h2>\n\n\n\n<p>A an\u00e1lise competitiva aprofundada \u00e9 indispens\u00e1vel para qualquer organiza\u00e7\u00e3o. Outra ferramenta valiosa \u00e9 uma avalia\u00e7\u00e3o de oportunidades de mercado. Esta m\u00e9trica identifica requisitos e barreiras \u00e0 entrada no mercado. As empresas tamb\u00e9m precisam pesquisar o dimensionamento do mercado. Esta ferramenta ajuda as empresas a distinguir entre o mercado endere\u00e7\u00e1vel e o mercado dispon\u00edvel. O mercado endere\u00e7\u00e1vel \u00e9 a oportunidade de receita total de um produto ou servi\u00e7o. O mercado dispon\u00edvel \u00e9 uma se\u00e7\u00e3o do mercado endere\u00e7\u00e1vel pelo qual uma empresa pode competir.<\/p>\n\n\n\n<p>Outro elemento vital da pesquisa estrat\u00e9gica \u00e9 o rastreamento do setor. O monitoramento estrat\u00e9gico das observa\u00e7\u00f5es, capacidade de resposta e comportamento do consumidor fornece intelig\u00eancia de marketing crucial. Esta intelig\u00eancia ajuda a orientar as empresas atrav\u00e9s das mudan\u00e7as r\u00e1pidas e ca\u00f3ticas nos meios de comunica\u00e7\u00e3o. Tamb\u00e9m os conduz atrav\u00e9s da disrup\u00e7\u00e3o na tecnologia e nos canais de distribui\u00e7\u00e3o. O rastreamento estrat\u00e9gico responde a quest\u00f5es essenciais, como a tend\u00eancia do reconhecimento da marca. Este m\u00e9todo permite que as empresas concorram melhor no mercado.<\/p>\n\n\n\n<p><\/p>","protected":false},"excerpt":{"rendered":"<p>A embalagem \u00e9 uma t\u00e1tica de marketing vital. As empresas usam embalagens para embelezar as mercadorias e atrair o consumidor. A elabora\u00e7\u00e3o de embalagens atraentes e persuasivas intriga os compradores de primeira viagem.<\/p>","protected":false},"author":1,"featured_media":69143,"parent":14514,"menu_order":150,"comment_status":"closed","ping_status":"closed","template":"","meta":{"footnotes":""},"class_list":["post-41022","page","type-page","status-publish","has-post-thumbnail"],"_links":{"self":[{"href":"https:\/\/www.sisinternational.com\/pt\/wp-json\/wp\/v2\/pages\/41022","targetHints":{"allow":["GET"]}}],"collection":[{"href":"https:\/\/www.sisinternational.com\/pt\/wp-json\/wp\/v2\/pages"}],"about":[{"href":"https:\/\/www.sisinternational.com\/pt\/wp-json\/wp\/v2\/types\/page"}],"author":[{"embeddable":true,"href":"https:\/\/www.sisinternational.com\/pt\/wp-json\/wp\/v2\/users\/1"}],"replies":[{"embeddable":true,"href":"https:\/\/www.sisinternational.com\/pt\/wp-json\/wp\/v2\/comments?post=41022"}],"version-history":[{"count":6,"href":"https:\/\/www.sisinternational.com\/pt\/wp-json\/wp\/v2\/pages\/41022\/revisions"}],"predecessor-version":[{"id":80262,"href":"https:\/\/www.sisinternational.com\/pt\/wp-json\/wp\/v2\/pages\/41022\/revisions\/80262"}],"up":[{"embeddable":true,"href":"https:\/\/www.sisinternational.com\/pt\/wp-json\/wp\/v2\/pages\/14514"}],"wp:featuredmedia":[{"embeddable":true,"href":"https:\/\/www.sisinternational.com\/pt\/wp-json\/wp\/v2\/media\/69143"}],"wp:attachment":[{"href":"https:\/\/www.sisinternational.com\/pt\/wp-json\/wp\/v2\/media?parent=41022"}],"curies":[{"name":"wp","href":"https:\/\/api.w.org\/{rel}","templated":true}]}}