{"id":41020,"date":"2022-11-12T00:29:27","date_gmt":"2022-11-12T00:29:27","guid":{"rendered":"https:\/\/www.sisinternational.com\/?page_id=41020"},"modified":"2026-01-27T16:45:47","modified_gmt":"2026-01-27T21:45:47","slug":"pesquisa-de-mercado-na-tanzania","status":"publish","type":"page","link":"https:\/\/www.sisinternational.com\/pt\/cobertura\/pesquisa-de-mercado-africa\/pesquisa-de-mercado-na-tanzania\/","title":{"rendered":"Pesquisa de mercado na Tanz\u00e2nia"},"content":{"rendered":"<h1 class=\"wp-block-heading\">Pesquisa de mercado na Tanz\u00e2nia<\/h1>\n\n\n\n<figure class=\"gb-block-image gb-block-image-eb503364\"><img loading=\"lazy\" decoding=\"async\" width=\"1456\" height=\"816\" class=\"gb-image gb-image-eb503364\" src=\"https:\/\/www.sisinternational.com\/wp-content\/uploads\/2025\/08\/Tanzania-4.jpg\" alt=\"Pesquisa e Estrat\u00e9gia de Mercado Internacional da SIS\" title=\"Tanzania (4)\" srcset=\"https:\/\/www.sisinternational.com\/wp-content\/uploads\/2025\/08\/Tanzania-4.jpg 1456w, https:\/\/www.sisinternational.com\/wp-content\/uploads\/2025\/08\/Tanzania-4-300x168.jpg 300w, https:\/\/www.sisinternational.com\/wp-content\/uploads\/2025\/08\/Tanzania-4-1024x574.jpg 1024w, https:\/\/www.sisinternational.com\/wp-content\/uploads\/2025\/08\/Tanzania-4-768x430.jpg 768w, https:\/\/www.sisinternational.com\/wp-content\/uploads\/2025\/08\/Tanzania-4-18x10.jpg 18w\" sizes=\"auto, (max-width: 1456px) 100vw, 1456px\"><\/figure>\n\n\n\n<p><\/p>\n\n\n\n<hr class=\"wp-block-separator has-alpha-channel-opacity is-style-dots\"\/>\n\n\n\n<p>A Tanz\u00e2nia \u00e9 uma rep\u00fablica na \u00c1frica Oriental. A sua fronteira norte encontra o Uganda e o Qu\u00e9nia. A Rep\u00fablica do Congo, Ruanda e Burundi ficam a oeste. A Tanz\u00e2nia tamb\u00e9m faz fronteira com Malawi, Mo\u00e7ambique e Z\u00e2mbia ao sul. Al\u00e9m disso, o Oceano \u00cdndico lava a costa leste do pa\u00eds.<\/p>\n\n\n\n<p>O apelido da Tanz\u00e2nia \u00e9 \u201cA Alma da \u00c1frica\u201d. Esta denomina\u00e7\u00e3o surgiu devido \u00e0 sua rica cultura e hist\u00f3ria e \u00e0 sua vida selvagem diversificada. Outro atributo s\u00e3o os seus parques nacionais, que incluem o Serengeti. Tamb\u00e9m localizado na Tanz\u00e2nia est\u00e1 o pico mais alto do continente africano, o Monte Kilimanjaro, um vulc\u00e3o adormecido com 5.895 metros (19.340 p\u00e9s).<\/p>\n\n\n\n<h2 class=\"wp-block-heading\">Principais ind\u00fastrias<\/h2>\n\n\n\n<h3 class=\"wp-block-heading\">Minera\u00e7\u00e3o, energia, constru\u00e7\u00e3o e engenharia constituem a economia da Tanz\u00e2nia.<\/h3>\n\n\n\n<p>Al\u00e9m disso, a Tanz\u00e2nia exporta produtos agr\u00edcolas, mat\u00e9rias-primas, min\u00e9rios, metais e produtos manufaturados. Caf\u00e9, tabaco, algod\u00e3o, castanha de caju e ch\u00e1 representam quase metade do total das exporta\u00e7\u00f5es da Tanz\u00e2nia.<\/p>\n\n\n\n<p>A desacelera\u00e7\u00e3o econ\u00f3mica global afectou as ind\u00fastrias orientadas para a exporta\u00e7\u00e3o. O turismo e as exporta\u00e7\u00f5es tradicionais s\u00e3o dois desses sectores. A crise tamb\u00e9m atenuou a actividade econ\u00f3mica interna, bem como as importa\u00e7\u00f5es, afectando os meios de subsist\u00eancia.<\/p>\n\n\n\n<p>Dar es Salaam, que significa \u201cref\u00fagio de paz\u201d em sua\u00edli, \u00e9 a principal cidade da Tanz\u00e2nia. Al\u00e9m disso, Dar es Salaam \u00e9 a cidade que mais cresce em \u00c1frica. Sua popula\u00e7\u00e3o vem aumentando desde meados da d\u00e9cada de 1980. Na verdade, est\u00e1 a caminho de se tornar um dos maiores centros comerciais da \u00c1frica Oriental.<\/p>\n\n\n\n<h2 class=\"wp-block-heading\">Bairros<\/h2>\n\n\n\n<p>Masaki \u00e9 uma \u00e1rea rica de Dar es Salaam. Al\u00e9m disso, possui uma concentra\u00e7\u00e3o de expatriados e dignit\u00e1rios estrangeiros. Sem mencionar que uma variedade de culin\u00e1ria est\u00e1 dispon\u00edvel de todo o mundo e vice-versa. Al\u00e9m do mais, muitos bares e sal\u00f5es combinam com estes restaurantes para uma vida noturna vibrante.<\/p>\n\n\n\n<p>A praia de Bahari tem uma mistura de casas de fam\u00edlias jovens e mais velhas. Esta \u00e1rea segura oferece muito espa\u00e7o para passear. Uma popula\u00e7\u00e3o crescente significa mais lojas, op\u00e7\u00f5es de alimenta\u00e7\u00e3o e conex\u00f5es de transporte.<\/p>\n\n\n\n<p>A capital oficial da Tanz\u00e2nia \u00e9 Dodoma, localizada a cerca de 300 milhas do Oceano \u00cdndico para o interior. Os esfor\u00e7os para transferir o governo da antiga capital t\u00eam sido lentos devido ao crescimento de Dar es Salaam.<\/p>\n\n\n\n<p>Depois h\u00e1 Zanzibar, uma ilha rica em especiarias e uma cultura que atrai viajantes internacionais. \u00c9 um para\u00edso secreto com \u00e1guas cristalinas durante o dia e festas de lua cheia a noite toda.<\/p>\n\n\n\n<h2 class=\"wp-block-heading\">Tend\u00eancias<\/h2>\n\n\n\n<p>A \u00faltima d\u00e9cada trouxe um crescimento econ\u00f3mico robusto \u00e0 Rep\u00fablica Unida da Tanz\u00e2nia. H\u00e1 um foco recente na opera\u00e7\u00e3o de uma administra\u00e7\u00e3o mais enxuta. O governo afirma que isso levar\u00e1 a melhorias na efici\u00eancia do setor p\u00fablico. Entretanto, empregou outras estrat\u00e9gias eficientes. Por exemplo, utiliza processamento eletr\u00f4nico para documentos e pagamentos. A infraestrutura digital para quest\u00f5es como impostos e ficheiros relacionados com o com\u00e9rcio mostra progressos not\u00e1veis.<\/p>\n\n\n\n<p>At\u00e9 2025, a Vis\u00e3o de Desenvolvimento da Tanz\u00e2nia procura transformar o estado. O objetivo \u00e9 torn\u00e1-la uma economia de renda m\u00e9dia e semi-industrializada.<\/p>\n\n\n\n<p>Commercial opportunities in Tanzania look bright. The energy sector is shining. As transportation infrastructure becomes reformed, reliable, and more efficient, Tanzanians can expect export growth. There is also potential export growth for manufactured goods and agriculture. With more activity in ports, services, and tourism can increase in the medium term.<\/p>\n\n\n\n<p>The country <a href=\"https:\/\/www.sisinternational.com\/pt\/analysis-b2b\/\" title=\"What Business Leaders Need to Know Right Now\"  data-wpil-monitor-id=\"10035\">needs further development in the business<\/a> sector. Advancements in this sector will help Tanzania improve its global business environment rankings. Difficulties with corruption and poor infrastructure have hindered the country in the past. Another roadblock used to be the difficulty in accessing financing.<\/p>\n\n\n\n<h2 class=\"wp-block-heading\">Benef\u00edcios e pontos fortes<\/h2>\n\n\n\n<p>Tanzania ranks high among its regional peers in foreign direct investment. Many multinational companies focus on the country\u2019s energy <a href=\"https:\/\/www.sisinternational.com\/pt\/pericia\/industrias\/pesquisa-de-mercado-de-recursos-naturais\/\" title=\"Pesquisa de mercado de recursos naturais\"  data-wpil-monitor-id=\"10026\">resources because Tanzania has natural<\/a> gas reserves along the southern coast. The Tanzanian government encourages local and international investment.<\/p>\n\n\n\n<p>O turismo \u00e9 um dos setores que mais cresce na Tanz\u00e2nia, ao lado do imobili\u00e1rio e dos transportes.<\/p>\n\n\n\n<h3 class=\"wp-block-heading\">Base de Consumidores<\/h3>\n\n\n\n<p>Durante a pandemia, muitos tanzanianos sofreram perdas financeiras. O aumento do desemprego resultou de quedas acentuadas nas vendas e de pouco fluxo de caixa. Os choques econ\u00f3micos aproximam a popula\u00e7\u00e3o m\u00e9dia da Tanz\u00e2nia do limiar da pobreza.<\/p>\n\n\n\n<h3 class=\"wp-block-heading\">Raz\u00f5es para expandir o seu neg\u00f3cio na Tanz\u00e2nia<\/h3>\n\n\n\n<p>Those investing in Tanzania have the benefit of entering a <a href=\"https:\/\/www.sisinternational.com\/pt\/solucoes\/pesquisa-de-mercado-de-crescimento-corporativo-internacional\/\" title=\"Pesquisa de mercado sobre crescimento corporativo internacional\"  data-wpil-monitor-id=\"10029\">market with steady growth<\/a>. The World Bank recently upgraded the Tanzanian economy from low- to lower-middle-income. Thus, the time to invest is now as demand and consumer disposable income increase.<\/p>\n\n\n\n<p>International partnerships are the focus of the Tanzanian government. Companies listed on the domestic stock <a href=\"https:\/\/www.sisinternational.com\/pt\/solucoes\/pesquisa-de-consultoria-em-estrategia-fintech\/pesquisa-de-mercado-cambial\/\" title=\"Pesquisa de mercado cambial\"  data-wpil-monitor-id=\"10031\">exchange can have 100% foreign<\/a> ownership. There are also tax and investment incentives for qualifying businesses.<\/p>\n\n\n\n<h2 class=\"wp-block-heading\">Pesquisa de mercado na Tanz\u00e2nia<\/h2>\n\n\n\n<p>Any seasoned investor knows the <a href=\"https:\/\/www.sisinternational.com\/pt\/solucoes\/pesquisa-de-mercado-de-valor-vitalicio-do-cliente\/\" title=\"Pesquisa de mercado sobre o valor da vida \u00fatil do cliente\"  data-wpil-monitor-id=\"10023\">value of market research<\/a>. Even those exploring potential <a href=\"https:\/\/www.sisinternational.com\/pt\/top-5-benefits-of-qualitative-market-research-for-businesses\/\" title=\"Top 5 Benefits of Qualitative Market Research for Businesses\"  data-wpil-monitor-id=\"10033\">business ideas should perform Qualitative<\/a>, Quantitative, and Strategy Research. <a href=\"https:\/\/www.sisinternational.com\/pt\/entrando-no-mercado-latino-americano\/\" title=\"Entrando no mercado latino-americano\"  data-wpil-monitor-id=\"7555\">Pesquisa de mercado na Tanz\u00e2nia<\/a> will prepare your business to enter the Tanzanian market.<\/p>\n\n\n\n<p>Interviews and <a href=\"https:\/\/www.sisinternational.com\/pt\/solucoes\/solucoes-de-pesquisa-quantitativa-qualitativa\/pesquisa-de-mercado\/\" title=\"Pesquisa de mercado\"  data-wpil-monitor-id=\"10037\">pesquisas<\/a> can also give you a deeper understanding of market opportunities. Focus Groups and Data Analysis are other beneficial tools for Market Research in Tanzania.<\/p>\n\n\n\n<p><\/p>","protected":false},"excerpt":{"rendered":"<p>A \u00faltima d\u00e9cada trouxe um crescimento econ\u00f3mico robusto \u00e0 Rep\u00fablica Unida da Tanz\u00e2nia. Minera\u00e7\u00e3o, energia, constru\u00e7\u00e3o e engenharia constituem a economia da Tanz\u00e2nia.<\/p>","protected":false},"author":1,"featured_media":65232,"parent":14281,"menu_order":48,"comment_status":"closed","ping_status":"closed","template":"","meta":{"footnotes":""},"class_list":["post-41020","page","type-page","status-publish","has-post-thumbnail"],"_links":{"self":[{"href":"https:\/\/www.sisinternational.com\/pt\/wp-json\/wp\/v2\/pages\/41020","targetHints":{"allow":["GET"]}}],"collection":[{"href":"https:\/\/www.sisinternational.com\/pt\/wp-json\/wp\/v2\/pages"}],"about":[{"href":"https:\/\/www.sisinternational.com\/pt\/wp-json\/wp\/v2\/types\/page"}],"author":[{"embeddable":true,"href":"https:\/\/www.sisinternational.com\/pt\/wp-json\/wp\/v2\/users\/1"}],"replies":[{"embeddable":true,"href":"https:\/\/www.sisinternational.com\/pt\/wp-json\/wp\/v2\/comments?post=41020"}],"version-history":[{"count":5,"href":"https:\/\/www.sisinternational.com\/pt\/wp-json\/wp\/v2\/pages\/41020\/revisions"}],"predecessor-version":[{"id":81660,"href":"https:\/\/www.sisinternational.com\/pt\/wp-json\/wp\/v2\/pages\/41020\/revisions\/81660"}],"up":[{"embeddable":true,"href":"https:\/\/www.sisinternational.com\/pt\/wp-json\/wp\/v2\/pages\/14281"}],"wp:featuredmedia":[{"embeddable":true,"href":"https:\/\/www.sisinternational.com\/pt\/wp-json\/wp\/v2\/media\/65232"}],"wp:attachment":[{"href":"https:\/\/www.sisinternational.com\/pt\/wp-json\/wp\/v2\/media?parent=41020"}],"curies":[{"name":"wp","href":"https:\/\/api.w.org\/{rel}","templated":true}]}}