{"id":41016,"date":"2022-11-12T00:08:27","date_gmt":"2022-11-12T00:08:27","guid":{"rendered":"https:\/\/www.sisinternational.com\/?page_id=41016"},"modified":"2026-01-26T18:47:08","modified_gmt":"2026-01-26T23:47:08","slug":"pesquisa-de-mercado-na-namibia","status":"publish","type":"page","link":"https:\/\/www.sisinternational.com\/pt\/cobertura\/pesquisa-de-mercado-africa\/pesquisa-de-mercado-na-namibia\/","title":{"rendered":"Pesquisa de mercado na Nam\u00edbia"},"content":{"rendered":"<h1 class=\"wp-block-heading\">Pesquisa de mercado na Nam\u00edbia<\/h1>\n\n\n\n<figure class=\"gb-block-image gb-block-image-3141a289\"><img loading=\"lazy\" decoding=\"async\" width=\"1456\" height=\"816\" class=\"gb-image gb-image-3141a289\" src=\"https:\/\/www.sisinternational.com\/wp-content\/uploads\/2025\/08\/Namibia-2.jpg\" alt=\"Pesquisa e Estrat\u00e9gia de Mercado Internacional da SIS\" title=\"Namibia (2)\" srcset=\"https:\/\/www.sisinternational.com\/wp-content\/uploads\/2025\/08\/Namibia-2.jpg 1456w, https:\/\/www.sisinternational.com\/wp-content\/uploads\/2025\/08\/Namibia-2-300x168.jpg 300w, https:\/\/www.sisinternational.com\/wp-content\/uploads\/2025\/08\/Namibia-2-1024x574.jpg 1024w, https:\/\/www.sisinternational.com\/wp-content\/uploads\/2025\/08\/Namibia-2-768x430.jpg 768w, https:\/\/www.sisinternational.com\/wp-content\/uploads\/2025\/08\/Namibia-2-18x10.jpg 18w\" sizes=\"auto, (max-width: 1456px) 100vw, 1456px\"><\/figure>\n\n\n\n<p><\/p>\n\n\n\n<hr class=\"wp-block-separator has-alpha-channel-opacity is-style-dots\"\/>\n\n\n\n<p>A Rep\u00fablica da Nam\u00edbia fica na costa sudoeste da \u00c1frica. Angola faz fronteira com a Nam\u00edbia a norte, a Z\u00e2mbia a nordeste, o Botswana a leste, a \u00c1frica do Sul a sudeste e a sul, e o Oceano Atl\u00e2ntico a oeste.<\/p>\n\n\n\n<p>A l\u00edngua oficial \u00e9 o ingl\u00eas, mas apenas cerca de 3% da popula\u00e7\u00e3o o utiliza como l\u00edngua materna. A principal l\u00edngua materna \u00e9 o Ovambo. As pessoas tamb\u00e9m conversam entre si em Nama-Damara, Kavango, Capriviano e Afric\u00e2ner. Muitos namibianos falam duas ou mais l\u00ednguas ind\u00edgenas. Eles tamb\u00e9m conhecem pelo menos duas das tr\u00eas l\u00ednguas europeias: ingl\u00eas, afric\u00e2ner e alem\u00e3o.<\/p>\n\n\n\n<p>Muitos aderem \u00e0 f\u00e9 crist\u00e3, pelo menos no nome. Uma pequena parcela da popula\u00e7\u00e3o adere \u00e0s cren\u00e7as tradicionais.<\/p>\n\n\n\n<h2 class=\"wp-block-heading\">Principais ind\u00fastrias<\/h2>\n\n\n\n<p>The mining industry accounts for under a third of Namibia\u2019s GDP. Yet, only a tiny part of the labor force works in the mines. Diamonds, uranium oxide, and base metals are primary mining resources. The production of uranium is high, but problems arise for new ore deposits. Thus, the <a href=\"https:\/\/www.sisinternational.com\/pt\/venezuela-oil-mining-industry-potential-strategic-forecast-2026-2036\/\" title=\"Venezuela Oil &amp; Mining Industry Potential: Strategic Forecast 2026-2036\"  data-wpil-monitor-id=\"10030\">industry needs expansion to new mines<\/a> to maintain the production of uranium.<\/p>\n\n\n\n<p>Exports include diamonds, uranium oxide, furs, meat, fish, other animal products, base metals, and gold. The main <a href=\"https:\/\/www.sisinternational.com\/pt\/cobertura\/pesquisa-de-mercado-africa\/pesquisa-de-mercado-em-seychelles-africa\/\" title=\"Pesquisa de mercado em Seychelles, \u00c1frica\"  data-wpil-monitor-id=\"5106\">markets are South Africa<\/a>, other neighboring countries, and western Europe.<\/p>\n\n\n\n<p>A agricultura \u00e9 um dos setores mais importantes da Nam\u00edbia. Mas representa apenas uma frac\u00e7\u00e3o da contribui\u00e7\u00e3o da minera\u00e7\u00e3o para o PIB. Ainda assim, a maioria da popula\u00e7\u00e3o depende da agricultura para a sua subsist\u00eancia.<\/p>\n\n\n\n<p>A pecu\u00e1ria representa cerca de dois ter\u00e7os da produ\u00e7\u00e3o agr\u00edcola e \u00e9 uma importante fonte de divisas para a Nam\u00edbia. A agricultura e a silvicultura constituem o ter\u00e7o restante.<\/p>\n\n\n\n<h2 class=\"wp-block-heading\">Bairros<\/h2>\n\n\n\n<p>Windhoek \u00e9 a capital da Nam\u00edbia, localizada quase no centro do pa\u00eds. Antes do in\u00edcio da coloniza\u00e7\u00e3o europeia, o nome da cidade era Aigams, que significa \u201c\u00e1gua quente\u201d. O nome \u00e9 uma refer\u00eancia \u00e0s fontes termais da regi\u00e3o.<\/p>\n\n\n\n<p>Cerca de metade de toda a popula\u00e7\u00e3o vive no extremo norte. Aproximadamente 15 por cento vivem nas \u00e1reas de pecu\u00e1ria comercial ao norte e ao sul de Windhoek. Outros dez por cento vivem em terras de origem de ex-negros no centro e no sul. Muitos vivem na Grande Windhoek. O restante vive em cidades mineiras costeiras e interiores. Mais de um ter\u00e7o dos namibianos vive em \u00e1reas urbanas.<\/p>\n\n\n\n<h2 class=\"wp-block-heading\">Tend\u00eancias<\/h2>\n\n\n\n<p>A popula\u00e7\u00e3o da Nam\u00edbia \u00e9 jovem. Est\u00e1 a crescer a um ritmo modesto, em compara\u00e7\u00e3o com outros pa\u00edses africanos.<\/p>\n\n\n\n<p>A pandemia da COVID-19 atingiu duramente a economia da Nam\u00edbia, com um decl\u00ednio no turismo e no retalho. O com\u00e9rcio e os investimentos tamb\u00e9m sofreram, assim como a sa\u00fade e a educa\u00e7\u00e3o. Uma preocupa\u00e7\u00e3o tamb\u00e9m \u00e9 a desigualdade no emprego e nos sal\u00e1rios agravada pela pandemia. Alguns especialistas propuseram que a Nam\u00edbia se concentrasse na tecnologia para ajudar no crescimento econ\u00f3mico.<\/p>\n\n\n\n<p>A penetra\u00e7\u00e3o da Internet na Nam\u00edbia era de 51% em Janeiro de 2021. Depois disso, a utiliza\u00e7\u00e3o da Internet e das redes sociais aumentou.<\/p>\n\n\n\n<h2 class=\"wp-block-heading\">Benef\u00edcios e pontos fortes do mercado<\/h2>\n\n\n\n<p>A Nam\u00edbia \u00e9 o s\u00e9timo pa\u00eds mais favor\u00e1vel aos neg\u00f3cios em \u00c1frica. A economia, a estabilidade pol\u00edtica e o rendimento per capita est\u00e3o entre os melhores de \u00c1frica.<\/p>\n\n\n\n<p>A Nam\u00edbia fornece pouco menos de um ter\u00e7o da produ\u00e7\u00e3o global de diamantes e \u00e9 um grande produtor de \u00f3xido de ur\u00e2nio.<\/p>\n\n\n\n<p>A Nam\u00edbia tamb\u00e9m \u00e9 l\u00edder na produ\u00e7\u00e3o de carne. Foi o primeiro pa\u00eds africano a exportar carne bovina para os Estados Unidos.<\/p>\n\n\n\n<h2 class=\"wp-block-heading\">Base de Consumidores<\/h2>\n\n\n\n<p>A maior parte dos namibianos s\u00e3o negros, com algumas pessoas com ascend\u00eancia europeia.<\/p>\n\n\n\n<p>O Banco Mundial considera a Nam\u00edbia uma economia de rendimento m\u00e9dio-alto. Esta classifica\u00e7\u00e3o est\u00e1 acima da m\u00e9dia para os pa\u00edses da \u00c1frica Subsaariana. Este resumo \u00e9 enganador, uma vez que a maioria dos namibianos vive na pobreza e muitos t\u00eam acesso limitado aos servi\u00e7os p\u00fablicos. A desnutri\u00e7\u00e3o \u00e9 um problema, especialmente entre as crian\u00e7as. Menos de 50 por cento da for\u00e7a de trabalho est\u00e1 envolvida em empregos assalariados formais. Na verdade, o pa\u00eds tem estat\u00edsticas de desemprego muito elevadas.<\/p>\n\n\n\n<p>A maioria dos namibianos dedica-se \u00e0 agricultura de subsist\u00eancia e \u00e0 pastor\u00edcia. A Nam\u00edbia tamb\u00e9m tem centenas de milhares de trabalhadores qualificados.<\/p>\n\n\n\n<p>Despite the poverty of its people, Namibia has one of <a href=\"https:\/\/www.sisinternational.com\/pt\/pesquisa-de-mercado-de-saude-emea\/\" title=\"Pesquisa de mercado de sa\u00fade na Europa\"  data-wpil-monitor-id=\"7046\">Africa\u2019s best healthcare<\/a> systems (measured by population-to-hospital bed and population-to-doctor ratios).<\/p>\n\n\n\n<p>Mais de metade da popula\u00e7\u00e3o da Nam\u00edbia vive em centros urbanos, enquanto o resto vive em \u00e1reas rurais.<\/p>\n\n\n\n<p>Em compara\u00e7\u00e3o com outros pa\u00edses ao sul do Saara, \u00e9 f\u00e1cil chegar aos consumidores namibianos. O consumidor namibiano \u00e9 bem educado e tem melhores conex\u00f5es nas redes sociais.<\/p>\n\n\n\n<h2 class=\"wp-block-heading\">Por que voc\u00ea deve expandir seus neg\u00f3cios no mercado da Nam\u00edbia<\/h2>\n\n\n\n<p>A Nam\u00edbia tem potencial para investir no desenvolvimento de muitos dos seus recursos. As suas ind\u00fastrias, embora estabelecidas, ainda est\u00e3o em desenvolvimento e emergindo.<\/p>\n\n\n\n<p>The government channels a wealth of <a href=\"https:\/\/www.sisinternational.com\/pt\/solucoes\/pesquisa-de-mercado-de-ia-e-consultoria-estrategica\/mineracao-recursos-naturais-automacao-consultoria-em-inteligencia-artificial\/\" title=\"Automa\u00e7\u00e3o de Minera\u00e7\u00e3o e Recursos Naturais e Consultoria em IA\"  data-wpil-monitor-id=\"10024\">natural resources into mining<\/a>. This practice can serve as an opportunity for companies. Namibians need investors to provide equipment and services to mining operators.<\/p>\n\n\n\n<p>Namibia imports nearly all its consumer goods and exports most of its primary resources, many unprocessed. Investors have opportunities to introduce new consumer goods. As an investor, you can also expand <a href=\"https:\/\/www.sisinternational.com\/pt\/pericia\/industrias\/pesquisa-de-mercado-de-fabricacao-de-bebidas-alimenticias\/\" title=\"Pesquisa de mercado de fabrica\u00e7\u00e3o de alimentos e bebidas\"  data-wpil-monitor-id=\"10027\">manufacturing for both local and international markets<\/a>.<\/p>\n\n\n\n<p>The urban population in Namibia is growing fast and the country has a sizeable wealthy consumer base, which offers many opportunities for potential investors. Namibia has an affluent consumer segment, which is brand loyal. These <a href=\"https:\/\/www.sisinternational.com\/pt\/solucoes\/pesquisa-de-mercado-de-ia-e-consultoria-estrategica\/consultoria-de-ia-em-automacao-de-servicos-de-bens-de-consumo\/\" title=\"Automa\u00e7\u00e3o de bens de consumo e servi\u00e7os e consultoria em IA\"  data-wpil-monitor-id=\"10039\">consumers<\/a> are willing to pay higher prices for faster and better service.<\/p>\n\n\n\n<h2 class=\"wp-block-heading\">Sobre pesquisa de mercado na Nam\u00edbia<\/h2>\n\n\n\n<p>It\u2019s essential to look at the distribution of wealth. It\u2019s also vital to know the demographics in particular areas. Thus, it may prove fruitful to have Focus Groups, Surveys, and Interviews. These tools can help to target isolated groups to determine the <a href=\"https:\/\/www.sisinternational.com\/pt\/b2b\/\" title=\"Cost-Effective and Actionable Insights to Drive Your Next Strategic Move\"  data-wpil-monitor-id=\"10038\">next course of action<\/a>. Another critical service is Qualitative, Quantitative, and Strategy Research. Your <a href=\"https:\/\/www.sisinternational.com\/pt\/predictive-analytics\/\" title=\"Predictive Analytics: Your Crystal Ball for Business Success\"  data-wpil-monitor-id=\"10034\">business needs these services to be successful<\/a> in Namibia. Contact SIS <a href=\"https:\/\/www.sisinternational.com\/pt\/solucoes\/solucoes-de-branding-e-pesquisa-de-clientes\/pesquisa-de-mercado-para-testes-de-produtos\/sis-internationals-teste-de-sabor-de-comida\/\" title=\"O que torna a SIS International Research a TOP empresa de pesquisa de mercado para testes de sabor de alimentos na cidade de Nova York\"  data-wpil-monitor-id=\"10036\">Internacional<\/a> today for more options for the Namibian market.<\/p>\n\n\n\n<p><\/p>","protected":false},"excerpt":{"rendered":"<p>A Nam\u00edbia \u00e9 o s\u00e9timo pa\u00eds mais favor\u00e1vel aos neg\u00f3cios em \u00c1frica. A economia, a estabilidade pol\u00edtica e o rendimento per capita est\u00e3o entre os melhores de \u00c1frica.<\/p>","protected":false},"author":1,"featured_media":65311,"parent":14281,"menu_order":47,"comment_status":"closed","ping_status":"closed","template":"","meta":{"footnotes":""},"class_list":["post-41016","page","type-page","status-publish","has-post-thumbnail"],"_links":{"self":[{"href":"https:\/\/www.sisinternational.com\/pt\/wp-json\/wp\/v2\/pages\/41016","targetHints":{"allow":["GET"]}}],"collection":[{"href":"https:\/\/www.sisinternational.com\/pt\/wp-json\/wp\/v2\/pages"}],"about":[{"href":"https:\/\/www.sisinternational.com\/pt\/wp-json\/wp\/v2\/types\/page"}],"author":[{"embeddable":true,"href":"https:\/\/www.sisinternational.com\/pt\/wp-json\/wp\/v2\/users\/1"}],"replies":[{"embeddable":true,"href":"https:\/\/www.sisinternational.com\/pt\/wp-json\/wp\/v2\/comments?post=41016"}],"version-history":[{"count":6,"href":"https:\/\/www.sisinternational.com\/pt\/wp-json\/wp\/v2\/pages\/41016\/revisions"}],"predecessor-version":[{"id":81659,"href":"https:\/\/www.sisinternational.com\/pt\/wp-json\/wp\/v2\/pages\/41016\/revisions\/81659"}],"up":[{"embeddable":true,"href":"https:\/\/www.sisinternational.com\/pt\/wp-json\/wp\/v2\/pages\/14281"}],"wp:featuredmedia":[{"embeddable":true,"href":"https:\/\/www.sisinternational.com\/pt\/wp-json\/wp\/v2\/media\/65311"}],"wp:attachment":[{"href":"https:\/\/www.sisinternational.com\/pt\/wp-json\/wp\/v2\/media?parent=41016"}],"curies":[{"name":"wp","href":"https:\/\/api.w.org\/{rel}","templated":true}]}}