{"id":41014,"date":"2022-11-11T23:53:09","date_gmt":"2022-11-11T23:53:09","guid":{"rendered":"https:\/\/www.sisinternational.com\/?page_id=41014"},"modified":"2025-10-01T22:38:13","modified_gmt":"2025-10-02T02:38:13","slug":"pesquisa-de-mercado-em-mocambique","status":"publish","type":"page","link":"https:\/\/www.sisinternational.com\/pt\/cobertura\/pesquisa-de-mercado-africa\/pesquisa-de-mercado-em-mocambique\/","title":{"rendered":"Pesquisa de Mercado em Mo\u00e7ambique"},"content":{"rendered":"<h1 class=\"wp-block-heading\">Pesquisa de Mercado em Mo\u00e7ambique<\/h1>\n\n\n\n<figure class=\"gb-block-image gb-block-image-07c74ce7\"><img loading=\"lazy\" decoding=\"async\" width=\"1456\" height=\"816\" class=\"gb-image gb-image-07c74ce7\" src=\"https:\/\/www.sisinternational.com\/wp-content\/uploads\/2025\/08\/Mozambique-4.jpg\" alt=\"Pesquisa e Estrat\u00e9gia de Mercado Internacional da SIS\" title=\"Mozambique (4)\" srcset=\"https:\/\/www.sisinternational.com\/wp-content\/uploads\/2025\/08\/Mozambique-4.jpg 1456w, https:\/\/www.sisinternational.com\/wp-content\/uploads\/2025\/08\/Mozambique-4-300x168.jpg 300w, https:\/\/www.sisinternational.com\/wp-content\/uploads\/2025\/08\/Mozambique-4-1024x574.jpg 1024w, https:\/\/www.sisinternational.com\/wp-content\/uploads\/2025\/08\/Mozambique-4-768x430.jpg 768w, https:\/\/www.sisinternational.com\/wp-content\/uploads\/2025\/08\/Mozambique-4-18x10.jpg 18w\" sizes=\"auto, (max-width: 1456px) 100vw, 1456px\"><\/figure>\n\n\n\n<hr class=\"wp-block-separator has-alpha-channel-opacity is-style-dots\"\/>\n\n\n\n<p><\/p>\n\n\n\n<p>Mo\u00e7ambique fica no extremo sudeste da \u00c1frica, na costa do Oceano \u00cdndico. A Tanz\u00e2nia fica ao norte, o Malawi ao sul e o Zimbabu\u00e9 a oeste.<\/p>\n\n\n\n<h2 class=\"wp-block-heading\">Principais ind\u00fastrias<\/h2>\n\n\n\n<p>A economia mo\u00e7ambicana \u00e9 baseada na agricultura. A agricultura representa cerca de um ter\u00e7o do PIB, com o com\u00e9rcio e os servi\u00e7os contribuindo com outro ter\u00e7o. O pa\u00eds depende muito do sector agr\u00edcola, cimentando ainda mais o seu potencial crescimento no futuro. Al\u00e9m disso, a maioria da popula\u00e7\u00e3o dedica-se \u00e0 agricultura para manter a sua subsist\u00eancia. Da mesma forma, o clima tropical e os solos f\u00e9rteis do pa\u00eds fazem com que este sector tenha um enorme crescimento e contribui muito para o PIB e para as exporta\u00e7\u00f5es totais do pa\u00eds. Na verdade, os principais produtos incluem algod\u00e3o, castanha de caju, coco, frutas c\u00edtricas, a\u00e7\u00facar, tabaco e ch\u00e1.<\/p>\n\n\n\n<p>Mo\u00e7ambique tem muitos recursos naturais, mas a Guerra Civil esgotou o seu crescimento em termos de desenvolvimento. Tamb\u00e9m destruiu a infra-estrutura do pa\u00eds. Ainda assim, os mo\u00e7ambicanos ainda n\u00e3o exploraram muitos destes recursos. Eles incluem; bauxita, ouro, m\u00e1rmore, granito, carv\u00e3o e pedras preciosas. Mo\u00e7ambique tamb\u00e9m produz tit\u00e2nio e bentonite.<\/p>\n\n\n\n<p>O sector do turismo, embora presente, n\u00e3o est\u00e1 t\u00e3o desenvolvido como deveria. Antes da Guerra Civil, o setor do turismo fervilhava de vida. Ap\u00f3s a guerra, o pa\u00eds sofreu uma queda enorme, incluindo a ind\u00fastria do turismo.<\/p>\n\n\n\n<h2 class=\"wp-block-heading\">Bairros<\/h2>\n\n\n\n<h3 class=\"wp-block-heading\">Maputo<\/h3>\n\n\n\n<p>Maputo \u00e9 a capital de Mo\u00e7ambique e a maior cidade em popula\u00e7\u00e3o. Faz uma contribui\u00e7\u00e3o significativa para a economia do pa\u00eds com seus avan\u00e7os comerciais e culturais. Com caf\u00e9s, bares e discotecas em quase todas as esquinas, a cidade fervilha de energia. Oferece algumas das melhores vidas noturnas do sul da \u00c1frica.<\/p>\n\n\n\n<h3 class=\"wp-block-heading\">Matola<\/h3>\n\n\n\n<p>Matola, a segunda maior cidade de Mo\u00e7ambique em popula\u00e7\u00e3o, \u00e9 uma beleza. Esta cidade possui um porto e a \u00e1rea industrial mais significativa de Mo\u00e7ambique.<\/p>\n\n\n\n<h3 class=\"wp-block-heading\">Nampula<\/h3>\n\n\n\n<p>Localizada na prov\u00edncia de Nampula, esta cidade \u00e9 a terceira maior de Mo\u00e7ambique. Nampula \u00e9 um local tranquilo com algumas praias e aldeias espalhadas pela costa. N\u00e3o \u00e9 t\u00e3o industrializado como Maputo ou Matola.<\/p>\n\n\n\n<h3 class=\"wp-block-heading\">Tend\u00eancias<\/h3>\n\n\n\n<p>The government is pushing the agricultural, mining, and services sectors. Mozambicans are harvesting more produce to gain foreign capital. Also, amidst the COVID-19 pandemic, tourism has seen an increase, bringing visitors from all walks and <a href=\"https:\/\/www.sisinternational.com\/pt\/navegando-pelas-diferencas-projetos-de-pesquisa-de-mercado-global\/\" title=\"Diferen\u00e7as Culturais na Pesquisa de Mercado Global\"  data-wpil-monitor-id=\"8907\">cultures<\/a> and allowing investors to gain a sense of the market value in Mozambique. It is also <a href=\"https:\/\/www.sisinternational.com\/pt\/pericia\/industrias\/pesquisa-de-mercado-de-geracao-de-energia\/\" title=\"Pesquisa de mercado de gera\u00e7\u00e3o de energia\"  data-wpil-monitor-id=\"8905\">generating industrial power<\/a> to create a thriving economy. These new investments make it possible for Mozambique to revolutionize its economy.<\/p>\n\n\n\n<h2 class=\"wp-block-heading\">Benef\u00edcios e pontos fortes no mercado<\/h2>\n\n\n\n<p>Mo\u00e7ambique tem muitos recursos inexplorados que podem impulsionar a economia do pa\u00eds. Por exemplo, pode rapidamente tornar-se um dos principais exportadores de g\u00e1s. Com base em descobertas recentes, poder\u00e1 tamb\u00e9m vir a dominar o mercado do carv\u00e3o.<\/p>\n\n\n\n<h3 class=\"wp-block-heading\">Base de Consumidores<\/h3>\n\n\n\n<p>Mo\u00e7ambique tem uma paridade de poder de compra muito baixa, sendo um dos mais pobres do mundo. Isto deve-se \u00e0 guerra civil de 15 anos que terminou em 1992. O pa\u00eds tem uma baixa taxa de alfabetiza\u00e7\u00e3o e as pessoas ganham pouco. Devido \u00e0 pandemia em curso, as vendas no varejo t\u00eam sido dif\u00edceis de prever e coletar. Os gastos do consumidor s\u00e3o dif\u00edceis de acompanhar devido aos baixos sal\u00e1rios da popula\u00e7\u00e3o.<\/p>\n\n\n\n<h3 class=\"wp-block-heading\">Raz\u00f5es para expandir seu neg\u00f3cio no mercado<\/h3>\n\n\n\n<p>Mo\u00e7ambique \u00e9 um dos cinco principais parceiros comerciais da \u00c1frica do Sul. Tem uma economia em r\u00e1pido crescimento. Tamb\u00e9m possui geografia e clima ideais para investidores. Mo\u00e7ambique prev\u00ea um crescimento significativo nos sectores agr\u00edcola, tur\u00edstico e mineiro. A evolu\u00e7\u00e3o do turismo tamb\u00e9m significa que a sua popula\u00e7\u00e3o tem uma nova fonte de rendimento atrav\u00e9s da venda de artesanato e da intera\u00e7\u00e3o com os visitantes.<\/p>\n\n\n\n<h2 class=\"wp-block-heading\">Sobre a Pesquisa de Mercado em Mo\u00e7ambique<\/h2>\n\n\n\n<p>Mozambique is a unique country that has much investment potential. Before <a href=\"https:\/\/www.sisinternational.com\/pt\/solucoes\/consultoria-estrategica\/pesquisa-de-oportunidade-de-entrada-no-mercado\/a-eficacia-dos-testes-de-produtos-em-nova-york-para-entrar-no-mercado-americano\/\" title=\"A efic\u00e1cia dos testes de produtos em Nova York para entrar no mercado americano\"  data-wpil-monitor-id=\"8906\">entering the market<\/a>, it is imperative to carry out Qualitative, Quantitative, and Strategy research. Market Research can also involve Focus Groups, Interviews, and Surveys, all of which are offered by <a href=\"https:\/\/www.sisinternational.com\/pt\/entre-em-contato-com-a-sis-international-market-research\/\" title=\"Contate-nos\"  data-wpil-monitor-id=\"8904\">A SIS International Research<\/a>.<\/p>\n\n\n\n<p><\/p>","protected":false},"excerpt":{"rendered":"<p>Mo\u00e7ambique tem muitos recursos inexplorados que podem impulsionar a economia do pa\u00eds. O governo est\u00e1 a pressionar os sectores agr\u00edcola, mineiro e de servi\u00e7os. Os mo\u00e7ambicanos est\u00e3o a colher mais produtos para ganhar capital estrangeiro.<\/p>","protected":false},"author":1,"featured_media":65309,"parent":14281,"menu_order":46,"comment_status":"closed","ping_status":"closed","template":"","meta":{"footnotes":""},"class_list":["post-41014","page","type-page","status-publish","has-post-thumbnail"],"_links":{"self":[{"href":"https:\/\/www.sisinternational.com\/pt\/wp-json\/wp\/v2\/pages\/41014","targetHints":{"allow":["GET"]}}],"collection":[{"href":"https:\/\/www.sisinternational.com\/pt\/wp-json\/wp\/v2\/pages"}],"about":[{"href":"https:\/\/www.sisinternational.com\/pt\/wp-json\/wp\/v2\/types\/page"}],"author":[{"embeddable":true,"href":"https:\/\/www.sisinternational.com\/pt\/wp-json\/wp\/v2\/users\/1"}],"replies":[{"embeddable":true,"href":"https:\/\/www.sisinternational.com\/pt\/wp-json\/wp\/v2\/comments?post=41014"}],"version-history":[{"count":4,"href":"https:\/\/www.sisinternational.com\/pt\/wp-json\/wp\/v2\/pages\/41014\/revisions"}],"predecessor-version":[{"id":81496,"href":"https:\/\/www.sisinternational.com\/pt\/wp-json\/wp\/v2\/pages\/41014\/revisions\/81496"}],"up":[{"embeddable":true,"href":"https:\/\/www.sisinternational.com\/pt\/wp-json\/wp\/v2\/pages\/14281"}],"wp:featuredmedia":[{"embeddable":true,"href":"https:\/\/www.sisinternational.com\/pt\/wp-json\/wp\/v2\/media\/65309"}],"wp:attachment":[{"href":"https:\/\/www.sisinternational.com\/pt\/wp-json\/wp\/v2\/media?parent=41014"}],"curies":[{"name":"wp","href":"https:\/\/api.w.org\/{rel}","templated":true}]}}