{"id":41008,"date":"2022-11-11T23:19:50","date_gmt":"2022-11-11T23:19:50","guid":{"rendered":"https:\/\/www.sisinternational.com\/?page_id=41008"},"modified":"2026-01-24T21:32:08","modified_gmt":"2026-01-25T02:32:08","slug":"pesquisa-de-mercado-no-mali","status":"publish","type":"page","link":"https:\/\/www.sisinternational.com\/pt\/cobertura\/pesquisa-de-mercado-africa\/pesquisa-de-mercado-no-mali\/","title":{"rendered":"Pesquisa de mercado no Mali"},"content":{"rendered":"<h1 class=\"wp-block-heading\">Pesquisa de mercado no Mali<\/h1>\n\n\n\n<figure class=\"gb-block-image gb-block-image-1f31f65c\"><img loading=\"lazy\" decoding=\"async\" width=\"1456\" height=\"816\" class=\"gb-image gb-image-1f31f65c\" src=\"https:\/\/www.sisinternational.com\/wp-content\/uploads\/2025\/08\/Mali-2.jpg\" alt=\"Pesquisa e Estrat\u00e9gia de Mercado Internacional da SIS\" title=\"Mali (2)\" srcset=\"https:\/\/www.sisinternational.com\/wp-content\/uploads\/2025\/08\/Mali-2.jpg 1456w, https:\/\/www.sisinternational.com\/wp-content\/uploads\/2025\/08\/Mali-2-300x168.jpg 300w, https:\/\/www.sisinternational.com\/wp-content\/uploads\/2025\/08\/Mali-2-1024x574.jpg 1024w, https:\/\/www.sisinternational.com\/wp-content\/uploads\/2025\/08\/Mali-2-768x430.jpg 768w, https:\/\/www.sisinternational.com\/wp-content\/uploads\/2025\/08\/Mali-2-18x10.jpg 18w\" sizes=\"auto, (max-width: 1456px) 100vw, 1456px\"><\/figure>\n\n\n\n<hr class=\"wp-block-separator has-alpha-channel-opacity is-style-dots\"\/>\n\n\n\n<p><\/p>\n\n\n\n<p>A Rep\u00fablica Oeste Africana do Mali \u00e9 o oitavo maior pa\u00eds da \u00c1frica. A l\u00edngua oficial do Mali \u00e9 o franc\u00eas. Al\u00e9m do franc\u00eas, outras l\u00ednguas nacionais s\u00e3o o \u00e1rabe, o ingl\u00eas, o fulani e o mandinga.<\/p>\n\n\n\n<p>To the north of Mali is Algeria, and to the east is&nbsp;Niger&nbsp;and Burkina Faso. C\u00f4te d\u2019Ivoire and Guinea are to the south, and west is Senegal and Mauritania. The official currency is the West African CFA franc.<\/p>\n\n\n\n<h2 class=\"wp-block-heading\">Principais ind\u00fastrias<\/h2>\n\n\n\n<p>O Mali produz uma variedade de culturas para subsist\u00eancia e uso comercial. Os agricultores tamb\u00e9m criam gado bovino, ovino e caprino. A pesca \u00e9 outro contribuinte para a ind\u00fastria agr\u00edcola e a economia. O Mali \u00e9 propenso a per\u00edodos de seca, pelo que o sector das pescas \u00e9 por vezes afectado. Mas o Mali ainda \u00e9 um dos maiores produtores de peixe da \u00c1frica Ocidental.<\/p>\n\n\n\n<p>A ind\u00fastria de minera\u00e7\u00e3o explora minerais. Tamb\u00e9m produz recursos naturais como ouro, sal, caulim, fosfato e calc\u00e1rio. Al\u00e9m disso, o ouro e o algod\u00e3o s\u00e3o os principais produtos exportados do Mali. Eles representam mais de oitenta por cento das exporta\u00e7\u00f5es do pa\u00eds.<\/p>\n\n\n\n<h2 class=\"wp-block-heading\">Bairros<\/h2>\n\n\n\n<p>O Mali tem v\u00e1rias regi\u00f5es, cada uma com a sua capital. Por exemplo, Bamako \u00e9 a maior cidade e \u00e9 a capital e centro administrativo do Mali, com institui\u00e7\u00f5es governamentais, servi\u00e7os e edif\u00edcios.<\/p>\n\n\n\n<p>Sikasso \u00e9 a segunda maior cidade e \u00e9 a capital da regi\u00e3o de Sikasso. O clima em Sikasso \u00e9 mais h\u00famido do que em qualquer outra parte do Mali, por isso a agricultura prospera l\u00e1.<\/p>\n\n\n\n<p>Segou, conhecida pela sua cer\u00e2mica, mercados e ind\u00fastria pesqueira, \u00e9 a capital da regi\u00e3o de Segou.<\/p>\n\n\n\n<p>Kayes \u00e9 a capital da regi\u00e3o de Kayes, com um aeroporto internacional e uma esta\u00e7\u00e3o ferrovi\u00e1ria regional. Al\u00e9m disso, Kayes \u00e9 rico em ouro e ferro.<\/p>\n\n\n\n<p>Mopti \u00e9 a capital e centro comercial da regi\u00e3o de Mopti. Mopti \u00e9 tamb\u00e9m o porto mais cr\u00edtico do Mali.<\/p>\n\n\n\n<p>Kalabancoro, Gao, Kati e San s\u00e3o outras cidades not\u00e1veis do Mali. Eles constituem as comunidades urbanas e suburbanas.<\/p>\n\n\n\n<h2 class=\"wp-block-heading\">Tend\u00eancias<\/h2>\n\n\n\n<p>O Mali enfrenta turbul\u00eancia pol\u00edtica no meio de uma pandemia. Mesmo antes disso, os malianos sofreram um golpe de estado que desestabilizou um pouco a economia em 2012. Depois, houve a recente derrubada do governo em 2020.<\/p>\n\n\n\n<p>Ainda assim, a economia est\u00e1 a prosperar, principalmente devido aos recursos naturais do pa\u00eds. Igualmente importante, possui um setor agr\u00edcola robusto. Tamb\u00e9m tem grande potencial no setor de energia renov\u00e1vel.<\/p>\n\n\n\n<p>Mesmo no meio de amea\u00e7as terroristas cont\u00ednuas, o pa\u00eds est\u00e1 a diversificar-se. Na verdade, firmou empreendimentos comerciais e parcerias com os Estados Unidos.<\/p>\n\n\n\n<h2 class=\"wp-block-heading\">Benef\u00edcios e pontos fortes do mercado<\/h2>\n\n\n\n<p>Mali is eligible for financial grants from the United States for the development of business in African countries. The country also welcomes foreign investment. It has initiatives such as the promotion of privatization of public enterprise. Mali also offers duty-free importation of <a href=\"https:\/\/www.sisinternational.com\/pt\/solucoes\/pesquisa-de-consultoria-em-estrategia-fintech\/pesquisa-de-mercado-de-capital-de-risco\/\" title=\"Pesquisa de mercado de capital de risco\"  data-wpil-monitor-id=\"8346\">capital equipment for priority industrial ventures<\/a>.<\/p>\n\n\n\n<h2 class=\"wp-block-heading\">Por que voc\u00ea deve expandir seus neg\u00f3cios no Mali<\/h2>\n\n\n\n<p>Mali has had years of political and economic unrest. In spite of that, the Government of Mali is doing its best to encourage foreign investment. Why? Because foreign investment is a means to achieve stability. So, it is <a href=\"https:\/\/www.sisinternational.com\/pt\/adocao-de-inteligencia-artificial-em-pequenas-empresas\/\" title=\"Ado\u00e7\u00e3o da Intelig\u00eancia Artificial (IA) em pequenas empresas\"  data-wpil-monitor-id=\"8348\">adopting measures to simplify business<\/a> creation and operating procedures. Mali has a wealth of untapped resources that the country is unable to exploit or develop at present. Foreign investment will enable it to unlock these resources. It will earn profits for the investor as well.<\/p>\n\n\n\n<h2 class=\"wp-block-heading\">Sobre pesquisa de mercado no Mali<\/h2>\n\n\n\n<p>Doing business in Mali can be much easier with <a href=\"https:\/\/www.sisinternational.com\/pt\/publicacoes\/pesquisa-de-mercado-de-negocios-escalaveis-7-maneiras-de-construir-um-negocio-escalavel\/\" title=\"Pesquisa de mercado de neg\u00f3cios escal\u00e1veis: 7 maneiras de construir um neg\u00f3cio escal\u00e1vel\"  data-wpil-monitor-id=\"8347\">market<\/a> research. Hence, we offer Focus Groups, Interviews, and Surveys. We also undertake Quantitative, Qualitative, and Strategy <a href=\"https:\/\/www.sisinternational.com\/pt\/cobertura\/as-americas\/pesquisa-de-mercado-no-caribe\/pesquisa-de-mercado-bahamas\/\" title=\"Pesquisa de mercado nas Bahamas\"  data-wpil-monitor-id=\"3540\">Research for the various African markets<\/a>. Then we compile the findings to help you and your business to take off.<\/p>","protected":false},"excerpt":{"rendered":"<p>A economia do Mali est\u00e1 a prosperar, principalmente devido aos recursos naturais do pa\u00eds. Igualmente importante, possui um setor agr\u00edcola robusto. Tamb\u00e9m tem grande potencial no setor de energia renov\u00e1vel.\u00a0<\/p>","protected":false},"author":1,"featured_media":65289,"parent":14281,"menu_order":45,"comment_status":"closed","ping_status":"closed","template":"","meta":{"footnotes":""},"class_list":["post-41008","page","type-page","status-publish","has-post-thumbnail"],"_links":{"self":[{"href":"https:\/\/www.sisinternational.com\/pt\/wp-json\/wp\/v2\/pages\/41008","targetHints":{"allow":["GET"]}}],"collection":[{"href":"https:\/\/www.sisinternational.com\/pt\/wp-json\/wp\/v2\/pages"}],"about":[{"href":"https:\/\/www.sisinternational.com\/pt\/wp-json\/wp\/v2\/types\/page"}],"author":[{"embeddable":true,"href":"https:\/\/www.sisinternational.com\/pt\/wp-json\/wp\/v2\/users\/1"}],"replies":[{"embeddable":true,"href":"https:\/\/www.sisinternational.com\/pt\/wp-json\/wp\/v2\/comments?post=41008"}],"version-history":[{"count":4,"href":"https:\/\/www.sisinternational.com\/pt\/wp-json\/wp\/v2\/pages\/41008\/revisions"}],"predecessor-version":[{"id":81399,"href":"https:\/\/www.sisinternational.com\/pt\/wp-json\/wp\/v2\/pages\/41008\/revisions\/81399"}],"up":[{"embeddable":true,"href":"https:\/\/www.sisinternational.com\/pt\/wp-json\/wp\/v2\/pages\/14281"}],"wp:featuredmedia":[{"embeddable":true,"href":"https:\/\/www.sisinternational.com\/pt\/wp-json\/wp\/v2\/media\/65289"}],"wp:attachment":[{"href":"https:\/\/www.sisinternational.com\/pt\/wp-json\/wp\/v2\/media?parent=41008"}],"curies":[{"name":"wp","href":"https:\/\/api.w.org\/{rel}","templated":true}]}}