{"id":40977,"date":"2022-11-05T00:36:36","date_gmt":"2022-11-05T00:36:36","guid":{"rendered":"https:\/\/www.sisinternational.com\/?page_id=40977"},"modified":"2026-01-25T18:27:16","modified_gmt":"2026-01-25T23:27:16","slug":"pesquisa-de-mercado-de-rastreamento-de-tendencias","status":"publish","type":"page","link":"https:\/\/www.sisinternational.com\/pt\/pericia\/pesquisa-de-mercado-de-rastreamento-de-tendencias\/","title":{"rendered":"Pesquisa de mercado de rastreamento de tend\u00eancias"},"content":{"rendered":"<h1 class=\"wp-block-heading\">Pesquisa de mercado de rastreamento de tend\u00eancias<\/h1>\n\n\n\n<figure class=\"gb-block-image gb-block-image-7bfdfc46\"><img loading=\"lazy\" decoding=\"async\" width=\"1456\" height=\"816\" class=\"gb-image gb-image-7bfdfc46\" src=\"https:\/\/www.sisinternational.com\/wp-content\/uploads\/2025\/09\/Predictive-analytics-92.jpg\" alt=\"Pesquisa e Estrat\u00e9gia de Mercado Internacional da SIS\" title=\"Predictive analytics (92)\" srcset=\"https:\/\/www.sisinternational.com\/wp-content\/uploads\/2025\/09\/Predictive-analytics-92.jpg 1456w, https:\/\/www.sisinternational.com\/wp-content\/uploads\/2025\/09\/Predictive-analytics-92-300x168.jpg 300w, https:\/\/www.sisinternational.com\/wp-content\/uploads\/2025\/09\/Predictive-analytics-92-1024x574.jpg 1024w, https:\/\/www.sisinternational.com\/wp-content\/uploads\/2025\/09\/Predictive-analytics-92-768x430.jpg 768w, https:\/\/www.sisinternational.com\/wp-content\/uploads\/2025\/09\/Predictive-analytics-92-18x10.jpg 18w\" sizes=\"auto, (max-width: 1456px) 100vw, 1456px\"><\/figure>\n\n\n\n<hr class=\"wp-block-separator has-alpha-channel-opacity is-style-dots\"\/>\n\n\n\n<p>Trend tracking market research is the art of looking at what\u2019s popular in the market right now. It is a stepping-stone to trend forecasting. Marketers use trend forecasting to look at the direction of today\u2019s hot new products. Trend forecasting gives marketers an idea of what will be selling in the next six months to a year. It gives companies a sense of the <a href=\"https:\/\/www.sisinternational.com\/pt\/pericia\/curriculos-de-experiencia\/pesquisa-de-mercado-de-produtos-de-higiene-pessoal\/\" title=\"Pesquisa de mercado de produtos de cuidados pessoais\"  data-wpil-monitor-id=\"10057\">market response to their products<\/a> and services.<\/p>\n\n\n\n<h2 class=\"wp-block-heading\">Como identificar tend\u00eancias<\/h2>\n\n\n\n<p>It&#8217;s essential to understand the size of the market. It&#8217;s also important to know the market trends. This knowledge is vital for marketing and strategic decision-making. <a href=\"https:\/\/www.sisinternational.com\/pt\/solucoes\/pesquisa-de-consultoria-em-estrategia-fintech\/pesquisa-de-mercado-de-analise-de-dados-bancarios\/\" title=\"Pesquisa de mercado de an\u00e1lise de dados banc\u00e1rios\"  data-wpil-monitor-id=\"10049\">Market researchers can now use analytics<\/a> and other tools to spot trends. The name of this process is <a href=\"https:\/\/www.sisinternational.com\/pt\/pericia\/industrias\/pesquisa-de-mercado-de-analise-meteorologica\/\" title=\"Pesquisa de mercado de an\u00e1lise meteorol\u00f3gica\"  data-wpil-monitor-id=\"10058\">market trend analytics<\/a>. It establishes whether a market is stagnant, growing, or in decline. It also shows how fast that movement is happening.<\/p>\n\n\n\n<p>Social media listening programs analyze how people speak about companies online. These programs have turned out to be one of the major <a href=\"https:\/\/www.sisinternational.com\/pt\/fintech-market-research-trends\/\" title=\"Tend\u00eancias de pesquisa de mercado das fintechs\"  data-wpil-monitor-id=\"2868\">market research trends<\/a>. Soon marketers will need even more extensive and accurate social media <a href=\"https:\/\/www.sisinternational.com\/pt\/pericia\/industrias\/pesquisa-de-mercado-de-vacuo\/\" title=\"Pesquisa de mercado de v\u00e1cuo\"  data-wpil-monitor-id=\"4880\">pesquisar<\/a> systems. One of these systems is the social media insight program. <a href=\"https:\/\/www.sisinternational.com\/pt\/solucoes\/solucoes-de-branding-e-pesquisa-de-clientes\/o-que-e-marketing-de-influenciador\/\" title=\"O que \u00e9 marketing de influ\u00eancia? Marketing de m\u00eddia social?\"  data-wpil-monitor-id=\"10054\">Marketers use these programs to analyze social<\/a> media data.<\/p>\n\n\n\n<p>Outra forma de rastrear tend\u00eancias \u00e9 usar \u201cca\u00e7adores legais\u201d. S\u00e3o pessoas cujos gostos est\u00e3o \u00e0 frente da curva. As empresas de an\u00e1lise de tend\u00eancias pagam centenas de d\u00f3lares para ajud\u00e1-los a encontrar a pr\u00f3xima grande tend\u00eancia. Cool Hunting \u00e9 um dos mais recentes desenvolvimentos na an\u00e1lise de tend\u00eancias. Ningu\u00e9m sabe quantos ca\u00e7adores descolados est\u00e3o rondando as ruas e os shopping centers dos Estados Unidos.<\/p>\n\n\n\n<h2 class=\"wp-block-heading\">Usando \u201cobservadores\u201d nas principais cidades para descobrir tend\u00eancias<\/h2>\n\n\n\n<p>Todos os produtos, servi\u00e7os e tecnologias come\u00e7aram como tend\u00eancias. Isto tamb\u00e9m se aplica ao material que as pessoas desejam ler e assistir e \u00e0s atividades nas quais desejam participar. Marcas que n\u00e3o prestam aten\u00e7\u00e3o correm o risco de se tornarem invis\u00edveis. Como resultado, as empresas est\u00e3o a envolver observadores de tend\u00eancias nas principais cidades. Os observadores de tend\u00eancias os ajudar\u00e3o a descobrir a dire\u00e7\u00e3o que os gostos dos consumidores est\u00e3o tomando.<\/p>\n\n\n\n<p>Saber o que os consumidores v\u00e3o querer a seguir \u00e9 fundamental para o sucesso nos neg\u00f3cios. Os observadores de tend\u00eancias n\u00e3o far\u00e3o apenas pesquisas de mercado tradicionais. Os dados hist\u00f3ricos sobre as declara\u00e7\u00f5es e escolhas dos consumidores nem sempre s\u00e3o \u00fateis. Na verdade, usar apenas esses dados pode fazer com que percam oportunidades. Produtos, servi\u00e7os e marcas de sucesso transcendem imediatamente seus dados demogr\u00e1ficos tradicionais.<\/p>\n\n\n\n<p>Os observadores de tend\u00eancias leem muito: revistas, jornais e blogs. Eles tamb\u00e9m prestam aten\u00e7\u00e3o \u00e0s m\u00eddias sociais. Eles analisam novos produtos e servi\u00e7os que se tornam populares do nada e criam muito buzz. Trendspotting difere da ca\u00e7a legal. Os observadores de tend\u00eancias procuram mudan\u00e7as de humor e de mentalidade. Estas mudan\u00e7as ter\u00e3o efeitos a longo prazo no comportamento do consumidor e na sociedade em geral.<\/p>\n\n\n\n<h2 class=\"wp-block-heading\">Tend\u00eancias Globais Gerais<\/h2>\n\n\n\n<p>Consumer confidence is currently at a near-record high. Japan, Italy, China, and France are experiencing significant gains in confidence. In comparison, confidence in the US, the UK, and India are declining. The positive outlook is helping to <a href=\"https:\/\/www.sisinternational.com\/pt\/analise-de-satisfacao-do-cliente\/\" title=\"8 maneiras de aumentar a satisfa\u00e7\u00e3o do cliente no varejo\"  data-wpil-monitor-id=\"10044\">boost the sale of fast-moving consumer<\/a> goods in some markets. But inflationary pressure remains. Many would-be shoppers continue to focus on saving rather than spending.<\/p>\n\n\n\n<p>The traditional area of <a href=\"https:\/\/www.sisinternational.com\/pt\/pericia\/industrias\/voz-da-pesquisa-de-mercado-do-cliente-sobre-alimentos-e-bebidas\/\" title=\"Pesquisa de Mercado Voz do Cliente em Alimentos e Bebidas\"  data-wpil-monitor-id=\"10046\">custom market research<\/a> has been in decline. This decline occurred because it is expensive and involves labor-intensive interviews. <a href=\"https:\/\/www.sisinternational.com\/pt\/pericia\/industrias\/empresa-de-pesquisa-de-mercado-de-painel-on-line\/\" title=\"Empresa de pesquisa de mercado de painel on-line\"  data-wpil-monitor-id=\"10052\">Companies are moving toward online research<\/a>. This shift lets them create vast databases of consumers\u2019 opinions on several subjects. Telephone and face-to-face interviews have become relics of the past.<\/p>\n\n\n\n<h2 class=\"wp-block-heading\">Como os pesquisadores de mercado olham para o futuro<\/h2>\n\n\n\n<p><a href=\"https:\/\/www.sisinternational.com\/pt\/solucoes\/consultoria-estrategica\/pesquisa-de-oportunidade-de-mercado\/\" title=\"Pesquisa de oportunidades de mercado\"  data-wpil-monitor-id=\"10047\">Market researchers predict future opportunities<\/a>, sales, risks, and consumer behavior. All the predictions might not be correct, but they do help companies plan and make policies. It also helps them to take advantage of opportunities and to avoid future risks.<\/p>\n\n\n\n<p>Retailers use predictive research to see which items a consumer will buy together. This tool enables them to use suggestive selling. It is necessary if marketers want to keep up with current trends and gain a competitive edge. They must understand market research and use it to their advantage. This understanding will help them reach out to consumers and increase their sales.<\/p>\n\n\n\n<p><\/p>","protected":false},"excerpt":{"rendered":"<p>A pesquisa de mercado de acompanhamento de tend\u00eancias analisa o que \u00e9 popular agora, enquanto a previs\u00e3o prev\u00ea o que ser\u00e1 vendido para as empresas no futuro.<\/p>","protected":false},"author":1,"featured_media":70308,"parent":14514,"menu_order":149,"comment_status":"closed","ping_status":"closed","template":"","meta":{"footnotes":""},"class_list":["post-40977","page","type-page","status-publish","has-post-thumbnail"],"_links":{"self":[{"href":"https:\/\/www.sisinternational.com\/pt\/wp-json\/wp\/v2\/pages\/40977","targetHints":{"allow":["GET"]}}],"collection":[{"href":"https:\/\/www.sisinternational.com\/pt\/wp-json\/wp\/v2\/pages"}],"about":[{"href":"https:\/\/www.sisinternational.com\/pt\/wp-json\/wp\/v2\/types\/page"}],"author":[{"embeddable":true,"href":"https:\/\/www.sisinternational.com\/pt\/wp-json\/wp\/v2\/users\/1"}],"replies":[{"embeddable":true,"href":"https:\/\/www.sisinternational.com\/pt\/wp-json\/wp\/v2\/comments?post=40977"}],"version-history":[{"count":5,"href":"https:\/\/www.sisinternational.com\/pt\/wp-json\/wp\/v2\/pages\/40977\/revisions"}],"predecessor-version":[{"id":81665,"href":"https:\/\/www.sisinternational.com\/pt\/wp-json\/wp\/v2\/pages\/40977\/revisions\/81665"}],"up":[{"embeddable":true,"href":"https:\/\/www.sisinternational.com\/pt\/wp-json\/wp\/v2\/pages\/14514"}],"wp:featuredmedia":[{"embeddable":true,"href":"https:\/\/www.sisinternational.com\/pt\/wp-json\/wp\/v2\/media\/70308"}],"wp:attachment":[{"href":"https:\/\/www.sisinternational.com\/pt\/wp-json\/wp\/v2\/media?parent=40977"}],"curies":[{"name":"wp","href":"https:\/\/api.w.org\/{rel}","templated":true}]}}