{"id":40971,"date":"2022-11-04T21:07:49","date_gmt":"2022-11-04T21:07:49","guid":{"rendered":"https:\/\/www.sisinternational.com\/?page_id=40971"},"modified":"2026-01-25T18:49:02","modified_gmt":"2026-01-25T23:49:02","slug":"pesquisa-de-mercado-de-mineracao-espacial","status":"publish","type":"page","link":"https:\/\/www.sisinternational.com\/pt\/pericia\/pesquisa-de-mercado-de-mineracao-espacial\/","title":{"rendered":"Pesquisa de mercado de minera\u00e7\u00e3o espacial"},"content":{"rendered":"<h1 class=\"wp-block-heading\">Pesquisa de mercado de minera\u00e7\u00e3o espacial<\/h1>\n\n\n\n<figure class=\"gb-block-image gb-block-image-e62da2cf\"><img loading=\"lazy\" decoding=\"async\" width=\"1024\" height=\"574\" class=\"gb-image gb-image-e62da2cf\" src=\"https:\/\/www.sisinternational.com\/wp-content\/uploads\/2025\/08\/Space-mining-astronaut-NASA-4-1024x574.jpg\" srcset=\"https:\/\/www.sisinternational.com\/wp-content\/uploads\/2025\/08\/Space-mining-astronaut-NASA-4-1024x574.jpg 1024w, https:\/\/www.sisinternational.com\/wp-content\/uploads\/2025\/08\/Space-mining-astronaut-NASA-4-300x168.jpg 300w, https:\/\/www.sisinternational.com\/wp-content\/uploads\/2025\/08\/Space-mining-astronaut-NASA-4-768x430.jpg 768w, https:\/\/www.sisinternational.com\/wp-content\/uploads\/2025\/08\/Space-mining-astronaut-NASA-4-18x10.jpg 18w, https:\/\/www.sisinternational.com\/wp-content\/uploads\/2025\/08\/Space-mining-astronaut-NASA-4.jpg 1456w\" sizes=\"auto, (max-width: 1024px) 100vw, 1024px\" alt=\"Pesquisa e Estrat\u00e9gia de Mercado Internacional da SIS\"><\/figure>\n\n\n\n<hr class=\"wp-block-separator has-alpha-channel-opacity is-style-dots\"\/>\n\n\n\n<p>A minera\u00e7\u00e3o espacial \u00e9 um campo novo. Refere-se \u00e0 coleta hipot\u00e9tica de mat\u00e9ria-prima de aster\u00f3ides e outros planetas menores. Podemos utilizar o material extra\u00eddo para constru\u00e7\u00e3o e outros fins.<\/p>\n\n\n\n<p>A minera\u00e7\u00e3o espacial n\u00e3o ser\u00e1 muito diferente da minera\u00e7\u00e3o na Terra. Por que? Porque os mineiros usar\u00e3o no espa\u00e7o m\u00e9todos semelhantes aos usados na Terra. O m\u00e9todo mais comum ser\u00e1 raspar os materiais necess\u00e1rios dos aster\u00f3ides. Outro nome para esse m\u00e9todo \u00e9 minera\u00e7\u00e3o a c\u00e9u aberto. Os mineiros tamb\u00e9m far\u00e3o t\u00faneis em veias de subst\u00e2ncias espec\u00edficas. Os t\u00e9cnicos ir\u00e3o ent\u00e3o transferi-los atrav\u00e9s de tubos especiais.<\/p>\n\n\n\n<h2 class=\"wp-block-heading\">Por que a minera\u00e7\u00e3o espacial \u00e9 importante?<\/h2>\n\n\n\n<p>Using minerals from these sources will ease the pressure caused by producing them on Earth. These space rocks contain many minerals, like iron and platinum. Furthermore, the minerals of these rocks are infinite, and the resources on Earth are finite. Space ore is never-ending. Thus, asteroid <a href=\"https:\/\/www.sisinternational.com\/pt\/solucoes\/pesquisa-de-mercado-de-ia-e-consultoria-estrategica\/mineracao-recursos-naturais-automacao-consultoria-em-inteligencia-artificial\/\" title=\"Automa\u00e7\u00e3o de Minera\u00e7\u00e3o e Recursos Naturais e Consultoria em IA\"  data-wpil-monitor-id=\"10042\">mining provides us with almost unlimited resources<\/a>, which will soon also cause those materials to become less scarce. The idea of running out of space ore is unlikely. Another use of space mining is to maintain human presence in, you guessed it, space. It can supply enough resources to Earth to maintain that presence.<\/p>\n\n\n\n<h3 class=\"wp-block-heading\">Outros benef\u00edcios da minera\u00e7\u00e3o espacial:<\/h3>\n\n\n\n<ul class=\"wp-block-list\">\n<li>New ideas <a href=\"https:\/\/www.sisinternational.com\/pt\/solucoes\/consultoria-estrategica\/objetivos-e-estruturas-de-resultados-principais-pesquisa-de-mercado\/\" title=\"Objetivos e principais estruturas de resultados Pesquisa de mercado\"  data-wpil-monitor-id=\"10043\">resulting from space research<\/a><\/li>\n\n\n\n<li>Empregos criados por programas espaciais<\/li>\n\n\n\n<li>Maior conhecimento do mundo natural<\/li>\n\n\n\n<li>Melhores cuidados de sa\u00fade<\/li>\n\n\n\n<li>Impulsionamento da ci\u00eancia<\/li>\n\n\n\n<li>Melhor seguran\u00e7a na Terra<\/li>\n<\/ul>\n\n\n\n<h2 class=\"wp-block-heading\">Principais cargos<\/h2>\n\n\n\n<p>These jobs are some of the primary ones offered in the space field. There are astronauts, who go to outer space and explore it. There are also <a class=\"wpil_keyword_link\" href=\"https:\/\/www.sisinternational.com\/pt\/sobre-a-sis-international-research\/carreiras-na-sis-internacional\/\"   title=\"Carreiras na SIS Internacional\" data-wpil-keyword-link=\"linked\"  data-wpil-monitor-id=\"730\">careers<\/a> under Space Tech. This field deals with spacecraft, satellites, and space stations. It also handles hypothetical areas such as space warfare.<\/p>\n\n\n\n<h3 class=\"wp-block-heading\">Algumas \u00e1reas de trabalho na minera\u00e7\u00e3o espacial s\u00e3o:<\/h3>\n\n\n\n<ul class=\"wp-block-list\">\n<li>Engenheiro aeroespacial<\/li>\n\n\n\n<li>Engenheiro aeron\u00e1utico<\/li>\n\n\n\n<li>Astr\u00f4nomo<\/li>\n\n\n\n<li>T\u00e9cnico aeroespacial<\/li>\n\n\n\n<li>Cientistas Atmosf\u00e9ricos<\/li>\n<\/ul>\n\n\n\n<p>Esses cientistas est\u00e3o constantemente estudando mais sobre o espa\u00e7o e o que ele cont\u00e9m. A cada dia, a pesquisa se expande ainda mais e a Minera\u00e7\u00e3o Espacial progride. Abre novos empregos e cria neg\u00f3cios.<\/p>\n\n\n\n<h2 class=\"wp-block-heading\">Por que as empresas precisam da minera\u00e7\u00e3o espacial?<\/h2>\n\n\n\n<figure class=\"gb-block-image gb-block-image-152a0cd2\"><img loading=\"lazy\" decoding=\"async\" width=\"1456\" height=\"816\" class=\"gb-image gb-image-152a0cd2\" src=\"https:\/\/www.sisinternational.com\/wp-content\/uploads\/2025\/08\/Space-mining-astronaut-NASA-3.jpg\" alt=\"Pesquisa e Estrat\u00e9gia de Mercado Internacional da SIS\" title=\"Space mining astronaut NASA (3)\" srcset=\"https:\/\/www.sisinternational.com\/wp-content\/uploads\/2025\/08\/Space-mining-astronaut-NASA-3.jpg 1456w, https:\/\/www.sisinternational.com\/wp-content\/uploads\/2025\/08\/Space-mining-astronaut-NASA-3-300x168.jpg 300w, https:\/\/www.sisinternational.com\/wp-content\/uploads\/2025\/08\/Space-mining-astronaut-NASA-3-1024x574.jpg 1024w, https:\/\/www.sisinternational.com\/wp-content\/uploads\/2025\/08\/Space-mining-astronaut-NASA-3-768x430.jpg 768w, https:\/\/www.sisinternational.com\/wp-content\/uploads\/2025\/08\/Space-mining-astronaut-NASA-3-18x10.jpg 18w\" sizes=\"auto, (max-width: 1456px) 100vw, 1456px\"><\/figure>\n\n\n\n<p><\/p>\n\n\n\n<p>As empresas est\u00e3o se preparando para iniciar a minera\u00e7\u00e3o espacial para obter minerais. Os recursos da Terra s\u00e3o finitos e os minerais extra\u00eddos podem preencher as lacunas de recursos met\u00e1licos n\u00e3o renov\u00e1veis \u00e0 medida que os esgotamos.<\/p>\n\n\n\n<h2 class=\"wp-block-heading\">Principais fatores de sucesso<\/h2>\n\n\n\n<p>A minera\u00e7\u00e3o espacial tornou-se muito popular entre os cientistas. Eles acreditam que pode fornecer metais com boa rela\u00e7\u00e3o custo-benef\u00edcio para uma col\u00f4nia lunar e marciana. Assim, pode expandir a ra\u00e7a humana, pois precisamos de mais terras para a nossa crescente popula\u00e7\u00e3o. A Minera\u00e7\u00e3o Espacial tamb\u00e9m d\u00e1 aos humanos um impulso adicional em nossa busca pela explora\u00e7\u00e3o do espa\u00e7o.<\/p>\n\n\n\n<p>O <a href=\"https:\/\/www.sisinternational.com\/pt\/pericia\/industrias\/pesquisa-de-mercado-de-metais-de-terras-raras\/\" title=\"Pesquisa de mercado de metais de terras raras\"  data-wpil-monitor-id=\"5186\">metal resources obtained will grow the Earth\u2019s<\/a> economy. We will <a href=\"https:\/\/www.sisinternational.com\/pt\/solucoes\/inovacao\/como-escalar-um-negocio\/\" title=\"Como escalar um neg\u00f3cio | Alcan\u00e7ando o crescimento exponencial\"  data-wpil-monitor-id=\"10040\">achieve this growth<\/a> by using spacecraft that are cost-effective. Off-planet resources will also improve sustainability on Earth. Hence, people are planning to explore space on a larger scale in the future, which will create new jobs and businesses.<\/p>\n\n\n\n<p>Asteroid <a href=\"https:\/\/www.sisinternational.com\/pt\/venezuela-oil-mining-industry-potential-strategic-forecast-2026-2036\/\" title=\"Venezuela Oil &amp; Mining Industry Potential: Strategic Forecast 2026-2036\"  data-wpil-monitor-id=\"10045\">mining<\/a> will be a costly and exciting industry. It continues to get the attention of new investors. The mining of off-planet resources is risky, but the rewards can be significant.<\/p>\n\n\n\n<h2 class=\"wp-block-heading\">Sobre a pesquisa de mercado de minera\u00e7\u00e3o espacial<\/h2>\n\n\n\n<p>Investments in space mining are becoming common with companies as it is very profitable. Although it is pricey, the results are likely to be consistent. Thus, it is an exciting new field. This field is also constantly expanding. If you want to join the space mining field, our company will help you start. We arrange focus groups that do strategic, qualitative, and quantitative research. Surveys are also not a problem. Moreover, we ensure that you get the results you want and that your business grows. Contact us now to start <a href=\"https:\/\/www.sisinternational.com\/pt\/publicacoes\/pesquisa-de-mercado-de-negocios-escalaveis-7-maneiras-de-construir-um-negocio-escalavel\/\" title=\"Pesquisa de mercado de neg\u00f3cios escal\u00e1veis: 7 maneiras de construir um neg\u00f3cio escal\u00e1vel\"  data-wpil-monitor-id=\"10041\">building your business<\/a> in the area you want. We are always ready to help.<\/p>\n\n\n\n<p><\/p>","protected":false},"excerpt":{"rendered":"<p>A minera\u00e7\u00e3o espacial \u00e9 um campo novo. Refere-se \u00e0 coleta hipot\u00e9tica de mat\u00e9ria-prima de aster\u00f3ides e outros planetas menores. Podemos utilizar o material extra\u00eddo para constru\u00e7\u00e3o e outros fins.<\/p>","protected":false},"author":1,"featured_media":63877,"parent":14514,"menu_order":147,"comment_status":"closed","ping_status":"closed","template":"","meta":{"footnotes":""},"class_list":["post-40971","page","type-page","status-publish","has-post-thumbnail"],"_links":{"self":[{"href":"https:\/\/www.sisinternational.com\/pt\/wp-json\/wp\/v2\/pages\/40971","targetHints":{"allow":["GET"]}}],"collection":[{"href":"https:\/\/www.sisinternational.com\/pt\/wp-json\/wp\/v2\/pages"}],"about":[{"href":"https:\/\/www.sisinternational.com\/pt\/wp-json\/wp\/v2\/types\/page"}],"author":[{"embeddable":true,"href":"https:\/\/www.sisinternational.com\/pt\/wp-json\/wp\/v2\/users\/1"}],"replies":[{"embeddable":true,"href":"https:\/\/www.sisinternational.com\/pt\/wp-json\/wp\/v2\/comments?post=40971"}],"version-history":[{"count":6,"href":"https:\/\/www.sisinternational.com\/pt\/wp-json\/wp\/v2\/pages\/40971\/revisions"}],"predecessor-version":[{"id":81662,"href":"https:\/\/www.sisinternational.com\/pt\/wp-json\/wp\/v2\/pages\/40971\/revisions\/81662"}],"up":[{"embeddable":true,"href":"https:\/\/www.sisinternational.com\/pt\/wp-json\/wp\/v2\/pages\/14514"}],"wp:featuredmedia":[{"embeddable":true,"href":"https:\/\/www.sisinternational.com\/pt\/wp-json\/wp\/v2\/media\/63877"}],"wp:attachment":[{"href":"https:\/\/www.sisinternational.com\/pt\/wp-json\/wp\/v2\/media?parent=40971"}],"curies":[{"name":"wp","href":"https:\/\/api.w.org\/{rel}","templated":true}]}}