{"id":40968,"date":"2022-11-05T00:24:56","date_gmt":"2022-11-05T00:24:56","guid":{"rendered":"https:\/\/www.sisinternational.com\/?page_id=40968"},"modified":"2025-10-01T22:48:32","modified_gmt":"2025-10-02T02:48:32","slug":"pesquisa-de-mercado-de-cidade-inteligente","status":"publish","type":"page","link":"https:\/\/www.sisinternational.com\/pt\/pericia\/pesquisa-de-mercado-de-cidade-inteligente\/","title":{"rendered":"Pesquisa de mercado de cidades inteligentes"},"content":{"rendered":"<h1 class=\"wp-block-heading\">Pesquisa de mercado de cidades inteligentes<\/h1>\n\n\n\n<figure class=\"gb-block-image gb-block-image-2781726f\"><img loading=\"lazy\" decoding=\"async\" width=\"1456\" height=\"816\" class=\"gb-image gb-image-2781726f\" src=\"https:\/\/www.sisinternational.com\/wp-content\/uploads\/2025\/08\/Smart-mobility-5.jpg\" alt=\"Pesquisa e Estrat\u00e9gia de Mercado Internacional da SIS\" title=\"Smart mobility (5)\" srcset=\"https:\/\/www.sisinternational.com\/wp-content\/uploads\/2025\/08\/Smart-mobility-5.jpg 1456w, https:\/\/www.sisinternational.com\/wp-content\/uploads\/2025\/08\/Smart-mobility-5-300x168.jpg 300w, https:\/\/www.sisinternational.com\/wp-content\/uploads\/2025\/08\/Smart-mobility-5-1024x574.jpg 1024w, https:\/\/www.sisinternational.com\/wp-content\/uploads\/2025\/08\/Smart-mobility-5-768x430.jpg 768w, https:\/\/www.sisinternational.com\/wp-content\/uploads\/2025\/08\/Smart-mobility-5-18x10.jpg 18w\" sizes=\"auto, (max-width: 1456px) 100vw, 1456px\"><\/figure>\n\n\n\n<p><\/p>\n\n\n\n<h2 class=\"wp-block-heading\">O que \u00e9 uma cidade inteligente<\/h2>\n\n\n\n<p>Uma Cidade Inteligente utiliza tecnologia para melhorar a vida dos seus cidad\u00e3os. Duas tecnologias principais permitem isso.<\/p>\n\n\n\n<h3 class=\"wp-block-heading\">Internet das Coisas (IoT)<\/h3>\n\n\n\n<p>A IoT \u00e9 um conceito de computa\u00e7\u00e3o onde objetos f\u00edsicos se conectam \u00e0 internet. Esses objetos podem ent\u00e3o se identificar para outros.<\/p>\n\n\n\n<h3 class=\"wp-block-heading\">Grandes dados<\/h3>\n\n\n\n<p>As Cidades Inteligentes produzem e analisam grandes quantidades de dados para localizar padr\u00f5es e tend\u00eancias. Esses padr\u00f5es ajudam a encontrar as causas dos comportamentos humanos.<\/p>\n\n\n\n<h2 class=\"wp-block-heading\">Por que isso \u00e9 importante<\/h2>\n\n\n\n<p>A tecnologia existe agora e est\u00e1 crescendo. O termo \u201cCidade Inteligente\u201d \u00e9 novo, mas a ideia j\u00e1 existe h\u00e1 anos. \u00c9 outra forma de as cidades e os governos pouparem muito dinheiro.<\/p>\n\n\n\n<p>For example, one of the biggest problems affecting urban cities is wastage. Pollution is another. These problems can cost a pretty penny to fix. A <a href=\"https:\/\/www.sisinternational.com\/pt\/pericia\/industrias\/pesquisa-de-mercado-de-sensores-inteligentes\/\" title=\"Pesquisa de mercado de sensores inteligentes\"  data-wpil-monitor-id=\"8867\">Smart City will place sensors<\/a> along pipes and meters to detect leaks, alerting plumbers as fast as possible.<\/p>\n\n\n\n<h3 class=\"wp-block-heading\">Sa\u00fade p\u00fablica<\/h3>\n\n\n\n<p>Air Quality sensors help reduce emissions. For instance, the sensor could detect the exact source if a toxin fume made its way through the city. Authorities can then work to cut the emissions. This <a href=\"https:\/\/www.sisinternational.com\/pt\/pesquisa-de-mercado-domestico-inteligente\/\" title=\"Pesquisa de mercado dom\u00e9stico inteligente\"  data-wpil-monitor-id=\"8872\">smart tech is also helpful in homes<\/a>. Patients can <a href=\"https:\/\/www.sisinternational.com\/pt\/solucoes\/pesquisa-de-mercado-de-ia-e-consultoria-estrategica\/consultoria-de-ia-em-automacao-de-produtos-de-cuidados-pessoais\/\" title=\"Automa\u00e7\u00e3o de produtos de cuidados pessoais e consultoria de IA\"  data-wpil-monitor-id=\"8877\">consult<\/a> with doctors via video calls and personal messaging. They can then receive life-saving health alerts.<\/p>\n\n\n\n<h3 class=\"wp-block-heading\">Infraestrutura atualizada<\/h3>\n\n\n\n<p>Estradas, pontes, edif\u00edcios e outras estruturas necessitam de grandes investimentos quando ocorrem danos. As cidades inteligentes usam an\u00e1lises preditivas para resolver esses problemas rapidamente. Sensores inteligentes identificam o erro na constru\u00e7\u00e3o antes que ele seja prejudicial. Assim, salva o pr\u00e9dio e as pessoas que est\u00e3o dentro dele. A an\u00e1lise preditiva economiza milh\u00f5es de dinheiro e tempo em impostos. Esses sensores encontram rachaduras e outros problemas. Assim, as Cidades Inteligentes tendem a ter estradas, pontes e edif\u00edcios seguros.<\/p>\n\n\n\n<h2 class=\"wp-block-heading\">Principais cargos<\/h2>\n\n\n\n<h2 class=\"wp-block-heading\">Desenvolvedores<\/h2>\n\n\n\n<p>As cidades inteligentes precisam de desenvolvedores de software, banco de dados e plataformas. Eles criam aplicativos que podem realizar tarefas que tornam as cidades seguras.<\/p>\n\n\n\n<h3 class=\"wp-block-heading\">Cientista de Dados<\/h3>\n\n\n\n<p>Os cientistas de dados interpretam grandes quantidades de dados em informa\u00e7\u00f5es vitais. Esses dados ajudam a melhorar a qualidade de vida dos cidad\u00e3os.<\/p>\n\n\n\n<h3 class=\"wp-block-heading\">Principais fatores de sucesso<\/h3>\n\n\n\n<p>Although the focus is technology, this is not the only feature of Smart Cities. Citizens must buy-in and use the tech for it to succeed. Without public input, it becomes just another city with tech advances. <a href=\"https:\/\/www.sisinternational.com\/pt\/solucoes\/consultoria-em-hotelaria-e-turismo-em-viagens\/consultoria-em-tecnologia-para-hoteis-inteligentes\/\" title=\"Consultoria em tecnologia para hot\u00e9is inteligentes\"  data-wpil-monitor-id=\"8875\">Smart City technology<\/a> helps citizens have a say in the running of their city. They can use apps to talk to government officials about local issues. These apps also enable easier sharing of information within the community.<\/p>\n\n\n\n<h2 class=\"wp-block-heading\">Por que os pa\u00edses precisam disso<\/h2>\n\n\n\n<h3 class=\"wp-block-heading\">Efici\u00eancia Energ\u00e9tica Melhorada<\/h3>\n\n\n\n<p>O consumo de eletricidade \u00e9 muito alto nas cidades. As cidades podem colocar sensores nas ruas para detectar pedestres. Se n\u00e3o houver pessoas por perto, os sensores podem reduzir a ilumina\u00e7\u00e3o p\u00fablica. Esta a\u00e7\u00e3o pode economizar dinheiro para a cidade.<\/p>\n\n\n\n<h3 class=\"wp-block-heading\">Congestionamento de tr\u00e1fego reduzido<\/h3>\n\n\n\n<p>Atrav\u00e9s da tecnologia Smart City, os sinais inteligentes ajudam a reduzir o tr\u00e1fego. Esta tecnologia inovadora tamb\u00e9m aconselha rotas alternativas a seguir. Ele mostra aos motoristas os hor\u00e1rios em que as estradas est\u00e3o menos movimentadas para iniciar um trajeto. Os usu\u00e1rios de transporte p\u00fablico podem us\u00e1-lo para rastrear a localiza\u00e7\u00e3o de seus trens e \u00f4nibus.<\/p>\n\n\n\n<h2 class=\"wp-block-heading\">Gerenciamento inteligente de estacionamento<\/h2>\n\n\n\n<p>O estacionamento inteligente tamb\u00e9m pode ajudar a gerar receitas para a cidade. Ningu\u00e9m quer circular muito em busca de vagas para estacionar. Em uma Cidade Inteligente, os motoristas podem receber alertas em seus dispositivos informando que um deles foi aberto.<\/p>\n\n\n\n<h3 class=\"wp-block-heading\">Cidades mais seguras<\/h3>\n\n\n\n<p>Uma cidade inteligente geralmente \u00e9 segura. Uma alta taxa de criminalidade n\u00e3o \u00e9 boa para nenhuma cidade. C\u00e2meras corporais, detectores de tiros, reconhecimento de placas de ve\u00edculos e detec\u00e7\u00e3o de voz s\u00e3o \u00fateis. C\u00e2meras que detectam portas destrancadas e enviam alertas aos propriet\u00e1rios tamb\u00e9m s\u00e3o valiosas. Este tipo de tecnologia desencorajar\u00e1 o crime. A aplica\u00e7\u00e3o da lei utiliza-os para tornar o seu trabalho menos \u00e1rduo.<\/p>\n\n\n\n<h2 class=\"wp-block-heading\">Sobre a pesquisa de mercado de cidades inteligentes<\/h2>\n\n\n\n<p>The Smart <a href=\"https:\/\/www.sisinternational.com\/pt\/solucoes\/grupos-de-foco\/instalacoes-de-grupos-focais-em-nova-york\/\" title=\"Instala\u00e7\u00f5es do Focus Group em Nova York\"  data-wpil-monitor-id=\"8865\">City would have to involve Focus Groups<\/a>, Interviews, and Surveys. Cites must know how to increase the ease of living for their citizens. The <a href=\"https:\/\/www.sisinternational.com\/pt\/sis-application-of-quantitative-data-analytics-to-sensory-testing\/\" title=\"SIS Application of Quantitative Data Analytics to Sensory Testing\"  data-wpil-monitor-id=\"8870\">data gathered is both Qualitative and Quantitative<\/a>. Strategy Research is also important.<\/p>\n\n\n\n<p><\/p>","protected":false},"excerpt":{"rendered":"<p>As cidades inteligentes precisam de desenvolvedores de software, banco de dados e plataformas. Eles criam aplicativos que podem realizar tarefas que tornam as cidades seguras.<\/p>","protected":false},"author":1,"featured_media":64967,"parent":14514,"menu_order":148,"comment_status":"closed","ping_status":"closed","template":"","meta":{"footnotes":""},"class_list":["post-40968","page","type-page","status-publish","has-post-thumbnail"],"_links":{"self":[{"href":"https:\/\/www.sisinternational.com\/pt\/wp-json\/wp\/v2\/pages\/40968","targetHints":{"allow":["GET"]}}],"collection":[{"href":"https:\/\/www.sisinternational.com\/pt\/wp-json\/wp\/v2\/pages"}],"about":[{"href":"https:\/\/www.sisinternational.com\/pt\/wp-json\/wp\/v2\/types\/page"}],"author":[{"embeddable":true,"href":"https:\/\/www.sisinternational.com\/pt\/wp-json\/wp\/v2\/users\/1"}],"replies":[{"embeddable":true,"href":"https:\/\/www.sisinternational.com\/pt\/wp-json\/wp\/v2\/comments?post=40968"}],"version-history":[{"count":4,"href":"https:\/\/www.sisinternational.com\/pt\/wp-json\/wp\/v2\/pages\/40968\/revisions"}],"predecessor-version":[{"id":81490,"href":"https:\/\/www.sisinternational.com\/pt\/wp-json\/wp\/v2\/pages\/40968\/revisions\/81490"}],"up":[{"embeddable":true,"href":"https:\/\/www.sisinternational.com\/pt\/wp-json\/wp\/v2\/pages\/14514"}],"wp:featuredmedia":[{"embeddable":true,"href":"https:\/\/www.sisinternational.com\/pt\/wp-json\/wp\/v2\/media\/64967"}],"wp:attachment":[{"href":"https:\/\/www.sisinternational.com\/pt\/wp-json\/wp\/v2\/media?parent=40968"}],"curies":[{"name":"wp","href":"https:\/\/api.w.org\/{rel}","templated":true}]}}