{"id":40946,"date":"2022-10-28T01:26:25","date_gmt":"2022-10-28T01:26:25","guid":{"rendered":"https:\/\/www.sisinternational.com\/?page_id=40946"},"modified":"2025-10-01T22:35:17","modified_gmt":"2025-10-02T02:35:17","slug":"pesquisa-de-mercado-na-guiana","status":"publish","type":"page","link":"https:\/\/www.sisinternational.com\/pt\/cobertura\/latin-america\/pesquisa-de-mercado-na-america-latina\/pesquisa-de-mercado-na-guiana\/","title":{"rendered":"Pesquisa de mercado na Guiana"},"content":{"rendered":"<h1 class=\"wp-block-heading\">Pesquisa de mercado na Guiana<\/h1>\n\n\n\n<figure class=\"gb-block-image gb-block-image-c096b9c7\"><img loading=\"lazy\" decoding=\"async\" width=\"1456\" height=\"816\" class=\"gb-image gb-image-c096b9c7\" src=\"https:\/\/www.sisinternational.com\/wp-content\/uploads\/2025\/09\/Guyana-5.jpg\" alt=\"Pesquisa e Estrat\u00e9gia de Mercado Internacional da SIS\" title=\"Guyana (5)\" srcset=\"https:\/\/www.sisinternational.com\/wp-content\/uploads\/2025\/09\/Guyana-5.jpg 1456w, https:\/\/www.sisinternational.com\/wp-content\/uploads\/2025\/09\/Guyana-5-300x168.jpg 300w, https:\/\/www.sisinternational.com\/wp-content\/uploads\/2025\/09\/Guyana-5-1024x574.jpg 1024w, https:\/\/www.sisinternational.com\/wp-content\/uploads\/2025\/09\/Guyana-5-768x430.jpg 768w, https:\/\/www.sisinternational.com\/wp-content\/uploads\/2025\/09\/Guyana-5-18x10.jpg 18w\" sizes=\"auto, (max-width: 1456px) 100vw, 1456px\"><\/figure>\n\n\n\n<p><\/p>\n\n\n\n<hr class=\"wp-block-separator has-alpha-channel-opacity is-style-dots\"\/>\n\n\n\n<p>O belo pa\u00eds da Guiana \u00e9 conhecido em todo o mundo pela sua cultura. Al\u00e9m disso, a floresta tropical, a l\u00edngua inglesa, o cr\u00edquete e a m\u00fasica calipso atraem as pessoas. A Guiana fica ao longo da costa norte da Am\u00e9rica do Sul. O pa\u00eds libertou-se do Reino Unido em 26 de maio de 1966 e tornou-se uma rep\u00fablica em 23 de fevereiro de 1970. Depois de viver sob o controle holand\u00eas por muitos anos, passou a aderir \u00e0 Uni\u00e3o das Na\u00e7\u00f5es Sul-Americanas como membro fundador. .<\/p>\n\n\n\n<p>Hoje o pa\u00eds se destaca entre as muitas na\u00e7\u00f5es do continente. Al\u00e9m disso, \u00e9 o \u00fanico pa\u00eds daquela regi\u00e3o onde o ingl\u00eas \u00e9 a l\u00edngua oficial. A Guiana \u00e9 um orgulhoso membro da Comunidade do Caribe (CARICOM). Al\u00e9m disso, det\u00e9m a sede da CARICOM em sua capital, Georgetown. Al\u00e9m disso, a Guiana mant\u00e9m excelentes rela\u00e7\u00f5es com a China desde a d\u00e9cada de 1970. Na verdade, foi o primeiro pa\u00eds das Cara\u00edbas de l\u00edngua inglesa a ter tais la\u00e7os.<\/p>\n\n\n\n<p>O pa\u00eds tem uma hist\u00f3ria rica e mista como col\u00f4nia brit\u00e2nica. A regi\u00e3o abriga pessoas da \u00c1frica, \u00cdndia, Fran\u00e7a, Holanda e Portugal. Claro, tamb\u00e9m existem aqueles de heran\u00e7a nativa.<\/p>\n\n\n\n<h2 class=\"wp-block-heading\">Bairros<\/h2>\n\n\n\n<p>Georgetown \u00e9 a capital e o principal centro industrial e comercial do pa\u00eds. A cidade tem muitos edif\u00edcios antigos de estilo brit\u00e2nico e holand\u00eas. Sendo a cidade central, Georgetown tem muitas coisas para fazer. Tem sempre coisas novas para experimentar e ainda mais lugares para descobrir.<\/p>\n\n\n\n<p>Al\u00e9m da capital, existem muitas outras \u00e1reas conhecidas. Estes incluem Demerara, Bush Lot e o infame Jonestown (que ficou famoso por Jim Jones na d\u00e9cada de 1970).<\/p>\n\n\n\n<h2 class=\"wp-block-heading\">Principais ind\u00fastrias<\/h2>\n\n\n\n<p>As principais ind\u00fastrias da Guiana s\u00e3o o agroprocessamento e a minera\u00e7\u00e3o de ouro e diamantes. Os produtos produzidos a partir do agroprocessamento v\u00eam de arroz, madeira e coco. Existem tamb\u00e9m setores de manufatura leve, t\u00eaxteis e farmac\u00eauticos aqui e ali. Ambas as empresas estatais e privadas possuem essas entidades.<\/p>\n\n\n\n<p>No entanto, os melhores activos t\u00eam sido os seus recursos naturais. Alguns recursos naturais s\u00e3o florestas tropicais, planta\u00e7\u00f5es de cana-de-a\u00e7\u00facar e campos de arroz. O pa\u00eds tamb\u00e9m possui reservas de bauxita, petr\u00f3leo e ouro.<\/p>\n\n\n\n<h2 class=\"wp-block-heading\">Tend\u00eancias<\/h2>\n\n\n\n<p>O pa\u00eds est\u00e1 atualmente entre os que mais crescem no mundo. O seu PIB est\u00e1 a aumentar devido ao r\u00e1pido desenvolvimento do seu sector offshore de petr\u00f3leo e g\u00e1s.<\/p>\n\n\n\n<p>O crescimento depende dos recursos naturais de um pa\u00eds. A agricultura e a minera\u00e7\u00e3o s\u00e3o as actividades mais cr\u00edticas na Guiana, mas o a\u00e7\u00facar, a bauxite, o arroz e o ouro representam mais de metade das receitas de exporta\u00e7\u00e3o.<\/p>\n\n\n\n<h2 class=\"wp-block-heading\">Base de Consumidores<\/h2>\n\n\n\n<p>O pa\u00eds est\u00e1 cheio de trabalhadores \u00e1vidos e eles adoram relaxar para uma boa festa com comida. Eles tamb\u00e9m gostam de atividades como cr\u00edquete e desfiles de rua. As pessoas trabalham duro na terra e em outros lugares para ganhar dinheiro e desfrutar de seus hobbies e da vida fora do trabalho.<\/p>\n\n\n\n<h2 class=\"wp-block-heading\">Raz\u00f5es para iniciar um neg\u00f3cio na Guiana<\/h2>\n\n\n\n<p>\u00c0 medida que a Guiana continua a crescer, surgem mais caminhos abertos. Al\u00e9m disso, devido \u00e0 sua localiza\u00e7\u00e3o na Am\u00e9rica do Sul, o pa\u00eds tem excelentes la\u00e7os com os EUA. A qualidade dos bens e servi\u00e7os \u00e9 alta. Motiva empresas e consumidores a continuar comprando.<\/p>\n\n\n\n<h3 class=\"wp-block-heading\">Outras raz\u00f5es para iniciar um neg\u00f3cio na Guiana incluem:<\/h3>\n\n\n\n<ul class=\"wp-block-list\">\n<li>Mercados de investimento abertos<\/li>\n\n\n\n<li>Muitos recursos naturais<\/li>\n\n\n\n<li>Ingl\u00eas \u00e9 a l\u00edngua oficial.<\/li>\n\n\n\n<li><a href=\"https:\/\/www.sisinternational.com\/pt\/transportadoras-de-baixo-custo-na-industria-da-aviacao\/\" title=\"Pesquisa de mercado de companhias a\u00e9reas de baixo custo\"  data-wpil-monitor-id=\"7692\">Baixos custos operacionais<\/a><\/li>\n<\/ul>\n\n\n\n<h2 class=\"wp-block-heading\">Sobre pesquisa de mercado na Guiana<\/h2>\n\n\n\n<p>Launching your new business is one of the best decisions you will make for yourself. Hence the reason our company is always here and always ready to offer help. Our <a href=\"https:\/\/www.sisinternational.com\/pt\/pericia\/industrias\/pesquisa-de-mercado-para-tomadores-de-decisao-de-negocios\/\" title=\"Pesquisa de mercado para tomadores de decis\u00e3o de neg\u00f3cios\"  data-wpil-monitor-id=\"7698\">business<\/a> goes the extra mile to do the best research for you. We have focus groups that do qualitative, quantitative, and strategic research. We are keen to help the status of any business that seeks our help. Also, we <a href=\"https:\/\/www.sisinternational.com\/pt\/pericia\/industrias\/entrevista-por-telefone-assistida-por-computador-pesquisa-de-mercado\/\" title=\"Pesquisa de mercado de entrevistas por telefone assistidas por computador\"  data-wpil-monitor-id=\"7695\">assist in survey making and interviews<\/a>. We\u2019d love to help you in whatever area you\u2019d like. Your company will leave with nothing but the best. Call us today!<\/p>\n\n\n\n<p><\/p>","protected":false},"excerpt":{"rendered":"<p>O belo pa\u00eds da Guiana \u00e9 conhecido em todo o mundo pela sua cultura. Al\u00e9m disso, a floresta tropical, a l\u00edngua inglesa, o cr\u00edquete e a m\u00fasica calipso atraem as pessoas.<\/p>","protected":false},"author":1,"featured_media":66281,"parent":14351,"menu_order":23,"comment_status":"closed","ping_status":"closed","template":"","meta":{"footnotes":""},"class_list":["post-40946","page","type-page","status-publish","has-post-thumbnail"],"_links":{"self":[{"href":"https:\/\/www.sisinternational.com\/pt\/wp-json\/wp\/v2\/pages\/40946","targetHints":{"allow":["GET"]}}],"collection":[{"href":"https:\/\/www.sisinternational.com\/pt\/wp-json\/wp\/v2\/pages"}],"about":[{"href":"https:\/\/www.sisinternational.com\/pt\/wp-json\/wp\/v2\/types\/page"}],"author":[{"embeddable":true,"href":"https:\/\/www.sisinternational.com\/pt\/wp-json\/wp\/v2\/users\/1"}],"replies":[{"embeddable":true,"href":"https:\/\/www.sisinternational.com\/pt\/wp-json\/wp\/v2\/comments?post=40946"}],"version-history":[{"count":4,"href":"https:\/\/www.sisinternational.com\/pt\/wp-json\/wp\/v2\/pages\/40946\/revisions"}],"predecessor-version":[{"id":81298,"href":"https:\/\/www.sisinternational.com\/pt\/wp-json\/wp\/v2\/pages\/40946\/revisions\/81298"}],"up":[{"embeddable":true,"href":"https:\/\/www.sisinternational.com\/pt\/wp-json\/wp\/v2\/pages\/14351"}],"wp:featuredmedia":[{"embeddable":true,"href":"https:\/\/www.sisinternational.com\/pt\/wp-json\/wp\/v2\/media\/66281"}],"wp:attachment":[{"href":"https:\/\/www.sisinternational.com\/pt\/wp-json\/wp\/v2\/media?parent=40946"}],"curies":[{"name":"wp","href":"https:\/\/api.w.org\/{rel}","templated":true}]}}