{"id":40944,"date":"2022-10-28T00:36:41","date_gmt":"2022-10-28T00:36:41","guid":{"rendered":"https:\/\/www.sisinternational.com\/?page_id=40944"},"modified":"2025-10-01T22:32:59","modified_gmt":"2025-10-02T02:32:59","slug":"pesquisa-de-mercado-na-guiana-francesa","status":"publish","type":"page","link":"https:\/\/www.sisinternational.com\/pt\/cobertura\/latin-america\/pesquisa-de-mercado-na-america-latina\/pesquisa-de-mercado-na-guiana-francesa\/","title":{"rendered":"Pesquisa de mercado na Guiana Francesa"},"content":{"rendered":"<h1 class=\"wp-block-heading\">Pesquisa de mercado na Guiana Francesa<\/h1>\n\n\n\n<figure class=\"gb-block-image gb-block-image-9f8994b5\"><img loading=\"lazy\" decoding=\"async\" width=\"1456\" height=\"816\" class=\"gb-image gb-image-9f8994b5\" src=\"https:\/\/www.sisinternational.com\/wp-content\/uploads\/2025\/09\/French-Guiana-3.jpg\" alt=\"Pesquisa e Estrat\u00e9gia de Mercado Internacional da SIS\" title=\"French Guiana (3)\" srcset=\"https:\/\/www.sisinternational.com\/wp-content\/uploads\/2025\/09\/French-Guiana-3.jpg 1456w, https:\/\/www.sisinternational.com\/wp-content\/uploads\/2025\/09\/French-Guiana-3-300x168.jpg 300w, https:\/\/www.sisinternational.com\/wp-content\/uploads\/2025\/09\/French-Guiana-3-1024x574.jpg 1024w, https:\/\/www.sisinternational.com\/wp-content\/uploads\/2025\/09\/French-Guiana-3-768x430.jpg 768w, https:\/\/www.sisinternational.com\/wp-content\/uploads\/2025\/09\/French-Guiana-3-18x10.jpg 18w\" sizes=\"auto, (max-width: 1456px) 100vw, 1456px\"><\/figure>\n\n\n\n<p><\/p>\n\n\n\n<hr class=\"wp-block-separator has-alpha-channel-opacity is-style-dots\"\/>\n\n\n\n<p>French Guiana is a territory governed by France, located on the North Atlantic coast of the South American continent. Brazil borders it to the East and Suriname to the West. It is the second-largest land mass under French rule (after mainland France). Despite its deep connection to France, French Guiana\u2019s dependence on that country is starting to wane. One part of that process is growing its economy. The French Guianese are engaging in more and more trade, and any <a href=\"https:\/\/www.sisinternational.com\/pt\/publicacoes\/pesquisa-de-mercado-de-negocios-escalaveis-7-maneiras-de-construir-um-negocio-escalavel\/\" title=\"Pesquisa de mercado de neg\u00f3cios escal\u00e1veis: 7 maneiras de construir um neg\u00f3cio escal\u00e1vel\"  data-wpil-monitor-id=\"7706\">business<\/a> that wants to move into that market needs good info. And thus, it needs some good market research.<\/p>\n\n\n\n<h2 class=\"wp-block-heading\">Principais ind\u00fastrias<\/h2>\n\n\n\n<p>Devido \u00e0s vastas florestas da Guiana Francesa, existem muitas serrarias. Tamb\u00e9m possui muitas f\u00e1bricas de processamento de madeira. No entanto, o principal produto de exporta\u00e7\u00e3o da regi\u00e3o \u00e9 o ouro e alguns outros metais preciosos. A Guiana Francesa tem uma ind\u00fastria espacial que contribuiu para o PIB do pa\u00eds desde a d\u00e9cada de 1960. Tamb\u00e9m possui uma grande ind\u00fastria pesqueira. Isso n\u00e3o \u00e9 surpresa porque o pa\u00eds tem um longo litoral. A maioria dos habitantes da Guiana Francesa vive perto da costa devido aos muitos benef\u00edcios que viver perto da \u00e1gua proporciona. Por exemplo, eles t\u00eam acesso a frutos do mar frescos, clima mais ameno e belas paisagens. As pessoas tamb\u00e9m n\u00e3o gostam de viver perto da floresta densa com a sua mir\u00edade de animais selvagens. Assim, as principais ind\u00fastrias do pa\u00eds est\u00e3o todas pr\u00f3ximas dos portos.<\/p>\n\n\n\n<h2 class=\"wp-block-heading\">Bairros<\/h2>\n\n\n\n<p>Rainforests cover most of the land in French Guiana because of its position near the equator and humid climate. The country is also the host to an array of flora and fauna, with over 5000 plant species native to French Guiana. It also boasts hundreds of different species of fish, mammals, birds, and amphibians. Despite the abundance of trees, the soil is poor for growing most crops. Most of the farming is around the Maroni river near the coast. So it\u2019s best for <a href=\"https:\/\/www.sisinternational.com\/pt\/pericia\/industrias\/pesquisa-de-mercado-de-recursos-naturais\/\" title=\"Pesquisa de mercado de recursos naturais\"  data-wpil-monitor-id=\"7693\">market entrants to focus their resources<\/a> where it\u2019s best to use them.<\/p>\n\n\n\n<h2 class=\"wp-block-heading\">Tend\u00eancias<\/h2>\n\n\n\n<p>Como muitos pa\u00edses da Am\u00e9rica do Sul, a Guiana Francesa tem pessoas de origens muito diferentes. A maioria dos residentes na Guiana Francesa s\u00e3o nativos, sendo o resto da popula\u00e7\u00e3o composta por imigrantes de pa\u00edses pr\u00f3ximos e da Fran\u00e7a continental. Esta diversidade leva a muitos elementos culturais \u00fanicos na Guiana Francesa.<\/p>\n\n\n\n<p>Para come\u00e7ar, a cultura na Guiana Francesa tem profundas influ\u00eancias crioulas e amer\u00edndias, e muitos edif\u00edcios ostentam as caracter\u00edsticas dessa arquitetura misturadas com alguns elementos ocidentais. Outro dos destaques da cultura da Guiana Francesa \u00e9 o Carnaval. Como muitas na\u00e7\u00f5es da Am\u00e9rica do Sul e do Caribe, o Carnaval \u00e9 uma grande ocasi\u00e3o. A paix\u00e3o e a arte das pessoas est\u00e3o em exibi\u00e7\u00e3o. Os trajes vistosos s\u00e3o o destaque do ano. O mesmo acontece com a dan\u00e7a intensa e a m\u00fasica alegre.<\/p>\n\n\n\n<h2 class=\"wp-block-heading\">Benef\u00edcios e pontos fortes no mercado da Guiana Francesa<\/h2>\n\n\n\n<p>From the 20th century onwards, there has been considerable growth in the economy of French Guiana. They have made strides to open themselves up to foreign businesses. Since most people live near the coast, most companies are there. Thus, a <a href=\"https:\/\/www.sisinternational.com\/pt\/abrir-um-negocio-na-turquia\/\" title=\"Abrir um neg\u00f3cio na Turquia\"  data-wpil-monitor-id=\"7702\">business looking to set<\/a> up in the area has easy access to the ports. It also has access to the consumers in the area. This location leads to quicker business growth. Why? Because it <a href=\"https:\/\/www.sisinternational.com\/pt\/ser-verde-melhora-o-desempenho-da-recessao\/\" title=\"Como cortar custos no seu neg\u00f3cio\"  data-wpil-monitor-id=\"7696\">cuts the cost<\/a> of transport and communication.<\/p>\n\n\n\n<h3 class=\"wp-block-heading\">Base de Consumidores<\/h3>\n\n\n\n<p>Como o nome indica, a maior parte da popula\u00e7\u00e3o fala franc\u00eas ou crioulo franc\u00eas. Isso \u00e9 importante em qualquer campanha de marketing. As pessoas precisam entender a marca e isso precisa ser impactante para elas. Assim, seria melhor para um novo neg\u00f3cio estabelecer as suas opera\u00e7\u00f5es em \u00e1reas mais populosas e urbanas.<\/p>\n\n\n\n<h3 class=\"wp-block-heading\">Reasons to Grow Your Business in the French Guianese Market<\/h3>\n\n\n\n<p>For one, there are many young, ambitious people looking for jobs in the region. As a new business in the area, it\u2019s essential to have access to labor. Also, the territory is experiencing steady economic growth. Such growth means that many new industries are popping up. There are different spots in the market to fill. <a href=\"https:\/\/www.sisinternational.com\/pt\/pericia\/curriculos-de-experiencia\/curriculo-de-experiencia-na-industria-de-bebidas-fast-food\/\" title=\"Experi\u00eancia em pesquisa de mercado de fast food e bebidas\"  data-wpil-monitor-id=\"7700\">Market entrants need to move in fast<\/a> to ensure that their competitors don\u2019t push them out.<\/p>\n\n\n\n<h2 class=\"wp-block-heading\">Sobre pesquisa de mercado na Guiana Francesa<\/h2>\n\n\n\n<p>Ao fazer qualquer pesquisa de mercado, as novas empresas precisam ser minuciosas em sua investiga\u00e7\u00e3o. Tamb\u00e9m \u00e9 necess\u00e1rio conhecer bem os clientes. Apesar de algumas semelhan\u00e7as, a forma como as pessoas se comunicam pode ser bem diferente. Compreender as nuances \u00e9 importante.<\/p>\n\n\n\n<p>French Guiana is under the direct jurisdiction of France, and the influence of that European country is very evident. Market entrants need to have locals that help them bridge the gap. They also need to use many data analysis <a href=\"https:\/\/www.sisinternational.com\/pt\/sampling-techniques-in-qualitative-research-the-complete-guide-to-choosing-the-right-method\/\" title=\"Sampling Techniques in Qualitative Research: The Complete Guide to Choosing the Right Method\"  data-wpil-monitor-id=\"7704\">methods to ensure that they get complete<\/a> data. That means using both Qualitative and Quantitative methods. Those methods will be helpful whenever they do Surveys, Focus Groups, and Interviews.<\/p>\n\n\n\n<p><\/p>","protected":false},"excerpt":{"rendered":"<p>A partir do s\u00e9culo XX, houve um crescimento consider\u00e1vel na economia da Guiana Francesa. Eles fizeram progressos para se abrirem \u00e0s empresas estrangeiras.<\/p>","protected":false},"author":1,"featured_media":66270,"parent":14351,"menu_order":22,"comment_status":"closed","ping_status":"closed","template":"","meta":{"footnotes":""},"class_list":["post-40944","page","type-page","status-publish","has-post-thumbnail"],"_links":{"self":[{"href":"https:\/\/www.sisinternational.com\/pt\/wp-json\/wp\/v2\/pages\/40944","targetHints":{"allow":["GET"]}}],"collection":[{"href":"https:\/\/www.sisinternational.com\/pt\/wp-json\/wp\/v2\/pages"}],"about":[{"href":"https:\/\/www.sisinternational.com\/pt\/wp-json\/wp\/v2\/types\/page"}],"author":[{"embeddable":true,"href":"https:\/\/www.sisinternational.com\/pt\/wp-json\/wp\/v2\/users\/1"}],"replies":[{"embeddable":true,"href":"https:\/\/www.sisinternational.com\/pt\/wp-json\/wp\/v2\/comments?post=40944"}],"version-history":[{"count":4,"href":"https:\/\/www.sisinternational.com\/pt\/wp-json\/wp\/v2\/pages\/40944\/revisions"}],"predecessor-version":[{"id":81299,"href":"https:\/\/www.sisinternational.com\/pt\/wp-json\/wp\/v2\/pages\/40944\/revisions\/81299"}],"up":[{"embeddable":true,"href":"https:\/\/www.sisinternational.com\/pt\/wp-json\/wp\/v2\/pages\/14351"}],"wp:featuredmedia":[{"embeddable":true,"href":"https:\/\/www.sisinternational.com\/pt\/wp-json\/wp\/v2\/media\/66270"}],"wp:attachment":[{"href":"https:\/\/www.sisinternational.com\/pt\/wp-json\/wp\/v2\/media?parent=40944"}],"curies":[{"name":"wp","href":"https:\/\/api.w.org\/{rel}","templated":true}]}}